{"id":15502,"date":"2025-01-19T14:36:35","date_gmt":"2025-01-19T14:36:35","guid":{"rendered":"https:\/\/www.hydraulic-cylinders.net\/product\/bucket-cylinder-for-zoomlion-middle-excavator-ze210e-9\/"},"modified":"2025-01-19T14:36:42","modified_gmt":"2025-01-19T14:36:42","slug":"bucket-cylinder-for-zoomlion-middle-excavator-ze210e-9","status":"publish","type":"product","link":"https:\/\/www.hydraulic-cylinders.net\/sl\/izdelek\/bucket-cylinder-for-zoomlion-middle-excavator-ze210e-9\/","title":{"rendered":"Cilinder \u017elice za srednji bager Zoomlion ZE210E-9"},"content":{"rendered":"<p>Cilinder \u017elice za srednji bager Zoomlion ZE210E-9<\/p>\n<h2>Uvod<\/h2>\n<h3>Definiranje valja vedra<\/h3>\n<p>Hidravli\u010dni cilinder \u017elice je specializiran hidravli\u010dni cilinder, zasnovan za krmiljenje gibanja \u017elice v te\u017ekih strojih, kot so bagri, bagri z nakladalniki in \u010delni nakladalniki. Njegova glavna funkcija je omogo\u010diti dvigovanje, spu\u0161\u010danje in nagibanje \u017elice, kar olaj\u0161a izvajanje razli\u010dnih nalog ravnanja z materiali. V hidravli\u010dnem sistemu cilinder \u017elice dose\u017ee natan\u010den nadzor nad \u017elico s spremembami tlaka hidravli\u010dnega olja, kar upravljavcem omogo\u010da u\u010dinkovito ravnanje s te\u017ekimi bremeni in prilagajanje kompleksnim delovnim okoljem ter raznolikim zahtevam dela.<\/p>\n<p><img decoding=\"async\" src=\"https:\/\/www.hydraulic-cylinders.net\/wp-content\/uploads\/2025\/01\/songte-company-2.webp\" alt=\"Slika valjaste \u017elice\"><\/p>\n<h2>Zna\u010dilnosti izdelka<\/h2>\n<h3>Visoka trdnost in vzdr\u017eljivost<\/h3>\n<ul>\n<li>Obi\u010dajno so izdelani iz visoko trdnega jekla ali aluminija, sposobni prenesti visok tlak in velike obremenitve, prilagajajo se zahtevnim delovnim okoljem, zasnovani so z mislijo na odpornost proti obrabi in koroziji, kar podalj\u0161uje \u017eivljenjsko dobo.<\/li>\n<\/ul>\n<h3>U\u010dinkovito hidravli\u010dno delovanje<\/h3>\n<ul>\n<li>Uporablja hidravli\u010dni tlak olja za doseganje gladkega iztegovanja in vvla\u010devanja, se lahko hitro odzove na operativne ukaze in zagotavlja mo\u010dno potisno in vle\u010dno silo, primerno za ravnanje s te\u017ekimi bremeni in kompleksnimi nalogami.<\/li>\n<\/ul>\n<h3>Razli\u010dne vrste<\/h3>\n<ul>\n<li>Glede na operativne potrebe je mogo\u010de izbrati enosmerno (hidravli\u010dno delovanje v eni smeri) ali dvosmerno (hidravli\u010dno delovanje v obeh smereh) cilindre. Nekateri modeli so teleskopski, kar omogo\u010da ve\u010dji razteg brez pove\u010danja zunanjih dimenzij, primerni za uporabo z omejenim prostorom.<\/li>\n<\/ul>\n<h3>Neposredna zamenjava<\/h3>\n<ul>\n<li>Na\u0161 izdelek lahko popolnoma nadomesti te hidravli\u010dne cilindre.<\/li>\n<\/ul>\n<p><img decoding=\"async\" src=\"https:\/\/www.hydraulic-cylinders.net\/wp-content\/uploads\/2025\/01\/songte-cylinder-head-with-all-kinds-excavator-models.webp\" alt=\"Nadomestna slika\"><\/p>\n<h2>Prizori uporabe<\/h2>\n<p>Valj z \u017elico se uporablja predvsem v gradbeni in kmetijski mehanizaciji, z uporabo v:<\/p>\n<ul>\n<li>Bagri: Cilinder \u017elice omogo\u010da izkopavanje, saj omogo\u010da, da \u017elica prodre v zemljo.<\/li>\n<li>Nakladalniki: Pri \u010delnih nakladalnikih pomaga u\u010dinkovito dvigovati in nagibati tovore.<\/li>\n<li>Kmetijski stroji: Uporabljajo se za \u010delne nakladalnike, pomagajo dvigovati in preva\u017eati zemljo, seno in druge materiale.<\/li>\n<\/ul>\n<p>Vsaka aplikacija je podrobno opisana spodaj:<\/p>\n<h3>Gradbena oprema<\/h3>\n<p>Pri bagrih so bistveni za kopanje, nakladanje in premikanje zemlje ali ru\u0161evin. Pri bagrih z nakladalnim sistemom cilinder \u017elice pomaga pri izkopavanju in dvigovanju. Pri \u010delnih nakladalnikih pomagajo u\u010dinkovito dvigovati in nagibati bremena.<\/p>\n<h3>Kmetijska mehanizacija<\/h3>\n<p>Uporablja se za \u010delne nakladalnike, pomaga pri dvigovanju in prevozu zemlje, sena in drugih materialov.<\/p>\n<h3>Bagri<\/h3>\n<p>Cilinder \u017elice omogo\u010da izkopavanje, saj omogo\u010da, da \u017elica prodre v zemljo.<\/p>\n<h2>Merila za na\u010drtovanje in izbor<\/h2>\n<p>Pri na\u010drtovanju cilindrov z \u017elico je treba upo\u0161tevati nosilnost, tesnjenje, vzdr\u017eljivost, varnost in vzdr\u017eevanje. Vsaka to\u010dka je obravnavana spodaj:<\/p>\n<h3>Nosilnost<\/h3>\n<p>Cilinder z \u017elico mora biti zasnovan tako, da prenese velike obremenitve in visoke tlake, se prilagodi zahtevnim delovnim okoljem in podalj\u0161a \u017eivljenjsko dobo.<\/p>\n<h3>Tesnjenje<\/h3>\n<p>Za prepre\u010devanje pu\u0161\u010danja hidravli\u010dnega olja se uporabljajo razli\u010dni tesnilni elementi, kot so tesnila bata in tesnila ojnic. Tesnila so izdelana iz materialov, odpornih proti obrabi, kot sta poliuretan in nitrilna guma, telo valja in navojna kon\u010dna povr\u0161ina pa sta fino obdelana za izbolj\u0161anje odpornosti proti obrabi.<\/p>\n<h3>Vzdr\u017eljivost<\/h3>\n<p>Ohi\u0161je valja mora biti izdelano iz visoko trdnih materialov, kot sta jeklo ali aluminij, zasnovanih za odpornost proti obrabi in koroziji, kar podalj\u0161a \u017eivljenjsko dobo.<\/p>\n<h3>Varnost<\/h3>\n<p>Jeklenka z vedrom mora biti zasnovana z mislijo na varnost, z varnostnimi ventili, ki prepre\u010dujejo preobremenitev in nadtlak.<\/p>\n<h3>Vzdr\u017eevanje<\/h3>\n<p>Cilinder \u017elice mora biti zasnovan za enostavno vzdr\u017eevanje, z lastnostmi, kot so enostavna demonta\u017ea za popravilo, zamenjavo in pregled.<\/p>\n<p><img decoding=\"async\" src=\"https:\/\/www.hydraulic-cylinders.net\/wp-content\/uploads\/2025\/01\/songte-oil-pipes-and-spare-parts.webp\" alt=\"Slika rezervnih delov\"><\/p>\n<h2>Tesnjenje in mazanje<\/h2>\n<p>Za prepre\u010devanje pu\u0161\u010danja hidravli\u010dnega olja se uporabljajo razli\u010dni tesnilni elementi, kot so tesnila bata in tesnila palic. Tesnila so izdelana iz materialov, odpornih proti obrabi, kot sta poliuretan in nitrilna guma, telo valja in navojna kon\u010dna povr\u0161ina pa sta fino obdelana za izbolj\u0161anje odpornosti proti obrabi. Za nemoteno delovanje valja je potrebno redno mazanje.<\/p>\n<h2>Vzdr\u017eevanje<\/h2>\n<p>Redno vzdr\u017eevanje cilindra vedra je bistvenega pomena za zagotovitev optimalne zmogljivosti in podalj\u0161anje \u017eivljenjske dobe. Spodaj so obravnavana tri pogosta vzdr\u017eevalna opravila:<\/p>\n<h3>Redni pregled<\/h3>\n<p>Redni pregledi cilindra in njegovih sestavnih delov so pomembni za odkrivanje morebitne obrabe in po\u0161kodb, ki bi lahko vplivale na njegovo delovanje, ter za zagotovitev pravo\u010dasne zamenjave in popravila.<\/p>\n<h3>Mazanje<\/h3>\n<p>Za nemoteno delovanje je treba valj redno mazavati. Poskrbite, da bodo vsi gibljivi deli temeljito naoljeni.<\/p>\n<h3>Zamenjava tesnila in preverjanje kalibracije<\/h3>\n<p>Tesnila je treba redno menjati, da prepre\u010dite pu\u0161\u010danje hidravli\u010dnega olja. Pomembno je tudi preveriti kalibracijo valja, da se zagotovi njegovo pravilno delovanje.<\/p>\n<p><img decoding=\"async\" src=\"https:\/\/www.hydraulic-cylinders.net\/wp-content\/uploads\/2025\/01\/songte-chushion-collar.webp\" alt=\"Slika vzdr\u017eevanja\"><\/p>\n<h2>Varnostni in okoljski vidiki<\/h2>\n<p>Pri upravljanju cilindra z \u017elico so varnostni ukrepi bistveni. Ustrezno usposabljanje in upo\u0161tevanje varnostnih smernic lahko zmanj\u0161ata tveganje za nesre\u010de in po\u0161kodbe. Pri uporabi cilindra je treba upo\u0161tevati tudi okoljske vidike, kot sta pravilno odstranjevanje hidravli\u010dnih teko\u010din in zmanj\u0161anje tveganja za razlitje olja.<\/p>\n<p><img decoding=\"async\" src=\"https:\/\/hzpt.com\/wp-content\/uploads\/2024\/11\/songte-company-1.webp\" alt=\"Okoljska slika\"><\/p>\n<h2>Diagnostika napak in odpravljanje te\u017eav<\/h2>\n<p>Med pogoste napake, ki se lahko pojavijo pri cilindru vedra, spadajo pu\u0161\u010danje, onesna\u017eenje in pretrgana tesnila. Te napake lahko povzro\u010dijo zmanj\u0161ano delovanje in celo okvaro opreme. Koraki za odpravljanje te\u017eav, kot je ugotavljanje vzroka napake in izvajanje korektivnih ukrepov, lahko pomagajo hitro in u\u010dinkovito odpraviti te te\u017eave.<\/p>\n<p><img decoding=\"async\" src=\"https:\/\/www.hydraulic-cylinders.net\/wp-content\/uploads\/2025\/01\/songte-bushings-with-all-kinds-of-excavator-models.webp\" alt=\"Odpravljanje te\u017eav s sliko\"><\/p>\n<h2>Predstavitev podjetja<\/h2>\n<p>Smo proizvajalec hidravli\u010dnih cilindrov, specializiran za nadomestne cilindre. S celovito paleto izdelkov smo postali eden vodilnih proizvajalcev in veleprodajnih distributerjev hidravli\u010dnih cilindrov na doma\u010dem in mednarodnem trgu. Dr\u017eimo se na\u010del odli\u010dne kakovosti, se zana\u0161amo na industrializirane strategije upravljanja proizvodnje v natan\u010dno izdelanih proizvodnih delavnicah in nenehno izbolj\u0161ujemo na\u0161o proizvodno platformo v delavnicah, izbolj\u0161ujemo kakovost na\u0161ih proizvodnih linij in imamo mo\u010dne ustvarjalne sposobnosti. Na\u0161e podjetje izpolnjuje raznolike potrebe strank z visoko u\u010dinkovitostjo, visoko natan\u010dnostjo in visokokakovostnimi izdelki.<\/p>\n<p><img decoding=\"async\" src=\"https:\/\/www.hydraulic-cylinders.net\/wp-content\/uploads\/2025\/01\/songte-company-3.webp\" alt=\"Slika podjetja\"><\/p>\n<h3>Profesionalnost<\/h3>\n<p>Na\u0161e podjetje ima strokovno ekipo z bogatimi izku\u0161njami na podro\u010dju na\u010drtovanja in izdelave hidravli\u010dnih cilindrov, kar zagotavlja visoko kakovost in zanesljivost.<\/p>\n<h3>Mednarodno certificiranje<\/h3>\n<p>Pridobili smo mednarodne certifikate, kot sta ISO 9001 in CE, ki zagotavljajo kakovost in varnost izdelkov.<\/p>\n<h3>Storitve prilagajanja<\/h3>\n<p>Ponujamo storitve prilagajanja, pri \u010demer izdelke izdelujemo specifi\u010dnim potrebam na\u0161ih strank.<\/p>\n<h3>Proizvodna oprema<\/h3>\n<p>Na\u0161e podjetje uporablja napredno digitalno proizvodno opremo, kot so CNC stru\u017enice in rezkalni stroji, da zagotovi kakovost in natan\u010dnost izdelkov.<\/p>\n<h3>Poprodajne storitve<\/h3>\n<p>Zagotavljamo celovite poprodajne storitve, kot so nadomestni deli in obnova, da podalj\u0161amo \u017eivljenjsko dobo na\u0161ih izdelkov.<\/p>\n<p>Avtor: lyl.<\/p>","protected":false},"excerpt":{"rendered":"<p>Bucket Cylinder For Zoomlion Middle Excavator ZE210E-9 Introduction Defining the Bucket Cylinder A bucket cylinder is a specialized hydraulic cylinder designed to control the movement of a bucket in heavy machinery such as excavators, backhoe excavators, and front-end loaders. Its main function is to enable the bucket to lift, lower, and tilt, making it easier [&hellip;]<\/p>","protected":false},"featured_media":14771,"comment_status":"open","ping_status":"closed","template":"","meta":{"_et_pb_use_builder":"","_et_pb_old_content":"","_et_gb_content_width":""},"product_brand":[],"product_cat":[1494],"product_tag":[1495,1496],"class_list":{"0":"post-15502","1":"product","2":"type-product","3":"status-publish","4":"has-post-thumbnail","6":"product_cat-bucket-cylinders","7":"product_tag-bucket-cylinders","8":"product_tag-hydraulic-cylinders","10":"first","11":"instock","12":"shipping-taxable","13":"product-type-simple"},"amp_enabled":true,"_links":{"self":[{"href":"https:\/\/www.hydraulic-cylinders.net\/sl\/wp-json\/wp\/v2\/product\/15502","targetHints":{"allow":["GET"]}}],"collection":[{"href":"https:\/\/www.hydraulic-cylinders.net\/sl\/wp-json\/wp\/v2\/product"}],"about":[{"href":"https:\/\/www.hydraulic-cylinders.net\/sl\/wp-json\/wp\/v2\/types\/product"}],"replies":[{"embeddable":true,"href":"https:\/\/www.hydraulic-cylinders.net\/sl\/wp-json\/wp\/v2\/comments?post=15502"}],"wp:featuredmedia":[{"embeddable":true,"href":"https:\/\/www.hydraulic-cylinders.net\/sl\/wp-json\/wp\/v2\/media\/14771"}],"wp:attachment":[{"href":"https:\/\/www.hydraulic-cylinders.net\/sl\/wp-json\/wp\/v2\/media?parent=15502"}],"wp:term":[{"taxonomy":"product_brand","embeddable":true,"href":"https:\/\/www.hydraulic-cylinders.net\/sl\/wp-json\/wp\/v2\/product_brand?post=15502"},{"taxonomy":"product_cat","embeddable":true,"href":"https:\/\/www.hydraulic-cylinders.net\/sl\/wp-json\/wp\/v2\/product_cat?post=15502"},{"taxonomy":"product_tag","embeddable":true,"href":"https:\/\/www.hydraulic-cylinders.net\/sl\/wp-json\/wp\/v2\/product_tag?post=15502"}],"curies":[{"name":"delovni list","href":"https:\/\/api.w.org\/{rel}","templated":true}]}}