{"id":15504,"date":"2025-01-19T14:36:49","date_gmt":"2025-01-19T14:36:49","guid":{"rendered":"https:\/\/www.hydraulic-cylinders.net\/product\/bucket-cylinder-for-zoomlion-middle-excavator-ze230e-9\/"},"modified":"2025-01-19T14:36:51","modified_gmt":"2025-01-19T14:36:51","slug":"bucket-cylinder-for-zoomlion-middle-excavator-ze230e-9","status":"publish","type":"product","link":"https:\/\/www.hydraulic-cylinders.net\/sl\/izdelek\/bucket-cylinder-for-zoomlion-middle-excavator-ze230e-9\/","title":{"rendered":"Cilinder \u017elice za srednji bager Zoomlion ZE230E-9"},"content":{"rendered":"<h1>Cilinder \u017elice za srednji bager Zoomlion ZE230E-9<\/h1>\n<h2>Uvod<\/h2>\n<p>Hidravli\u010dni valj \u017elice je specializiran hidravli\u010dni valj, ki se uporablja predvsem za nadzor gibanja \u017elice v te\u017ekih strojih, kot so bagri, bagri z nakladalnimi ko\u0161arami in \u010delni nakladalniki. Njegova glavna funkcija je omogo\u010danje dvigovanja, spu\u0161\u010danja in nagibanja \u017elice, kar olaj\u0161a opravljanje razli\u010dnih nalog ravnanja z materiali. V hidravli\u010dnem sistemu valj \u017elice dose\u017ee natan\u010den nadzor nad \u017elico s spremembami tlaka hidravli\u010dnega olja, kar omogo\u010da upravljavcem u\u010dinkovito ravnanje s te\u017ekimi bremeni in prilagajanje kompleksnim delovnim okoljem ter raznolikim operativnim potrebam.<\/p>\n<p><img decoding=\"async\" src=\"https:\/\/www.hydraulic-cylinders.net\/wp-content\/uploads\/2025\/01\/songte-company-2.webp\"\/><\/p>\n<h2>Zna\u010dilnosti<\/h2>\n<ul>\n<li>Visoka trdnost in vzdr\u017eljivost: Obi\u010dajno so izdelani iz visoko trdnega jekla ali aluminija, sposobni prenesti visoke tlake in velike obremenitve, primerni za zahtevna delovna okolja, zasnovani za odpornost proti obrabi in koroziji ter dalj\u0161o \u017eivljenjsko dobo.<\/li>\n<li>U\u010dinkovito hidravli\u010dno delovanje: Gladko teleskopsko delovanje se dose\u017ee z uporabo hidravli\u010dnega oljnega tlaka, ki se lahko hitro odzove na krmilne ukaze, zagotavlja mo\u010dne potisne in vle\u010dne sile ter je primeren za ravnanje s te\u017ekimi bremeni in kompleksnimi operativnimi nalogami.<\/li>\n<li>Razli\u010dne vrste: Enosmerno delujo\u010di (hidravli\u010dni pogon se uporablja samo v eni smeri) ali dvosmerno delujo\u010di (hidravli\u010dni pogon se uporablja v dveh smereh) cilinder je mogo\u010de izbrati glede na potrebe za izpolnjevanje razli\u010dnih operativnih zahtev. Nekateri modeli so teleskopski, kar omogo\u010da ve\u010dji razteg brez pove\u010danja zunanjih dimenzij, primerni za uporabo z omejenim prostorom.<\/li>\n<\/ul>\n<p>Ta izdelek lahko izdelamo in na\u0161 izdelek lahko popolnoma nadomesti te hidravli\u010dne cilindre.<\/p>\n<p><img decoding=\"async\" src=\"https:\/\/www.hydraulic-cylinders.net\/wp-content\/uploads\/2025\/01\/songte-cylinder-head-with-all-kinds-excavator-models.webp\"\/><\/p>\n<h2>Aplikacije<\/h2>\n<p>Cilinder \u017elice se pogosto uporablja v razli\u010dnih te\u017ekih strojih, vklju\u010dno z:<\/p>\n<ul>\n<li>Gradbena oprema: Pri bagrih so klju\u010dni za kopanje, nakladanje in premikanje zemlje ali ru\u0161evin. Pri bagrih z nakladalnimi \u017elicami pomagajo pri kopanju in dvigovanju. Pri \u010delnih nakladalnikih pomagajo pri u\u010dinkovitem dvigovanju in nagibanju blaga.<\/li>\n<li>Kmetijski stroji: Uporabljajo se v \u010delnih nakladalnikih za kopanje, dvigovanje in prevoz zemlje, sena in drugih materialov.<\/li>\n<li>Bagri: Cilinder \u017elice omogo\u010da, da \u017elica prodre v zemljo in dose\u017ee izkop.<\/li>\n<\/ul>\n<h2>Oblikovalski vidiki in izbirna merila<\/h2>\n<p>Z vidika na\u010drtovanja so klju\u010dni dejavniki nosilnost, tesnjenje, vzdr\u017eljivost, varnost in vzdr\u017eevanje. <\/p>\n<ul>\n<li>Nosilnost: Valj vedra mora biti sposoben prenesti visok tlak in velike obremenitve.<\/li>\n<li>Tesnjenje: Razli\u010dna tesnila, kot so tesnila bata in tesnila palic, morajo biti izdelana iz materialov, odpornih proti obrabi, kot sta poliuretan in nitrilna guma. Telo valja in navojne kon\u010dne povr\u0161ine morajo biti fino obdelane za izbolj\u0161anje odpornosti proti obrabi. <\/li>\n<li>Vzdr\u017eljivost: Valj vedra mora biti izdelan iz visoko trdnih materialov, zasnovan z mislijo na odpornost proti obrabi in koroziji, ter mora biti sposoben prenesti zahtevna delovna okolja. <\/li>\n<li>Varnost: Jeklenka mora biti zasnovana z varnostnimi elementi, kot so varnostni ventili in zaklepljivi hidravli\u010dni tokokrogi, da se prepre\u010dijo nenadni premiki in zagotovi varno delovanje.<\/li>\n<li>Vzdr\u017eevanje: Cilinder vedra mora biti zasnovan z mislijo na enostavno vzdr\u017eevanje, kar omogo\u010da redni pregled in zamenjavo klju\u010dnih komponent.<\/li>\n<\/ul>\n<p><img decoding=\"async\" src=\"https:\/\/www.hydraulic-cylinders.net\/wp-content\/uploads\/2025\/01\/songte-oil-pipes-and-spare-parts.webp\"\/><\/p>\n<h2>Tesnjenje in mazanje<\/h2>\n<p>Valj \u017elice uporablja razli\u010dna tesnila, vklju\u010dno s tesnili bata in tesnili palice, da prepre\u010di pu\u0161\u010danje hidravli\u010dnega olja. Ta tesnila morajo biti izdelana iz materialov, odpornih proti obrabi, kot sta poliuretan in nitrilna guma. Telo valja in navojne kon\u010dne povr\u0161ine morajo biti fino obdelane, da se izbolj\u0161a odpornost proti obrabi. Za optimalno delovanje je potrebno redno mazanje s hidravli\u010dnim oljem.<\/p>\n<h2>Vzdr\u017eevanje in popravila<\/h2>\n<p>Redno vzdr\u017eevanje in preventivni ukrepi so bistveni za podalj\u0161anje \u017eivljenjske dobe cilindra vedra. Pogosta vzdr\u017eevalna opravila vklju\u010dujejo:<\/p>\n<ul>\n<li>Redni pregledi za odkrivanje morebitnih znakov obrabe ali po\u0161kodb<\/li>\n<li>Ustrezno mazanje cilindra<\/li>\n<li>Zamenjava po\u0161kodovanih tesnil ali drugih klju\u010dnih komponent<\/li>\n<\/ul>\n<p>Pravilna namestitev je bistvenega pomena za zagotovitev optimalne zmogljivosti in dolge \u017eivljenjske dobe cilindra z \u017elico. Pomembno je, da valj pravilno poravnate in za pritrditev uporabite ustrezne nosilce. Upo\u0161tevajte priporo\u010dene postopke pregleda, popravila in zamenjave.<\/p>\n<p><img decoding=\"async\" src=\"https:\/\/www.hydraulic-cylinders.net\/wp-content\/uploads\/2025\/01\/songte-chushion-collar.webp\"\/><\/p>\n<h2>Varnostni in okoljski vidiki<\/h2>\n<p>Pri uporabi cilindra z \u017elico morajo biti name\u0161\u010deni varnostni ukrepi, kot so varnostni ventili in zaklepni hidravli\u010dni tokokrogi, da se prepre\u010dijo nenadni premiki in zagotovi varno delovanje. Upo\u0161tevati je treba okoljske dejavnike, kot je pu\u0161\u010danje olja, da se prepre\u010di kontaminacija okolice.<\/p>\n<h2>Odpravljanje te\u017eav in pogoste te\u017eave<\/h2>\n<p>Med pogoste te\u017eave z cilindri \u017elice spadajo pu\u0161\u010danje hidravli\u010dnega olja in po\u0161kodbe tesnil. Za diagnosticiranje in odpravljanje te\u017eav je treba zagotoviti nasvete in re\u0161itve za odpravljanje te\u017eav. Predlagati je treba tudi preventivne ukrepe za zmanj\u0161anje morebitnih te\u017eav.<\/p>\n<p><img decoding=\"async\" src=\"https:\/\/www.hydraulic-cylinders.net\/wp-content\/uploads\/2025\/01\/songte-bushings-with-all-kinds-of-excavator-models.webp\"\/><\/p>\n<h2>O na\u0161em podjetju<\/h2>\n<p>Smo proizvajalec nadomestnih hidravli\u010dnih cilindrov s celovito ponudbo izdelkov in smo postali eden vodilnih proizvajalcev in veleprodajnih distributerjev hidravli\u010dnih cilindrov na doma\u010dem in mednarodnem trgu. Dr\u017eimo se na\u010dela odli\u010dne kakovosti, se zana\u0161amo na industrializirane strategije upravljanja proizvodnje v natan\u010dno izdelanih delavnicah, nenehno izbolj\u0161ujemo proizvodno platformo, izbolj\u0161ujemo proizvodno linijo za kakovost izdelkov in imamo mo\u010dno ustvarjalno sposobnost. Prizadevamo si zadovoljiti raznolike potrebe na\u0161ih strank z visoko u\u010dinkovitostjo, visoko natan\u010dnostjo in visoko kakovostjo.<\/p>\n<p><img decoding=\"async\" src=\"https:\/\/hzpt.com\/wp-content\/uploads\/2024\/11\/songte-company-1.webp\"\/><\/p>\n<h3>Profesionalnost<\/h3>\n<p>Imamo ekipo izku\u0161enih strokovnjakov, ki si prizadevajo strankam zagotoviti najbolj\u0161e mo\u017ene re\u0161itve za zadovoljevanje njihovih specifi\u010dnih potreb. Imamo mo\u010dno ekipo za raziskave in razvoj, ki sledi najnovej\u0161i tehnologiji in tr\u017enim trendom, da bi zagotovili nenehne inovacije izdelkov.<\/p>\n<h3>Mednarodno certificiranje<\/h3>\n<p>Pridobili smo ve\u010d mednarodnih certifikatov, kot sta ISO9001 in CE, ki dokazujejo na\u0161o zavezanost kakovosti in zanesljivosti.<\/p>\n<h3>Storitve prilagajanja<\/h3>\n<p>Ponujamo storitve prilagajanja, da zadostimo specifi\u010dnim potrebam na\u0161ih strank. Obliko, velikost in druge specifikacije hidravli\u010dnih cilindrov lahko prilagodimo va\u0161im specifi\u010dnim zahtevam.<\/p>\n<h3>Proizvodna oprema<\/h3>\n<p>Za zagotavljanje visokokakovostnih izdelkov uporabljamo napredno proizvodno opremo, kot so CNC stroji in napredna oprema za testiranje.<\/p>\n<h3>Poprodajne storitve<\/h3>\n<p>Nudimo celovite poprodajne storitve, vklju\u010dno z vzdr\u017eevanjem, popravilom in zamenjavo delov, da zagotovimo dolgo \u017eivljenjsko dobo in optimalno delovanje hidravli\u010dnih cilindrov.<\/p>\n<p>Avtor: lyl<\/p>","protected":false},"excerpt":{"rendered":"<p>Bucket Cylinder For Zoomlion Middle Excavator ZE230E-9 Introduction A bucket cylinder is a specialized hydraulic cylinder used primarily to control the movement of the bucket in heavy machinery such as excavators, backhoe excavators, and front-end loaders. Its main function is to enable the bucket to be lifted, lowered, and tilted, making it easier to handle [&hellip;]<\/p>","protected":false},"featured_media":14765,"comment_status":"open","ping_status":"closed","template":"","meta":{"_et_pb_use_builder":"","_et_pb_old_content":"","_et_gb_content_width":""},"product_brand":[],"product_cat":[1494],"product_tag":[1495,1496],"class_list":{"0":"post-15504","1":"product","2":"type-product","3":"status-publish","4":"has-post-thumbnail","6":"product_cat-bucket-cylinders","7":"product_tag-bucket-cylinders","8":"product_tag-hydraulic-cylinders","10":"first","11":"instock","12":"shipping-taxable","13":"product-type-simple"},"amp_enabled":true,"_links":{"self":[{"href":"https:\/\/www.hydraulic-cylinders.net\/sl\/wp-json\/wp\/v2\/product\/15504","targetHints":{"allow":["GET"]}}],"collection":[{"href":"https:\/\/www.hydraulic-cylinders.net\/sl\/wp-json\/wp\/v2\/product"}],"about":[{"href":"https:\/\/www.hydraulic-cylinders.net\/sl\/wp-json\/wp\/v2\/types\/product"}],"replies":[{"embeddable":true,"href":"https:\/\/www.hydraulic-cylinders.net\/sl\/wp-json\/wp\/v2\/comments?post=15504"}],"wp:featuredmedia":[{"embeddable":true,"href":"https:\/\/www.hydraulic-cylinders.net\/sl\/wp-json\/wp\/v2\/media\/14765"}],"wp:attachment":[{"href":"https:\/\/www.hydraulic-cylinders.net\/sl\/wp-json\/wp\/v2\/media?parent=15504"}],"wp:term":[{"taxonomy":"product_brand","embeddable":true,"href":"https:\/\/www.hydraulic-cylinders.net\/sl\/wp-json\/wp\/v2\/product_brand?post=15504"},{"taxonomy":"product_cat","embeddable":true,"href":"https:\/\/www.hydraulic-cylinders.net\/sl\/wp-json\/wp\/v2\/product_cat?post=15504"},{"taxonomy":"product_tag","embeddable":true,"href":"https:\/\/www.hydraulic-cylinders.net\/sl\/wp-json\/wp\/v2\/product_tag?post=15504"}],"curies":[{"name":"delovni list","href":"https:\/\/api.w.org\/{rel}","templated":true}]}}