{"id":15505,"date":"2025-01-19T14:36:53","date_gmt":"2025-01-19T14:36:53","guid":{"rendered":"https:\/\/www.hydraulic-cylinders.net\/product\/bucket-cylinder-for-zoomlion-large-excavator-ze330e\/"},"modified":"2025-01-19T14:36:55","modified_gmt":"2025-01-19T14:36:55","slug":"bucket-cylinder-for-zoomlion-large-excavator-ze330e","status":"publish","type":"product","link":"https:\/\/www.hydraulic-cylinders.net\/sl\/izdelek\/bucket-cylinder-for-zoomlion-large-excavator-ze330e\/","title":{"rendered":"Cilinder \u017elice za Zoomlion veliki bager ZE330E"},"content":{"rendered":"<h1>Cilinder \u017elice za Zoomlion veliki bager ZE330E<\/h1>\n<h2>Uvod<\/h2>\n<p>Hidravli\u010dni cilinder \u017elice za veliki bager Zoomlion ZE330E je posebej zasnovan hidravli\u010dni cilinder, ki se uporablja predvsem za nadzor gibanja \u017elice v te\u017ekih strojih, kot so bagri, bagri nakladalniki in \u010delni nakladalniki. Njegova glavna funkcija je omogo\u010danje dvigovanja, spu\u0161\u010danja in nagibanja \u017elice, kar olaj\u0161a opravljanje razli\u010dnih nalog ravnanja z materiali. V hidravli\u010dnem sistemu cilinder \u017elice dose\u017ee natan\u010den nadzor gibanja \u017elice s spreminjanjem tlaka hidravli\u010dnega olja, kar omogo\u010da upravljavcem u\u010dinkovito ravnanje s te\u017ekimi bremeni in prilagajanje kompleksnim delovnim okoljem ter raznolikim zahtevam dela.<\/p>\n<p><img decoding=\"async\" src=\"https:\/\/www.hydraulic-cylinders.net\/wp-content\/uploads\/2025\/01\/songte-company-2.webp\" alt=\"Cilinder za vedro\" \/><\/p>\n<h2>Zna\u010dilnosti izdelka<\/h2>\n<ul>\n<li>\n<h3>Visoka trdnost in vzdr\u017eljivost<\/h3>\n<p>Valji z \u017elico so obi\u010dajno izdelani iz visoko trdnega jekla ali aluminija, ki lahko prenesejo visok tlak in velike obremenitve, se prilagajajo zahtevnim delovnim okoljem in so zasnovani z mislijo na odpornost proti obrabi in koroziji, kar podalj\u0161uje njihovo \u017eivljenjsko dobo.<\/p>\n<\/li>\n<li>\n<h3>U\u010dinkovito hidravli\u010dno delovanje<\/h3>\n<p>Cilindri \u017elice uporabljajo tlak hidravli\u010dnega olja za doseganje gladkega teleskopskega delovanja, hitro se odzivajo na krmilne ukaze, zagotavljajo mo\u010dno potisno in vle\u010dno silo ter so primerni za ravnanje s te\u017ekimi bremeni in kompleksnimi delovnimi nalogami.<\/p>\n<\/li>\n<li>\n<h3>Razli\u010dne vrste<\/h3>\n<p>Cilindri \u017elice so lahko enosmerno delujo\u010di (hidravlika se uporablja samo v eni smeri) ali dvosmerno delujo\u010di (hidravlika se uporablja v obeh smereh), odvisno od zahtev, nekateri modeli pa so tudi teleskopski, kar omogo\u010da ve\u010djo raztegljivost brez pove\u010danja zunanjih dimenzij, zaradi \u010desar so primerni za uporabo z omejenim prostorom.<\/p>\n<\/li>\n<li>\n<h3>Zamenjave izdelkov<\/h3>\n<p>Na\u0161i izdelki lahko popolnoma nadomestijo te hidravli\u010dne cilindre.<\/p>\n<\/li>\n<\/ul>\n<p><img decoding=\"async\" src=\"https:\/\/www.hydraulic-cylinders.net\/wp-content\/uploads\/2025\/01\/songte-cylinder-head-with-all-kinds-excavator-models.webp\" alt=\"Glava valja\" \/><\/p>\n<h2>Uporaba valja z \u017elico<\/h2>\n<p>Cilinder z \u017elico se pogosto uporablja v razli\u010dni gradbeni opremi, vklju\u010dno z:<\/p>\n<ul>\n<li>\n<h3>Bagri<\/h3>\n<p>Cilinder \u017elice omogo\u010da kopanje, saj \u017elici omogo\u010da prodiranje v zemljo.<\/p>\n<\/li>\n<li>\n<h3>Bagri nakladalci<\/h3>\n<p>Cilinder \u017elice pomaga tako pri kopanju kot dvigovanju.<\/p>\n<\/li>\n<li>\n<h3>\u010celni nakladalniki<\/h3>\n<p>Cilinder \u017elice pomaga pri dvigovanju in nagibanju \u017elice nakladalnika, kar omogo\u010da u\u010dinkovito razkladanje in odlaganje materialov.<\/p>\n<\/li>\n<\/ul>\n<h2>Oblikovalski vidiki in izbirna merila<\/h2>\n<p>Pri izbiri in na\u010drtovanju cilindrov z \u017elico je pomembno upo\u0161tevati klju\u010dne dejavnike, kot so nosilnost, tesnjenje, vzdr\u017eljivost, varnost in vzdr\u017eevanje. Tukaj je nekaj pomembnih to\u010dk, ki jih je treba upo\u0161tevati:<\/p>\n<ul>\n<li>\n<h3>Nosilnost<\/h3>\n<p>Valj \u017elice mora biti zasnovan tako, da prenese obremenitev, ki jo bo nosil, kar je dolo\u010deno s te\u017eo materiala, s katerim se ravna, in silami, ki sodelujejo pri njegovem gibanju.<\/p>\n<\/li>\n<li>\n<h3>Tesnjenje in vzdr\u017eljivost<\/h3>\n<p>Za cilindre z \u017elico so potrebni visokokakovostni tesnilni materiali, kot so tesnila bata in palice, izdelana iz materialov, odpornih proti obrabi, kot sta poliuretan in nitrilna guma. Prav tako je bistveno zagotoviti, da je povr\u0161ina telesa cilindra in navojni konec fino obdelan za izbolj\u0161anje odpornosti proti obrabi. Redno dodajanje ustrezne koli\u010dine hidravli\u010dnega olja za mazanje je potrebno.<\/p>\n<\/li>\n<li>\n<h3>Varnost in vzdr\u017eevanje<\/h3>\n<p>Valji z \u017elico morajo biti zasnovani z mislijo na varnost, z vgrajenimi varnostnimi funkcijami, kot so tla\u010dni varnostni ventili in zaporni ventili, ter morajo biti enostavni za vzdr\u017eevanje in popravilo z zagotavljanjem enostavno zamenljivih in obnovitvenih delov ter ustreznih vzdr\u017eevalnih postopkov za podalj\u0161anje njihove \u017eivljenjske dobe. <\/p>\n<\/li>\n<\/ul>\n<p><img decoding=\"async\" src=\"https:\/\/www.hydraulic-cylinders.net\/wp-content\/uploads\/2025\/01\/songte-oil-pipes-and-spare-parts.webp\" alt=\"Naftne cevi\"\/><\/p>\n<h2>Vzdr\u017eevanje in odpravljanje te\u017eav<\/h2>\n<p>Redni pregledi in preventivno vzdr\u017eevanje so bistveni za ohranjanje dobrega delovnega stanja cilindra vedra. Tukaj je nekaj pogostih vzdr\u017eevalnih opravil:<\/p>\n<ul>\n<li>\n<h3>Redni pregled<\/h3>\n<p>Preverite morebitna pu\u0161\u010danja, udrtine ali praske, zagotovite, da je valj pravilno namazan in \u010dist, ter preverite hidravli\u010dne cevi in \u200b\u200bpriklju\u010dke glede morebitnih po\u0161kodb ali obrabe.<\/p>\n<\/li>\n<li>\n<h3>Mazanje<\/h3>\n<p>Pomembno je uporabiti pravilno vrsto in koli\u010dino hidravli\u010dnega olja, da zagotovite nemoteno in u\u010dinkovito delovanje ter za\u0161\u010ditite pred obrabo.<\/p>\n<\/li>\n<li>\n<h3>Zamenjava tesnila in pregled kalibracije<\/h3>\n<p>Zamenjajte obrabljene tesnilne dele in preverite kalibracijo ter izvedite potrebne prilagoditve, da zagotovite natan\u010dno gibanje valja.<\/p>\n<\/li>\n<\/ul>\n<p>Pri vzdr\u017eevanju cilindra vedra je pomembno upo\u0161tevati pravilno namestitev, mazanje in nastavitev, da prepre\u010dite morebitne te\u017eave, kot so pu\u0161\u010danje, zmanj\u0161ana zmogljivost ali popolna odpoved. Bistveno je zagotoviti ustrezna navodila za namestitev, uporabiti ustrezne nosilce za pritrditev cilindra, priporo\u010dili postopke preverjanja, popravila in zamenjave ter dati nasvete za podalj\u0161anje \u017eivljenjske dobe cilindra vedra.<\/p>\n<p><img decoding=\"async\" src=\"https:\/\/www.hydraulic-cylinders.net\/wp-content\/uploads\/2025\/01\/songte-chushion-collar.webp\" alt=\"Ovratnik Chushion\"\/><\/p>\n<h2>Varnostni vidiki in okoljski dejavniki<\/h2>\n<p>Pri delu z cilindri \u017elice je pomembno upo\u0161tevati varnostne ukrepe, kot so no\u0161enje ustrezne za\u0161\u010ditne opreme, dr\u017eanje rok in obla\u010dil stran od gibljivih delov ter zagotavljanje dobrega delovnega stanja opreme. Za varstvo okolja je pomembno tudi pravilno odstranjevanje hidravli\u010dnega olja.<\/p>\n<p><img decoding=\"async\" src=\"https:\/\/www.hydraulic-cylinders.net\/wp-content\/uploads\/2025\/01\/songte-bushings-with-all-kinds-of-excavator-models.webp\" alt=\"Pu\u0161e\"\/><\/p>\n<h2>O na\u0161em podjetju<\/h2>\n<p>Smo proizvajalec nadomestnih hidravli\u010dnih cilindrov s celotno paleto izdelkov in smo eden vodilnih proizvajalcev in veletrgovcev s hidravli\u010dnimi cilindri na doma\u010dem in mednarodnem trgu. Dr\u017eimo se na\u010dela odli\u010dne kakovosti, se zana\u0161amo na industrializirane strategije upravljanja proizvodnje v delavnicah fine proizvodnje, nenehno izbolj\u0161ujemo proizvodno platformo, izbolj\u0161ujemo proizvodno linijo za kakovost izdelkov in imamo mo\u010dne inovacijske zmogljivosti. Raznolike potrebe strank zadovoljujemo z na\u010deli visoke u\u010dinkovitosti, visoke natan\u010dnosti in visoke kakovosti.<\/p>\n<p>Na\u0161e podjetje nudi profesionalne storitve, mednarodno certificiranje, prilagojene storitve, napredno proizvodno opremo in poprodajne storitve.<\/p>\n<p><img decoding=\"async\" src=\"https:\/\/hzpt.com\/wp-content\/uploads\/2024\/11\/songte-company-1.webp\" alt=\"Profil podjetja\"\/><\/p>\n<p>Avtor: lyl<\/p>","protected":false},"excerpt":{"rendered":"<p>Bucket Cylinder For Zoomlion Large Excavator ZE330E Introduction The bucket cylinder for Zoomlion large excavator ZE330E is a specially designed hydraulic cylinder mainly used to control the movement of the bucket in heavy machinery such as excavators, backhoe loaders, and front loaders. Its main function is to enable the bucket to lift, lower, and tilt, [&hellip;]<\/p>","protected":false},"featured_media":14762,"comment_status":"open","ping_status":"closed","template":"","meta":{"_et_pb_use_builder":"","_et_pb_old_content":"","_et_gb_content_width":""},"product_brand":[],"product_cat":[1494],"product_tag":[1495,1496],"class_list":{"0":"post-15505","1":"product","2":"type-product","3":"status-publish","4":"has-post-thumbnail","6":"product_cat-bucket-cylinders","7":"product_tag-bucket-cylinders","8":"product_tag-hydraulic-cylinders","10":"first","11":"instock","12":"shipping-taxable","13":"product-type-simple"},"amp_enabled":true,"_links":{"self":[{"href":"https:\/\/www.hydraulic-cylinders.net\/sl\/wp-json\/wp\/v2\/product\/15505","targetHints":{"allow":["GET"]}}],"collection":[{"href":"https:\/\/www.hydraulic-cylinders.net\/sl\/wp-json\/wp\/v2\/product"}],"about":[{"href":"https:\/\/www.hydraulic-cylinders.net\/sl\/wp-json\/wp\/v2\/types\/product"}],"replies":[{"embeddable":true,"href":"https:\/\/www.hydraulic-cylinders.net\/sl\/wp-json\/wp\/v2\/comments?post=15505"}],"wp:featuredmedia":[{"embeddable":true,"href":"https:\/\/www.hydraulic-cylinders.net\/sl\/wp-json\/wp\/v2\/media\/14762"}],"wp:attachment":[{"href":"https:\/\/www.hydraulic-cylinders.net\/sl\/wp-json\/wp\/v2\/media?parent=15505"}],"wp:term":[{"taxonomy":"product_brand","embeddable":true,"href":"https:\/\/www.hydraulic-cylinders.net\/sl\/wp-json\/wp\/v2\/product_brand?post=15505"},{"taxonomy":"product_cat","embeddable":true,"href":"https:\/\/www.hydraulic-cylinders.net\/sl\/wp-json\/wp\/v2\/product_cat?post=15505"},{"taxonomy":"product_tag","embeddable":true,"href":"https:\/\/www.hydraulic-cylinders.net\/sl\/wp-json\/wp\/v2\/product_tag?post=15505"}],"curies":[{"name":"delovni list","href":"https:\/\/api.w.org\/{rel}","templated":true}]}}