{"id":15507,"date":"2025-01-19T14:37:01","date_gmt":"2025-01-19T14:37:01","guid":{"rendered":"https:\/\/www.hydraulic-cylinders.net\/product\/bucket-cylinder-for-zoomlion-large-excavator-ze480esp\/"},"modified":"2025-01-19T14:37:03","modified_gmt":"2025-01-19T14:37:03","slug":"bucket-cylinder-for-zoomlion-large-excavator-ze480esp","status":"publish","type":"product","link":"https:\/\/www.hydraulic-cylinders.net\/sl\/izdelek\/bucket-cylinder-for-zoomlion-large-excavator-ze480esp\/","title":{"rendered":"Cilinder \u017elice za velik bager Zoomlion ZE480ESP"},"content":{"rendered":"<h1>Cilinder \u017elice za velik bager Zoomlion ZE480ESP<\/h1>\n<h2>Uvod<\/h2>\n<p>Hidravli\u010dni cilinder \u017elice za Zoomlion Large Excavator ZE480ESP je specializiran hidravli\u010dni cilinder, zasnovan za nadzor gibanja \u017elice v te\u017ekih strojih, kot so bagri, bagri z nakladalniki in \u010delni nakladalniki. Njegova glavna funkcija je omogo\u010danje dvigovanja, spu\u0161\u010danja in nagibanja \u017elice, kar olaj\u0161a opravljanje razli\u010dnih nalog ravnanja z materiali. V hidravli\u010dnem sistemu cilinder \u017elice nadzoruje natan\u010dno gibanje \u017elice s spreminjanjem tlaka hidravli\u010dnega olja, kar upravljavcu omogo\u010da u\u010dinkovito rokovanje s te\u017ekimi predmeti in prilagajanje kompleksnim delovnim okoljem ter raznolikim zahtevam dela. <\/p>\n<p><img decoding=\"async\" src=\"https:\/\/www.hydraulic-cylinders.net\/wp-content\/uploads\/2025\/01\/songte-company-2.webp\"><\/p>\n<h2>Zna\u010dilnosti<\/h2>\n<ul>\n<li>\n<h3>Visoka trdnost in vzdr\u017eljivost<\/h3>\n<p>Valji z \u017elico so obi\u010dajno izdelani iz visoko trdnega jekla ali aluminija, ki lahko prenese visok tlak in velike obremenitve ter se prilagajajo zahtevnim delovnim okoljem. Zasnova upo\u0161teva odpornost proti obrabi in koroziji, kar podalj\u0161uje \u017eivljenjsko dobo.<\/p>\n<\/li>\n<li>\n<h3>U\u010dinkovito hidravli\u010dno delovanje<\/h3>\n<p>Valji z \u017elico uporabljajo tlak hidravli\u010dnega olja za doseganje gladkega raztezanja in kr\u010denja, se lahko hitro odzovejo na krmilne ukaze, zagotavljajo mo\u010dno potisno in vle\u010dno silo ter so primerni za ravnanje s te\u017ekimi predmeti in kompleksne delovne naloge.<\/p>\n<\/li>\n<li>\n<h3>Razli\u010dne vrste<\/h3>\n<p>Cilindri \u017elice so lahko enosmerni (hidravli\u010dni se uporablja samo v eni smeri) ali dvosmerni (hidravli\u010dni se uporablja v dveh smereh), ki jih je mogo\u010de izbrati glede na potrebe za izpolnjevanje razli\u010dnih obratovalnih zahtev. Nekateri modeli so teleskopski, kar omogo\u010da ve\u010dji izvle\u010dek brez pove\u010danja zunanjih dimenzij, primerni za uporabo z omejenim prostorom.<\/p>\n<\/li>\n<li>\n<h3>Nadomestni izdelki<\/h3>\n<p>Na\u0161i izdelki lahko popolnoma nadomestijo te hidravli\u010dne cilindre.<\/p>\n<\/li>\n<\/ul>\n<p><img decoding=\"async\" src=\"https:\/\/www.hydraulic-cylinders.net\/wp-content\/uploads\/2025\/01\/songte-cylinder-head-with-all-kinds-excavator-models.webp\"><\/p>\n<h2>Aplikacije<\/h2>\n<p>Cilinder \u017elice za velik bager Zoomlion ZE480ESP se pogosto uporablja v razli\u010dnih te\u017ekih strojih za opravljanje razli\u010dnih nalog. Nekatere uporabe vklju\u010dujejo:<\/p>\n<ul>\n<li>\n<h3>Gradbena oprema<\/h3>\n<p>Gradbena oprema se za kopanje, nakladanje in premikanje zemlje ali ru\u0161evin zana\u0161a na cilindre \u017elice. Pri bagrih z nakladalno glavo cilindri \u017elice pomagajo pri izkopavanju in dvigovanju.<\/p>\n<\/li>\n<li>\n<h3>Kmetijska mehanizacija<\/h3>\n<p>Cilindri \u017elice se uporabljajo pri \u010delnih nakladalnikih za zajemanje, dvigovanje in prevoz zemlje, sena in drugih materialov. Pri bagrih cilindri \u017elice omogo\u010dajo kopanje tako, da \u017elici omogo\u010dijo prodiranje v zemljo.<\/p>\n<\/li>\n<li>\n<h3>Oprema za nakladanje<\/h3>\n<p>Cilindri \u017elice pomagajo pri u\u010dinkovitem dvigovanju in razkladanju tovora pri \u010delnih nakladalnikih.<\/p>\n<\/li>\n<\/ul>\n<h2>Oblikovalski vidiki in izbirna merila<\/h2>\n<p>Valji z \u017elico so zasnovani za prena\u0161anje te\u017ekih bremen, zato so zasnova in izbirna merila klju\u010dnega pomena za delovanje izdelka. Nekateri zasnova vklju\u010dujeta:<\/p>\n<ul>\n<li>\n<h3>Nosilnost<\/h3>\n<p>Zmo\u017enost valja, da prenese velike obremenitve, je dolo\u010dena z nosilnostjo, ki se izra\u010duna na podlagi premera valja, velikosti palice in nazivnega tlaka.<\/p>\n<\/li>\n<li>\n<h3>Tesnilne lastnosti<\/h3>\n<p>Gumijasta tesnila, ki se uporabljajo v valju vedra, morajo prenesti visoke temperature, visoke tlake in mo\u017enost vdora abrazivnih delcev. Obi\u010dajno se uporabljata poliuretan in nitrilni kav\u010duk.<\/p>\n<\/li>\n<li>\n<h3>Vzdr\u017eljivost<\/h3>\n<p>Vzdr\u017eljivost jeklenke je odvisna od dejavnikov, kot so uporabljeni material, povr\u0161inska obdelava in proizvodni proces, ki mora prenesti zahtevna delovna okolja in dolgotrajno uporabo.<\/p>\n<\/li>\n<li>\n<h3>Varnost in vzdr\u017eevanje<\/h3>\n<p>Valji z \u017elico morajo izpolnjevati varnostne standarde in zahtevati redno vzdr\u017eevanje, da se zagotovi optimalno delovanje in prepre\u010dijo nesre\u010de.<\/p>\n<\/li>\n<\/ul>\n<p><img decoding=\"async\" src=\"https:\/\/www.hydraulic-cylinders.net\/wp-content\/uploads\/2025\/01\/songte-oil-pipes-and-spare-parts.webp\"><\/p>\n<h2>Tesnjenje in mazanje izdelka<\/h2>\n<p>Valji \u017elic uporabljajo razli\u010dna tesnila, kot so tesnila bata, tesnila palic in tesnila brisalcev, da prepre\u010dijo pu\u0161\u010danje hidravli\u010dne teko\u010dine. Tesnila morajo biti izdelana iz materialov, odpornih proti obrabi, kot sta poliuretan in nitrilna guma. Povr\u0161ina telesa valja in konci navojev zahtevajo natan\u010dno obdelavo za izbolj\u0161anje odpornosti proti obrabi. Redno mazanje valja prepre\u010duje obrabo in zmanj\u0161uje mo\u017enost pu\u0161\u010danja. <\/p>\n<h2>Redni pregledi in preventivni vzdr\u017eevalni ukrepi<\/h2>\n<p>Redni pregledi in preventivno vzdr\u017eevanje cilindra vedra so bistveni za zagotovitev dolge \u017eivljenjske dobe izdelka. Nekateri ukrepi vklju\u010dujejo:<\/p>\n<ul>\n<li>\n<h3>Redni pregled<\/h3>\n<p>Redno pregledujte zunanjost jeklenke, tesnila in priklju\u010dke, da ugotovite morebitno obrabo, po\u0161kodbe ali pu\u0161\u010danje.<\/p>\n<\/li>\n<li>\n<h3>Ustrezno mazanje<\/h3>\n<p>Ustrezno mazanje cilindra s hidravli\u010dnim oljem ali mastjo za prepre\u010devanje obrabe in zmanj\u0161anje mo\u017enosti pu\u0161\u010danja.<\/p>\n<\/li>\n<li>\n<h3>Zamenjava tesnila in preverjanje kalibracije<\/h3>\n<p>Redna menjava tesnil in preverjanje kalibracije za zagotovitev optimalnega delovanja.<\/p>\n<\/li>\n<\/ul>\n<p><img decoding=\"async\" src=\"https:\/\/www.hydraulic-cylinders.net\/wp-content\/uploads\/2025\/01\/songte-chushion-collar.webp\"><\/p>\n<h2>Varnostni vidiki in okoljski dejavniki<\/h2>\n<p>Valji z \u017elico se uporabljajo v te\u017ekih strojih in zahtevajo varnostne ukrepe, kot je zagotavljanje pravilne poravnave in pritrditve valja. Okoljski dejavniki, kot sta temperatura in vla\u017enost, lahko vplivajo na delovanje valja in jih je treba spremljati.<\/p>\n<h2>Diagnoza napak in pogoste te\u017eave<\/h2>\n<p>Pogoste te\u017eave z cilindri \u017elice vklju\u010dujejo pu\u0161\u010danje, premikanje cilindra in po\u010dasen odzivni \u010das. Diagnoza napake vklju\u010duje ugotavljanje vira te\u017eave in sprejemanje ustreznih ukrepov za njeno odpravo. Preventivni ukrepi, kot sta redni pregledi in vzdr\u017eevanje, lahko zmanj\u0161ajo mo\u017enost te\u017eav.<\/p>\n<p><img decoding=\"async\" src=\"https:\/\/www.hydraulic-cylinders.net\/wp-content\/uploads\/2025\/01\/songte-bushings-with-all-kinds-of-excavator-models.webp\"><\/p>\n<h2>O nas<\/h2>\n<p>Smo vodilni proizvajalec in veleprodajni distributer hidravli\u010dnih cilindrov na doma\u010dem in mednarodnem trgu. Na\u0161a linija izdelkov je raznolika in si prizadevamo za odli\u010dno kakovost z uporabo strategije upravljanja proizvodnje, ki temelji na industrializaciji sofisticiranih proizvodnih delavnic. Z uporabo tehnolo\u0161kih talentov, vrhunske digitalne proizvodne opreme in profesionalnega sistema testiranja nenehno izbolj\u0161ujemo proizvodno platformo, izbolj\u0161ujemo kakovost izdelkov in proizvodne poti ter imamo mo\u010dne ustvarjalne sposobnosti. Na\u0161 cilj je zadovoljiti raznolike potrebe strank z visoko u\u010dinkovitostjo, visoko natan\u010dnostjo in visoko kakovostjo.<\/p>\n<ul>\n<li>\n<h3>Profesionalnost<\/h3>\n<p>Imamo ekipo profesionalnih in\u017eenirjev in tehnikov z bogatimi izku\u0161njami na podro\u010dju na\u010drtovanja in izdelave hidravli\u010dnih cilindrov.<\/p>\n<\/li>\n<li>\n<h3>Mednarodno certificiranje<\/h3>\n<p>Na\u0161i hidravli\u010dni cilindri so certificirani po standardih ISO 9001 in CE, kar zagotavlja kakovost in varnost.<\/p>\n<\/li>\n<li>\n<h3>Storitve prilagajanja<\/h3>\n<p>Ponujamo storitve prilagajanja, ki ustrezajo specifi\u010dnim zahtevam na\u0161ih strank.<\/p>\n<\/li>\n<li>\n<h3>Proizvodna oprema<\/h3>\n<p>Uporabljamo napredno proizvodno opremo, kot so CNC obdelovalni centri, avtomatski varilni stroji in oprema za povr\u0161insko obdelavo.<\/p>\n<\/li>\n<li>\n<h3>Poprodajne storitve<\/h3>\n<p>Nudimo poprodajne storitve, vklju\u010dno z vzdr\u017eevanjem, popravilom in zamenjavo delov, da zagotovimo zadovoljstvo na\u0161ih strank.<\/p>\n<\/li>\n<\/ul>\n<p><img decoding=\"async\" src=\"https:\/\/hzpt.com\/wp-content\/uploads\/2024\/11\/songte-company-1.webp\"><\/p>\n<h3>Avtor: lyl<\/h3>","protected":false},"excerpt":{"rendered":"<p>Bucket Cylinder For Zoomlion Large Excavator ZE480ESP Introduction The Bucket Cylinder for Zoomlion Large Excavator ZE480ESP is a specialized hydraulic cylinder designed to control the movement of the bucket in heavy machinery such as excavators, backhoe excavators, and front-end loaders. Its main function is to enable the bucket to lift, lower, and tilt, making it [&hellip;]<\/p>","protected":false},"featured_media":14789,"comment_status":"open","ping_status":"closed","template":"","meta":{"_et_pb_use_builder":"","_et_pb_old_content":"","_et_gb_content_width":""},"product_brand":[],"product_cat":[1494],"product_tag":[1495,1496],"class_list":{"0":"post-15507","1":"product","2":"type-product","3":"status-publish","4":"has-post-thumbnail","6":"product_cat-bucket-cylinders","7":"product_tag-bucket-cylinders","8":"product_tag-hydraulic-cylinders","10":"first","11":"instock","12":"shipping-taxable","13":"product-type-simple"},"amp_enabled":true,"_links":{"self":[{"href":"https:\/\/www.hydraulic-cylinders.net\/sl\/wp-json\/wp\/v2\/product\/15507","targetHints":{"allow":["GET"]}}],"collection":[{"href":"https:\/\/www.hydraulic-cylinders.net\/sl\/wp-json\/wp\/v2\/product"}],"about":[{"href":"https:\/\/www.hydraulic-cylinders.net\/sl\/wp-json\/wp\/v2\/types\/product"}],"replies":[{"embeddable":true,"href":"https:\/\/www.hydraulic-cylinders.net\/sl\/wp-json\/wp\/v2\/comments?post=15507"}],"wp:featuredmedia":[{"embeddable":true,"href":"https:\/\/www.hydraulic-cylinders.net\/sl\/wp-json\/wp\/v2\/media\/14789"}],"wp:attachment":[{"href":"https:\/\/www.hydraulic-cylinders.net\/sl\/wp-json\/wp\/v2\/media?parent=15507"}],"wp:term":[{"taxonomy":"product_brand","embeddable":true,"href":"https:\/\/www.hydraulic-cylinders.net\/sl\/wp-json\/wp\/v2\/product_brand?post=15507"},{"taxonomy":"product_cat","embeddable":true,"href":"https:\/\/www.hydraulic-cylinders.net\/sl\/wp-json\/wp\/v2\/product_cat?post=15507"},{"taxonomy":"product_tag","embeddable":true,"href":"https:\/\/www.hydraulic-cylinders.net\/sl\/wp-json\/wp\/v2\/product_tag?post=15507"}],"curies":[{"name":"delovni list","href":"https:\/\/api.w.org\/{rel}","templated":true}]}}