{"id":15510,"date":"2025-01-19T14:37:12","date_gmt":"2025-01-19T14:37:12","guid":{"rendered":"https:\/\/www.hydraulic-cylinders.net\/product\/bucket-cylinder-for-zoomlion-large-excavator-ze700esp\/"},"modified":"2025-01-19T14:37:14","modified_gmt":"2025-01-19T14:37:14","slug":"bucket-cylinder-for-zoomlion-large-excavator-ze700esp","status":"publish","type":"product","link":"https:\/\/www.hydraulic-cylinders.net\/sl\/izdelek\/bucket-cylinder-for-zoomlion-large-excavator-ze700esp\/","title":{"rendered":"Cilinder \u017elice za velik bager Zoomlion ZE700ESP"},"content":{"rendered":"<p><!DOCTYPE html><br \/>\n<html><br \/>\n<head><br \/>\n<title>Cilinder \u017elice za velik bager Zoomlion ZE700ESP<\/title><br \/>\n<\/head><br \/>\n<body><\/p>\n<h1>Cilinder \u017elice za velik bager Zoomlion ZE700ESP<\/h1>\n<h2>Uvod<\/h2>\n<p>Hidravli\u010dni cilinder \u017elice za veliki bager Zoomlion ZE700ESP je posebej zasnovan hidravli\u010dni cilinder, ki se uporablja za nadzor gibanja \u017elice v te\u017ekih strojih, kot so bagri, bagri nakladalniki in \u010delni nakladalniki. Njegova glavna funkcija je omogo\u010danje dvigovanja, spu\u0161\u010danja in nagibanja \u017elice, kar jo naredi priro\u010dno za razli\u010dna opravila ravnanja z materiali. V hidravli\u010dnem sistemu cilinder \u017elice dose\u017ee natan\u010den nadzor nad \u017elico z izkori\u0161\u010danjem sprememb tlaka v hidravli\u010dnem olju, kar omogo\u010da upravljavcem u\u010dinkovito ravnanje s te\u017ekimi bremeni in prilagajanje kompleksnim delovnim okoljem ter raznolikim operativnim potrebam.<\/p>\n<p><img decoding=\"async\" src=\"https:\/\/www.hydraulic-cylinders.net\/wp-content\/uploads\/2025\/01\/songte-company-2.webp\" alt=\"Cilinder za vedro\"><\/p>\n<h2>Zna\u010dilnosti<\/h2>\n<ul>\n<li>Visoka trdnost in vzdr\u017eljivost: Obi\u010dajno so izdelani iz visoko trdnega jekla ali aluminija, sposobni prenesti visok tlak in velike obremenitve, se prilagajajo zahtevnim delovnim okoljem in so zasnovani z upo\u0161tevanjem odpornosti proti obrabi in koroziji za podalj\u0161anje \u017eivljenjske dobe.<\/li>\n<li>U\u010dinkovito hidravli\u010dno delovanje: Izkori\u0161\u010da tlak hidravli\u010dnega olja za doseganje gladkih gibov iztegovanja in kr\u010denja, kar omogo\u010da hiter odziv na krmilne ukaze in zagotavlja mo\u010dne potisne in vle\u010dne sile, primerne za ravnanje s te\u017ekimi bremeni in kompleksne operativne naloge.<\/li>\n<li>Razli\u010dne vrste: Na voljo z enosmernim (hidravli\u010dni samo v eno smer) ali dvosmernim (hidravli\u010dni v obe smeri) cilindrom za razli\u010dne operativne zahteve. Nekateri modeli so teleskopski, kar omogo\u010da ve\u010dji razteg brez pove\u010danja zunanjih dimenzij, primerni za uporabo z omejenim prostorom.<\/li>\n<li>Popolna zamenjava: Na\u0161i izdelki lahko popolnoma nadomestijo te hidravli\u010dne cilindre in ponujajo zanesljivo alternativo.<\/li>\n<\/ul>\n<p><img decoding=\"async\" src=\"https:\/\/www.hydraulic-cylinders.net\/wp-content\/uploads\/2025\/01\/songte-cylinder-head-with-all-kinds-excavator-models.webp\" alt=\"Slika izdelka\"><\/p>\n<h2>Aplikacije<\/h2>\n<p>Valj z \u017elico se uporablja v razli\u010dni opremi:<\/p>\n<ul>\n<li>Gradbeni stroji: Najdemo jih v bagrih in so klju\u010dni za kopanje, nakladanje in premikanje zemlje ali ru\u0161evin. Pri bagrih nakladalnikih cilinder \u017elice pomaga tako pri izkopavanju kot pri dvigovanju.<\/li>\n<li>Kmetijska mehanizacija: Uporablja se v \u010delnih nakladalnikih za zajemanje, dvigovanje in prevoz zemlje, sena in drugih materialov.<\/li>\n<li>Bagri: Cilinder \u017elice omogo\u010da kopanje tako, da \u017elica prodre v zemljo.<\/li>\n<li>Nakladalniki: Pri \u010delnih nakladalnikih pomagajo pri u\u010dinkovitem dvigovanju in nagibanju blaga.<\/li>\n<\/ul>\n<h2>Oblikovalski vidiki in izbirna merila<\/h2>\n<p>Pri na\u010drtovanju se upo\u0161tevajo klju\u010dni dejavniki, kot so nosilnost, tesnjenje, vzdr\u017eljivost, varnost in vzdr\u017eevanje:<\/p>\n<p><img decoding=\"async\" src=\"https:\/\/www.hydraulic-cylinders.net\/wp-content\/uploads\/2025\/01\/songte-oil-pipes-and-spare-parts.webp\" alt=\"Oblikovanje izdelkov\"><\/p>\n<h2>Tesnjenje in mazanje<\/h2>\n<p>Valj \u017elice vklju\u010duje razli\u010dne tesnilne komponente, kot so tesnila bata, tesnila palice itd. Ta tesnila so izdelana iz materialov, odpornih proti obrabi, kot sta poliuretan in nitrilna guma. Telo valja in navojni konci so skrbno obdelani za pove\u010danje njihove odpornosti proti obrabi. Za nemoteno delovanje je potrebno redno mazanje z ustreznim hidravli\u010dnim oljem.<\/p>\n<h2>Redni pregledi in preventivno vzdr\u017eevanje<\/h2>\n<p>Za zagotovitev optimalne zmogljivosti in dolge \u017eivljenjske dobe so priporo\u010dljivi redni pregledi in preventivni vzdr\u017eevalni ukrepi:<\/p>\n<h2>Vodnik za namestitev izdelka<\/h2>\n<p>Pravilna namestitev cilindra z \u017elico je klju\u010dnega pomena za njegovo delovanje in varnost:<\/p>\n<p><img decoding=\"async\" src=\"https:\/\/www.hydraulic-cylinders.net\/wp-content\/uploads\/2025\/01\/songte-chushion-collar.webp\" alt=\"Navodila za namestitev\"><\/p>\n<h2>Vzdr\u017eevalna opravila<\/h2>\n<p>Pogosta vzdr\u017eevalna opravila za valj \u017elice vklju\u010dujejo redne preglede, ustrezno mazanje, zamenjavo tesnil in preverjanje kalibracije:<\/p>\n<p><img decoding=\"async\" src=\"https:\/\/www.hydraulic-cylinders.net\/wp-content\/uploads\/2025\/01\/songte-bushings-with-all-kinds-of-excavator-models.webp\" alt=\"Vzdr\u017eevalna opravila\"><\/p>\n<h2>Varnostni vidiki in okoljski dejavniki<\/h2>\n<p>Upo\u0161tevanje varnostnih ukrepov pri uporabi cilindra z vedrom je izjemnega pomena. Pri izbiri in upravljanju opreme je treba upo\u0161tevati tudi okoljske dejavnike.<\/p>\n<h2>Odpravljanje te\u017eav in pogoste te\u017eave<\/h2>\n<p>Pri te\u017eavah z cilindrom \u017elice je bistveno, da te\u017eave diagnosticirate in u\u010dinkovito odpravite:<\/p>\n<p><img decoding=\"async\" src=\"https:\/\/hzpt.com\/wp-content\/uploads\/2024\/11\/songte-company-1.webp\" alt=\"Odpravljanje te\u017eav in pogoste te\u017eave\"><\/p>\n<h2>O na\u0161em podjetju<\/h2>\n<p>Smo proizvajalec nadomestnih hidravli\u010dnih cilindrov in ponujamo \u0161iroko paleto izdelkov. Postali smo eden vodilnih proizvajalcev in veleprodajnih distributerjev hidravli\u010dnih cilindrov na doma\u010dem in mednarodnem trgu. Na\u0161e podjetje se dr\u017ei na\u010del odli\u010dne kakovosti in industrializiranega upravljanja proizvodnje, pri \u010demer se zana\u0161a na sofisticirane proizvodne delavnice, tehni\u010dne talente, napredno digitalno proizvodno opremo in profesionalne sisteme testiranja. Nenehno izbolj\u0161ujemo na\u0161o proizvodno platformo, izpopolnjujemo proizvodne poti za zagotavljanje kakovosti izdelkov in imamo mo\u010dne inovacijske zmogljivosti. Z visoko u\u010dinkovitostjo, natan\u010dnostjo in kakovostjo izpolnjujemo raznolike potrebe na\u0161ih strank.<\/p>\n<p><img decoding=\"async\" src=\"https:\/\/www.hydraulic-cylinders.net\/wp-content\/uploads\/2025\/01\/songte-company-3.webp\" alt=\"Slika podjetja\"><\/p>\n<p>Na\u0161e podjetje odlikujejo:<\/p>\n<ul>\n<li>Profesionalnost<\/li>\n<li>Mednarodni certifikati<\/li>\n<li>Storitve prilagajanja<\/li>\n<li>Proizvodna oprema<\/li>\n<li>Poprodajne storitve<\/li>\n<\/ul>\n<p>Avtor: lyl<\/p>\n<p><\/body><br \/>\n<\/html><\/p>","protected":false},"excerpt":{"rendered":"<p>Bucket Cylinder For Zoomlion Large Excavator ZE700ESP Bucket Cylinder For Zoomlion Large Excavator ZE700ESP Introduction The bucket cylinder for Zoomlion large excavator ZE700ESP is a specially designed hydraulic cylinder used to control the movement of the bucket in heavy machinery such as excavators, backhoe loaders, and front-end loaders. Its main function is to enable the [&hellip;]<\/p>","protected":false},"featured_media":14785,"comment_status":"open","ping_status":"closed","template":"","meta":{"_et_pb_use_builder":"","_et_pb_old_content":"","_et_gb_content_width":""},"product_brand":[],"product_cat":[1494],"product_tag":[1495,1496],"class_list":{"0":"post-15510","1":"product","2":"type-product","3":"status-publish","4":"has-post-thumbnail","6":"product_cat-bucket-cylinders","7":"product_tag-bucket-cylinders","8":"product_tag-hydraulic-cylinders","10":"first","11":"instock","12":"shipping-taxable","13":"product-type-simple"},"amp_enabled":true,"_links":{"self":[{"href":"https:\/\/www.hydraulic-cylinders.net\/sl\/wp-json\/wp\/v2\/product\/15510","targetHints":{"allow":["GET"]}}],"collection":[{"href":"https:\/\/www.hydraulic-cylinders.net\/sl\/wp-json\/wp\/v2\/product"}],"about":[{"href":"https:\/\/www.hydraulic-cylinders.net\/sl\/wp-json\/wp\/v2\/types\/product"}],"replies":[{"embeddable":true,"href":"https:\/\/www.hydraulic-cylinders.net\/sl\/wp-json\/wp\/v2\/comments?post=15510"}],"wp:featuredmedia":[{"embeddable":true,"href":"https:\/\/www.hydraulic-cylinders.net\/sl\/wp-json\/wp\/v2\/media\/14785"}],"wp:attachment":[{"href":"https:\/\/www.hydraulic-cylinders.net\/sl\/wp-json\/wp\/v2\/media?parent=15510"}],"wp:term":[{"taxonomy":"product_brand","embeddable":true,"href":"https:\/\/www.hydraulic-cylinders.net\/sl\/wp-json\/wp\/v2\/product_brand?post=15510"},{"taxonomy":"product_cat","embeddable":true,"href":"https:\/\/www.hydraulic-cylinders.net\/sl\/wp-json\/wp\/v2\/product_cat?post=15510"},{"taxonomy":"product_tag","embeddable":true,"href":"https:\/\/www.hydraulic-cylinders.net\/sl\/wp-json\/wp\/v2\/product_tag?post=15510"}],"curies":[{"name":"delovni list","href":"https:\/\/api.w.org\/{rel}","templated":true}]}}