{"id":15515,"date":"2025-01-19T14:37:32","date_gmt":"2025-01-19T14:37:32","guid":{"rendered":"https:\/\/www.hydraulic-cylinders.net\/product\/bucket-cylinder-for-sunward-small-excavator-swe150elr\/"},"modified":"2025-01-19T14:37:34","modified_gmt":"2025-01-19T14:37:34","slug":"bucket-cylinder-for-sunward-small-excavator-swe150elr","status":"publish","type":"product","link":"https:\/\/www.hydraulic-cylinders.net\/sl\/izdelek\/bucket-cylinder-for-sunward-small-excavator-swe150elr\/","title":{"rendered":"Cilinder \u017elice za majhen bager Sunward SWE150ELR"},"content":{"rendered":"<h1>Cilinder \u017elice za majhen bager Sunward SWE150ELR<\/h1>\n<h2>Uvod<\/h2>\n<p>Hidravli\u010dni cilinder \u017elice za majhen bager Sunward SWE150ELR je posebej zasnovan hidravli\u010dni cilinder, ki se uporablja za nadzor gibanja \u017elice v te\u017ekih strojih, kot so bagri, bagri nakladalniki in \u010delni nakladalniki. Njegova glavna funkcija je omogo\u010danje dvigovanja, spu\u0161\u010danja in nagibanja \u017elice, kar jo naredi priro\u010dno za razli\u010dna opravila ravnanja z materiali. V hidravli\u010dnem sistemu cilinder \u017elice dose\u017ee natan\u010den nadzor \u017elice s spremembami tlaka hidravli\u010dnega olja, kar omogo\u010da upravljavcem u\u010dinkovito ravnanje s te\u017ekimi bremeni in prilagajanje kompleksnim delovnim okoljem ter raznolikim zahtevam dela.<\/p>\n<p><img decoding=\"async\" src=\"https:\/\/www.hydraulic-cylinders.net\/wp-content\/uploads\/2025\/01\/songte-company-2.webp\" alt=\"Slika izdelka\"><\/p>\n<h2>Zna\u010dilnosti<\/h2>\n<ul>\n<li><strong>Visoka trdnost in vzdr\u017eljivost:<\/strong> Obi\u010dajno je izdelan iz visoko trdnega jekla ali aluminija, zato lahko prenese visok tlak in velike obremenitve, s \u010dimer se prilagaja te\u017ekim delovnim pogojem. Zasnova upo\u0161teva odpornost proti obrabi in koroziji, kar podalj\u0161uje \u017eivljenjsko dobo.<\/li>\n<li><strong>U\u010dinkovito hidravli\u010dno delovanje:<\/strong> Izkori\u0161\u010da tlak hidravli\u010dnega olja za doseganje gladkih gibov iztegovanja in vvla\u010devanja, kar omogo\u010da hiter odziv na krmilne ukaze in zagotavlja mo\u010dne potisne in vle\u010dne sile, primerne za ravnanje s te\u017ekimi bremeni in kompleksnimi delovnimi nalogami.<\/li>\n<li><strong>Razli\u010dne vrste:<\/strong> Valj \u017elice je lahko glede na potrebe izbran kot enosmerno delujo\u010d (hidravli\u010dno delovanje samo v eno smer) ali dvosmerno delujo\u010d (hidravli\u010dno delovanje v obe smeri), da se zadosti razli\u010dnim operativnim zahtevam. Nekateri modeli so teleskopski, kar omogo\u010da ve\u010dji izvle\u010dek brez pove\u010danja zunanjih dimenzij, primerni za uporabo z omejenim prostorom.<\/li>\n<li><strong>Zmogljivost zamenjave:<\/strong> Na\u0161i izdelki lahko popolnoma nadomestijo te hidravli\u010dne cilindre.<\/li>\n<\/ul>\n<p><img decoding=\"async\" src=\"https:\/\/www.hydraulic-cylinders.net\/wp-content\/uploads\/2025\/01\/songte-cylinder-head-with-all-kinds-excavator-models.webp\" alt=\"Slika zamenjave izdelka\"><\/p>\n<h2>Aplikacije<\/h2>\n<p>Valj z \u017elico se uporablja v razli\u010dni opremi:<\/p>\n<ul>\n<li><strong>Gradbena oprema:<\/strong> Pri bagrih igra klju\u010dno vlogo pri kopanju, nakladanju in premikanju zemlje ali ru\u0161evin. Pri bagrih nakladalnikih cilinder \u017elice pomaga tako pri kopanju kot pri dvigovanju.<\/li>\n<li><strong>Kmetijska mehanizacija:<\/strong> Uporablja se v \u010delnih nakladalnikih za zajemanje, dvigovanje in prevoz zemlje, sena in drugih materialov.<\/li>\n<li><strong>Bagri:<\/strong> Cilinder \u017elice omogo\u010da kopanje, saj \u017elici omogo\u010da prodiranje v zemljo.<\/li>\n<li><strong>Nakladalci:<\/strong> Pri \u010delnih nakladalnikih pomagajo pri u\u010dinkovitem dvigovanju in razkladanju blaga.<\/li>\n<\/ul>\n<h2>Oblikovalski vidiki in izbirna merila<\/h2>\n<p>Pri na\u010drtovanju cilindrov z \u017elico se upo\u0161teva ve\u010d dejavnikov:<\/p>\n<ul>\n<li><strong>Nosilnost:<\/strong> Jeklenka je zasnovana tako, da prenese zahtevano obremenitev brez deformacije ali okvare.<\/li>\n<li><strong>Tesnjenje:<\/strong> Various sealing components such as piston seals and rod seals are used to ensure the hydraulic system&#8217;s integrity and prevent leakage.<\/li>\n<li><strong>Vzdr\u017eljivost:<\/strong> Jeklenka je zasnovana tako, da prenese obremenitve neprekinjene uporabe in je odporna proti obrabi.<\/li>\n<li><strong>Varnost:<\/strong> Safety features are incorporated to prevent accidents and ensure the operator&#8217;s well-being during operation.<\/li>\n<li><strong>Vzdr\u017eevanje:<\/strong> Zasnova omogo\u010da enostavno vzdr\u017eevanje in popravila, kar zmanj\u0161uje \u010das izpada in pove\u010duje produktivnost.<\/li>\n<\/ul>\n<p><img decoding=\"async\" src=\"https:\/\/www.hydraulic-cylinders.net\/wp-content\/uploads\/2025\/01\/songte-oil-pipes-and-spare-parts.webp\" alt=\"Slika tesnilnih komponent\"><\/p>\n<h2>Tesnjenje in mazanje<\/h2>\n<p>Valj \u017elice uporablja razli\u010dne tesnilne komponente, kot so tesnila bata in tesnila palice, ki so izdelana iz materialov, odpornih proti obrabi, kot sta poliuretan in nitrilna guma. Telo valja in navojni konci so podvr\u017eeni fini povr\u0161inski obdelavi za pove\u010danje odpornosti proti obrabi. Za nemoteno delovanje je potrebno redno mazanje z ustrezno koli\u010dino hidravli\u010dnega olja.<\/p>\n<h2>Redni pregledi in preventivno vzdr\u017eevanje<\/h2>\n<ul>\n<li>Redno pregledujte valj vedra glede morebitnih znakov obrabe, pu\u0161\u010danja ali po\u0161kodb.<\/li>\n<li>Zagotovite ustrezno mazanje vseh gibljivih delov.<\/li>\n<li>Periodically replace seals and gaskets to maintain the cylinder&#8217;s integrity.<\/li>\n<\/ul>\n<h2>Pravilna namestitev izdelka<\/h2>\n<p>Pravilna namestitev cilindra vedra je bistvenega pomena za optimalno delovanje:<\/p>\n<ul>\n<li>Navedite smernice za pravilno poravnavo cilindra med namestitvijo.<\/li>\n<li>Za pritrditev cilindra priporo\u010damo uporabo ustreznih monta\u017enih nosilcev.<\/li>\n<li>Navedite navodila za priporo\u010dene postopke pregleda, popravila in zamenjave.<\/li>\n<li>Offer replacement parts and rebuilding services to enhance the cylinder&#8217;s longevity.<\/li>\n<\/ul>\n<p><img decoding=\"async\" src=\"https:\/\/www.hydraulic-cylinders.net\/wp-content\/uploads\/2025\/01\/songte-chushion-collar.webp\" alt=\"Slika namestitvenega vodnika\"><\/p>\n<h2>Varnostni vidiki in okoljski dejavniki<\/h2>\n<p>Pomena varnostnih ukrepov pri uporabi jeklenke z vedrom ne smemo spregledati. Sprejeti je treba ustrezne varnostne ukrepe za zagotovitev dobrega po\u010dutja upravljavcev in prepre\u010devanje nesre\u010d. Upo\u0161tevati je treba tudi okoljske dejavnike, kot sta temperatura in izpostavljenost korozivnim elementom.<\/p>\n<h2>Odpravljanje te\u017eav in pogoste te\u017eave<\/h2>\n<p>Pri odpravljanju te\u017eav z valjem \u017elice upo\u0161tevajte naslednje:<\/p>\n<ul>\n<li>Ponudite nasvete in re\u0161itve za u\u010dinkovito diagnosticiranje in re\u0161evanje te\u017eav.<\/li>\n<li>Predlagajte preventivne ukrepe za zmanj\u0161anje morebitnih te\u017eav.<\/li>\n<\/ul>\n<p><img decoding=\"async\" src=\"https:\/\/www.hydraulic-cylinders.net\/wp-content\/uploads\/2025\/01\/songte-bushings-with-all-kinds-of-excavator-models.webp\" alt=\"Nasveti za odpravljanje te\u017eav Slika\"><\/p>\n<p>Ne pozabite logi\u010dno organizirati \u010dlanka, uporabiti podnaslovov za la\u017ejo navigacijo, vklju\u010diti ustreznih slik ali grafikonov za bolj\u0161e razumevanje ter zagotoviti, da je vsebina jasna, jedrnata in primerna za bralce z razli\u010dnimi stopnjami tehni\u010dnega znanja.<\/p>\n<h2>O na\u0161em podjetju<\/h2>\n<p>Smo proizvajalec nadomestnih hidravli\u010dnih cilindrov in ponujamo \u0161iroko paleto izdelkov. Postali smo eden vodilnih proizvajalcev in veleprodajnih distributerjev hidravli\u010dnih cilindrov na doma\u010dem in mednarodnem trgu. Na\u0161e podjetje sledi strategiji industrializiranega upravljanja proizvodnje, pri \u010demer se zana\u0161a na odli\u010dno kakovost, napredno proizvodno opremo in profesionalne sisteme testiranja. Nenehno izbolj\u0161ujemo na\u0161o proizvodno platformo in proizvodne poti za kakovost izdelkov ter imamo mo\u010dne ustvarjalne sposobnosti. Prizadevamo si zadovoljiti raznolike potrebe strank z visoko u\u010dinkovitostjo, natan\u010dnostjo in kakovostjo.<\/p>\n<p><img decoding=\"async\" src=\"https:\/\/www.hydraulic-cylinders.net\/wp-content\/uploads\/2025\/01\/songte-company-3.webp\" alt=\"Slika podjetja\"><\/p>\n<h3>Profesionalnost:<\/h3>\n<p>V vseh vidikih na\u0161ega delovanja dajemo prednost profesionalnosti, od zasnove izdelkov do storitev za stranke.<\/p>\n<h3>Mednarodni certifikati:<\/h3>\n<p>Upo\u0161tevamo mednarodne certifikate in standarde, kar zagotavlja kakovost in zanesljivost na\u0161ih izdelkov.<\/p>\n<h3>Storitve prilagajanja:<\/h3>\n<p>Ponujamo storitve prilagajanja, da zadostimo specifi\u010dnim zahtevam strank in zagotovimo re\u0161itve po meri.<\/p>\n<h3>Proizvodna oprema:<\/h3>\n<p>Uporabljamo napredno proizvodno opremo in tehnologijo, da zagotovimo natan\u010dnost in kakovost na\u0161ih izdelkov.<\/p>\n<h3>Poprodajne storitve:<\/h3>\n<p>Nudimo celovito poprodajno storitev, vklju\u010dno z vzdr\u017eevanjem, popravilom in zamenjavo komponent, s \u010dimer zagotavljamo zadovoljstvo strank in podalj\u0161ano \u017eivljenjsko dobo izdelka.<\/p>\n<p><img decoding=\"async\" src=\"https:\/\/hzpt.com\/wp-content\/uploads\/2024\/11\/songte-company-1.webp\" alt=\"Slika podjetja\"><\/p>\n<p>Avtor: lyl<\/p>","protected":false},"excerpt":{"rendered":"<p>Bucket Cylinder For Sunward Small Excavator SWE150ELR Introduction The bucket cylinder for Sunward small excavator SWE150ELR is a specially designed hydraulic cylinder that is used to control the movement of the bucket in heavy machinery such as excavators, backhoe loaders, and front loaders. Its main function is to enable the bucket to lift, lower, and [&hellip;]<\/p>","protected":false},"featured_media":14776,"comment_status":"open","ping_status":"closed","template":"","meta":{"_et_pb_use_builder":"","_et_pb_old_content":"","_et_gb_content_width":""},"product_brand":[],"product_cat":[1494],"product_tag":[1495,1496],"class_list":{"0":"post-15515","1":"product","2":"type-product","3":"status-publish","4":"has-post-thumbnail","6":"product_cat-bucket-cylinders","7":"product_tag-bucket-cylinders","8":"product_tag-hydraulic-cylinders","10":"first","11":"instock","12":"shipping-taxable","13":"product-type-simple"},"amp_enabled":true,"_links":{"self":[{"href":"https:\/\/www.hydraulic-cylinders.net\/sl\/wp-json\/wp\/v2\/product\/15515","targetHints":{"allow":["GET"]}}],"collection":[{"href":"https:\/\/www.hydraulic-cylinders.net\/sl\/wp-json\/wp\/v2\/product"}],"about":[{"href":"https:\/\/www.hydraulic-cylinders.net\/sl\/wp-json\/wp\/v2\/types\/product"}],"replies":[{"embeddable":true,"href":"https:\/\/www.hydraulic-cylinders.net\/sl\/wp-json\/wp\/v2\/comments?post=15515"}],"wp:featuredmedia":[{"embeddable":true,"href":"https:\/\/www.hydraulic-cylinders.net\/sl\/wp-json\/wp\/v2\/media\/14776"}],"wp:attachment":[{"href":"https:\/\/www.hydraulic-cylinders.net\/sl\/wp-json\/wp\/v2\/media?parent=15515"}],"wp:term":[{"taxonomy":"product_brand","embeddable":true,"href":"https:\/\/www.hydraulic-cylinders.net\/sl\/wp-json\/wp\/v2\/product_brand?post=15515"},{"taxonomy":"product_cat","embeddable":true,"href":"https:\/\/www.hydraulic-cylinders.net\/sl\/wp-json\/wp\/v2\/product_cat?post=15515"},{"taxonomy":"product_tag","embeddable":true,"href":"https:\/\/www.hydraulic-cylinders.net\/sl\/wp-json\/wp\/v2\/product_tag?post=15515"}],"curies":[{"name":"delovni list","href":"https:\/\/api.w.org\/{rel}","templated":true}]}}