{"id":15532,"date":"2025-01-19T14:38:53","date_gmt":"2025-01-19T14:38:53","guid":{"rendered":"https:\/\/www.hydraulic-cylinders.net\/product\/bucket-cylinder-for-sunward-hybrid-excavator-swe350es\/"},"modified":"2025-01-19T14:38:55","modified_gmt":"2025-01-19T14:38:55","slug":"bucket-cylinder-for-sunward-hybrid-excavator-swe350es","status":"publish","type":"product","link":"https:\/\/www.hydraulic-cylinders.net\/sl\/izdelek\/bucket-cylinder-for-sunward-hybrid-excavator-swe350es\/","title":{"rendered":"Cilinder \u017elice za hibridni bager Sunward SWE350ES"},"content":{"rendered":"<p><!DOCTYPE html><br \/>\n<html><br \/>\n<head><br \/>\n<title>Cilinder \u017elice za hibridni bager Sunward SWE350ES<\/title><br \/>\n<\/head><br \/>\n<body><\/p>\n<h1>Cilinder \u017elice za hibridni bager Sunward SWE350ES<\/h1>\n<h2>Uvod<\/h2>\n<p>Hidravli\u010dni valj \u017elice je posebej zasnovan hidravli\u010dni valj, ki se uporablja predvsem za krmiljenje gibanja \u017elic v te\u017ekih strojih, kot so bagri, bagri nakladalniki in \u010delni nakladalniki. Njegova glavna funkcija je omogo\u010diti \u017elici dvigovanje, spu\u0161\u010danje in nagibanje, kar olaj\u0161a opravljanje razli\u010dnih nalog ravnanja z materiali. V hidravli\u010dnem sistemu valj \u017elice dose\u017ee natan\u010den nadzor nad \u017elico z izkori\u0161\u010danjem sprememb tlaka hidravli\u010dnega olja, kar omogo\u010da upravljavcem u\u010dinkovito ravnanje s te\u017ekimi bremeni in prilagajanje kompleksnim delovnim okoljem ter raznolikim zahtevam dela.<\/p>\n<p><img decoding=\"async\" src=\"https:\/\/www.hydraulic-cylinders.net\/wp-content\/uploads\/2025\/01\/songte-company-2.webp\" alt=\"Slika valjaste \u017elice\"><\/p>\n<h2>Zna\u010dilnosti cilindra \u017elice za hibridni bager Sunward SWE350ES<\/h2>\n<ul>\n<li>Visoka trdnost in vzdr\u017eljivost: Valj z \u017elico, ki je obi\u010dajno izdelan iz visoko trdnega jekla ali aluminija, lahko prenese visok tlak in velike obremenitve ter se prilagaja zahtevnim delovnim okoljem. Zasnova upo\u0161teva odpornost proti obrabi in koroziji, da se podalj\u0161a njegova \u017eivljenjska doba.<\/li>\n<li>U\u010dinkovito hidravli\u010dno delovanje: Z uporabo tlaka hidravli\u010dnega olja valj \u017elice dose\u017ee gladke teleskopske gibe, se hitro odziva na krmilne ukaze, zagotavlja mo\u010dne potisne in vle\u010dne sile ter je primeren za ravnanje s te\u017ekimi bremeni in kompleksnimi delovnimi nalogami.<\/li>\n<li>Razli\u010dne vrste: Enosmerno delujo\u010di (hidravli\u010dni, ki se uporablja samo v eni smeri) ali dvosmerno delujo\u010di (hidravli\u010dni, ki se uporablja v obeh smereh) cilindri se lahko izberejo glede na specifi\u010dne operativne potrebe. Nekateri modeli so teleskopski, kar omogo\u010da ve\u010dji razteg brez pove\u010danja zunanjih dimenzij, zaradi \u010desar so primerni za uporabo z omejenim prostorom.<\/li>\n<li>Popolna zamenjava: Na\u0161 izdelek lahko popolnoma nadomesti te hidravli\u010dne cilindre.<\/li>\n<\/ul>\n<p><img decoding=\"async\" src=\"https:\/\/www.hydraulic-cylinders.net\/wp-content\/uploads\/2025\/01\/songte-cylinder-head-with-all-kinds-excavator-models.webp\" alt=\"Slika glave valja\"><\/p>\n<h2>Uporaba valja \u017elice za hibridni bager Sunward SWE350ES<\/h2>\n<p>Valj z \u017elico se uporablja v razli\u010dni opremi:<\/p>\n<ul>\n<li>Gradbena oprema: Najdemo jih v bagrih in so klju\u010dni za kopanje, nakladanje in premikanje zemlje ali ru\u0161evin. Pri bagrih nakladalnikih cilinder \u017elice pomaga tako pri kopanju kot dvigovanju.<\/li>\n<li>Kmetijska mehanizacija: Uporablja se v \u010delnih nakladalnikih za zajemanje, dvigovanje in prevoz zemlje, sena in drugih materialov.<\/li>\n<li>Bagri: Cilinder \u017elice omogo\u010da kopanje, saj \u017elici omogo\u010da prodiranje v zemljo.<\/li>\n<li>\u010celni nakladalniki: Pri \u010delnih nakladalnikih pomagajo pri u\u010dinkovitem dvigovanju in razkladanju blaga.<\/li>\n<\/ul>\n<h2>Oblikovalski vidiki in izbirna merila<\/h2>\n<p>Pri na\u010drtovanju in izbiri cilindrov z \u017elico se upo\u0161teva ve\u010d dejavnikov:<\/p>\n<ul>\n<li>Nosilnost: Cilinder mora biti zasnovan tako, da prenese predvideno obremenitev in delovne pogoje.<\/li>\n<li>Tesnjenje: Uporabljajo se razli\u010dne tesnilne komponente, kot so tesnila bata in tesnila ojnic. Ta tesnila so izdelana iz materialov, odpornih proti obrabi, kot sta poliuretan in nitrilna guma. Telo valja in navojne kon\u010dne povr\u0161ine so fino obdelane za pove\u010danje odpornosti proti obrabi.<\/li>\n<li>Vzdr\u017eljivost: Cilinder vedra je zasnovan tako, da je vzdr\u017eljiv in odporen na obrabo pri te\u017ekih aplikacijah.<\/li>\n<li>Varnost: V zasnovo so vklju\u010dene varnostne funkcije, ki zagotavljajo varno delovanje cilindra vedra.<\/li>\n<li>Vzdr\u017eevanje: Upo\u0161teva se enostavnost vzdr\u017eevanja in popravila cilindra vedra.<\/li>\n<\/ul>\n<p><img decoding=\"async\" src=\"https:\/\/www.hydraulic-cylinders.net\/wp-content\/uploads\/2025\/01\/songte-oil-pipes-and-spare-parts.webp\" alt=\"Slika oljnih cevi in \u200b\u200brezervnih delov\"><\/p>\n<h2>Tesnjenje in mazanje cilindra \u017elice<\/h2>\n<p>Valj \u017elice uporablja razli\u010dne tesnilne komponente, vklju\u010dno s tesnili bata in tesnili palice, ki so izdelana iz materialov, odpornih proti obrabi, kot sta poliuretan in nitrilna guma. Telo valja in navojne kon\u010dne povr\u0161ine so fino obdelane za izbolj\u0161anje odpornosti proti obrabi. Za nemoteno delovanje je potrebno redno mazanje z ustreznim hidravli\u010dnim oljem.<\/p>\n<h2>Vzdr\u017eevanje in previdnostni ukrepi<\/h2>\n<p>Redni pregledi in preventivni vzdr\u017eevalni ukrepi so bistveni za optimalno delovanje in dolgo \u017eivljenjsko dobo cilindra vedra. Nekateri priporo\u010deni ukrepi vklju\u010dujejo:<\/p>\n<ul>\n<li>Redni pregledi: Preverite valj \u017elice glede morebitnih znakov obrabe ali po\u0161kodb.<\/li>\n<li>Pravilno mazanje: Zagotovite, da je valj \u017elice pravilno namazan, da prepre\u010dite prekomerno obrabo.<\/li>\n<li>Zamenjava tesnila: Tesnila zamenjajte po potrebi, da ohranite pravilno delovanje.<\/li>\n<li>Preverjanje kalibracije: Redno preverjajte in kalibrirajte valj \u017elice, da zagotovite natan\u010dno delovanje.<\/li>\n<\/ul>\n<p><img decoding=\"async\" src=\"https:\/\/www.hydraulic-cylinders.net\/wp-content\/uploads\/2025\/01\/songte-chushion-collar.webp\" alt=\"Slika ovratnice Chushion\"><\/p>\n<h2>Varnostni vidiki in okoljski dejavniki<\/h2>\n<p>Pri uporabi cilindra \u017elice je pomembno dati prednost varnostnim ukrepom za prepre\u010devanje nesre\u010d in zagotavljanje varnega delovnega okolja. Prav tako je klju\u010dnega pomena upo\u0161tevati okoljske dejavnike, kot sta pravilno odstranjevanje hidravli\u010dnih teko\u010din in upo\u0161tevanje okoljskih predpisov.<\/p>\n<h2>Odpravljanje te\u017eav in pogoste te\u017eave<\/h2>\n<p>Ko naletite na te\u017eave z cilindrom \u017elice, vam lahko metode za odpravljanje te\u017eav in re\u0161evanje te\u017eav pomagajo u\u010dinkovito diagnosticirati in odpraviti te\u017eave. Nekaj \u200b\u200bnasvetov in re\u0161itev vklju\u010duje:<\/p>\n<ul>\n<li>Redni pregledi: Izvajajte redne preglede, da odkrijete morebitne te\u017eave, preden se stopnjujejo.<\/li>\n<li>Pravilno odpravljanje te\u017eav: Za natan\u010dno diagnosticiranje in odpravljanje te\u017eav sledite pravilnim postopkom za odpravljanje te\u017eav.<\/li>\n<li>Preventivni ukrepi: Izvedite preventivne ukrepe za zmanj\u0161anje morebitnih te\u017eav.<\/li>\n<\/ul>\n<p><img decoding=\"async\" src=\"https:\/\/www.hydraulic-cylinders.net\/wp-content\/uploads\/2025\/01\/songte-bushings-with-all-kinds-of-excavator-models.webp\" alt=\"Slika pu\u0161\"><\/p>\n<h2>O na\u0161em podjetju<\/h2>\n<p>Smo vodilni proizvajalec in veleprodajni distributer hidravli\u010dnih cilindrov na doma\u010dem in mednarodnem trgu. Ponujamo \u0161iroko paleto izdelkov in smo ponosni na svojo zavezanost odli\u010dnosti v kakovosti. Z najsodobnej\u0161o proizvodno delavnico, ekipo usposobljenih strokovnjakov, napredno proizvodno opremo in profesionalnim sistemom testiranja nenehno izbolj\u0161ujemo na\u0161o proizvodno platformo in proizvodno linijo za kakovost izdelkov. Imamo mo\u010dno proizvodno zmogljivost in si prizadevamo zadovoljiti raznolike potrebe na\u0161ih strank z u\u010dinkovitostjo, natan\u010dnostjo in visokokakovostnimi izdelki.<\/p>\n<p><img decoding=\"async\" src=\"https:\/\/www.hydraulic-cylinders.net\/wp-content\/uploads\/2025\/01\/songte-company-3.webp\" alt=\"Slika podjetja\"><\/p>\n<h3>Poudarki na\u0161ega podjetja:<\/h3>\n<ul>\n<li>Profesionalnost: Pri svojem delovanju se dr\u017eimo visokih standardov profesionalnosti.<\/li>\n<li>Mednarodni certifikati: Na\u0161i izdelki izpolnjujejo mednarodne certifikate in standarde kakovosti.<\/li>\n<li>Storitve prilagajanja: Ponujamo re\u0161itve po meri, ki ustrezajo specifi\u010dnim zahtevam strank.<\/li>\n<li>Napredna proizvodna oprema: Za visokokakovostno proizvodnjo uporabljamo napredno proizvodno opremo.<\/li>\n<li>Poprodajne storitve: Zagotavljamo celovite poprodajne storitve za zagotavljanje zadovoljstva strank.<\/li>\n<\/ul>\n<p>Avtor: lyl<\/p>\n<p><\/body><br \/>\n<\/html><\/p>","protected":false},"excerpt":{"rendered":"<p>Bucket Cylinder For Sunward Hybrid Excavator SWE350ES Bucket Cylinder For Sunward Hybrid Excavator SWE350ES Introduction A bucket cylinder is a specially designed hydraulic cylinder that is primarily used to control the movement of buckets in heavy machinery such as excavators, backhoe loaders, and front-end loaders. Its main function is to enable the bucket to perform [&hellip;]<\/p>","protected":false},"featured_media":14771,"comment_status":"open","ping_status":"closed","template":"","meta":{"_et_pb_use_builder":"","_et_pb_old_content":"","_et_gb_content_width":""},"product_brand":[],"product_cat":[1494],"product_tag":[1495,1496],"class_list":{"0":"post-15532","1":"product","2":"type-product","3":"status-publish","4":"has-post-thumbnail","6":"product_cat-bucket-cylinders","7":"product_tag-bucket-cylinders","8":"product_tag-hydraulic-cylinders","10":"first","11":"instock","12":"shipping-taxable","13":"product-type-simple"},"amp_enabled":true,"_links":{"self":[{"href":"https:\/\/www.hydraulic-cylinders.net\/sl\/wp-json\/wp\/v2\/product\/15532","targetHints":{"allow":["GET"]}}],"collection":[{"href":"https:\/\/www.hydraulic-cylinders.net\/sl\/wp-json\/wp\/v2\/product"}],"about":[{"href":"https:\/\/www.hydraulic-cylinders.net\/sl\/wp-json\/wp\/v2\/types\/product"}],"replies":[{"embeddable":true,"href":"https:\/\/www.hydraulic-cylinders.net\/sl\/wp-json\/wp\/v2\/comments?post=15532"}],"wp:featuredmedia":[{"embeddable":true,"href":"https:\/\/www.hydraulic-cylinders.net\/sl\/wp-json\/wp\/v2\/media\/14771"}],"wp:attachment":[{"href":"https:\/\/www.hydraulic-cylinders.net\/sl\/wp-json\/wp\/v2\/media?parent=15532"}],"wp:term":[{"taxonomy":"product_brand","embeddable":true,"href":"https:\/\/www.hydraulic-cylinders.net\/sl\/wp-json\/wp\/v2\/product_brand?post=15532"},{"taxonomy":"product_cat","embeddable":true,"href":"https:\/\/www.hydraulic-cylinders.net\/sl\/wp-json\/wp\/v2\/product_cat?post=15532"},{"taxonomy":"product_tag","embeddable":true,"href":"https:\/\/www.hydraulic-cylinders.net\/sl\/wp-json\/wp\/v2\/product_tag?post=15532"}],"curies":[{"name":"delovni list","href":"https:\/\/api.w.org\/{rel}","templated":true}]}}