{"id":15546,"date":"2025-01-19T14:39:59","date_gmt":"2025-01-19T14:39:59","guid":{"rendered":"https:\/\/www.hydraulic-cylinders.net\/product\/bucket-cylinder-for-lishide-large-excavator-sc450-8\/"},"modified":"2025-01-19T14:40:02","modified_gmt":"2025-01-19T14:40:02","slug":"bucket-cylinder-for-lishide-large-excavator-sc450-8","status":"publish","type":"product","link":"https:\/\/www.hydraulic-cylinders.net\/sl\/izdelek\/bucket-cylinder-for-lishide-large-excavator-sc450-8\/","title":{"rendered":"Cilinder \u017elice za velik bager Lishide SC450.8"},"content":{"rendered":"<h2>Cilinder \u017elice za velik bager Lishide SC450.8<\/h2>\n<h3>Uvod<\/h3>\n<p>Hidravli\u010dni cilinder \u017elice za veliki bager Lishide SC450.8 je posebej zasnovan hidravli\u010dni cilinder, ki se uporablja za nadzor gibanja \u017elice v te\u017ekih strojih, kot so bagri, bagri z nakladalniki in \u010delni nakladalniki. Njegova glavna funkcija je omogo\u010danje dvigovanja, spu\u0161\u010danja in nagibanja \u017elice, kar olaj\u0161a izvajanje razli\u010dnih nalog ravnanja z materiali. V hidravli\u010dnem sistemu cilinder \u017elice uporablja spremembe tlaka hidravli\u010dnega olja za doseganje natan\u010dnega nadzora \u017elice, kar omogo\u010da upravljavcem u\u010dinkovito ravnanje s te\u017ekimi bremeni in prilagajanje kompleksnim delovnim okoljem ter raznolikim operativnim potrebam.<\/p>\n<p><img decoding=\"async\" src=\"https:\/\/www.hydraulic-cylinders.net\/wp-content\/uploads\/2025\/01\/songte-company-2.webp\" alt=\"Cilinder \u017elice za velik bager Lishide SC450.8\"><\/p>\n<h3>Zna\u010dilnosti<\/h3>\n<ul>\n<li>Visoka trdnost in vzdr\u017eljivost: obi\u010dajno je izdelan iz visoko trdnega jekla ali aluminija, lahko prenese visok tlak in velike obremenitve, se prilagodi zahtevnim delovnim okoljem in je zasnovan z mislijo na odpornost proti obrabi in koroziji, kar podalj\u0161uje njegovo \u017eivljenjsko dobo.<\/li>\n<li>U\u010dinkovito hidravli\u010dno delovanje: uporablja hidravli\u010dni tlak olja za doseganje gladkih gibov iztegovanja in kr\u010denja, se hitro odziva na krmilne ukaze, zagotavlja mo\u010dne potisne in vle\u010dne sile ter je primerno za ravnanje s te\u017ekimi bremeni in kompleksnimi nalogami.<\/li>\n<li>Razli\u010dne vrste: enosmerno delujo\u010di (hidravli\u010dni se uporablja samo v eno smer) ali dvosmerno delujo\u010di (hidravli\u010dni se uporablja v obe smeri) cilindri se lahko izberejo glede na potrebe, da se izpolnijo razli\u010dne obratovalne zahteve. Nekateri modeli so teleskopski, kar omogo\u010da ve\u010dji razteg brez pove\u010danja zunanjih dimenzij, zaradi \u010desar so primerni za uporabo v omejenem prostoru.<\/li>\n<li>Enostavna namestitev: na\u0161 izdelek lahko popolnoma nadomesti te hidravli\u010dne cilindre.<\/li>\n<\/ul>\n<p><img decoding=\"async\" src=\"https:\/\/www.hydraulic-cylinders.net\/wp-content\/uploads\/2025\/01\/songte-cylinder-head-with-all-kinds-excavator-models.webp\" alt=\"Cilinder \u017elice za velik bager Lishide SC450.8\"><\/p>\n<h3>Aplikacije<\/h3>\n<p>Cilinder \u017elice za velik bager Lishide SC450.8 se pogosto uporablja v razli\u010dnih te\u017ekih strojih, kot so:<\/p>\n<ul>\n<li>Gradbena oprema: pri bagrih so bistveni za kopanje, nakladanje in premikanje zemlje ali ru\u0161evin. Pri bagrih z nakladalno \u017elico cilinder pomaga pri kopanju in dvigovanju. Pri \u010delnih nakladalnikih pomagajo pri dvigovanju in nagibanju za u\u010dinkovito odlaganje blaga.<\/li>\n<li>Kmetijski stroji: uporabljajo se v \u010delnih nakladalnikih za zajemanje, dvigovanje in prevoz zemlje, sena in drugih materialov.<\/li>\n<li>Bagri: valj \u017elice omogo\u010da, da \u017elica prodre v zemljo in dose\u017ee kopanje.<\/li>\n<\/ul>\n<h3>Oblikovalski vidiki in izbirna merila<\/h3>\n<p>Pri na\u010drtovanju in izbiri cilindrov z \u017elico je treba upo\u0161tevati naslednje dejavnike:<\/p>\n<h4>Nosilnost<\/h4>\n<p>Jeklenka mora biti sposobna prenesti te\u017eo dvignjenega bremena in mora biti sposobna delovati gladko in natan\u010dno pri najve\u010dji obremenitvi.<\/p>\n<h4>Tesnjenje<\/h4>\n<p>Valj mora biti dobro zatesnjen, da se prepre\u010di pu\u0161\u010danje hidravli\u010dnega olja, s \u010dimer se zmanj\u0161a tveganje za okvaro sistema in zagotovi varno delovanje.<\/p>\n<h4>Vzdr\u017eljivost<\/h4>\n<p>Jeklenka mora biti zasnovana z mislijo na odpornost proti obrabi in koroziji ter mora biti povr\u0161insko obdelana za izbolj\u0161anje njene vzdr\u017eljivosti in podalj\u0161anje njene \u017eivljenjske dobe.<\/p>\n<h4>Varnost<\/h4>\n<p>Jeklenka mora biti zasnovana in izdelana v skladu z veljavnimi varnostnimi standardi, da se zagotovi varno delovanje.<\/p>\n<h4>Vzdr\u017eevanje<\/h4>\n<p>Jeklenka mora biti enostavna za vzdr\u017eevanje in popravilo, z enostavno zamenljivimi tesnili in drugimi deli ter jasnimi navodili za postopke vzdr\u017eevanja in popravila.<\/p>\n<p><img decoding=\"async\" src=\"https:\/\/www.hydraulic-cylinders.net\/wp-content\/uploads\/2025\/01\/songte-oil-pipes-and-spare-parts.webp\" alt=\"Cilinder \u017elice za velik bager Lishide SC450.8\"><\/p>\n<h3>Tesnjenje in mazanje<\/h3>\n<p>Cilinder \u017elice za velik bager Lishide SC450.8 uporablja razli\u010dne tesnilne elemente, kot so tesnila bata, tesnila palice itd. Tesnila so izdelana iz materialov, odpornih proti obrabi, kot sta poliuretan in nitrilna guma, kar zagotavlja dolgo \u017eivljenjsko dobo. Poleg tega je za nemoteno delovanje cilindra bistveno tudi ustrezno mazanje. Priporo\u010dljivo je redno dodajanje ustrezne koli\u010dine hidravli\u010dnega olja za mazanje.<\/p>\n<h3>Redni pregledi in preventivni vzdr\u017eevalni ukrepi<\/h3>\n<p>Redni pregledi in preventivni vzdr\u017eevalni ukrepi lahko pomagajo podalj\u0161ati \u017eivljenjsko dobo cilindra vedra. Naslednja opravila je treba redno opravljati:<\/p>\n<ul>\n<li>Redno pregledujte tesnila, palice in druge komponente valja za odkrivanje obrabe.<\/li>\n<li>Pravilno mazanje za zagotovitev nemotenega delovanja cilindra.<\/li>\n<li>Zamenjava tesnil in preverjanje kalibracije za ohranjanje tesnilne u\u010dinkovitosti valja.<\/li>\n<\/ul>\n<h3>Vodnik za namestitev izdelka<\/h3>\n<p>Pri namestitvi cilindra \u017elice za veliki bager Lishide SC450.8 je treba upo\u0161tevati naslednje korake:<\/p>\n<ul>\n<li>Pred namestitvijo se prepri\u010dajte, da je valj pravilno poravnan.<\/li>\n<li>Za pritrditev cilindra uporabite ustrezne monta\u017ene nosilce.<\/li>\n<li>Za zagotovitev pravilnega delovanja cilindra upo\u0161tevajte priporo\u010dene postopke pregleda, popravila in zamenjave.<\/li>\n<\/ul>\n<p><img decoding=\"async\" src=\"https:\/\/www.hydraulic-cylinders.net\/wp-content\/uploads\/2025\/01\/songte-chushion-collar.webp\" alt=\"Cilinder \u017elice za velik bager Lishide SC450.8\"><\/p>\n<h3>Varnostni vidiki in okoljski dejavniki<\/h3>\n<p>Pri uporabi cilindra z \u017elico je treba sprejeti ustrezne varnostne ukrepe za prepre\u010devanje nesre\u010d. Pomembno je upo\u0161tevati tudi okoljske dejavnike, kot sta vpliv pu\u0161\u010danja hidravli\u010dnega olja na okolje in pravilno odstranjevanje rabljenega olja.<\/p>\n<h3>Odpravljanje te\u017eav in pogoste te\u017eave<\/h3>\n<p>Sledi nekaj pogostih te\u017eav, ki se lahko pojavijo v valju \u017elice za veliki bager Lishide SC450.8:<\/p>\n<ul>\n<li>Pu\u0161\u010danje hidravli\u010dnega olja<\/li>\n<li>Obraba palice cilindra<\/li>\n<li>Po\u0161kodba tesnila<\/li>\n<\/ul>\n<p>Priporo\u010dljivo je, da upo\u0161tevate priporo\u010dene postopke pregledovanja in vzdr\u017eevanja, da prepre\u010dite nastanek teh te\u017eav. \u010ce se te\u017eave pojavijo, vam lahko naslednji nasveti in re\u0161itve pomagajo pri diagnosticiranju in odpravljanju te\u017eave:<\/p>\n<ul>\n<li>Preverite tesnila cilindra in jih po potrebi zamenjajte.<\/li>\n<li>Preverite obrabo palice cilindra in jo po potrebi zamenjajte.<\/li>\n<li>\u010ce pride do pu\u0161\u010danja hidravli\u010dnega olja, preverite hidravli\u010dni sistem cilindra glede pu\u0161\u010danja in popravite ali zamenjajte vse po\u0161kodovane komponente.<\/li>\n<\/ul>\n<p><img decoding=\"async\" src=\"https:\/\/www.hydraulic-cylinders.net\/wp-content\/uploads\/2025\/01\/songte-bushings-with-all-kinds-of-excavator-models.webp\" alt=\"Cilinder \u017elice za velik bager Lishide SC450.8\"><\/p>\n<h2>O nas<\/h2>\n<p>Smo proizvajalec nadomestnih hidravli\u010dnih cilindrov s celotno paleto izdelkov in smo postali eden vodilnih proizvajalcev in veleprodajnih distributerjev hidravli\u010dnih cilindrov na doma\u010dem in mednarodnem trgu. Sledimo na\u010delu odli\u010dne kakovosti, se zana\u0161amo na strategijo upravljanja industrijske proizvodnje v finih proizvodnih delavnicah in nenehno izbolj\u0161ujemo proizvodno platformo v delavnicah, izbolj\u0161ujemo kakovost proizvodnje izdelkov ter imamo mo\u010dno ustvarjalnost, visoko u\u010dinkovitost, visoko natan\u010dnost in na\u010dela visoke kakovosti, da zadovoljimo raznolike potrebe strank.<\/p>\n<p>Na\u0161e podjetje ima naslednje prednosti:<\/p>\n<ul>\n<li>Profesionalnost<\/li>\n<li>Mednarodno certificiranje<\/li>\n<li>Storitve prilagajanja<\/li>\n<li>Napredna proizvodna oprema<\/li>\n<li>Poprodajne storitve<\/li>\n<\/ul>\n<p><img decoding=\"async\" src=\"https:\/\/hzpt.com\/wp-content\/uploads\/2024\/11\/songte-company-1.webp\" alt=\"Cilinder \u017elice za velik bager Lishide SC450.8\"><\/p>\n<p>Avtor: lyl.<\/p>","protected":false},"excerpt":{"rendered":"<p>Bucket Cylinder For Lishide Large Excavator SC450.8 Introduction The bucket cylinder for Lishide large excavator SC450.8 is a specially designed hydraulic cylinder used to control the movement of the bucket in heavy machinery, such as excavators, backhoe excavators, and front loaders. Its main function is to enable the bucket to lift, lower, and tilt, making [&hellip;]<\/p>","protected":false},"featured_media":14773,"comment_status":"open","ping_status":"closed","template":"","meta":{"_et_pb_use_builder":"","_et_pb_old_content":"","_et_gb_content_width":""},"product_brand":[],"product_cat":[1494],"product_tag":[1495,1496],"class_list":{"0":"post-15546","1":"product","2":"type-product","3":"status-publish","4":"has-post-thumbnail","6":"product_cat-bucket-cylinders","7":"product_tag-bucket-cylinders","8":"product_tag-hydraulic-cylinders","10":"first","11":"instock","12":"shipping-taxable","13":"product-type-simple"},"amp_enabled":true,"_links":{"self":[{"href":"https:\/\/www.hydraulic-cylinders.net\/sl\/wp-json\/wp\/v2\/product\/15546","targetHints":{"allow":["GET"]}}],"collection":[{"href":"https:\/\/www.hydraulic-cylinders.net\/sl\/wp-json\/wp\/v2\/product"}],"about":[{"href":"https:\/\/www.hydraulic-cylinders.net\/sl\/wp-json\/wp\/v2\/types\/product"}],"replies":[{"embeddable":true,"href":"https:\/\/www.hydraulic-cylinders.net\/sl\/wp-json\/wp\/v2\/comments?post=15546"}],"wp:featuredmedia":[{"embeddable":true,"href":"https:\/\/www.hydraulic-cylinders.net\/sl\/wp-json\/wp\/v2\/media\/14773"}],"wp:attachment":[{"href":"https:\/\/www.hydraulic-cylinders.net\/sl\/wp-json\/wp\/v2\/media?parent=15546"}],"wp:term":[{"taxonomy":"product_brand","embeddable":true,"href":"https:\/\/www.hydraulic-cylinders.net\/sl\/wp-json\/wp\/v2\/product_brand?post=15546"},{"taxonomy":"product_cat","embeddable":true,"href":"https:\/\/www.hydraulic-cylinders.net\/sl\/wp-json\/wp\/v2\/product_cat?post=15546"},{"taxonomy":"product_tag","embeddable":true,"href":"https:\/\/www.hydraulic-cylinders.net\/sl\/wp-json\/wp\/v2\/product_tag?post=15546"}],"curies":[{"name":"delovni list","href":"https:\/\/api.w.org\/{rel}","templated":true}]}}