{"id":15562,"date":"2025-01-19T14:41:13","date_gmt":"2025-01-19T14:41:13","guid":{"rendered":"https:\/\/www.hydraulic-cylinders.net\/product\/bucket-cylinder-for-lovol-large-excavator-fr330\/"},"modified":"2025-01-19T14:41:15","modified_gmt":"2025-01-19T14:41:15","slug":"bucket-cylinder-for-lovol-large-excavator-fr330","status":"publish","type":"product","link":"https:\/\/www.hydraulic-cylinders.net\/sl\/izdelek\/bucket-cylinder-for-lovol-large-excavator-fr330\/","title":{"rendered":"Cilinder \u017elice za velik bager Lovol FR330"},"content":{"rendered":"<h1>Cilinder \u017elice za velik bager Lovol FR330<\/h1>\n<h2>Uvod<\/h2>\n<p>Hidravli\u010dni cilinder \u017elice za Lovol Large Excavator FR330 je posebej zasnovan hidravli\u010dni cilinder, ki se uporablja predvsem za krmiljenje gibanja \u017elic v te\u017ekih strojih, kot so bagri, bagri nakladalniki in \u010delni nakladalniki. Njegova glavna funkcija je omogo\u010diti dvigovanje, spu\u0161\u010danje in nagibanje \u017elice, kar olaj\u0161a opravljanje razli\u010dnih nalog ravnanja z materiali. V hidravli\u010dnem sistemu cilinder \u017elice uporablja spremembe tlaka hidravli\u010dnega olja za doseganje natan\u010dnega nadzora \u017elice, kar omogo\u010da upravljavcem u\u010dinkovito ravnanje s te\u017ekimi bremeni, prilagajanje kompleksnim delovnim okoljem in raznolikim operativnim potrebam.<\/p>\n<p><img decoding=\"async\" src=\"https:\/\/www.hydraulic-cylinders.net\/wp-content\/uploads\/2025\/01\/songte-company-2.webp\" alt=\"Cilinder \u017elice za velik bager Lovol FR330\" \/><\/p>\n<h2>Zna\u010dilnosti izdelka<\/h2>\n<ul>\n<li>Visoka trdnost in vzdr\u017eljivost: Obi\u010dajno je izdelan iz visoko trdnega jekla ali aluminija, zato lahko prenese visok tlak in velike obremenitve, s \u010dimer se prilagaja zahtevnim delovnim okoljem. Zasnova upo\u0161teva odpornost proti obrabi in koroziji, kar podalj\u0161uje \u017eivljenjsko dobo.<\/li>\n<li>U\u010dinkovito hidravli\u010dno delovanje: Uporablja hidravli\u010dni tlak olja za doseganje gladkega raztezanja in kr\u010denja, hitro odzivanje na krmilne ukaze, zagotavljanje mo\u010dnih potiskih in vle\u010dnih sil, primerno za ravnanje s te\u017ekimi bremeni in kompleksne operativne naloge.<\/li>\n<li>Razli\u010dne vrste: Enosmerno delujo\u010di (hidravli\u010dni se uporablja samo v eno smer) ali dvosmerno delujo\u010di (hidravli\u010dni se uporablja v obe smeri) cilindri se lahko izberejo glede na potrebe za izpolnjevanje razli\u010dnih operativnih zahtev. Nekateri modeli so teleskopski, kar omogo\u010da ve\u010dji razteg brez pove\u010danja zunanjih dimenzij, primerni za uporabo v omejenem prostoru.<\/li>\n<li>Popolna zamenjava: Na\u0161 izdelek lahko popolnoma nadomesti te hidravli\u010dne cilindre.<\/li>\n<\/ul>\n<p><img decoding=\"async\" src=\"https:\/\/www.hydraulic-cylinders.net\/wp-content\/uploads\/2025\/01\/songte-cylinder-head-with-all-kinds-excavator-models.webp\" alt=\"Cilinder \u017elice za velik bager Lovol FR330\" \/><\/p>\n<h2>Uporaba<\/h2>\n<p>Cilinder \u017elice za veliki bager Lovol FR330 se pogosto uporablja v razli\u010dnih panogah, kot so gradbena oprema, kmetijska mehanizacija, bagri in \u010delni nakladalniki. Spodaj je nekaj primerov njegove uporabe:<\/p>\n<h3>Gradbena oprema<\/h3>\n<ul>\n<li>Bagri: Cilinder \u017elice pomaga dose\u010di kopanje tako, da \u017elica prodre v zemljo.<\/li>\n<li>Bagri nakladalci: Cilinder \u017elice pomaga pri kopanju in dvigovanju.<\/li>\n<li>\u010celni nakladalniki: Cilinder \u017elice pomaga pri u\u010dinkovitem dvigovanju in odlaganju tovora.<\/li>\n<\/ul>\n<h3>Kmetijska mehanizacija<\/h3>\n<ul>\n<li>\u010celni nakladalniki: Cilinder \u017elice pomaga pri dvigovanju in odlaganju zemlje, sena in drugih materialov.<\/li>\n<\/ul>\n<h2>Oblikovalski vidiki in izbirna merila<\/h2>\n<p>Pri izbiri ali na\u010drtovanju cilindra \u017elice za veliki bager Lovol FR330 je treba upo\u0161tevati ve\u010d meril:<\/p>\n<h3>Nosilnost<\/h3>\n<p>Nosilnost cilindra vedra mora biti sposobna prenesti najve\u010dje obremenitve, ki jih bo do\u017eivel med delovanjem. To merilo je klju\u010dnega pomena za zagotovitev varnega in u\u010dinkovitega delovanja cilindra vedra.<\/p>\n<h3>Tesnjenje<\/h3>\n<p>Tesnilni sistem, ki se uporablja v valju \u017elice, mora biti trpe\u017een in zanesljiv, da se zagotovi u\u010dinkovito delovanje hidravli\u010dnega sistema in prepre\u010di morebitno pu\u0161\u010danje.<\/p>\n<h3>Vzdr\u017eljivost<\/h3>\n<p>Vzdr\u017eljivost cilindra \u017elice je bistvenega pomena za zagotovitev optimalnega delovanja v te\u017ekih delovnih pogojih in za podalj\u0161anje njegove \u017eivljenjske dobe.<\/p>\n<h3>Varnost<\/h3>\n<p>Med izbiro ali na\u010drtovanjem je treba upo\u0161tevati varnost cilindra z \u017elico, da se zagotovi varno in u\u010dinkovito delovanje ter prepre\u010dijo morebitne nevarnosti.<\/p>\n<h3>Vzdr\u017eevanje<\/h3>\n<p>Vzdr\u017eevanje cilindra vedra je treba upo\u0161tevati med postopkom izbire ali na\u010drtovanja, da se zagotovi enostavno vzdr\u017eevanje in popravilo, ko je to potrebno.<\/p>\n<p><img decoding=\"async\" src=\"https:\/\/www.hydraulic-cylinders.net\/wp-content\/uploads\/2025\/01\/songte-oil-pipes-and-spare-parts.webp\" alt=\"Cilinder \u017elice za velik bager Lovol FR330\" \/><\/p>\n<h2>Tesnjenje in mazanje<\/h2>\n<p>Cilinder \u017elice za veliki bager Lovol FR330 uporablja razli\u010dne tesnilne komponente, kot so tesnila bata, tesnila palic in tesnila brisalcev. Ta tesnila so izdelana iz materialov, odpornih proti obrabi, kot sta poliuretan ali nitrilna guma, in so zasnovana za vzdr\u017eljivost in zanesljivost. Za optimalno delovanje je treba valj mazati z ustreznim hidravli\u010dnim oljem, ki ga je treba redno dodajati.<\/p>\n<h2>Vzdr\u017eevanje in popravila<\/h2>\n<p>Redni pregledi in preventivno vzdr\u017eevanje lahko podalj\u0161ajo \u017eivljenjsko dobo cilindra \u017elice za Lovol Large Excavator FR330. Redno je treba izvajati naslednja vzdr\u017eevalna opravila:<\/p>\n<ul>\n<li>Preverite morebitna pu\u0161\u010danja in po potrebi zamenjajte obrabljena tesnila.<\/li>\n<li>Redno ma\u017eite valj, da zagotovite optimalno delovanje.<\/li>\n<li>Preverite in kalibrirajte valj, da zagotovite optimalno delovanje.<\/li>\n<\/ul>\n<p><img decoding=\"async\" src=\"https:\/\/www.hydraulic-cylinders.net\/wp-content\/uploads\/2025\/01\/songte-chushion-collar.webp\" alt=\"Cilinder \u017elice za velik bager Lovol FR330\" \/><\/p>\n<h2>Varnostni vidiki in okoljski dejavniki<\/h2>\n<p>Cilinder \u017elice za veliki bager Lovol FR330 je bistveni sestavni del te\u017eke mehanizacije in ga je treba uporabljati previdno. Med namestitvijo, delovanjem in vzdr\u017eevanjem je pomembno upo\u0161tevati varnostne postopke in smernice, da prepre\u010dite morebitne nevarnosti ali nesre\u010de. Za zagotovitev optimalnega delovanja je treba upo\u0161tevati tudi okoljske dejavnike, kot so temperatura, vla\u017enost in onesna\u017eevalci.<\/p>\n<h2>Pogoste te\u017eave in odpravljanje te\u017eav<\/h2>\n<p>Med delovanjem lahko pride do razli\u010dnih te\u017eav z valjem \u017elice za veliki bager Lovol FR330, kot so pu\u0161\u010danje, nezadostna mo\u010d ali po\u010dasen odziv. Sledi nekaj pogostih nasvetov za odpravljanje te\u017eav:<\/p>\n<ul>\n<li>Preverite morebitna pu\u0161\u010danja in po potrebi zamenjajte obrabljena tesnila.<\/li>\n<li>Preverite hidravli\u010dni sistem glede morebitnih blokad ali okvar.<\/li>\n<li>Preverite nivo olja in po potrebi dolijte \u0161e ve\u010d olja.<\/li>\n<\/ul>\n<p><img decoding=\"async\" src=\"https:\/\/www.hydraulic-cylinders.net\/wp-content\/uploads\/2025\/01\/songte-bushings-with-all-kinds-of-excavator-models.webp\" alt=\"Cilinder \u017elice za velik bager Lovol FR330\" \/><\/p>\n<h2>O na\u0161em podjetju<\/h2>\n<p>Smo proizvajalec hidravli\u010dnih cilindrov, ki lahko nadomestijo razli\u010dne hidravli\u010dne cilindre. Na\u0161e podjetje ponuja \u0161iroko paleto izdelkov in je postalo eden vodilnih proizvajalcev in veletrgovcev s hidravli\u010dnimi cilindri na doma\u010dem in mednarodnem trgu. Dr\u017eimo se na\u010dela odli\u010dnosti v kakovosti in se zana\u0161amo na industrializirane strategije upravljanja proizvodnje za fine proizvodne delavnice. Na\u0161e izdelke proizvajajo tehni\u010dni talenti, vrhunska digitalna proizvodna oprema in profesionalni testni sistemi, ki nenehno izbolj\u0161ujejo proizvodno platformo delavnice, izbolj\u0161ujejo kakovost proizvodnih poti in imajo mo\u010dne inovacijske zmogljivosti. Raznolike potrebe na\u0161ih strank izpolnjujemo z visoko u\u010dinkovitostjo, visoko natan\u010dnostjo in visokokakovostnimi na\u010deli.<\/p>\n<p><img decoding=\"async\" src=\"https:\/\/hzpt.com\/wp-content\/uploads\/2024\/11\/songte-company-1.webp\" alt=\"Cilinder \u017elice za velik bager Lovol FR330\" \/><\/p>\n<h2>Specialitete na\u0161ega podjetja<\/h2>\n<ul>\n<li>Profesionalnost: Imamo ekipo strokovnjakov z bogatimi izku\u0161njami na podro\u010dju izdelave hidravli\u010dnih cilindrov.<\/li>\n<li>Mednarodni certifikat: Na\u0161i izdelki so prejeli razli\u010dne mednarodne certifikate, kot so ISO9001, CE in ROHS.<\/li>\n<li>Storitve prilagajanja: Ponujamo storitve prilagajanja, da zadostimo raznolikim potrebam na\u0161ih strank.<\/li>\n<li>Proizvodna oprema: Za zagotavljanje kakovosti in u\u010dinkovitosti izdelkov uporabljamo vrhunsko digitalno proizvodno opremo.<\/li>\n<li>Poprodajne storitve: Nudimo poprodajne storitve za zagotavljanje zadovoljstva strank in kakovosti izdelkov.<\/li>\n<\/ul>\n<p>Avtor: lyl.<\/p>","protected":false},"excerpt":{"rendered":"<p>Bucket Cylinder For Lovol Large Excavator FR330 Introduction The bucket cylinder for Lovol Large Excavator FR330 is a specially designed hydraulic cylinder that is primarily used to control the movement of buckets in heavy machinery such as excavators, backhoe loaders, and front-end loaders. Its main function is to enable the bucket to lift, lower, and [&hellip;]<\/p>","protected":false},"featured_media":14771,"comment_status":"open","ping_status":"closed","template":"","meta":{"_et_pb_use_builder":"","_et_pb_old_content":"","_et_gb_content_width":""},"product_brand":[],"product_cat":[1494],"product_tag":[1495,1496],"class_list":{"0":"post-15562","1":"product","2":"type-product","3":"status-publish","4":"has-post-thumbnail","6":"product_cat-bucket-cylinders","7":"product_tag-bucket-cylinders","8":"product_tag-hydraulic-cylinders","10":"first","11":"instock","12":"shipping-taxable","13":"product-type-simple"},"amp_enabled":true,"_links":{"self":[{"href":"https:\/\/www.hydraulic-cylinders.net\/sl\/wp-json\/wp\/v2\/product\/15562","targetHints":{"allow":["GET"]}}],"collection":[{"href":"https:\/\/www.hydraulic-cylinders.net\/sl\/wp-json\/wp\/v2\/product"}],"about":[{"href":"https:\/\/www.hydraulic-cylinders.net\/sl\/wp-json\/wp\/v2\/types\/product"}],"replies":[{"embeddable":true,"href":"https:\/\/www.hydraulic-cylinders.net\/sl\/wp-json\/wp\/v2\/comments?post=15562"}],"wp:featuredmedia":[{"embeddable":true,"href":"https:\/\/www.hydraulic-cylinders.net\/sl\/wp-json\/wp\/v2\/media\/14771"}],"wp:attachment":[{"href":"https:\/\/www.hydraulic-cylinders.net\/sl\/wp-json\/wp\/v2\/media?parent=15562"}],"wp:term":[{"taxonomy":"product_brand","embeddable":true,"href":"https:\/\/www.hydraulic-cylinders.net\/sl\/wp-json\/wp\/v2\/product_brand?post=15562"},{"taxonomy":"product_cat","embeddable":true,"href":"https:\/\/www.hydraulic-cylinders.net\/sl\/wp-json\/wp\/v2\/product_cat?post=15562"},{"taxonomy":"product_tag","embeddable":true,"href":"https:\/\/www.hydraulic-cylinders.net\/sl\/wp-json\/wp\/v2\/product_tag?post=15562"}],"curies":[{"name":"delovni list","href":"https:\/\/api.w.org\/{rel}","templated":true}]}}