{"id":15581,"date":"2025-01-19T14:42:36","date_gmt":"2025-01-19T14:42:36","guid":{"rendered":"https:\/\/www.hydraulic-cylinders.net\/product\/bucket-cylinder-for-liugong-middle-excavator-clg230\/"},"modified":"2025-01-19T14:42:38","modified_gmt":"2025-01-19T14:42:38","slug":"bucket-cylinder-for-liugong-middle-excavator-clg230","status":"publish","type":"product","link":"https:\/\/www.hydraulic-cylinders.net\/sl\/izdelek\/bucket-cylinder-for-liugong-middle-excavator-clg230\/","title":{"rendered":"Cilinder \u017elice za srednji bager Liugong CLG230"},"content":{"rendered":"<h1>Cilinder \u017elice za srednji bager Liugong CLG230<\/h1>\n<h2>Uvod<\/h2>\n<h3>Definicija<\/h3>\n<p>Hidravli\u010dni valj \u017elice je posebej zasnovan hidravli\u010dni valj, ki se uporablja za nadzor gibanja \u017elice v te\u017ekih strojih, kot so bagri, bagri in \u010delni nakladalniki. Njegova glavna funkcija je omogo\u010diti dvigovanje, spu\u0161\u010danje in nagibanje \u017elice, kar olaj\u0161a opravljanje razli\u010dnih nalog ravnanja z materiali. V hidravli\u010dnem sistemu valj \u017elice uporablja spremembo tlaka hidravli\u010dnega olja za doseganje natan\u010dnega nadzora \u017elice, kar omogo\u010da upravljavcem u\u010dinkovito ravnanje s te\u017ekimi bremeni in prilagajanje kompleksnim delovnim okoljem ter raznolikim operativnim potrebam.<\/p>\n<p><img decoding=\"async\" src=\"https:\/\/www.hydraulic-cylinders.net\/wp-content\/uploads\/2025\/01\/songte-company-2.webp\"><\/p>\n<h3>Zna\u010dilnosti<\/h3>\n<ul>\n<li>Visoka trdnost in vzdr\u017eljivost: obi\u010dajno izdelani iz visoko trdnega jekla ali aluminija, sposobni prenesti visok tlak in velike obremenitve, primerni za zahtevna delovna okolja in zasnovani z mislijo na odpornost proti obrabi in koroziji za podalj\u0161anje \u017eivljenjske dobe.<\/li>\n<li>U\u010dinkovito hidravli\u010dno delovanje: izkori\u0161\u010da tlak hidravli\u010dnega olja za doseganje gladkega iztegovanja in vle\u010denja, se lahko hitro odzove na krmilne ukaze in zagotavlja mo\u010dne potisne in vle\u010dne sile, primerne za ravnanje s te\u017ekimi bremeni in kompleksne operativne naloge.<\/li>\n<li>Razli\u010dne vrste: enosmerno delujo\u010di (hidravli\u010dni, ki se uporabljajo samo v eni smeri) ali dvosmerno delujo\u010di (hidravli\u010dni, ki se uporabljajo v dveh smereh) cilindri se lahko izberejo glede na potrebe, da se izpolnijo razli\u010dne operativne zahteve. Nekateri modeli so teleskopski, kar omogo\u010da ve\u010dji razteg brez pove\u010danja zunanjih dimenzij, primerni za uporabo z omejenim prostorom.<\/li>\n<li>Zamenljivo: na\u0161i izdelki lahko popolnoma nadomestijo te hidravli\u010dne cilindre.<\/li>\n<\/ul>\n<p><img decoding=\"async\" src=\"https:\/\/www.hydraulic-cylinders.net\/wp-content\/uploads\/2025\/01\/songte-cylinder-head-with-all-kinds-excavator-models.webp\"><\/p>\n<h2>Aplikacije<\/h2>\n<p>Cilinder z \u017elico se uporablja predvsem v razli\u010dnih gradbenih, rudarskih in kmetijskih strojih, vklju\u010dno z, vendar ne omejeno na:<\/p>\n<h3>Gradbena oprema<\/h3>\n<ul>\n<li>Bagri: valj \u017elice omogo\u010da izkopavanje, saj \u017elici omogo\u010da prodiranje v zemljo.<\/li>\n<li>Bagri: cilinder \u017elice pomaga pri izkopavanju in dvigovanju.<\/li>\n<li>\u010celni nakladalniki: pomagajo pri u\u010dinkovitem dvigovanju in razkladanju tovora.<\/li>\n<\/ul>\n<h3>Rudarska oprema<\/h3>\n<ul>\n<li>Nakladalniki: pomagajo u\u010dinkovito dvigovati in razkladati tovor, tudi na dolge razdalje.<\/li>\n<li>Bagri: pomagajo pri pridobivanju materialov iz rudnikov in kamnolomov.<\/li>\n<li>Buldo\u017eerji: pomagajo pri potiskanju materialov po rudni\u0161kem obmo\u010dju.<\/li>\n<\/ul>\n<h3>Kmetijska mehanizacija<\/h3>\n<ul>\n<li>\u010celni nakladalniki: uporabljajo se za nalaganje, dvigovanje in prevoz zemlje, sena in drugih materialov.<\/li>\n<li>\u017detveni stroji: uporabljajo se za ko\u0161njo in mlatev pridelkov ter obiranje sadja.<\/li>\n<li>Traktorji: uporabljajo se za oranje, sajenje in gojenje polj\u0161\u010din.<\/li>\n<\/ul>\n<h2>Oblikovalski vidiki in izbirna merila<\/h2>\n<p>Pri zasnovi hidravli\u010dnega cilindra je treba upo\u0161tevati dejavnike, kot so nosilnost, tesnjenje, vzdr\u017eljivost, varnost in vzdr\u017eevanje. Sledi nekaj klju\u010dnih premislekov pri zasnovi:<\/p>\n<h3>Nosilnost<\/h3>\n<p>Zasnova valja mora zagotavljati, da lahko brez okvar prenese obremenitve, s katerimi se bo soo\u010dil med delovanjem. To zahteva skrbno izbiro materialov ter ustrezno zasnovo komponent in konstrukcije valja.<\/p>\n<h3>Tesnjenje<\/h3>\n<p>Hidravli\u010dni cilindri se zana\u0161ajo na sistem tesnil, ki prepre\u010dujejo pu\u0161\u010danje olja in vzdr\u017eujejo hidravli\u010dni tlak. Tesnila morajo biti izdelana iz trpe\u017enih, obrabno odpornih materialov, ki lahko prenesejo izpostavljenost hidravli\u010dnemu olju in drugim onesna\u017eevalcem. Med obi\u010dajnimi materiali za tesnila sta poliuretan in nitrilni kav\u010duk.<\/p>\n<h3>Vzdr\u017eljivost<\/h3>\n<p>Jeklenka mora biti zasnovana tako, da prenese zahtevna okolja in pogoje, vklju\u010dno z izpostavljenostjo vlagi, prahu in drugim onesna\u017eevalcem. Uporaba visokokakovostnih materialov, ustrezna povr\u0161inska obdelava in drugi ukrepi lahko izbolj\u0161ajo vzdr\u017eljivost jeklenke.<\/p>\n<h3>Varnost<\/h3>\n<p>Zasnova jeklenke mora vklju\u010devati varnostne elemente, kot so varnostni ventili in drugi mehanizmi za prepre\u010devanje preobremenitve ali nevarnega delovanja. Pravilna namestitev, vzdr\u017eevanje in delovanje jeklenke so prav tako klju\u010dnega pomena za zagotavljanje varnosti.<\/p>\n<h3>Vzdr\u017eevanje<\/h3>\n<p>Zasnova cilindra mora omogo\u010dati enostavno vzdr\u017eevanje, vklju\u010dno z mo\u017enostjo zamenjave obrabljenih tesnil ali drugih komponent. Pravilno vzdr\u017eevanje lahko pomaga podalj\u0161ati \u017eivljenjsko dobo cilindra in prepre\u010diti izpade zaradi okvar.<\/p>\n<p><img decoding=\"async\" src=\"https:\/\/www.hydraulic-cylinders.net\/wp-content\/uploads\/2025\/01\/songte-oil-pipes-and-spare-parts.webp\"><\/p>\n<h2>Tesnjenje in mazanje<\/h2>\n<p>Valj \u017elice se zana\u0161a na sistem tesnil, ki prepre\u010duje pu\u0161\u010danje in vzdr\u017euje ustrezen tlak. Med najpogosteje uporabljena tesnila v hidravli\u010dnih cilindrih spadajo tesnila bata in tesnila palice. Ta tesnila morajo biti izdelana iz materialov, ki so odporni na izpostavljenost hidravli\u010dnemu olju in drugim onesna\u017eevalcem ter morajo s\u010dasoma ohranjati svoje tesnilne lastnosti.<\/p>\n<p>Notranje komponente valja, vklju\u010dno z batom, palico in stenami valja, morajo biti ustrezno mazane, da se zmanj\u0161a trenje in obraba. Pravilno mazanje lahko podalj\u0161a \u017eivljenjsko dobo valja in izbolj\u0161a delovanje.<\/p>\n<h2>Vzdr\u017eevanje in popravila<\/h2>\n<p>Pravilno vzdr\u017eevanje in popravila so klju\u010dnega pomena za zagotovitev nadaljnjega delovanja in dolge \u017eivljenjske dobe valja vedra. Nekatera najpogostej\u0161a vzdr\u017eevalna opravila vklju\u010dujejo preverjanje pu\u0161\u010danja valja, zamenjavo obrabljenih tesnil in pregled valja glede po\u0161kodb ali obrabe. Redno vzdr\u017eevanje lahko pomaga podalj\u0161ati \u017eivljenjsko dobo valja in prepre\u010diti izpade zaradi okvar.<\/p>\n<h2>Vodnik za namestitev izdelka<\/h2>\n<p>Sledijo nekatera splo\u0161na navodila za namestitev cilindra z \u017elico:<\/p>\n<ul>\n<li>Prepri\u010dajte se, da je valj pravilno poravnan z drugimi komponentami stroja.<\/li>\n<li>Prepri\u010dajte se, da je hidravli\u010dni sistem stroja pravilno priklju\u010den na valj.<\/li>\n<li>Za zagotovitev varne prileganja uporabite ustrezna orodja in opremo za namestitev.<\/li>\n<li>Za posebna navodila za namestitev glejte uporabni\u0161ki priro\u010dnik naprave.<\/li>\n<\/ul>\n<h2>Varnostni vidiki in okoljski dejavniki<\/h2>\n<p>Pri uporabi hidravli\u010dnih cilindrov je nujno upo\u0161tevati ustrezne varnostne postopke, da prepre\u010dite po\u0161kodbe ali po\u0161kodbe opreme. Upravljavci morajo biti ustrezno usposobljeni in pri delu s hidravli\u010dnimi cilindri uporabljati ustrezno osebno za\u0161\u010ditno opremo (OZO).<\/p>\n<p>Okoljski dejavniki, kot so temperatura, vla\u017enost in izpostavljenost kemikalijam ali drugim onesna\u017eevalcem, lahko vplivajo na delovanje in \u017eivljenjsko dobo jeklenke. Pravilno shranjevanje, ravnanje in vzdr\u017eevanje lahko pomagajo zmanj\u0161ati vpliv teh dejavnikov.<\/p>\n<h2>Odpravljanje te\u017eav in pogoste te\u017eave<\/h2>\n<p>Pogoste te\u017eave z cilindri z \u017elico vklju\u010dujejo pu\u0161\u010danje, obrabljena tesnila in po\u0161kodbe notranjih komponent cilindra. Pravilno vzdr\u017eevanje in popravilo lahko pomagata prepre\u010diti nastanek teh te\u017eav, hitro ukrepanje pa jih lahko hitro odpravi.<\/p>\n<h2>O na\u0161em podjetju<\/h2>\n<p>Smo vodilni proizvajalec in veleprodajni distributer hidravli\u010dnih cilindrov s \u0161iroko paleto izdelkov, ki zadovoljujejo potrebe doma\u010dega in mednarodnega trga. Na\u0161a zavezanost odli\u010dnosti v kakovosti, upravljanju proizvodnje in profesionalnim sistemom testiranja nam je omogo\u010dila nenehno izbolj\u0161evanje na\u0161e proizvodne platforme, izpopolnjevanje na\u0161ih poti kakovosti proizvodnje in razvoj mo\u010dne proizvodne zmogljivosti. Na\u0161 cilj je strankam zagotoviti u\u010dinkovite, natan\u010dne in visokokakovostne izdelke, ki zadovoljujejo njihove raznolike potrebe.<\/p>\n<ul>\n<li>Profesionalnost: Na\u0161a ekipa strokovnjakov ima bogate izku\u0161nje na podro\u010dju na\u010drtovanja, proizvodnje in vzdr\u017eevanja hidravli\u010dnih cilindrov.<\/li>\n<li>Mednarodno certificiranje: Na\u0161i izdelki so certificirani po mednarodnih standardih, kot so ISO9001, CE in TUV.<\/li>\n<li>Prilagoditev: Na\u0161e izdelke lahko prilagodimo specifi\u010dnim potrebam na\u0161ih strank.<\/li>\n<li>Proizvodna oprema: Za zagotavljanje kakovosti na\u0161ih izdelkov uporabljamo napredno opremo in stroje.<\/li>\n<li>Poprodajne storitve: Ponujamo vrsto storitev, ki na\u0161im strankam pomagajo vzdr\u017eevati in popravljati hidravli\u010dne cilindre, vklju\u010dno z nadomestnimi deli in storitvami obnove.<\/li>\n<\/ul>\n<p><img decoding=\"async\" src=\"https:\/\/hzpt.com\/wp-content\/uploads\/2024\/11\/songte-company-1.webp\"><\/p>\n<p>Avtor: lyl<\/p>","protected":false},"excerpt":{"rendered":"<p>Bucket Cylinder For Liugong Middle Excavator CLG230 Introduction Definition A bucket cylinder is a specially designed hydraulic cylinder used to control the movement of the bucket in heavy machinery such as excavators, backhoes, and front-end loaders. Its main function is to enable the bucket to lift, lower, and tilt, making it easier to handle various [&hellip;]<\/p>","protected":false},"featured_media":14761,"comment_status":"open","ping_status":"closed","template":"","meta":{"_et_pb_use_builder":"","_et_pb_old_content":"","_et_gb_content_width":""},"product_brand":[],"product_cat":[1494],"product_tag":[1495,1496],"class_list":{"0":"post-15581","1":"product","2":"type-product","3":"status-publish","4":"has-post-thumbnail","6":"product_cat-bucket-cylinders","7":"product_tag-bucket-cylinders","8":"product_tag-hydraulic-cylinders","10":"first","11":"instock","12":"shipping-taxable","13":"product-type-simple"},"amp_enabled":true,"_links":{"self":[{"href":"https:\/\/www.hydraulic-cylinders.net\/sl\/wp-json\/wp\/v2\/product\/15581","targetHints":{"allow":["GET"]}}],"collection":[{"href":"https:\/\/www.hydraulic-cylinders.net\/sl\/wp-json\/wp\/v2\/product"}],"about":[{"href":"https:\/\/www.hydraulic-cylinders.net\/sl\/wp-json\/wp\/v2\/types\/product"}],"replies":[{"embeddable":true,"href":"https:\/\/www.hydraulic-cylinders.net\/sl\/wp-json\/wp\/v2\/comments?post=15581"}],"wp:featuredmedia":[{"embeddable":true,"href":"https:\/\/www.hydraulic-cylinders.net\/sl\/wp-json\/wp\/v2\/media\/14761"}],"wp:attachment":[{"href":"https:\/\/www.hydraulic-cylinders.net\/sl\/wp-json\/wp\/v2\/media?parent=15581"}],"wp:term":[{"taxonomy":"product_brand","embeddable":true,"href":"https:\/\/www.hydraulic-cylinders.net\/sl\/wp-json\/wp\/v2\/product_brand?post=15581"},{"taxonomy":"product_cat","embeddable":true,"href":"https:\/\/www.hydraulic-cylinders.net\/sl\/wp-json\/wp\/v2\/product_cat?post=15581"},{"taxonomy":"product_tag","embeddable":true,"href":"https:\/\/www.hydraulic-cylinders.net\/sl\/wp-json\/wp\/v2\/product_tag?post=15581"}],"curies":[{"name":"delovni list","href":"https:\/\/api.w.org\/{rel}","templated":true}]}}