{"id":15592,"date":"2025-01-19T14:43:25","date_gmt":"2025-01-19T14:43:25","guid":{"rendered":"https:\/\/www.hydraulic-cylinders.net\/product\/bucket-cylinder-for-xgma-small-excavator-xg809e\/"},"modified":"2025-01-19T14:43:27","modified_gmt":"2025-01-19T14:43:27","slug":"bucket-cylinder-for-xgma-small-excavator-xg809e","status":"publish","type":"product","link":"https:\/\/www.hydraulic-cylinders.net\/sl\/izdelek\/bucket-cylinder-for-xgma-small-excavator-xg809e\/","title":{"rendered":"Cilinder \u017elice za majhen bager XGMA XG809E"},"content":{"rendered":"<h1>Cilinder \u017elice za majhen bager XGMA XG809E<\/h1>\n<h2>Uvod<\/h2>\n<p>Hidravli\u010dni valj \u017elice je posebej zasnovan hidravli\u010dni valj, ki se uporablja predvsem za krmiljenje gibanja \u017elic v te\u017ekih strojih, kot so bagri, bagri z nakladalniki in \u010delni nakladalniki. Njegova glavna funkcija je omogo\u010danje dvigovanja, spu\u0161\u010danja in nagibanja \u017elice, kar olaj\u0161a opravljanje razli\u010dnih nalog ravnanja z materiali. V hidravli\u010dnem sistemu valj \u017elice dose\u017ee natan\u010den nadzor nad \u017elico s spremembami tlaka hidravli\u010dnega olja, kar upravljavcu omogo\u010da u\u010dinkovito ravnanje s te\u017ekimi bremeni, prilagajanje kompleksnim delovnim okoljem in raznolikim operativnim zahtevam.<\/p>\n<p><img decoding=\"async\" src=\"https:\/\/www.hydraulic-cylinders.net\/wp-content\/uploads\/2025\/01\/songte-company-2.webp\" alt=\"slika valja vedra\"><\/p>\n<h2>Zna\u010dilnosti<\/h2>\n<ul>\n<li>Visoka trdnost in vzdr\u017eljivost: Obi\u010dajno so izdelani iz visoko trdnega jekla ali aluminija, sposobni prenesti visok tlak in velike obremenitve ter zasnovani tako, da upo\u0161tevajo odpornost proti obrabi in koroziji, kar podalj\u0161a \u017eivljenjsko dobo.<\/li>\n<li>U\u010dinkovito hidravli\u010dno delovanje: Z uporabo tlaka hidravli\u010dnega olja dose\u017ee gladko iztegovanje in vle\u010denje, se lahko hitro odzove na krmilne ukaze, zagotavlja mo\u010dno potisno in vle\u010dno silo, primerno za ravnanje s te\u017ekimi bremeni in kompleksne operacije.<\/li>\n<li>Razli\u010dne vrste: Enojno delujo\u010di (hidravli\u010dni, ki se uporablja samo v eno smer) ali dvostransko delujo\u010di (hidravli\u010dni, ki se uporablja v obe smeri) cilindri se lahko izberejo glede na potrebe za izpolnjevanje razli\u010dnih operativnih zahtev. Nekateri modeli so teleskopski, kar omogo\u010da ve\u010dji razteg brez pove\u010danja zunanjih dimenzij, primerni za uporabo z omejenim prostorom.<\/li>\n<li>Izdelava po meri: Na\u0161i izdelki lahko popolnoma nadomestijo te hidravli\u010dne cilindre.<\/li>\n<\/ul>\n<p><img decoding=\"async\" src=\"https:\/\/www.hydraulic-cylinders.net\/wp-content\/uploads\/2025\/01\/songte-cylinder-head-with-all-kinds-excavator-models.webp\" alt=\"slika po meri\"><\/p>\n<h2>Aplikacije<\/h2>\n<p><strong>Gradbena oprema:<\/strong> Pri bagrih so klju\u010dni za izkopavanje, nalaganje in premikanje zemlje ali ru\u0161evin. Pri bagrih z nakladalnimi \u017elicami cilindri pomagajo tako pri kopanju kot pri dvigovanju. Pri \u010delnih nakladalnikih pomagajo pri u\u010dinkovitem dvigovanju in odlaganju blaga.<\/p>\n<p><strong>Kmetijska mehanizacija:<\/strong> Uporablja se v \u010delnih nakladalnikih za zajemanje, dvigovanje in prevoz zemlje, sena in drugih materialov, v bagrih pa cilinder \u017elice omogo\u010da kopanje, saj \u017elici omogo\u010da prodiranje v zemljo.<\/p>\n<h2>Standardi na\u010drtovanja in izbire<\/h2>\n<ul>\n<li>Nosilnost: Hidravli\u010dni cilinder mora imeti zadostno trdnost in nosilnost, da prenese obremenitev, ki ji je izpostavljen.<\/li>\n<li>Tesnjenje: Za prepre\u010devanje pu\u0161\u010danja teko\u010dine in kontaminacije se uporabljajo razli\u010dni tesnilni elementi, kot so tesnila bata in tesnila ojnic. Tesnila so izdelana iz materialov, odpornih proti obrabi, kot sta poliuretan in nitrilna guma, kar zagotavlja vzdr\u017eljivost in zanesljivost.<\/li>\n<li>Vzdr\u017eljivost: Ohi\u0161je valja in navojne kon\u010dne povr\u0161ine so fino obdelane, da zagotavljajo odpornost proti obrabi in dolgo \u017eivljenjsko dobo.<\/li>\n<li>Varnost: Hidravli\u010dni cilinder mora biti zasnovan z varnostnimi funkcijami za prepre\u010devanje nesre\u010d, kot sta za\u0161\u010dita pred preobremenitvijo in varnostni ventili.<\/li>\n<li>Vzdr\u017eevanje: Hidravli\u010dni cilinder mora biti zasnovan tako, da omogo\u010da redno vzdr\u017eevanje in popravila, kar omogo\u010da enostavno zamenjavo po\u0161kodovanih delov in skraj\u0161anje \u010dasa izpada.<\/li>\n<\/ul>\n<p><img decoding=\"async\" src=\"https:\/\/www.hydraulic-cylinders.net\/wp-content\/uploads\/2025\/01\/songte-oil-pipes-and-spare-parts.webp\" alt=\"slika standardov oblikovanja in izbire\"><\/p>\n<h2>Tesnjenje in mazanje<\/h2>\n<p>Hidravli\u010dni cilinder uporablja razli\u010dne tesnilne elemente za prepre\u010devanje pu\u0161\u010danja teko\u010dine in kontaminacije. Ti tesnilni elementi vklju\u010dujejo tesnila bata in ojnice, izdelana iz materialov, odpornih proti obrabi, kot sta poliuretan in nitrilna guma. Telo cilindra in navojne kon\u010dne povr\u0161ine so fino obdelane za izbolj\u0161anje odpornosti proti obrabi. Hidravli\u010dni cilinder je treba mazati z ustrezno koli\u010dino hidravli\u010dnega olja, da se zagotovi nemoteno delovanje in dolga \u017eivljenjsko doba.<\/p>\n<h2>Preventivni vzdr\u017eevalni in popravni ukrepi<\/h2>\n<ul>\n<li>Redni pregled: Redne preglede je treba izvajati, da se odkrijejo morebitne te\u017eave in prepre\u010di, da bi se razvile v resne te\u017eave.<\/li>\n<li>Mazanje: Hidravli\u010dni valj je treba redno mazati, da se zagotovi nemoteno delovanje in dolga \u017eivljenjsko doba.<\/li>\n<li>Zamenjava tesnila: Tesnila je treba zamenjati, ko ka\u017eejo znake obrabe, po\u0161kodb ali pu\u0161\u010danja.<\/li>\n<li>Preverjanje kalibracije: Hidravli\u010dni valj je treba redno kalibrirati, da se zagotovi natan\u010dno delovanje.<\/li>\n<\/ul>\n<p><img decoding=\"async\" src=\"https:\/\/www.hydraulic-cylinders.net\/wp-content\/uploads\/2025\/01\/songte-chushion-collar.webp\" alt=\"slika preventivnega vzdr\u017eevanja\"><\/p>\n<h2>Varnostni vidiki in okoljski dejavniki<\/h2>\n<p>Pri uporabi hidravli\u010dnega cilindra je treba upo\u0161tevati varnostne ukrepe za prepre\u010devanje nesre\u010d. Pri uporabi hidravli\u010dnega cilindra je treba upo\u0161tevati tudi okolje, da se \u010dim bolj zmanj\u0161a njegov vpliv na okolico.<\/p>\n<h2>Odpravljanje te\u017eav in pogoste te\u017eave<\/h2>\n<ul>\n<li>Pu\u0161\u010danje: Pu\u0161\u010danje lahko nastane zaradi po\u0161kodovanih tesnil ali nepravilne namestitve. Tesnila je treba zamenjati, hidravli\u010dni valj pa pravilno namestiti.<\/li>\n<li>Pregrevanje: Do pregrevanja lahko pride zaradi prekomerne uporabe ali pomanjkanja mazanja. Hidravli\u010dni valj je treba redno mazati in ga pravilno uporabljati.<\/li>\n<li>Po\u010dasno delovanje: Do po\u010dasnega delovanja lahko pride zaradi nizkega tlaka hidravli\u010dnega olja ali blokade v hidravli\u010dnem sistemu. Preveriti je treba tlak hidravli\u010dnega olja in pregledati hidravli\u010dni sistem glede blokad.<\/li>\n<\/ul>\n<p><img decoding=\"async\" src=\"https:\/\/www.hydraulic-cylinders.net\/wp-content\/uploads\/2025\/01\/songte-bushings-with-all-kinds-of-excavator-models.webp\" alt=\"slika za odpravljanje te\u017eav\"><\/p>\n<h2>O na\u0161em podjetju<\/h2>\n<p>Smo proizvajalec nadomestnih hidravli\u010dnih cilindrov, ki ponuja celotno paleto izdelkov in postaja eden vodilnih proizvajalcev in veletrgovcev s hidravli\u010dnimi cilindri na doma\u010dem in mednarodnem trgu. Dr\u017eimo se na\u010dela odli\u010dne kakovosti in se zana\u0161amo na industrializirane strategije upravljanja proizvodnje v natan\u010dno izdelanih proizvodnih delavnicah. Na\u0161e podjetje nenehno izbolj\u0161uje svojo proizvodno platformo z uporabo tehni\u010dnih talentov, vrhunske digitalne proizvodne opreme in profesionalnih sistemov testiranja, s \u010dimer izpopolnjuje proizvodno pot za kakovost izdelkov in ima mo\u010dne ustvarjalne sposobnosti, da bi zadovoljilo raznolike potrebe strank z visoko u\u010dinkovitostjo, visoko natan\u010dnostjo in visoko kakovostjo.<\/p>\n<p>Ponujamo profesionalne, mednarodno certificirane in prilagojene storitve, uporabljamo napredno proizvodno opremo in nudimo poprodajne storitve.<\/p>\n<p><img decoding=\"async\" src=\"https:\/\/www.hydraulic-cylinders.net\/wp-content\/uploads\/2025\/01\/songte-company-3.webp\" alt=\"podoba podjetja\"><\/p>\n<p>Avtor: lyl.<\/p>","protected":false},"excerpt":{"rendered":"<p>Bucket Cylinder For XGMA Small Excavator XG809E Introduction A bucket cylinder is a specially designed hydraulic cylinder primarily used to control the movement of buckets in heavy machinery such as excavators, backhoe excavators, and front-end loaders. Its main function is to allow the bucket to lift, lower, and tilt, making it easier to handle various [&hellip;]<\/p>","protected":false},"featured_media":14771,"comment_status":"open","ping_status":"closed","template":"","meta":{"_et_pb_use_builder":"","_et_pb_old_content":"","_et_gb_content_width":""},"product_brand":[],"product_cat":[1494],"product_tag":[1495,1496],"class_list":{"0":"post-15592","1":"product","2":"type-product","3":"status-publish","4":"has-post-thumbnail","6":"product_cat-bucket-cylinders","7":"product_tag-bucket-cylinders","8":"product_tag-hydraulic-cylinders","10":"first","11":"instock","12":"shipping-taxable","13":"product-type-simple"},"amp_enabled":true,"_links":{"self":[{"href":"https:\/\/www.hydraulic-cylinders.net\/sl\/wp-json\/wp\/v2\/product\/15592","targetHints":{"allow":["GET"]}}],"collection":[{"href":"https:\/\/www.hydraulic-cylinders.net\/sl\/wp-json\/wp\/v2\/product"}],"about":[{"href":"https:\/\/www.hydraulic-cylinders.net\/sl\/wp-json\/wp\/v2\/types\/product"}],"replies":[{"embeddable":true,"href":"https:\/\/www.hydraulic-cylinders.net\/sl\/wp-json\/wp\/v2\/comments?post=15592"}],"wp:featuredmedia":[{"embeddable":true,"href":"https:\/\/www.hydraulic-cylinders.net\/sl\/wp-json\/wp\/v2\/media\/14771"}],"wp:attachment":[{"href":"https:\/\/www.hydraulic-cylinders.net\/sl\/wp-json\/wp\/v2\/media?parent=15592"}],"wp:term":[{"taxonomy":"product_brand","embeddable":true,"href":"https:\/\/www.hydraulic-cylinders.net\/sl\/wp-json\/wp\/v2\/product_brand?post=15592"},{"taxonomy":"product_cat","embeddable":true,"href":"https:\/\/www.hydraulic-cylinders.net\/sl\/wp-json\/wp\/v2\/product_cat?post=15592"},{"taxonomy":"product_tag","embeddable":true,"href":"https:\/\/www.hydraulic-cylinders.net\/sl\/wp-json\/wp\/v2\/product_tag?post=15592"}],"curies":[{"name":"delovni list","href":"https:\/\/api.w.org\/{rel}","templated":true}]}}