{"id":15598,"date":"2025-01-19T14:43:48","date_gmt":"2025-01-19T14:43:48","guid":{"rendered":"https:\/\/www.hydraulic-cylinders.net\/product\/bucket-cylinder-for-xgma-middle-excavator-xg822el\/"},"modified":"2025-01-19T14:43:56","modified_gmt":"2025-01-19T14:43:56","slug":"bucket-cylinder-for-xgma-middle-excavator-xg822el","status":"publish","type":"product","link":"https:\/\/www.hydraulic-cylinders.net\/sl\/izdelek\/bucket-cylinder-for-xgma-middle-excavator-xg822el\/","title":{"rendered":"Cilinder \u017elice za srednji bager XGMA XG822EL"},"content":{"rendered":"<h1>Cilinder \u017elice za srednji bager XGMA XG822EL<\/h1>\n<h2>Uvod<\/h2>\n<p>Hidravli\u010dni cilinder \u017elice za srednji bager XGMA XG822EL je posebej zasnovan hidravli\u010dni cilinder, ki se uporablja predvsem za nadzor gibanja \u017elice v te\u017ekih strojih, kot so bagri, bagri z nakladalniki in \u010delni nakladalniki. Njegova glavna funkcija je omogo\u010danje dvigovanja, spu\u0161\u010danja in nagibanja \u017elice, zaradi \u010desar je priro\u010dna za razli\u010dna opravila ravnanja z materiali. V hidravli\u010dnem sistemu cilinder \u017elice uporablja spremembo tlaka hidravli\u010dnega olja za natan\u010den nadzor gibanja \u017elice, kar upravljavcu omogo\u010da u\u010dinkovito ravnanje s te\u017ekimi materiali in prilagajanje kompleksnim delovnim pogojem ter raznolikim zahtevam dela.<\/p>\n<p><img decoding=\"async\" src=\"https:\/\/www.hydraulic-cylinders.net\/wp-content\/uploads\/2025\/01\/songte-company-2.webp\"><\/p>\n<h2>Zna\u010dilnosti<\/h2>\n<ul>\n<li>Visoka trdnost in vzdr\u017eljivost: Obi\u010dajno je izdelan iz visoko trdnega jekla ali aluminija, zato lahko prenese visok tlak in velike obremenitve, kar ga naredi primernega za zahtevna delovna okolja. Zasnova upo\u0161teva odpornost proti obrabi in koroziji, kar podalj\u0161a \u017eivljenjsko dobo.<\/li>\n<li>U\u010dinkovito hidravli\u010dno delovanje: Z uporabo tlaka hidravli\u010dnega olja za doseganje gladkega iztegovanja in vle\u010denja se lahko hitro odzove na krmilne ukaze in zagotavlja mo\u010dno potisno in vle\u010dno silo, primerno za ravnanje s te\u017ekimi materiali in kompleksne delovne naloge.<\/li>\n<li>Razli\u010dne vrste: Enojno delujo\u010di (hidravlika se uporablja samo v eni smeri) ali dvostransko delujo\u010di (hidravlika se uporablja v obeh smereh) cilindri je mogo\u010de izbrati glede na zahteve za izpolnjevanje razli\u010dnih operativnih potreb. Nekateri modeli so teleskopski, kar omogo\u010da ve\u010dji razteg brez pove\u010danja zunanjih dimenzij, primerni za uporabo z omejenim prostorom.<\/li>\n<li>Enostavna namestitev in vzdr\u017eevanje: Na\u0161e podjetje lahko proizvaja ta izdelek, na\u0161i izdelki pa lahko popolnoma nadomestijo te hidravli\u010dne cilindre.<\/li>\n<\/ul>\n<p><img decoding=\"async\" src=\"https:\/\/www.hydraulic-cylinders.net\/wp-content\/uploads\/2025\/01\/songte-cylinder-head-with-all-kinds-excavator-models.webp\"><\/p>\n<h2>Aplikacije<\/h2>\n<p>Ta valj za \u017elico se pogosto uporablja v razli\u010dnih te\u017ekih strojih, vklju\u010dno z:<\/p>\n<ul>\n<li>Gradbena oprema: Pri bagrih so bistveni za kopanje, nakladanje in premikanje zemlje ali ru\u0161evin. Pri bagrih z nakladalno glavo cilinder \u017elice pomaga tako pri kopanju kot pri dvigovanju. <\/li>\n<li>Kmetijski stroji: uporabljajo se za \u010delne nakladalnike, zajemanje, dvigovanje in prevoz zemlje, sena in drugih materialov. <\/li>\n<li>Bagri: Cilinder \u017elice omogo\u010da, da \u017elica prodre v zemljo in dose\u017ee kopanje. <\/li>\n<li>Nakladalniki: Pri \u010delnih nakladalnikih pomagajo pri u\u010dinkovitem dvigovanju in nagibanju blaga.<\/li>\n<\/ul>\n<h2>Oblikovalski vidiki in izbirna merila<\/h2>\n<p>Zasnova cilindra \u017elice za srednji bager XGMA XG822EL je klju\u010dnega pomena za njegovo delovanje. Spodaj so navedeni klju\u010dni dejavniki:<\/p>\n<h3>Nosilnost<\/h3>\n<p>Jeklenka mora imeti zadostno nosilnost, da lahko prenese pri\u010dakovano obremenitev. Velikost in \u0161tevilo le\u017eajnih povr\u0161in, trdnost materialov in geometrija jeklenke so klju\u010dni dejavniki pri na\u010drtovanju.<\/p>\n<h3>Tesnjenje<\/h3>\n<p>Jeklenka mora biti ustrezno zatesnjena, da se prepre\u010di pu\u0161\u010danje hidravli\u010dne teko\u010dine. Tesnilo jeklenke je obi\u010dajno izdelano iz poliuretana, nitrilne gume ali drugih materialov, odpornih proti obrabi, da se prepre\u010di pu\u0161\u010danje. Telo jeklenke in navojne kon\u010dne povr\u0161ine so fino obdelane za pove\u010danje odpornosti proti obrabi in prepre\u010devanje pu\u0161\u010danja.<\/p>\n<h3>Vzdr\u017eljivost in vzdr\u017eevanje<\/h3>\n<p>Jeklenka mora biti trpe\u017ena in zahtevati minimalno vzdr\u017eevanje. Zasnovana mora biti za dolgotrajno uporabo z minimalno obrabo in enostavnim vzdr\u017eevanjem. Vzdr\u017eevanje jeklenke vklju\u010duje redne preglede olja, zamenjavo tesnil in pu\u0161 ter preglede in kalibracije.<\/p>\n<h3>Varnost in okolje<\/h3>\n<p>Cilinder \u017elice za srednji bager XGMA XG822EL mora biti zasnovan z mislijo na varnost in varstvo okolja. Hidravli\u010dni sistem mora biti neprepusten z ustreznimi varnostnimi funkcijami za prepre\u010devanje nesre\u010d. Uporabljeni materiali morajo biti primerni za delovno okolje brez vpliva na okolje.<\/p>\n<p><img decoding=\"async\" src=\"https:\/\/www.hydraulic-cylinders.net\/wp-content\/uploads\/2025\/01\/songte-oil-pipes-and-spare-parts.webp\"><\/p>\n<h2>Tesnjenje in mazanje<\/h2>\n<p>Cilinder \u017elice za srednji bager XGMA XG822EL uporablja razli\u010dne tesnilne komponente, kot so tesnila bata, tesnila palice in tesnila brisalcev, za vzdr\u017eevanje optimalnega hidravli\u010dnega tlaka in prepre\u010devanje pu\u0161\u010danja. Uporaba materialov, odpornih proti obrabi, in natan\u010dna obdelava povr\u0161in cilindra pove\u010dujeta odpornost proti obrabi. Redno mazanje gibljivih delov cilindra dodatno zmanj\u0161a trenje in izbolj\u0161a delovanje.<\/p>\n<h2>Preventivno vzdr\u017eevanje<\/h2>\n<p>Redno vzdr\u017eevanje cilindra \u017elice za srednji bager XGMA XG822EL je bistvenega pomena za podalj\u0161anje njegove \u017eivljenjske dobe. Vzdr\u017eevalna opravila vklju\u010dujejo redne preglede, mazanje in zamenjavo tesnil. Preverjanje in vzdr\u017eevanje poravnave cilindra ter uporaba ustreznih monta\u017enih nosilcev sta prav tako klju\u010dnega pomena za prepre\u010devanje morebitnih te\u017eav. Na\u0161e podjetje ponuja nadomestne dele in storitve obnove za podalj\u0161anje \u017eivljenjske dobe cilindra.<\/p>\n<p><img decoding=\"async\" src=\"https:\/\/www.hydraulic-cylinders.net\/wp-content\/uploads\/2025\/01\/songte-chushion-collar.webp\"><\/p>\n<h2>Varnost in odpravljanje te\u017eav<\/h2>\n<p>Cilinder \u017elice za srednji bager XGMA XG822EL je treba uporabljati varno in ga redno pregledovati, da se odkrijejo morebitne te\u017eave. Priro\u010dnik za vzdr\u017eevanje in uporabo vsebuje navodila za pravilno uporabo in vzdr\u017eevanje. Med pogoste te\u017eave spadajo pu\u0161\u010danje, izguba tlaka in nenavadni zvoki. Metode odpravljanja te\u017eav vklju\u010dujejo vizualni pregled, preizkus tlaka in zamenjavo komponent. Preventivni ukrepi, kot sta redni pregled in vzdr\u017eevanje, zmanj\u0161ujejo verjetnost te\u017eav.<\/p>\n<p><img decoding=\"async\" src=\"https:\/\/www.hydraulic-cylinders.net\/wp-content\/uploads\/2025\/01\/songte-bushings-with-all-kinds-of-excavator-models.webp\"><\/p>\n<h2>Predstavitev podjetja<\/h2>\n<p>Na\u0161e podjetje je proizvajalec nadomestnih hidravli\u010dnih cilindrov s celotno paleto izdelkov. Smo eden vodilnih proizvajalcev in veleprodajnih distributerjev hidravli\u010dnih cilindrov na doma\u010dem in mednarodnem trgu. Dr\u017eimo se na\u010dela odli\u010dne kakovosti in se zana\u0161amo na industrializirane strategije upravljanja proizvodnje v finih proizvodnih delavnicah, nenehno izbolj\u0161ujemo proizvodno platformo delavnice, izbolj\u0161ujemo kakovost proizvodne linije in imamo mo\u010dne proizvodne zmogljivosti. Na\u0161a visoko u\u010dinkovita, visoko natan\u010dna in visokokakovostna na\u010dela izpolnjujejo raznolike potrebe strank. <\/p>\n<p>Na\u0161e podjetje nudi storitve prilagajanja, mednarodno certificiranje, profesionalno opremo in poprodajne storitve. Uporabljamo napredno tehnologijo, opremo in profesionalne sisteme testiranja za nenehno izbolj\u0161evanje proizvodnje na\u0161ih izdelkov in kakovosti na\u0161ih storitev.<\/p>\n<p><img decoding=\"async\" src=\"https:\/\/hzpt.com\/wp-content\/uploads\/2024\/11\/songte-company-1.webp\"><\/p>\n<h3>Avtor: lyl<\/h3>","protected":false},"excerpt":{"rendered":"<p>Bucket Cylinder For XGMA Middle Excavator XG822EL Introduction The Bucket Cylinder for XGMA Middle Excavator XG822EL is a specially designed hydraulic cylinder primarily used for controlling the movement of the bucket in heavy machinery such as excavators, backhoe excavators, and front loaders. Its main function is to allow the bucket to lift, lower, and tilt, [&hellip;]<\/p>","protected":false},"featured_media":14788,"comment_status":"open","ping_status":"closed","template":"","meta":{"_et_pb_use_builder":"","_et_pb_old_content":"","_et_gb_content_width":""},"product_brand":[],"product_cat":[1494],"product_tag":[1495,1496],"class_list":{"0":"post-15598","1":"product","2":"type-product","3":"status-publish","4":"has-post-thumbnail","6":"product_cat-bucket-cylinders","7":"product_tag-bucket-cylinders","8":"product_tag-hydraulic-cylinders","10":"first","11":"instock","12":"shipping-taxable","13":"product-type-simple"},"amp_enabled":true,"_links":{"self":[{"href":"https:\/\/www.hydraulic-cylinders.net\/sl\/wp-json\/wp\/v2\/product\/15598","targetHints":{"allow":["GET"]}}],"collection":[{"href":"https:\/\/www.hydraulic-cylinders.net\/sl\/wp-json\/wp\/v2\/product"}],"about":[{"href":"https:\/\/www.hydraulic-cylinders.net\/sl\/wp-json\/wp\/v2\/types\/product"}],"replies":[{"embeddable":true,"href":"https:\/\/www.hydraulic-cylinders.net\/sl\/wp-json\/wp\/v2\/comments?post=15598"}],"wp:featuredmedia":[{"embeddable":true,"href":"https:\/\/www.hydraulic-cylinders.net\/sl\/wp-json\/wp\/v2\/media\/14788"}],"wp:attachment":[{"href":"https:\/\/www.hydraulic-cylinders.net\/sl\/wp-json\/wp\/v2\/media?parent=15598"}],"wp:term":[{"taxonomy":"product_brand","embeddable":true,"href":"https:\/\/www.hydraulic-cylinders.net\/sl\/wp-json\/wp\/v2\/product_brand?post=15598"},{"taxonomy":"product_cat","embeddable":true,"href":"https:\/\/www.hydraulic-cylinders.net\/sl\/wp-json\/wp\/v2\/product_cat?post=15598"},{"taxonomy":"product_tag","embeddable":true,"href":"https:\/\/www.hydraulic-cylinders.net\/sl\/wp-json\/wp\/v2\/product_tag?post=15598"}],"curies":[{"name":"delovni list","href":"https:\/\/api.w.org\/{rel}","templated":true}]}}