{"id":15599,"date":"2025-01-19T14:43:59","date_gmt":"2025-01-19T14:43:59","guid":{"rendered":"https:\/\/www.hydraulic-cylinders.net\/product\/bucket-cylinder-for-xgma-middle-excavator-xg825el\/"},"modified":"2025-01-19T14:44:01","modified_gmt":"2025-01-19T14:44:01","slug":"bucket-cylinder-for-xgma-middle-excavator-xg825el","status":"publish","type":"product","link":"https:\/\/www.hydraulic-cylinders.net\/sl\/izdelek\/bucket-cylinder-for-xgma-middle-excavator-xg825el\/","title":{"rendered":"Cilinder \u017elice za srednji bager XGMA XG825EL"},"content":{"rendered":"<h2>Uvod<\/h2>\n<h3>Cilinder \u017elice za srednji bager XGMA XG825EL<\/h3>\n<p>Hidravli\u010dni cilinder \u017elice za srednji bager XGMA XG825EL je specializiran hidravli\u010dni cilinder, zasnovan za krmiljenje gibanja \u017elic v te\u017ekih strojih, kot so bagri, bagri z nakladalniki in \u010delni nakladalniki. Njegova glavna funkcija je olaj\u0161anje dvigovanja, spu\u0161\u010danja in nagibanja \u017elic, kar olaj\u0161a opravljanje razli\u010dnih nalog ravnanja z materiali. V hidravli\u010dnem sistemu cilinder \u017elice uporablja spremembe tlaka hidravli\u010dnega olja za doseganje natan\u010dnega nadzora \u017elice, kar omogo\u010da upravljavcem u\u010dinkovito ravnanje s te\u017ekimi bremeni, prilagajanje kompleksnim delovnim okoljem in raznolikim zahtevam dela.<\/p>\n<p><img decoding=\"async\" src=\"https:\/\/www.hydraulic-cylinders.net\/wp-content\/uploads\/2025\/01\/songte-company-2.webp\" alt=\"Cilinder za vedro\"><\/p>\n<h2>Zna\u010dilnosti<\/h2>\n<ul>\n<li><strong>Visoka trdnost in vzdr\u017eljivost:<\/strong> Obi\u010dajno je izdelan iz visoko trdnega jekla ali aluminija, lahko prenese visok tlak in velike obremenitve, se prilagodi zahtevnim delovnim okoljem in je zasnovan za odpornost proti obrabi in koroziji, kar podalj\u0161a njegovo \u017eivljenjsko dobo.<\/li>\n<li><strong>U\u010dinkovito hidravli\u010dno delovanje:<\/strong> Z uporabo tlaka hidravli\u010dnega olja za doseganje gladkega raztezanja in kr\u010denja se lahko hitro odzove na krmilne ukaze, zagotavlja mo\u010dno potisno in vle\u010dno silo ter je primeren za ravnanje s te\u017ekimi bremeni in kompleksnimi delovnimi nalogami.<\/li>\n<li><strong>Razli\u010dne vrste:<\/strong> Enosmerno delujo\u010di (hidravli\u010dni, ki se uporablja samo v eni smeri) ali dvosmerno delujo\u010di (hidravli\u010dni, ki se uporablja v dveh smereh) cilindri se lahko izberejo glede na zahteve, da se zadosti razli\u010dnim operativnim potrebam. Nekateri modeli so teleskopski, kar omogo\u010da ve\u010dji razteg brez pove\u010danja zunanje mere, primerni za uporabo z omejenim prostorom.<\/li>\n<li><strong>Enostavna zamenjava:<\/strong> Na\u0161i izdelki lahko popolnoma nadomestijo te hidravli\u010dne cilindre.<\/li>\n<\/ul>\n<p><img decoding=\"async\" src=\"https:\/\/www.hydraulic-cylinders.net\/wp-content\/uploads\/2025\/01\/songte-cylinder-head-with-all-kinds-excavator-models.webp\" alt=\"Cilinder za vedro\"><\/p>\n<h2>Aplikacije<\/h2>\n<p>Cilinder z \u017elico ima \u0161iroko paleto uporabe, vklju\u010dno z, vendar ne omejeno na:<\/p>\n<ul>\n<li><strong>Gradbena oprema:<\/strong> Pri bagrih so bistveni za kopanje, nakladanje in premikanje zemlje ali ru\u0161evin. Pri bagrih z nakladalno glavo cilindri \u017elice pomagajo pri kopanju in dvigovanju. <\/li>\n<li><strong>Kmetijska mehanizacija:<\/strong> Uporablja se za \u010delne nakladalnike, zajemanje, dvigovanje in prevoz zemlje, sena in drugih materialov. <\/li>\n<li><strong>Bagri:<\/strong> Cilinder \u017elice dose\u017ee izkop tako, da \u017elici omogo\u010di prodiranje v zemljo. <\/li>\n<li><strong>Nakladalci:<\/strong> Pri \u010delnih nakladalnikih u\u010dinkovito pomagajo pri dvigovanju in nagibanju blaga.<\/li>\n<\/ul>\n<p>Vsaka uporaba valja z \u017elico je opisana spodaj:<\/p>\n<ul>\n<li><strong>Gradbena oprema:<\/strong> Pri bagrih so cilindri \u017elice bistveni za kopanje, nakladanje in premikanje zemlje ali ru\u0161evin. Zagotavljajo potrebne mehanizme za dvigovanje in nagibanje, ki so potrebni za izkopavanje. Pri bagrih z nakladalno glavo cilindri \u017elice pomagajo pri kopanju in dvigovanju, zaradi \u010desar so idealni za gradbi\u0161\u010da z neravnim terenom. <\/li>\n<li><strong>Kmetijska mehanizacija:<\/strong> \u017dli\u010dni cilindri se uporabljajo v \u010delnih nakladalnikih, ki se uporabljajo za zajemanje, dvigovanje in prevoz zemlje, sena in drugih materialov. Zagotavljajo potrebne mehanizme za dvigovanje in nagibanje, ki so potrebni za premikanje te\u017ekih bremen po kmetiji. <\/li>\n<li><strong>Bagri:<\/strong> Z \u017elicami se izkopava tako, da \u017elica prodre v zemljo. Bistveni so za kopanje jarkov ali temeljev ter za ru\u0161enje stavb ali drugih objektov.<\/li>\n<li><strong>Nakladalci:<\/strong> Pri \u010delnih nakladalnikih cilindri \u017elice u\u010dinkovito pomagajo pri dvigovanju in nagibanju blaga, zaradi \u010desar so idealni za nakladanje in razkladanje te\u017ekega tovora. <\/li>\n<\/ul>\n<h2>Oblikovalski vidiki in izbirna merila<\/h2>\n<p>Za valj \u017elice je treba upo\u0161tevati ve\u010d konstrukcijskih vidikov in izbirnih meril, ki so pojasnjena spodaj:<\/p>\n<ul>\n<li><strong>Nosilnost:<\/strong> Cilinder \u017elice mora biti sposoben prenesti te\u017eo in tlak bremena, ki ga dviguje ali nagiba.<\/li>\n<li><strong>Tesnjenje:<\/strong> Cilinder \u017elice mora biti zasnovan z visokokakovostnimi tesnili, da se prepre\u010di pu\u0161\u010danje in kontaminacija hidravli\u010dne teko\u010dine. <\/li>\n<li><strong>Vzdr\u017eljivost:<\/strong> Cilinder \u017elice mora biti zasnovan tako, da prenese te\u017eke pogoje na gradbi\u0161\u010du, vklju\u010dno z obrabo in korozijo. <\/li>\n<li><strong>Varnost:<\/strong> Cilinder vedra mora biti zasnovan z mislijo na varnost, vklju\u010dno s funkcijami, kot so zaporni ventili in sistemi za za\u0161\u010dito pred preobremenitvijo. <\/li>\n<li><strong>Vzdr\u017eevanje:<\/strong> Cilinder vedra mora biti zasnovan za enostavno vzdr\u017eevanje, vklju\u010dno z enostavnim dostopom do komponent za pregled in popravilo. <\/li>\n<\/ul>\n<p><img decoding=\"async\" src=\"https:\/\/www.hydraulic-cylinders.net\/wp-content\/uploads\/2025\/01\/songte-oil-pipes-and-spare-parts.webp\" alt=\"Cilinder za vedro\"><\/p>\n<h2>Tesnjenje in mazanje<\/h2>\n<p>Za prepre\u010devanje pu\u0161\u010danja hidravli\u010dnega olja v cilindru \u017elice so uporabljena razli\u010dna tesnila, kot so tesnila bata in tesnila palic, izdelana iz materialov, odpornih proti obrabi, kot sta poliuretan in nitrilni kav\u010duk. Telo cilindra in navojna kon\u010dna povr\u0161ina sta fino obdelana za pove\u010danje odpornosti proti obrabi. Za nemoteno delovanje cilindra \u017elice je potrebno redno mazanje s hidravli\u010dnim oljem.<\/p>\n<p><img decoding=\"async\" src=\"https:\/\/www.hydraulic-cylinders.net\/wp-content\/uploads\/2025\/01\/songte-chushion-collar.webp\" alt=\"Cilinder za vedro\"><\/p>\n<h2>Pregled in preventivno vzdr\u017eevanje<\/h2>\n<p>Redni pregledi in preventivno vzdr\u017eevanje so bistveni za pravilno delovanje cilindra vedra. Sledijo obi\u010dajna vzdr\u017eevalna opravila:<\/p>\n<ul>\n<li><strong>Redni pregled:<\/strong> Preverite ohi\u0161je valja, bat in tesnila glede obrabe in po\u0161kodb. <\/li>\n<li><strong>Mazanje:<\/strong> Za nemoteno delovanje redno nama\u017eite valj s hidravli\u010dnim oljem. <\/li>\n<li><strong>Zamenjava tesnila:<\/strong> Po\u0161kodovana ali obrabljena tesnila nemudoma zamenjajte, da prepre\u010dite pu\u0161\u010danje hidravli\u010dne teko\u010dine. <\/li>\n<li><strong>Preverjanje kalibracije:<\/strong> Redno preverjajte kalibracijo jeklenke, da zagotovite njeno delovanje v skladu s specifikacijami. <\/li>\n<\/ul>\n<p>Pravilna namestitev je bistvenega pomena za pravilno delovanje cilindra z \u017elico. Pomembno je, da valj pravilno poravnate in uporabite ustrezne nosilce za pritrditev valja. Za podalj\u0161anje \u017eivljenjske dobe cilindra z \u017elico je treba upo\u0161tevati priporo\u010dene postopke pregleda, popravila in zamenjave.<\/p>\n<p><img decoding=\"async\" src=\"https:\/\/hzpt.com\/wp-content\/uploads\/2024\/11\/songte-company-1.webp\" alt=\"Cilinder za vedro\"><\/p>\n<h2>Varnostni in okoljski vidiki<\/h2>\n<p>Pri uporabi cilindra \u017elice je treba upo\u0161tevati varnostne ukrepe za prepre\u010devanje nesre\u010d. Za prepre\u010devanje nevarnih situacij je treba uporabiti varnostne elemente, kot so zaporni ventili in sistemi za za\u0161\u010dito pred preobremenitvijo. Upo\u0161tevati je treba tudi okoljske vidike, kot sta pravilno odstranjevanje hidravli\u010dne teko\u010dine in uporaba okolju prijaznih materialov.<\/p>\n<p><img decoding=\"async\" src=\"https:\/\/www.hydraulic-cylinders.net\/wp-content\/uploads\/2025\/01\/songte-bushings-with-all-kinds-of-excavator-models.webp\" alt=\"Cilinder za vedro\"><\/p>\n<h2>Odpravljanje te\u017eav in pogoste te\u017eave<\/h2>\n<p>Z valjem \u017elice se lahko pojavijo te\u017eave zaradi obrabe, po\u0161kodb ali nepravilne uporabe. Pogoste te\u017eave vklju\u010dujejo pu\u0161\u010danje hidravli\u010dne teko\u010dine, po\u010dasno delovanje in nezadostno silo dvigovanja ali nagibanja. Navedite nasvete in re\u0161itve za odpravljanje te\u017eav, ki bralcem pomagajo pri diagnosticiranju in re\u0161evanju teh te\u017eav. Predstavljeni morajo biti tudi preventivni ukrepi za zmanj\u0161anje morebitnih te\u017eav.<\/p>\n<h2>O na\u0161em podjetju<\/h2>\n<p>Smo proizvajalec nadomestnih hidravli\u010dnih cilindrov s celotno paleto izdelkov, zaradi \u010desar smo eden vodilnih proizvajalcev in veleprodajnih distributerjev hidravli\u010dnih cilindrov na doma\u010dem in mednarodnem trgu. Sledimo na\u010delu odli\u010dne kakovosti in se zana\u0161amo na industrializirano strategijo upravljanja proizvodnje s prefinjenimi proizvodnimi delavnicami. Na\u0161e podjetje nenehno izbolj\u0161uje proizvodno platformo delavnice, izbolj\u0161uje proizvodno linijo za kakovost izdelkov in ima mo\u010dne ustvarjalne sposobnosti. Zavezani smo k zadovoljevanju raznolikih potreb na\u0161ih strank z visoko u\u010dinkovitostjo, natan\u010dnostjo in kakovostjo.<\/p>\n<p><img decoding=\"async\" src=\"https:\/\/www.hydraulic-cylinders.net\/wp-content\/uploads\/2025\/01\/songte-company-3.webp\" alt=\"Cilinder za vedro\"><\/p>\n<p>Ponosni smo na svojo profesionalnost, mednarodne certifikate, prilagojene storitve, proizvodno opremo in poprodajne storitve. Na\u0161i izdelki so visoke kakovosti in zanesljivega delovanja, na\u0161im strankam pa nudimo pravo\u010dasno in profesionalno tehni\u010dno podporo. <\/p>\n<h2>Avtor<\/h2>\n<p>lyl<\/p>","protected":false},"excerpt":{"rendered":"<p>Introduction Bucket Cylinder For XGMA Middle Excavator XG825EL The Bucket Cylinder for XGMA Middle Excavator XG825EL is a specialized hydraulic cylinder designed to control the movement of buckets in heavy machinery such as excavators, backhoe excavators, and front-end loaders. Its main function is to facilitate the lifting, lowering, and tilting of buckets, making it easier [&hellip;]<\/p>","protected":false},"featured_media":14787,"comment_status":"open","ping_status":"closed","template":"","meta":{"_et_pb_use_builder":"","_et_pb_old_content":"","_et_gb_content_width":""},"product_brand":[],"product_cat":[1494],"product_tag":[1495,1496],"class_list":{"0":"post-15599","1":"product","2":"type-product","3":"status-publish","4":"has-post-thumbnail","6":"product_cat-bucket-cylinders","7":"product_tag-bucket-cylinders","8":"product_tag-hydraulic-cylinders","10":"first","11":"instock","12":"shipping-taxable","13":"product-type-simple"},"amp_enabled":true,"_links":{"self":[{"href":"https:\/\/www.hydraulic-cylinders.net\/sl\/wp-json\/wp\/v2\/product\/15599","targetHints":{"allow":["GET"]}}],"collection":[{"href":"https:\/\/www.hydraulic-cylinders.net\/sl\/wp-json\/wp\/v2\/product"}],"about":[{"href":"https:\/\/www.hydraulic-cylinders.net\/sl\/wp-json\/wp\/v2\/types\/product"}],"replies":[{"embeddable":true,"href":"https:\/\/www.hydraulic-cylinders.net\/sl\/wp-json\/wp\/v2\/comments?post=15599"}],"wp:featuredmedia":[{"embeddable":true,"href":"https:\/\/www.hydraulic-cylinders.net\/sl\/wp-json\/wp\/v2\/media\/14787"}],"wp:attachment":[{"href":"https:\/\/www.hydraulic-cylinders.net\/sl\/wp-json\/wp\/v2\/media?parent=15599"}],"wp:term":[{"taxonomy":"product_brand","embeddable":true,"href":"https:\/\/www.hydraulic-cylinders.net\/sl\/wp-json\/wp\/v2\/product_brand?post=15599"},{"taxonomy":"product_cat","embeddable":true,"href":"https:\/\/www.hydraulic-cylinders.net\/sl\/wp-json\/wp\/v2\/product_cat?post=15599"},{"taxonomy":"product_tag","embeddable":true,"href":"https:\/\/www.hydraulic-cylinders.net\/sl\/wp-json\/wp\/v2\/product_tag?post=15599"}],"curies":[{"name":"delovni list","href":"https:\/\/api.w.org\/{rel}","templated":true}]}}