{"id":15603,"date":"2025-01-19T14:44:15","date_gmt":"2025-01-19T14:44:15","guid":{"rendered":"https:\/\/www.hydraulic-cylinders.net\/product\/bucket-cylinder-for-xgma-wheel-excavator-xg806w\/"},"modified":"2025-01-19T14:44:17","modified_gmt":"2025-01-19T14:44:17","slug":"bucket-cylinder-for-xgma-wheel-excavator-xg806w","status":"publish","type":"product","link":"https:\/\/www.hydraulic-cylinders.net\/sl\/izdelek\/bucket-cylinder-for-xgma-wheel-excavator-xg806w\/","title":{"rendered":"Cilinder \u017elice za kolesni bager XGMA XG806W"},"content":{"rendered":"<p><!DOCTYPE html><br \/>\n<html><br \/>\n<head><br \/>\n<title>Cilinder \u017elice za kolesni bager XGMA XG806W<\/title><br \/>\n<\/head><br \/>\n<body><\/p>\n<h1>Cilinder \u017elice za kolesni bager XGMA XG806W<\/h1>\n<h2>Uvod<\/h2>\n<p>Hidravli\u010dni valj \u017elice je posebej zasnovan hidravli\u010dni valj, ki se uporablja za krmiljenje gibanja \u017elice v te\u017ekih strojih, kot so bagri, bagri nakladalniki in kolesni nakladalniki. Njegova glavna funkcija je omogo\u010danje dvigovanja, spu\u0161\u010danja in nagibanja \u017elice, kar olaj\u0161a opravljanje razli\u010dnih nalog ravnanja z materiali. V hidravli\u010dnem sistemu valj \u017elice dose\u017ee natan\u010den nadzor nad \u017elico s spreminjanjem tlaka hidravli\u010dnega olja, kar omogo\u010da upravljavcem u\u010dinkovito ravnanje s te\u017ekimi bremeni in prilagajanje kompleksnim delovnim okoljem ter raznolikim operativnim potrebam.<\/p>\n<p><img decoding=\"async\" src=\"https:\/\/www.hydraulic-cylinders.net\/wp-content\/uploads\/2025\/01\/songte-company-2.webp\" alt=\"Slika valjaste \u017elice\"><\/p>\n<h2>Zna\u010dilnosti<\/h2>\n<ul>\n<li>Visoka trdnost in vzdr\u017eljivost: Obi\u010dajno je izdelan iz visoko trdnega jekla ali aluminija, zato lahko prenese visok tlak in velike obremenitve ter se prilagaja zahtevnim delovnim okoljem. Zasnova upo\u0161teva odpornost proti obrabi in koroziji, kar podalj\u0161uje njegovo \u017eivljenjsko dobo.<\/li>\n<li>U\u010dinkovito hidravli\u010dno delovanje: Z uporabo tlaka hidravli\u010dnega olja dose\u017ee gladko iztegovanje in vle\u010denje, kar omogo\u010da hiter odziv na krmilne ukaze in zagotavlja mo\u010dne potisne in vle\u010dne sile, primerne za rokovanje s te\u017ekimi bremeni in kompleksnimi nalogami.<\/li>\n<li>Razli\u010dne vrste: Na voljo z enosmernim (hidravli\u010dnim delovanjem samo v eno smer) ali dvosmernim (hidravli\u010dnim delovanjem v obe smeri) cilindri za razli\u010dne operativne zahteve. Nekateri modeli so teleskopski, kar omogo\u010da ve\u010dji razteg brez pove\u010danja zunanjih dimenzij, zaradi \u010desar so primerni za uporabo z omejenim prostorom.<\/li>\n<\/ul>\n<p><img decoding=\"async\" src=\"https:\/\/www.hydraulic-cylinders.net\/wp-content\/uploads\/2025\/01\/songte-cylinder-head-with-all-kinds-excavator-models.webp\" alt=\"Slika izdelka\"><\/p>\n<h2>Aplikacije<\/h2>\n<ul>\n<li>Gradbena oprema: Najdemo jih v bagrih in so klju\u010dni za kopanje, nakladanje in premikanje zemlje ali ru\u0161evin. Pri bagrih nakladalnikih cilinder \u017elice pomaga tako pri kopanju kot dvigovanju.<\/li>\n<li>Kmetijski stroji: Uporabljajo se v \u010delnih nakladalnikih in pomagajo pri zajemanju, dvigovanju in prevozu zemlje, sena in drugih materialov.<\/li>\n<li>Bagri: Cilinder \u017elice omogo\u010da kopanje, saj \u017elici omogo\u010da prodiranje v zemljo.<\/li>\n<li>Kolesni nakladalci: Pri kolesnih nakladalcih u\u010dinkovito pomagajo pri dvigovanju in odlaganju blaga.<\/li>\n<\/ul>\n<h2>Oblikovalski vidiki in izbirna merila<\/h2>\n<ul>\n<li>Nosilnost: Razpravljajte o nosilnosti valja in njenem vplivu na delovanje.<\/li>\n<li>Tesnjenje: Razi\u0161\u010dite pomen ustreznega tesnjenja za prepre\u010devanje pu\u0161\u010danja in zagotavljanje u\u010dinkovitega delovanja.<\/li>\n<li>Vzdr\u017eljivost: Razpravljajte o potrebi po vzdr\u017eljivi konstrukciji, ki bo vzdr\u017eala te\u017eke delovne pogoje in dolgotrajno uporabo.<\/li>\n<li>Varnost: Pri na\u010drtovanju in delovanju cilindra z \u017elico upo\u0161tevajte varnostne vidike.<\/li>\n<li>Vzdr\u017eevanje: Razpravljajte o enostavnosti vzdr\u017eevanja in razpolo\u017eljivosti rezervnih delov za popravila in zamenjave.<\/li>\n<\/ul>\n<p><img decoding=\"async\" src=\"https:\/\/www.hydraulic-cylinders.net\/wp-content\/uploads\/2025\/01\/songte-oil-pipes-and-spare-parts.webp\" alt=\"Slika izdelka\"><\/p>\n<h2>Tesnjenje in mazanje<\/h2>\n<p>Valj \u017elice uporablja razli\u010dne tesnilne komponente, kot so tesnila bata in palice, izdelana iz materialov, kot sta poliuretan in nitrilna guma, za zagotavljanje odpornosti proti obrabi. Telo valja in navojne kon\u010dne povr\u0161ine so fino obdelane za izbolj\u0161anje vzdr\u017eljivosti. Redno mazanje z ustrezno koli\u010dino hidravli\u010dnega olja je potrebno za zagotovitev nemotenega delovanja in dolge \u017eivljenjske dobe.<\/p>\n<h2>Pregled in preventivno vzdr\u017eevanje<\/h2>\n<ul>\n<li>Redni pregledi za odkrivanje morebitnih znakov obrabe, pu\u0161\u010danja ali po\u0161kodb, ki bi lahko vplivale na delovanje.<\/li>\n<li>Pravilno mazanje za nemoteno delovanje in prepre\u010devanje prekomerne obrabe.<\/li>\n<li>Periodi\u010dna menjava tesnil za zagotovitev u\u010dinkovitega tesnjenja in prepre\u010devanje pu\u0161\u010danja.<\/li>\n<li>Kalibracijski pregledi za preverjanje delovanja in poravnave valja.<\/li>\n<\/ul>\n<p><img decoding=\"async\" src=\"https:\/\/www.hydraulic-cylinders.net\/wp-content\/uploads\/2025\/01\/songte-chushion-collar.webp\" alt=\"Slika izdelka\"><\/p>\n<h2>Varnostni vidiki in okoljski dejavniki<\/h2>\n<p>Pri uporabi jeklenke z vedrom je nujno upo\u0161tevati varnostne ukrepe za prepre\u010devanje nesre\u010d in zagotavljanje dobrega po\u010dutja upravljavcev. Za ohranjanje delovanja in dolge \u017eivljenjske dobe jeklenke je treba upo\u0161tevati tudi okoljske dejavnike, kot sta temperatura in izpostavljenost korozivnim snovem.<\/p>\n<h2>Diagnostika napak in odpravljanje te\u017eav<\/h2>\n<p>Pogoste napake in te\u017eave, ki se lahko pojavijo pri cilindru vedra, vklju\u010dujejo pu\u0161\u010danje, po\u010dasno delovanje in nenavadne zvoke. Za diagnosticiranje in odpravo teh te\u017eav je treba uporabiti tehnike hitrega odpravljanja te\u017eav in re\u0161evanja te\u017eav. Poleg tega je treba izvajati preventivne ukrepe za zmanj\u0161anje morebitnih te\u017eav.<\/p>\n<p><img decoding=\"async\" src=\"https:\/\/www.hydraulic-cylinders.net\/wp-content\/uploads\/2025\/01\/songte-bushings-with-all-kinds-of-excavator-models.webp\" alt=\"Slika izdelka\"><\/p>\n<h2>Zaklju\u010dek<\/h2>\n<p>Skratka, valj \u017elice za kolesni bager XGMA XG806W je klju\u010dna komponenta te\u017eke mehanizacije, ki omogo\u010da u\u010dinkovito ravnanje z materiali. Ponuja visoko trdnost, vzdr\u017eljivost in u\u010dinkovito hidravli\u010dno delovanje. Z vsestransko uporabnostjo in skrbno na\u010drtovanimi premisleki igra klju\u010dno vlogo v razli\u010dnih panogah. Na\u0161e podjetje je vodilni proizvajalec in distributer nadomestnih hidravli\u010dnih valjev, zavezano zagotavljanju odli\u010dne kakovosti in izpolnjevanju raznolikih zahtev strank.<\/p>\n<p><img decoding=\"async\" src=\"https:\/\/hzpt.com\/wp-content\/uploads\/2024\/11\/songte-company-1.webp\" alt=\"Slika podjetja\"><\/p>\n<h2>O na\u0161em podjetju<\/h2>\n<ul>\n<li>Profesionalnost: Smo proizvajalec, specializiran za proizvodnjo nadomestnih hidravli\u010dnih cilindrov.<\/li>\n<li>Mednarodni certifikati: Na\u0161i izdelki izpolnjujejo mednarodne standarde kakovosti.<\/li>\n<li>Storitve prilagajanja: Ponujamo re\u0161itve po meri, ki ustrezajo specifi\u010dnim zahtevam strank.<\/li>\n<li>Napredna proizvodna oprema: Uporabljamo najsodobnej\u0161o proizvodno opremo.<\/li>\n<li>Poprodajna storitev: Zagotavljamo odli\u010dno poprodajno podporo za zagotavljanje zadovoljstva strank.<\/li>\n<\/ul>\n<p><img decoding=\"async\" src=\"https:\/\/www.hydraulic-cylinders.net\/wp-content\/uploads\/2025\/01\/songte-company-3.webp\" alt=\"Slika podjetja\"><\/p>\n<p>Avtor: lyl<\/p>\n<p><\/body><br \/>\n<\/html><\/p>","protected":false},"excerpt":{"rendered":"<p>Bucket Cylinder For XGMA Wheel Excavator XG806W Bucket Cylinder For XGMA Wheel Excavator XG806W Introduction The bucket cylinder is a specially designed hydraulic cylinder used to control the movement of the bucket in heavy machinery such as excavators, backhoe loaders, and wheel loaders. Its main function is to enable the lifting, lowering, and tilting of [&hellip;]<\/p>","protected":false},"featured_media":14780,"comment_status":"open","ping_status":"closed","template":"","meta":{"_et_pb_use_builder":"","_et_pb_old_content":"","_et_gb_content_width":""},"product_brand":[],"product_cat":[1494],"product_tag":[1495,1496],"class_list":{"0":"post-15603","1":"product","2":"type-product","3":"status-publish","4":"has-post-thumbnail","6":"product_cat-bucket-cylinders","7":"product_tag-bucket-cylinders","8":"product_tag-hydraulic-cylinders","10":"first","11":"instock","12":"shipping-taxable","13":"product-type-simple"},"amp_enabled":true,"_links":{"self":[{"href":"https:\/\/www.hydraulic-cylinders.net\/sl\/wp-json\/wp\/v2\/product\/15603","targetHints":{"allow":["GET"]}}],"collection":[{"href":"https:\/\/www.hydraulic-cylinders.net\/sl\/wp-json\/wp\/v2\/product"}],"about":[{"href":"https:\/\/www.hydraulic-cylinders.net\/sl\/wp-json\/wp\/v2\/types\/product"}],"replies":[{"embeddable":true,"href":"https:\/\/www.hydraulic-cylinders.net\/sl\/wp-json\/wp\/v2\/comments?post=15603"}],"wp:featuredmedia":[{"embeddable":true,"href":"https:\/\/www.hydraulic-cylinders.net\/sl\/wp-json\/wp\/v2\/media\/14780"}],"wp:attachment":[{"href":"https:\/\/www.hydraulic-cylinders.net\/sl\/wp-json\/wp\/v2\/media?parent=15603"}],"wp:term":[{"taxonomy":"product_brand","embeddable":true,"href":"https:\/\/www.hydraulic-cylinders.net\/sl\/wp-json\/wp\/v2\/product_brand?post=15603"},{"taxonomy":"product_cat","embeddable":true,"href":"https:\/\/www.hydraulic-cylinders.net\/sl\/wp-json\/wp\/v2\/product_cat?post=15603"},{"taxonomy":"product_tag","embeddable":true,"href":"https:\/\/www.hydraulic-cylinders.net\/sl\/wp-json\/wp\/v2\/product_tag?post=15603"}],"curies":[{"name":"delovni list","href":"https:\/\/api.w.org\/{rel}","templated":true}]}}