{"id":15605,"date":"2025-01-19T14:44:22","date_gmt":"2025-01-19T14:44:22","guid":{"rendered":"https:\/\/www.hydraulic-cylinders.net\/product\/bucket-cylinder-for-xgma-wheel-excavator-xg815w\/"},"modified":"2025-01-19T14:44:24","modified_gmt":"2025-01-19T14:44:24","slug":"bucket-cylinder-for-xgma-wheel-excavator-xg815w","status":"publish","type":"product","link":"https:\/\/www.hydraulic-cylinders.net\/sl\/izdelek\/bucket-cylinder-for-xgma-wheel-excavator-xg815w\/","title":{"rendered":"Cilinder \u017elice za kolesni bager XGMA XG815W"},"content":{"rendered":"<h1>Cilinder \u017elice za kolesni bager XGMA XG815W<\/h1>\n<h2>Uvod<\/h2>\n<p>Hidravli\u010dni valj \u017elice, znan tudi kot hidravli\u010dni valj, je posebej zasnovan hidravli\u010dni sestavni del, ki se uporablja za nadzor gibanja \u017elice v te\u017ekih strojih, kot so bagri, bagri in \u010delni nakladalniki. Njegova glavna funkcija je omogo\u010danje dvigovanja, spu\u0161\u010danja in nagibanja \u017elice, zaradi \u010desar je primeren za razli\u010dna opravila ravnanja z materiali. V hidravli\u010dnem sistemu valj \u017elice dose\u017ee natan\u010den nadzor nad \u017elico s spreminjanjem tlaka hidravli\u010dnega olja, kar omogo\u010da upravljavcem u\u010dinkovito ravnanje s te\u017ekimi bremeni, hkrati pa se prilagajajo kompleksnim delovnim okoljem in raznolikim zahtevam dela.<\/p>\n<p><img decoding=\"async\" src=\"https:\/\/www.hydraulic-cylinders.net\/wp-content\/uploads\/2025\/01\/songte-company-2.webp\" alt=\"Slika valjaste \u017elice\"><\/p>\n<h2>Zna\u010dilnosti<\/h2>\n<ul>\n<li>\n<h3>Visoka trdnost in vzdr\u017eljivost<\/h3>\n<p>Valj vedra je obi\u010dajno izdelan iz visoko trdnega jekla ali aluminija, ki lahko prenese visok tlak in velike obremenitve, ter je zasnovan z upo\u0161tevanjem odpornosti proti obrabi in koroziji, da se podalj\u0161a njegova \u017eivljenjska doba.<\/p>\n<\/li>\n<li>\n<h3>U\u010dinkovito hidravli\u010dno delovanje<\/h3>\n<p>Cilinder \u017elice izkori\u0161\u010da tlak hidravli\u010dnega olja za doseganje gladkega teleskopskega gibanja, kar omogo\u010da hiter odziv na krmilne ukaze, zagotavlja mo\u010dno potisno in vle\u010dno silo ter je primeren za ravnanje s te\u017ekimi bremeni in kompleksnimi delovnimi nalogami.<\/p>\n<\/li>\n<li>\n<h3>Razli\u010dne vrste<\/h3>\n<p>Glede na potrebe delovanja je mogo\u010de izbrati enosmerni (hidravli\u010dni cilinder samo v eni smeri) ali dvosmerni (hidravli\u010dni cilinder v dveh smereh). Nekateri modeli so teleskopski, kar omogo\u010da ve\u010dji razteg brez pove\u010danja zunanjih dimenzij, primerni za uporabo v omejenem prostoru.<\/p>\n<\/li>\n<li>\n<h3>Popolna zamenjava<\/h3>\n<p>Na\u0161i izdelki lahko popolnoma nadomestijo te hidravli\u010dne cilindre.<\/p>\n<\/li>\n<\/ul>\n<p><img decoding=\"async\" src=\"https:\/\/www.hydraulic-cylinders.net\/wp-content\/uploads\/2025\/01\/songte-cylinder-head-with-all-kinds-excavator-models.webp\" alt=\"Slika valjaste \u017elice\"><\/p>\n<h2>Aplikacije<\/h2>\n<p>Cilinder z \u017elico ima razli\u010dne aplikacije, vklju\u010dno z:<\/p>\n<ul>\n<li>\n<h3>Gradbena oprema<\/h3>\n<p>Cilinder \u017elice je bistvenega pomena za bagre pri kopanju, nakladanju in premikanju zemlje ali ru\u0161evin. Pri bagrih cilinder \u017elice pomaga pri kopanju in dvigovanju. Pri nakladalnikih pomaga pri dvigovanju in nagibanju za u\u010dinkovito odlaganje.<\/p>\n<\/li>\n<li>\n<h3>Kmetijska mehanizacija<\/h3>\n<p>Cilinder \u017elice se uporablja pri \u010delnih nakladalnikih za zajemanje, dvigovanje in prevoz zemlje, sena in drugih materialov. Pri bagrih cilinder \u017elice omogo\u010da kopanje, saj \u017elici omogo\u010da prodiranje v zemljo.<\/p>\n<\/li>\n<\/ul>\n<h2>Oblikovalski vidiki in izbirna merila<\/h2>\n<p>Zasnova cilindra vedra upo\u0161teva klju\u010dne dejavnike, kot so nosilnost, tesnjenje, vzdr\u017eljivost, varnost in vzdr\u017eevanje. Uporablja visokokakovostne materiale in natan\u010dne proizvodne procese za zagotavljanje maksimalne zmogljivosti in dolge \u017eivljenjske dobe. Sledijo konstrukcijski vidiki in merila za izbor:<\/p>\n<ul>\n<li>\n<h3>Nosilnost<\/h3>\n<p>Valj z \u017elico mora biti zasnovan tako, da prenese najve\u010djo obremenitev, ki se nanj izvaja med uporabo. Skrbno je treba upo\u0161tevati izbiro materiala in strukturno celovitost valja.<\/p>\n<\/li>\n<li>\n<h3>Tesnjenje<\/h3>\n<p>Valj vedra mora biti ustrezno zatesnjen, da se prepre\u010di pu\u0161\u010danje olja in vdor vode. Uporaba visokokakovostnih tesnil, kot so tesnila bata in ojnice iz materialov, odpornih proti obrabi, kot sta poliuretan in nitrilna guma, lahko pove\u010da u\u010dinkovitost tesnjenja valja.<\/p>\n<\/li>\n<li>\n<h3>Vzdr\u017eljivost<\/h3>\n<p>Cilinder z \u017elico mora biti zasnovan tako, da prenese zahtevno delovno okolje in velike obremenitve. Uporaba visoko trdnih materialov, natan\u010dni proizvodni procesi in povr\u0161inska obdelava lahko izbolj\u0161ajo odpornost cilindra proti obrabi in koroziji.<\/p>\n<\/li>\n<li>\n<h3>Varnost<\/h3>\n<p>Jeklenka z \u017elico mora biti zasnovana z mislijo na varnost, tako da zagotavlja varno delovanje in prepre\u010duje nesre\u010de. Varnostne funkcije, kot so tla\u010dni varnostni ventili in senzorji polo\u017eaja, je mogo\u010de vgraditi v zasnovo jeklenke, da se zagotovi varno delovanje.<\/p>\n<\/li>\n<li>\n<h3>Vzdr\u017eevanje<\/h3>\n<p>Cilinder z \u017elico mora biti zasnovan tako, da omogo\u010da enostavno vzdr\u017eevanje in popravilo. Upo\u0161tevanje dejavnikov, kot so enostavnost razstavljanja, dostopnost kriti\u010dnih komponent in razpolo\u017eljivost nadomestnih delov, lahko izbolj\u0161a vzdr\u017eevanje cilindra.<\/p>\n<\/li>\n<\/ul>\n<p><img decoding=\"async\" src=\"https:\/\/www.hydraulic-cylinders.net\/wp-content\/uploads\/2025\/01\/songte-oil-pipes-and-spare-parts.webp\" alt=\"Slika valjaste \u017elice\"><\/p>\n<h2>Tesnjenje in mazanje<\/h2>\n<p>Valj \u017elice uporablja razli\u010dne tesnilne komponente, kot so tesnila bata in tesnila palice, za prepre\u010devanje pu\u0161\u010danja olja in vzdr\u017eevanje hidravli\u010dnega tlaka. Uporaba visokokakovostnih tesnil iz materialov, odpornih proti obrabi, kot sta poliuretan in nitrilna guma, lahko izbolj\u0161a u\u010dinkovitost tesnjenja valja. Redno mazanje z ustreznim hidravli\u010dnim oljem lahko pomaga ohranjati delovanje valja in podalj\u0161ati njegovo \u017eivljenjsko dobo.<\/p>\n<h2>Vzdr\u017eevanje in popravila<\/h2>\n<p>Redni pregledi, mazanje in zamenjava tesnil so pogosta vzdr\u017eevalna opravila za valj \u017elice. Pravilna namestitev, mazanje in nastavitev so klju\u010dnega pomena za optimalno delovanje in dolgo \u017eivljenjsko dobo. Pri zamenjavi delov ali obnovi valja lahko upo\u0161tevanje priporo\u010denih postopkov in uporaba ustreznega orodja zagotovi pravilno monta\u017eo in prileganje.<\/p>\n<p><img decoding=\"async\" src=\"https:\/\/www.hydraulic-cylinders.net\/wp-content\/uploads\/2025\/01\/songte-chushion-collar.webp\" alt=\"Slika valjaste \u017elice\"><\/p>\n<h2>Varnostni vidiki in okoljski dejavniki<\/h2>\n<p>Pri uporabi jeklenke z vedrom so varnostni ukrepi, kot sta no\u0161enje osebne za\u0161\u010ditne opreme in upo\u0161tevanje ustreznih postopkov uporabe, bistveni za prepre\u010devanje nesre\u010d. Okoljski dejavniki, kot so temperatura, vla\u017enost in izpostavljenost kemikalijam, lahko vplivajo na delovanje in vzdr\u017eljivost jeklenke. Ukrepi, kot sta redno \u010di\u0161\u010denje in pravilno shranjevanje, lahko pomagajo ubla\u017eiti te u\u010dinke.<\/p>\n<h2>Diagnoza napak in odpravljanje te\u017eav<\/h2>\n<p>Med pogoste okvare cilindrov \u017elice spadajo pu\u0161\u010danje olja, nezadosten tlak in zana\u0161anje cilindra. Pravilna diagnoza in odpravljanje te\u017eav lahko pomagata ugotoviti vzrok te\u017eave in dolo\u010diti ustrezno popravilo ali zamenjavo. Ukrepi, kot so redni pregledi, pravilna namestitev in vzdr\u017eevanje, lahko pomagajo prepre\u010diti morebitne okvare.<\/p>\n<p><img decoding=\"async\" src=\"https:\/\/www.hydraulic-cylinders.net\/wp-content\/uploads\/2025\/01\/songte-bushings-with-all-kinds-of-excavator-models.webp\" alt=\"Slika valjaste \u017elice\"><\/p>\n<h2>O na\u0161em podjetju<\/h2>\n<p>Smo proizvajalec hidravli\u010dnih cilindrov, ki lahko popolnoma nadomestijo te hidravli\u010dne cilindre. Na\u0161e podjetje ima celovito paleto izdelkov in je postalo eden vodilnih proizvajalcev in veleprodajnih distributerjev hidravli\u010dnih cilindrov na doma\u010dem in mednarodnem trgu. Dr\u017eimo se na\u010del odli\u010dne kakovosti in se zana\u0161amo na industrializirane strategije upravljanja proizvodnje v natan\u010dno izdelanih proizvodnih delavnicah. Na\u0161e podjetje nenehno izbolj\u0161uje svojo proizvodno platformo z uporabo tehnolo\u0161kih talentov, vrhunske digitalne proizvodne opreme in profesionalnih sistemov testiranja, izpopolnjuje proizvodno linijo za kakovost izdelkov in ima mo\u010dne ustvarjalne sposobnosti. Raznolike potrebe strank izpolnjujemo z na\u010deli visoke u\u010dinkovitosti, visoke natan\u010dnosti in visoke kakovosti.<\/p>\n<p><img decoding=\"async\" src=\"https:\/\/hzpt.com\/wp-content\/uploads\/2024\/11\/songte-company-1.webp\" alt=\"Slika valjaste \u017elice\"><\/p>\n<h3>Profesionalnost<\/h3>\n<p>Na\u0161e podjetje ima ekipo profesionalnih in\u017eenirjev in tehnikov, ki so predani zagotavljanju visokokakovostnih izdelkov in storitev na\u0161im strankam.<\/p>\n<h3>Mednarodni certifikati<\/h3>\n<p>Na\u0161e podjetje je pridobilo razli\u010dne mednarodne certifikate, kot so ISO 9001, CE in SGS, ki zagotavljajo, da na\u0161i izdelki izpolnjujejo mednarodne standarde kakovosti.<\/p>\n<h3>Storitve prilagajanja<\/h3>\n<p>Na\u0161e podjetje nudi storitve prilagajanja hidravli\u010dnih cilindrov, da zadosti specifi\u010dnim potrebam strank.<\/p>\n<h3>Proizvodna oprema<\/h3>\n<p>Na\u0161e podjetje ima napredno proizvodno opremo, kot so CNC stru\u017enice, rezkalni stroji in varilni stroji, ki zagotavljajo natan\u010dnost in kakovost na\u0161ih izdelkov.<\/p>\n<h3>Poprodajne storitve<\/h3>\n<p>Na\u0161e podjetje nudi odli\u010dne poprodajne storitve, vklju\u010dno s tehni\u010dno podporo, popravilom in zamenjavo.<\/p>\n<h4>Avtor: lyl<\/h4>","protected":false},"excerpt":{"rendered":"<p>Bucket Cylinder For XGMA Wheel Excavator XG815W Introduction The bucket cylinder, also known as a hydraulic cylinder, is a specifically designed hydraulic component used to control the movement of the bucket in heavy machinery such as excavators, backhoes, and front-end loaders. Its primary function is to enable the bucket to lift, lower, and tilt, making [&hellip;]<\/p>","protected":false},"featured_media":14776,"comment_status":"open","ping_status":"closed","template":"","meta":{"_et_pb_use_builder":"","_et_pb_old_content":"","_et_gb_content_width":""},"product_brand":[],"product_cat":[1494],"product_tag":[1495,1496],"class_list":{"0":"post-15605","1":"product","2":"type-product","3":"status-publish","4":"has-post-thumbnail","6":"product_cat-bucket-cylinders","7":"product_tag-bucket-cylinders","8":"product_tag-hydraulic-cylinders","10":"first","11":"instock","12":"shipping-taxable","13":"product-type-simple"},"amp_enabled":true,"_links":{"self":[{"href":"https:\/\/www.hydraulic-cylinders.net\/sl\/wp-json\/wp\/v2\/product\/15605","targetHints":{"allow":["GET"]}}],"collection":[{"href":"https:\/\/www.hydraulic-cylinders.net\/sl\/wp-json\/wp\/v2\/product"}],"about":[{"href":"https:\/\/www.hydraulic-cylinders.net\/sl\/wp-json\/wp\/v2\/types\/product"}],"replies":[{"embeddable":true,"href":"https:\/\/www.hydraulic-cylinders.net\/sl\/wp-json\/wp\/v2\/comments?post=15605"}],"wp:featuredmedia":[{"embeddable":true,"href":"https:\/\/www.hydraulic-cylinders.net\/sl\/wp-json\/wp\/v2\/media\/14776"}],"wp:attachment":[{"href":"https:\/\/www.hydraulic-cylinders.net\/sl\/wp-json\/wp\/v2\/media?parent=15605"}],"wp:term":[{"taxonomy":"product_brand","embeddable":true,"href":"https:\/\/www.hydraulic-cylinders.net\/sl\/wp-json\/wp\/v2\/product_brand?post=15605"},{"taxonomy":"product_cat","embeddable":true,"href":"https:\/\/www.hydraulic-cylinders.net\/sl\/wp-json\/wp\/v2\/product_cat?post=15605"},{"taxonomy":"product_tag","embeddable":true,"href":"https:\/\/www.hydraulic-cylinders.net\/sl\/wp-json\/wp\/v2\/product_tag?post=15605"}],"curies":[{"name":"delovni list","href":"https:\/\/api.w.org\/{rel}","templated":true}]}}