{"id":15606,"date":"2025-01-19T14:44:27","date_gmt":"2025-01-19T14:44:27","guid":{"rendered":"https:\/\/www.hydraulic-cylinders.net\/product\/bucket-cylinder-for-lonking-small-excavator-lg6065\/"},"modified":"2025-01-19T14:44:29","modified_gmt":"2025-01-19T14:44:29","slug":"bucket-cylinder-for-lonking-small-excavator-lg6065","status":"publish","type":"product","link":"https:\/\/www.hydraulic-cylinders.net\/sl\/izdelek\/bucket-cylinder-for-lonking-small-excavator-lg6065\/","title":{"rendered":"Cilinder \u017elice za majhen bager Lonking LG6065"},"content":{"rendered":"<h1>Cilinder \u017elice za majhen bager Lonking LG6065<\/h1>\n<h2>Uvod<\/h2>\n<h3>Definiranje cilindra vedra<\/h3>\n<p>Hidravli\u010dni valj \u017elice je posebej zasnovan hidravli\u010dni valj, ki se uporablja predvsem za nadzor gibanja \u017elice v te\u017ekih strojih, kot so bagri, bagri in \u010delni nakladalniki. Njegova glavna funkcija je omogo\u010diti dvigovanje, spu\u0161\u010danje in nagibanje \u017elice, kar olaj\u0161a izvajanje razli\u010dnih nalog ravnanja z materiali. V hidravli\u010dnem sistemu cilindri \u017elice natan\u010dno nadzorujejo gibanje \u017elice s spremembami tlaka hidravli\u010dnega olja, kar upravljavcem omogo\u010da u\u010dinkovito ravnanje s te\u017ekimi bremeni in prilagajanje kompleksnim delovnim okoljem ter raznolikim operativnim potrebam.<\/p>\n<p><img decoding=\"async\" src=\"https:\/\/www.hydraulic-cylinders.net\/wp-content\/uploads\/2025\/01\/songte-company-2.webp\"><\/p>\n<h3>Zna\u010dilnosti izdelka<\/h3>\n<ul>\n<li>Visoka trdnost in vzdr\u017eljivost: Valji z \u017elico, obi\u010dajno izdelani iz visoko trdnega jekla ali aluminija, lahko prenesejo visok tlak in velike obremenitve, se prilagajajo zahtevnim delovnim okoljem in so zasnovani z mislijo na odpornost proti obrabi in koroziji, da se podalj\u0161a njihova \u017eivljenjska doba.<\/li>\n<li>U\u010dinkovito hidravli\u010dno delovanje: Z uporabo hidravli\u010dnega tlaka olja za doseganje gladkega iztegovanja in vvla\u010devanja se cilindri \u017elice lahko hitro odzovejo na krmilne ukaze in zagotavljajo mo\u010dne potisne in vle\u010dne sile, primerne za ravnanje s te\u017ekimi bremeni in kompleksne operativne naloge.<\/li>\n<li>Razli\u010dne vrste: Cilindri \u017elice so lahko enosmerno delujo\u010di (hidravli\u010dno delovanje samo v eni smeri) ali dvosmerno delujo\u010di (hidravli\u010dno delovanje v dveh smereh) in jih je mogo\u010de izbrati glede na operativne potrebe. Nekateri modeli so teleskopski, kar omogo\u010da ve\u010dji razteg brez pove\u010danja zunanjih dimenzij, zaradi \u010desar so primerni za uporabo v omejenem prostoru.<\/li>\n<li>Lahko nadomesti druge hidravli\u010dne cilindre: Na\u0161i izdelki lahko popolnoma nadomestijo druge hidravli\u010dne cilindre. <\/li>\n<\/ul>\n<p><img decoding=\"async\" src=\"https:\/\/www.hydraulic-cylinders.net\/wp-content\/uploads\/2025\/01\/songte-cylinder-head-with-all-kinds-excavator-models.webp\"><\/p>\n<h3>Aplikacije<\/h3>\n<p>Valji z \u017elico se pogosto uporabljajo v razli\u010dnih panogah, vklju\u010dno z:<\/p>\n<ul>\n<li>Gradbena oprema: Pri bagrih so klju\u010dni za kopanje, nakladanje in premikanje zemlje ali ru\u0161evin. Pri bagrih cilindri \u017elice pomagajo tako pri kopanju kot pri dvigovanju. <\/li>\n<li>Kmetijska mehanizacija: Uporablja se v \u010delnih nakladalnikih za zajemanje, dvigovanje in prevoz zemlje, sena in drugih materialov.<\/li>\n<li>Bagri: Cilindri \u017elice omogo\u010dajo izkopavanje, saj omogo\u010dajo, da \u017elica prodre v zemljo.<\/li>\n<li>Nakladalci: Pri \u010delnih nakladalcih pomagajo pri u\u010dinkovitem dvigovanju in odlaganju tovora.<\/li>\n<\/ul>\n<h3>Oblikovalski vidiki in izbirna merila<\/h3>\n<p>Valji \u017elic so zasnovani ob upo\u0161tevanju ve\u010d klju\u010dnih dejavnikov, vklju\u010dno z:<\/p>\n<ul>\n<li>Nosilnost<\/li>\n<li>Tesnjenje<\/li>\n<li>Vzdr\u017eljivost<\/li>\n<li>Varnost<\/li>\n<li>Vzdr\u017eevanje<\/li>\n<\/ul>\n<p><img decoding=\"async\" src=\"https:\/\/www.hydraulic-cylinders.net\/wp-content\/uploads\/2025\/01\/songte-oil-pipes-and-spare-parts.webp\"><\/p>\n<h3>Tesnjenje in mazanje<\/h3>\n<p>Valji \u017elice so opremljeni z razli\u010dnimi tesnilnimi komponentami, kot so tesnila bata, tesnila palic in druga tesnila, ki so izdelana iz materialov, odpornih proti obrabi, kot sta poliuretan in nitrilna guma. Telo valja in navojne kon\u010dne povr\u0161ine so fino obdelane za izbolj\u0161anje odpornosti proti obrabi. Za mazanje je potrebno redno dodajanje ustrezne koli\u010dine hidravli\u010dnega olja.<\/p>\n<h3>Vzdr\u017eevanje in popravila<\/h3>\n<p>Redni pregledi in preventivno vzdr\u017eevanje so bistveni za zagotovitev dolge \u017eivljenjske dobe cilindra vedra. Pogosta vzdr\u017eevalna opravila vklju\u010dujejo:<\/p>\n<ul>\n<li>Redni pregled<\/li>\n<li>Pravilno mazanje<\/li>\n<li>Zamenjava tesnila<\/li>\n<li>Preverjanja kalibracije<\/li>\n<\/ul>\n<p>Pravilna namestitev je klju\u010dnega pomena za zagotovitev optimalne zmogljivosti in dolge \u017eivljenjske dobe cilindra z \u017elico. Priporo\u010dljivo je, da za pritrditev cilindra uporabite ustrezne monta\u017ene nosilce. Priporo\u010deni postopki pregleda, popravila in zamenjave lahko podalj\u0161ajo \u017eivljenjsko dobo cilindra.<\/p>\n<p><img decoding=\"async\" src=\"https:\/\/www.hydraulic-cylinders.net\/wp-content\/uploads\/2025\/01\/songte-chushion-collar.webp\"><\/p>\n<h3>Varnost in okolje<\/h3>\n<p>Jeklenke z vedrom je treba uporabljati z ustreznimi varnostnimi ukrepi, da prepre\u010dite nesre\u010de. Bistveno je upo\u0161tevati varnostne smernice in izvajati varne tehnike ravnanja, da prepre\u010dite po\u0161kodbe ali \u0161kodo med uporabo jeklenke. Pri uporabi jeklenk z vedrom je treba upo\u0161tevati tudi okoljske dejavnike, kot sta hrup in ravnanje z odpadki.<\/p>\n<h3>Pogoste te\u017eave in odpravljanje te\u017eav<\/h3>\n<p>Nekatere pogoste te\u017eave, ki se lahko pojavijo z cilindri vedra, vklju\u010dujejo pu\u0161\u010danje, nizek tlak in nenavadne zvoke. Odpravljanje teh te\u017eav lahko vklju\u010duje pregled, kalibracijo in zamenjavo po\u0161kodovanih komponent. Redno preventivno vzdr\u017eevanje lahko pomaga prepre\u010diti morebitne te\u017eave.<\/p>\n<p><img decoding=\"async\" src=\"https:\/\/www.hydraulic-cylinders.net\/wp-content\/uploads\/2025\/01\/songte-bushings-with-all-kinds-of-excavator-models.webp\"><\/p>\n<h2>Na\u0161e podjetje<\/h2>\n<p>Smo proizvajalec hidravli\u010dnih cilindrov, ki ponuja celotno paleto izdelkov. Postali smo eden vodilnih proizvajalcev in veleprodajnih distributerjev hidravli\u010dnih cilindrov na doma\u010dem in mednarodnem trgu. Sledimo na\u010delu odli\u010dne kakovosti in se zana\u0161amo na industrializirano strategijo upravljanja proizvodnje s prefinjenimi proizvodnimi delavnicami. Z uporabo visoko napredne digitalne proizvodne opreme, profesionalnega sistema testiranja in izku\u0161enega tehni\u010dnega osebja nenehno izbolj\u0161ujemo na\u0161e proizvodne platforme in proizvodne linije za zagotavljanje kakovosti izdelkov. Zaradi tega smo zelo u\u010dinkoviti, natan\u010dni in kakovostni, da bi bolje zadovoljili raznolike potrebe na\u0161ih strank.<\/p>\n<h3>Profesionalnost<\/h3>\n<p>Na\u0161e podjetje je zavezano k ohranjanju najvi\u0161je ravni profesionalnosti v vseh vidikih na\u0161ega poslovanja. V vseh odnosih s strankami, dobavitelji in partnerji spo\u0161tujemo na\u010dela po\u0161tenosti, integritete in eti\u010dnega ravnanja.<\/p>\n<h3>Mednarodno certificiranje<\/h3>\n<p>Na\u0161i izdelki so certificirani in izpolnjujejo najvi\u0161je mednarodne standarde, vklju\u010dno z ISO9001, CE in TUV. Zavezani smo k zagotavljanju izdelkov najvi\u0161je kakovosti, ki ustrezajo njihovim potrebam.<\/p>\n<h3>Storitve prilagajanja<\/h3>\n<p>Ponujamo storitve prilagajanja, ki jih je mogo\u010de prilagoditi specifi\u010dnim potrebam na\u0161ih strank. Zagotovimo lahko prilagojene hidravli\u010dne cilindre, ki ustrezajo specifi\u010dnim zahtevam njihovih aplikacij.<\/p>\n<h3>Proizvodna oprema<\/h3>\n<p>Za proizvodnjo hidravli\u010dnih cilindrov uporabljamo visoko napredno digitalno proizvodno opremo. Na\u0161a proizvodna oprema vklju\u010duje CNC stroje, stroje za rezanje kovin, avtomatsko varilno opremo in opremo za testiranje. Zavezani smo k uporabi najnovej\u0161e tehnologije za proizvodnjo visokokakovostnih izdelkov.<\/p>\n<h3>Poprodajne storitve<\/h3>\n<p>Nudimo poprodajne storitve, ki vklju\u010dujejo tehni\u010dno podporo, vzdr\u017eevanje izdelkov in popravila. Zavezani smo k zagotavljanju najvi\u0161je ravni podpore in pomo\u010di na\u0161im strankam.<\/p>\n<p><img decoding=\"async\" src=\"https:\/\/hzpt.com\/wp-content\/uploads\/2024\/11\/songte-company-1.webp\"><\/p>\n<p>Avtor: lyl.<\/p>","protected":false},"excerpt":{"rendered":"<p>Bucket Cylinder For Lonking Small Excavator LG6065 Introduction Defining Bucket Cylinder A bucket cylinder is a specially-designed hydraulic cylinder used primarily to control the movement of the bucket in heavy machinery such as excavators, backhoes, and front-end loaders. Its main function is to enable the bucket to lift, lower, and tilt, making it easier to [&hellip;]<\/p>","protected":false},"featured_media":14773,"comment_status":"open","ping_status":"closed","template":"","meta":{"_et_pb_use_builder":"","_et_pb_old_content":"","_et_gb_content_width":""},"product_brand":[],"product_cat":[1494],"product_tag":[1495,1496],"class_list":{"0":"post-15606","1":"product","2":"type-product","3":"status-publish","4":"has-post-thumbnail","6":"product_cat-bucket-cylinders","7":"product_tag-bucket-cylinders","8":"product_tag-hydraulic-cylinders","10":"first","11":"instock","12":"shipping-taxable","13":"product-type-simple"},"amp_enabled":true,"_links":{"self":[{"href":"https:\/\/www.hydraulic-cylinders.net\/sl\/wp-json\/wp\/v2\/product\/15606","targetHints":{"allow":["GET"]}}],"collection":[{"href":"https:\/\/www.hydraulic-cylinders.net\/sl\/wp-json\/wp\/v2\/product"}],"about":[{"href":"https:\/\/www.hydraulic-cylinders.net\/sl\/wp-json\/wp\/v2\/types\/product"}],"replies":[{"embeddable":true,"href":"https:\/\/www.hydraulic-cylinders.net\/sl\/wp-json\/wp\/v2\/comments?post=15606"}],"wp:featuredmedia":[{"embeddable":true,"href":"https:\/\/www.hydraulic-cylinders.net\/sl\/wp-json\/wp\/v2\/media\/14773"}],"wp:attachment":[{"href":"https:\/\/www.hydraulic-cylinders.net\/sl\/wp-json\/wp\/v2\/media?parent=15606"}],"wp:term":[{"taxonomy":"product_brand","embeddable":true,"href":"https:\/\/www.hydraulic-cylinders.net\/sl\/wp-json\/wp\/v2\/product_brand?post=15606"},{"taxonomy":"product_cat","embeddable":true,"href":"https:\/\/www.hydraulic-cylinders.net\/sl\/wp-json\/wp\/v2\/product_cat?post=15606"},{"taxonomy":"product_tag","embeddable":true,"href":"https:\/\/www.hydraulic-cylinders.net\/sl\/wp-json\/wp\/v2\/product_tag?post=15606"}],"curies":[{"name":"delovni list","href":"https:\/\/api.w.org\/{rel}","templated":true}]}}