{"id":15611,"date":"2025-01-19T14:44:47","date_gmt":"2025-01-19T14:44:47","guid":{"rendered":"https:\/\/www.hydraulic-cylinders.net\/product\/bucket-cylinder-for-lonking-small-excavator-lg6150\/"},"modified":"2025-01-19T14:44:49","modified_gmt":"2025-01-19T14:44:49","slug":"bucket-cylinder-for-lonking-small-excavator-lg6150","status":"publish","type":"product","link":"https:\/\/www.hydraulic-cylinders.net\/sl\/izdelek\/bucket-cylinder-for-lonking-small-excavator-lg6150\/","title":{"rendered":"Cilinder \u017elice za majhen bager Lonking LG6150"},"content":{"rendered":"<h1>Cilinder \u017elice za majhen bager Lonking LG6150<\/h1>\n<h2>Uvod<\/h2>\n<p>Hidravli\u010dni cilinder \u017elice za majhen bager Lonking LG6150 je zasnovan posebej za hidravli\u010dne cilindre, ki krmilijo gibanje \u017elice v te\u017ekih strojih, kot so bagri, bagri in \u010delni nakladalniki. Njegova glavna funkcija je olaj\u0161anje dvigovanja, spu\u0161\u010danja in nagibanja \u017elice, kar olaj\u0161a rokovanje z razli\u010dnimi materiali. V hidravli\u010dnem sistemu cilinder \u017elice natan\u010dno krmili \u017elico z uporabo sprememb tlaka hidravli\u010dnega olja, kar omogo\u010da upravljavcem u\u010dinkovito rokovanje s te\u017ekimi materiali, prilagajanje kompleksnim delovnim okoljem in izpolnjevanje razli\u010dnih operativnih zahtev.<\/p>\n<p><img loading=\"lazy\" decoding=\"async\" src=\"https:\/\/www.hydraulic-cylinders.net\/wp-content\/uploads\/2025\/01\/songte-company-2.webp\" alt=\"Cilinder \u017elice za majhen bager Lonking LG6150\" width=\"500\" height=\"333\"><\/p>\n<h2>Zna\u010dilnosti<\/h2>\n<ul>\n<li>Visoka trdnost in vzdr\u017eljivost: obi\u010dajno izdelani iz visoko trdnega jekla ali aluminija, sposobni prenesti visok tlak in velike obremenitve, se prilagajajo zahtevnim delovnim okoljem in so zasnovani z odpornostjo proti obrabi in koroziji za podalj\u0161anje \u017eivljenjske dobe.<\/li>\n<li>U\u010dinkovito hidravli\u010dno delovanje: gladko teleskopsko delovanje z uporabo hidravli\u010dnega tlaka olja, hitro odzivanje na krmilne ukaze, zagotavljanje mo\u010dnih potiskih in vle\u010dnih sil, primerno za ravnanje s te\u017ekimi predmeti in kompleksne operativne naloge.<\/li>\n<li>Razli\u010dne vrste: enosmerno delujo\u010di (hidravli\u010dni samo v eno smer) ali dvosmerno delujo\u010di (hidravli\u010dni v obe smeri) cilindri se lahko izberejo glede na potrebe in izpolnijo razli\u010dne operativne zahteve. Nekateri modeli so teleskopski, kar omogo\u010da ve\u010dji razteg brez pove\u010danja zunanjih dimenzij, primerni za uporabo v omejenem prostoru.<\/li>\n<li>Enostavna namestitev: na\u0161 izdelek lahko popolnoma nadomesti te hidravli\u010dne cilindre.<\/li>\n<\/ul>\n<p><img loading=\"lazy\" decoding=\"async\" src=\"https:\/\/www.hydraulic-cylinders.net\/wp-content\/uploads\/2025\/01\/songte-cylinder-head-with-all-kinds-excavator-models.webp\" alt=\"Cilinder \u017elice za majhen bager Lonking LG6150\" width=\"500\" height=\"333\"><\/p>\n<h2>Aplikacije<\/h2>\n<p>Cilindri \u017elice so bistveni za gradbeno opremo, kot so bagri, bagri in \u010delni nakladalniki. Uporabljajo se za kopanje, nakladanje in premikanje zemlje ali ru\u0161evin. Cilindri \u017elice pomagajo dvigniti \u017elico in pomagajo pri izkopavanju za bagre. Pri \u010delnih nakladalnikih pomagajo u\u010dinkovito dvigovati in odlagati tovor. V kmetijski mehanizaciji se uporabljajo za \u010delne nakladalnike, zajemanje, dvigovanje in prevoz zemlje, sena in drugih materialov. Pri bagrih cilinder \u017elice omogo\u010da, da \u017elica prodre v zemljo za izkop.<\/p>\n<h3>Gradbena oprema<\/h3>\n<p>Pri bagrih so bistveni za kopanje, nakladanje in premikanje zemlje ali ru\u0161evin. Pri bagrih cilindri \u017elice pomagajo dvigniti \u017elico in olaj\u0161ati izkop. Pri \u010delnih nakladalnikih pomagajo u\u010dinkovito dvigovati in odlagati tovor.<\/p>\n<h3>Kmetijska mehanizacija<\/h3>\n<p>Uporablja se za \u010delne nakladalnike, zajemanje, dvigovanje in prevoz zemlje, sena in drugih materialov.<\/p>\n<h2>Oblikovalski vidiki in izbirna merila<\/h2>\n<p>Pri na\u010drtovanju cilindrov z \u017elico je treba upo\u0161tevati klju\u010dne dejavnike, kot so nosilnost, tesnilna sposobnost, vzdr\u017eljivost, varnost in vzdr\u017eevanje. Cilindri z \u017elico so izdelani iz visoko trdnih materialov, kot sta jeklo ali aluminij, zato lahko prenesejo visoke tlake in velike obremenitve, zaradi \u010desar so trpe\u017eni in primerni za zahtevna delovna okolja. Izbrati je treba tesnilne komponente, kot so tesnila bata in palice, iz materialov, odpornih proti obrabi, kot sta poliuretan ali nitrilna guma. Ohi\u0161je cilindra in navojne kon\u010dne povr\u0161ine so fino obdelane za izbolj\u0161anje odpornosti proti obrabi. Za zagotovitev ustreznega mazanja cilindra je potrebno redno dolivanje hidravli\u010dnega olja.<\/p>\n<p><img loading=\"lazy\" decoding=\"async\" src=\"https:\/\/www.hydraulic-cylinders.net\/wp-content\/uploads\/2025\/01\/songte-oil-pipes-and-spare-parts.webp\" alt=\"Cilinder \u017elice za majhen bager Lonking LG6150\" width=\"500\" height=\"333\"><\/p>\n<h2>Vzdr\u017eevanje in popravila<\/h2>\n<p>Redno vzdr\u017eevanje in popravilo cilindrov \u017elice je bistvenega pomena za podalj\u0161anje njihove \u017eivljenjske dobe in zagotovitev njihovega pravilnega delovanja. Redna vzdr\u017eevalna opravila vklju\u010dujejo pravilno poravnavo cilindra, ustrezno mazanje ter redne preglede tesnil in kalibracije. Pogoste te\u017eave, kot so pu\u0161\u010danje in po\u0161kodbe ohi\u0161ja cilindra ali batnice, je mogo\u010de odpraviti z ustreznimi postopki popravila. Za podalj\u0161anje \u017eivljenjske dobe cilindra \u017elice je mogo\u010de zagotoviti zamenjavo delov in storitve obnove.<\/p>\n<h3>Pogosta vzdr\u017eevalna opravila<\/h3>\n<ul>\n<li>Redni pregledi<\/li>\n<li>Ustrezno mazanje<\/li>\n<li>Zamenjava tesnila<\/li>\n<li>Preverjanja kalibracije<\/li>\n<\/ul>\n<p><img loading=\"lazy\" decoding=\"async\" src=\"https:\/\/www.hydraulic-cylinders.net\/wp-content\/uploads\/2025\/01\/songte-chushion-collar.webp\" alt=\"Cilinder \u017elice za majhen bager Lonking LG6150\" width=\"500\" height=\"333\"><\/p>\n<h2>Varnostni in okoljski vidiki<\/h2>\n<p>Pri uporabi cilindrov z \u017elico je klju\u010dnega pomena zagotoviti ustrezne varnostne ukrepe za prepre\u010devanje nesre\u010d in po\u0161kodb. Redno vzdr\u017eevanje in pregledi lahko pomagajo prepre\u010diti okvare in zagotoviti varno delovanje. Za prepre\u010devanje okoljske \u0161kode je treba zagotoviti pravilno odstranjevanje hidravli\u010dnega olja in drugih odpadnih materialov.<\/p>\n<h2>Odpravljanje te\u017eav in pogoste te\u017eave<\/h2>\n<p>Pogoste te\u017eave z cilindri \u017elice vklju\u010dujejo pu\u0161\u010danje, po\u0161kodovana tesnila in nepravilno delovanje hidravli\u010dnega sistema. Te\u017eave lahko odpravite z upo\u0161tevanjem navodil proizvajalca in rednim izvajanjem pregledov in vzdr\u017eevanja. Preventivni ukrepi, kot sta redno vzdr\u017eevanje in pregled, lahko pomagajo prepre\u010diti morebitne te\u017eave.<\/p>\n<p><img loading=\"lazy\" decoding=\"async\" src=\"https:\/\/www.hydraulic-cylinders.net\/wp-content\/uploads\/2025\/01\/songte-bushings-with-all-kinds-of-excavator-models.webp\" alt=\"Cilinder \u017elice za majhen bager Lonking LG6150\" width=\"500\" height=\"333\"><\/p>\n<h2>O nas<\/h2>\n<p>Smo proizvajalec nadomestnih hidravli\u010dnih cilindrov, ki ponuja \u0161iroko paleto izdelkov in je eden vodilnih proizvajalcev in veletrgovcev s hidravli\u010dnimi cilindri na doma\u010dem in mednarodnem trgu. Na\u0161e podjetje se dr\u017ei odli\u010dne kakovosti, pri \u010demer se zana\u0161a na industrializirano strategijo upravljanja proizvodnje s prefinjenimi proizvodnimi delavnicami. Nenehno izbolj\u0161ujemo proizvodno platformo delavnice, izpopolnjujemo proizvodno linijo za kakovost izdelkov in imamo mo\u010dne ustvarjalne sposobnosti. Z visoko u\u010dinkovitostjo, natan\u010dnostjo in na\u010deli kakovosti izpolnjujemo raznolike zahteve strank.<\/p>\n<p><img loading=\"lazy\" decoding=\"async\" src=\"https:\/\/hzpt.com\/wp-content\/uploads\/2024\/11\/songte-company-1.webp\" alt=\"Cilinder \u017elice za majhen bager Lonking LG6150\" width=\"500\" height=\"333\"><\/p>\n<h3>Profesionalnost in mednarodna certifikacija<\/h3>\n<p>Na\u0161e podjetje je zavezano k zagotavljanju profesionalnih in visokokakovostnih hidravli\u010dnih cilindrov, zato smo pridobili mednarodne certifikate, kot sta ISO9001 in CE.<\/p>\n<h3>Prilagoditev in proizvodna oprema<\/h3>\n<p>Ponujamo storitve prilagajanja, da zadostimo razli\u010dnim zahtevam strank, in imamo napredno proizvodno opremo, kot so CNC stroji in testni sistemi.<\/p>\n<h3>Poprodajne storitve<\/h3>\n<p>Nudimo odli\u010dno poprodajno storitev, vklju\u010dno z nadomestnimi deli in obnovo, da zagotovimo dolgo \u017eivljenjsko dobo in pravilno delovanje na\u0161ih hidravli\u010dnih cilindrov.<\/p>\n<p>Avtor: lyl.<\/p>","protected":false},"excerpt":{"rendered":"<p>Bucket Cylinder For Lonking Small Excavator LG6150 Introduction The Bucket Cylinder for Lonking Small Excavator LG6150 is designed specifically for hydraulic cylinders that control the bucket movement in heavy machinery such as excavators, backhoes, and front-end loaders. Its main function is to facilitate the lifting, lowering, and tilting of the bucket, making it easier for [&hellip;]<\/p>","protected":false},"featured_media":14761,"comment_status":"open","ping_status":"closed","template":"","meta":{"_et_pb_use_builder":"","_et_pb_old_content":"","_et_gb_content_width":""},"product_brand":[],"product_cat":[1494],"product_tag":[1495,1496],"class_list":{"0":"post-15611","1":"product","2":"type-product","3":"status-publish","4":"has-post-thumbnail","6":"product_cat-bucket-cylinders","7":"product_tag-bucket-cylinders","8":"product_tag-hydraulic-cylinders","10":"first","11":"instock","12":"shipping-taxable","13":"product-type-simple"},"amp_enabled":true,"_links":{"self":[{"href":"https:\/\/www.hydraulic-cylinders.net\/sl\/wp-json\/wp\/v2\/product\/15611","targetHints":{"allow":["GET"]}}],"collection":[{"href":"https:\/\/www.hydraulic-cylinders.net\/sl\/wp-json\/wp\/v2\/product"}],"about":[{"href":"https:\/\/www.hydraulic-cylinders.net\/sl\/wp-json\/wp\/v2\/types\/product"}],"replies":[{"embeddable":true,"href":"https:\/\/www.hydraulic-cylinders.net\/sl\/wp-json\/wp\/v2\/comments?post=15611"}],"wp:featuredmedia":[{"embeddable":true,"href":"https:\/\/www.hydraulic-cylinders.net\/sl\/wp-json\/wp\/v2\/media\/14761"}],"wp:attachment":[{"href":"https:\/\/www.hydraulic-cylinders.net\/sl\/wp-json\/wp\/v2\/media?parent=15611"}],"wp:term":[{"taxonomy":"product_brand","embeddable":true,"href":"https:\/\/www.hydraulic-cylinders.net\/sl\/wp-json\/wp\/v2\/product_brand?post=15611"},{"taxonomy":"product_cat","embeddable":true,"href":"https:\/\/www.hydraulic-cylinders.net\/sl\/wp-json\/wp\/v2\/product_cat?post=15611"},{"taxonomy":"product_tag","embeddable":true,"href":"https:\/\/www.hydraulic-cylinders.net\/sl\/wp-json\/wp\/v2\/product_tag?post=15611"}],"curies":[{"name":"delovni list","href":"https:\/\/api.w.org\/{rel}","templated":true}]}}