{"id":15612,"date":"2025-01-19T14:44:51","date_gmt":"2025-01-19T14:44:51","guid":{"rendered":"https:\/\/www.hydraulic-cylinders.net\/product\/bucket-cylinder-for-lonking-middle-excavator-lg6215\/"},"modified":"2025-01-19T14:44:59","modified_gmt":"2025-01-19T14:44:59","slug":"bucket-cylinder-for-lonking-middle-excavator-lg6215","status":"publish","type":"product","link":"https:\/\/www.hydraulic-cylinders.net\/sl\/izdelek\/bucket-cylinder-for-lonking-middle-excavator-lg6215\/","title":{"rendered":"Cilinder \u017elice za srednji bager Lonking LG6215"},"content":{"rendered":"<h1>Cilinder \u017elice za srednji bager Lonking LG6215<\/h1>\n<h2>Uvod<\/h2>\n<h3>Definiranje cilindra vedra<\/h3>\n<p>Hidravli\u010dni valj \u017elice je posebej zasnovan hidravli\u010dni valj, ki se uporablja predvsem za nadzor gibanja \u017elice v te\u017ekih strojih, kot so bagri, bagri z nakladalnimi ko\u0161arami in \u010delni nakladalniki. Glavna funkcija cilindra \u017elice je omogo\u010danje dvigovanja, spu\u0161\u010danja in nagibanja \u017elice za razli\u010dna opravila ravnanja z materiali. V hidravli\u010dnem sistemu valj \u017elice dose\u017ee natan\u010den nadzor nad \u017elico s spreminjanjem tlaka hidravli\u010dnega olja, kar omogo\u010da upravljavcem u\u010dinkovito ravnanje s te\u017ekimi bremeni in prilagajanje kompleksnim delovnim okoljem ter raznolikim zahtevam dela.<\/p>\n<p><img decoding=\"async\" src=\"https:\/\/www.hydraulic-cylinders.net\/wp-content\/uploads\/2025\/01\/songte-company-2.webp\" alt=\"Slika valjaste \u017elice\"><\/p>\n<h2>Zna\u010dilnosti izdelka<\/h2>\n<ul>\n<li><strong>Visoka trdnost in vzdr\u017eljivost:<\/strong> Obi\u010dajno je izdelan iz visoko trdnega jekla ali aluminija, zato lahko vzdr\u017ei visok tlak in velike obremenitve ter je zasnovan z mislijo na odpornost proti obrabi in koroziji, da se podalj\u0161a njegova \u017eivljenjska doba.<\/li>\n<li><strong>U\u010dinkovito hidravli\u010dno delovanje:<\/strong> Z uporabo tlaka hidravli\u010dnega olja za doseganje gladkega iztegovanja in vle\u010denja se lahko valj \u017elice hitro odzove na krmilne ukaze, zagotavlja mo\u010dno potisno in vle\u010dno silo ter je primeren za ravnanje s te\u017ekimi bremeni in kompleksnimi delovnimi nalogami.<\/li>\n<li><strong>Ve\u010d vrst:<\/strong> Za razli\u010dne operativne potrebe je mogo\u010de izbrati enosmerni (hidravlika se uporablja samo v eni smeri) ali dvosmerni (hidravlika se uporablja v obeh smereh). Nekateri modeli so teleskopski, kar omogo\u010da ve\u010dji razteg brez pove\u010danja zunanjih dimenzij, zaradi \u010desar so primerni za uporabo v omejenem prostoru.<\/li>\n<li><strong>Popolna zamenjava:<\/strong> Na\u0161 izdelek se lahko uporablja kot popolna zamenjava za te hidravli\u010dne cilindre.<\/li>\n<\/ul>\n<p><img decoding=\"async\" src=\"https:\/\/www.hydraulic-cylinders.net\/wp-content\/uploads\/2025\/01\/songte-cylinder-head-with-all-kinds-excavator-models.webp\" alt=\"Slika zamenjave cilindra vedra\"><\/p>\n<h2>Aplikacije<\/h2>\n<h3>Gradbena oprema<\/h3>\n<p>Pri bagrih so klju\u010dni za kopanje, nakladanje in premikanje zemlje ali ru\u0161evin. Pri bagrih z nakladalnim strojem cilinder \u017elice pomaga tako pri kopanju kot pri dvigovanju. Pri \u010delnih nakladalnikih pomagajo u\u010dinkovito dvigovati in odlagati tovor.<\/p>\n<h3>Kmetijska mehanizacija<\/h3>\n<p>Uporablja se v \u010delnih nakladalnikih za zajemanje, dvigovanje in prevoz zemlje, sena in drugih materialov. Pri bagrih cilinder \u017elice omogo\u010da kopanje, saj \u017elici omogo\u010da prodiranje v zemljo. Pri \u010delnih nakladalnikih pomagajo u\u010dinkovito dvigovati in odlagati tovor.<\/p>\n<p><img decoding=\"async\" src=\"https:\/\/www.hydraulic-cylinders.net\/wp-content\/uploads\/2025\/01\/songte-bushings-with-all-kinds-of-excavator-models.webp\" alt=\"Slika uporabe cilindra vedra\"><\/p>\n<h2>Oblikovalski vidiki in izbirna merila<\/h2>\n<h3>Nosilnost<\/h3>\n<p>Nosilnost jeklenke je pomemben dejavnik pri izbiri vedrnega cilindra. Morala bi biti sposobna prenesti pri\u010dakovane obremenitve in tlake brez deformacij ali po\u0161kodb.<\/p>\n<h3>Tesnjenje in vzdr\u017eljivost<\/h3>\n<p>Valj \u017elice zahteva visokokakovostno tesnjenje, da se vzdr\u017euje ustrezen hidravli\u010dni tlak in prepre\u010di pu\u0161\u010danje. Valj mora biti izdelan iz trpe\u017enih materialov in zasnovan tako, da je odporen proti obrabi in koroziji.<\/p>\n<h3>Varnost in vzdr\u017eevanje<\/h3>\n<p>Cilinder z \u017elico mora biti zasnovan z mislijo na varnost, zato ga je treba redno vzdr\u017eevati, da se zagotovi njegovo varno in u\u010dinkovito delovanje. Vzdr\u017eevanje, popravilo in zamenjava morajo biti enostavni, navodila za namestitev in delovanje pa morajo biti jasna.<\/p>\n<p><img decoding=\"async\" src=\"https:\/\/www.hydraulic-cylinders.net\/wp-content\/uploads\/2025\/01\/songte-oil-pipes-and-spare-parts.webp\" alt=\"Slika zasnove valja vedra\"><\/p>\n<h2>Tesnjenje in mazanje<\/h2>\n<p>Za valj \u017elice so potrebne razli\u010dne tesnilne komponente, kot so tesnila bata, tesnila palic in brisalci, ki morajo biti izdelani iz materialov, odpornih proti obrabi, kot sta poliuretan in nitrilna guma. Telo valja in navojna kon\u010dna povr\u0161ina morata biti fino obdelana za izbolj\u0161anje odpornosti proti obrabi. Za nemoteno delovanje je potrebno tudi redno mazanje z ustrezno koli\u010dino hidravli\u010dnega olja.<\/p>\n<h2>Vzdr\u017eevanje in popravila<\/h2>\n<p>Redno vzdr\u017eevanje in ustrezni postopki popravil lahko podalj\u0161ajo \u017eivljenjsko dobo valja z \u017elico. Pogosta vzdr\u017eevalna opravila vklju\u010dujejo redne preglede, ustrezno mazanje, zamenjavo tesnil in preverjanje kalibracije. Pravilna namestitev, mazanje in nastavitev so klju\u010dnega pomena za pravilno delovanje. Med namestitvijo je treba zagotoviti ustrezna navodila za poravnavo, za pritrditev valja pa je treba uporabiti ustrezne nosilce. Upo\u0161tevati je treba priporo\u010dene postopke pregleda, popravila in zamenjave ter zagotoviti storitve zamenjave in obnove delov, da se podalj\u0161a \u017eivljenjska doba valja z \u017elico.<\/p>\n<p><img decoding=\"async\" src=\"https:\/\/www.hydraulic-cylinders.net\/wp-content\/uploads\/2025\/01\/songte-chushion-collar.webp\" alt=\"Slika vzdr\u017eevanja cilindra vedra\"><\/p>\n<h2>Varnostni in okoljski vidiki<\/h2>\n<p>Pri uporabi cilindra z \u017elico je treba sprejeti varnostne ukrepe za za\u0161\u010dito upravljavcev in mimoido\u010dih pred morebitnimi nevarnostmi. Cilinder je treba upravljati znotraj varnega obmo\u010dja obremenitve, upravljavci pa morajo biti usposobljeni za pravilno ravnanje z opremo. Pravilno odstranjevanje rabljenega hidravli\u010dnega olja je potrebno za prepre\u010devanje kontaminacije in okoljske \u0161kode.<\/p>\n<h2>Diagnoza in odpravljanje pogostih napak<\/h2>\n<p>Pogoste napake v cilindrih vedra vklju\u010dujejo pu\u0161\u010danje, nezadosten tlak in po\u010dasno delovanje. Te te\u017eave je mogo\u010de diagnosticirati in odpraviti s skrbnim pregledom in zamenjavo okvarjenih komponent. Pomembno je upo\u0161tevati ustrezne postopke popravila in preventivne ukrepe, da se zmanj\u0161ajo morebitne te\u017eave.<\/p>\n<p><img decoding=\"async\" src=\"https:\/\/hzpt.com\/wp-content\/uploads\/2024\/11\/songte-company-1.webp\" alt=\"Slika odpravljanja te\u017eav z valjem \u017elice\"><\/p>\n<h2>O na\u0161em podjetju<\/h2>\n<p>Smo vodilni proizvajalec in veletrgovec hidravli\u010dnih cilindrov na doma\u010dem in mednarodnem trgu ter smo specializirani za zamenjavo hidravli\u010dnih cilindrov. Na\u0161e podjetje ponuja \u0161iroko paleto izdelkov in se dr\u017ei odli\u010dne kakovosti. Zana\u0161amo se na industrializirano strategijo upravljanja proizvodnje v finih proizvodnih delavnicah, da bi nenehno izbolj\u0161evali proizvodno platformo delavnice, izbolj\u0161ali kakovost proizvodnje izdelkov in imeli mo\u010dno ustvarjalnost, da bi zadovoljili raznolike potrebe strank po na\u010delih visoke u\u010dinkovitosti, visoke natan\u010dnosti in visoke kakovosti. Zagotavljamo profesionalne, mednarodno certificirane in prilagojene storitve ter uporabljamo napredno proizvodno opremo in profesionalne sisteme testiranja, da zagotovimo kakovost na\u0161ih izdelkov. Na\u0161e podjetje nudi tudi poprodajne storitve, kot so zamenjava delov in storitve obnove, da zagotovimo dolgo \u017eivljenjsko dobo na\u0161ih izdelkov.<\/p>\n<p><img decoding=\"async\" src=\"https:\/\/www.hydraulic-cylinders.net\/wp-content\/uploads\/2025\/01\/songte-company-3.webp\" alt=\"Slika podjetja\"><\/p>\n<p>Napisala lyl.<\/p>","protected":false},"excerpt":{"rendered":"<p>Bucket Cylinder For Lonking Middle Excavator LG6215 Introduction Defining Bucket Cylinder The bucket cylinder is a specially designed hydraulic cylinder that is primarily used to control the movement of the bucket in heavy machinery such as excavators, backhoe excavators, and front loaders. The main function of the bucket cylinder is to enable the bucket to [&hellip;]<\/p>","protected":false},"featured_media":14789,"comment_status":"open","ping_status":"closed","template":"","meta":{"_et_pb_use_builder":"","_et_pb_old_content":"","_et_gb_content_width":""},"product_brand":[],"product_cat":[1494],"product_tag":[1495,1496],"class_list":{"0":"post-15612","1":"product","2":"type-product","3":"status-publish","4":"has-post-thumbnail","6":"product_cat-bucket-cylinders","7":"product_tag-bucket-cylinders","8":"product_tag-hydraulic-cylinders","10":"first","11":"instock","12":"shipping-taxable","13":"product-type-simple"},"amp_enabled":true,"_links":{"self":[{"href":"https:\/\/www.hydraulic-cylinders.net\/sl\/wp-json\/wp\/v2\/product\/15612","targetHints":{"allow":["GET"]}}],"collection":[{"href":"https:\/\/www.hydraulic-cylinders.net\/sl\/wp-json\/wp\/v2\/product"}],"about":[{"href":"https:\/\/www.hydraulic-cylinders.net\/sl\/wp-json\/wp\/v2\/types\/product"}],"replies":[{"embeddable":true,"href":"https:\/\/www.hydraulic-cylinders.net\/sl\/wp-json\/wp\/v2\/comments?post=15612"}],"wp:featuredmedia":[{"embeddable":true,"href":"https:\/\/www.hydraulic-cylinders.net\/sl\/wp-json\/wp\/v2\/media\/14789"}],"wp:attachment":[{"href":"https:\/\/www.hydraulic-cylinders.net\/sl\/wp-json\/wp\/v2\/media?parent=15612"}],"wp:term":[{"taxonomy":"product_brand","embeddable":true,"href":"https:\/\/www.hydraulic-cylinders.net\/sl\/wp-json\/wp\/v2\/product_brand?post=15612"},{"taxonomy":"product_cat","embeddable":true,"href":"https:\/\/www.hydraulic-cylinders.net\/sl\/wp-json\/wp\/v2\/product_cat?post=15612"},{"taxonomy":"product_tag","embeddable":true,"href":"https:\/\/www.hydraulic-cylinders.net\/sl\/wp-json\/wp\/v2\/product_tag?post=15612"}],"curies":[{"name":"delovni list","href":"https:\/\/api.w.org\/{rel}","templated":true}]}}