{"id":15622,"date":"2025-01-19T14:45:41","date_gmt":"2025-01-19T14:45:41","guid":{"rendered":"https:\/\/www.hydraulic-cylinders.net\/product\/bucket-cylinder-for-jcm-small-excavator-jcm913b\/"},"modified":"2025-01-19T14:45:43","modified_gmt":"2025-01-19T14:45:43","slug":"bucket-cylinder-for-jcm-small-excavator-jcm913b","status":"publish","type":"product","link":"https:\/\/www.hydraulic-cylinders.net\/sl\/izdelek\/bucket-cylinder-for-jcm-small-excavator-jcm913b\/","title":{"rendered":"Cilinder \u017elice za majhen bager JCM JCM913B"},"content":{"rendered":"<h1>Cilinder \u017elice za majhen bager JCM JCM913B<\/h1>\n<h2>Uvod<\/h2>\n<p>Hidravli\u010dni valj \u017elice je posebej zasnovan hidravli\u010dni valj, ki se uporablja predvsem za nadzor gibanja \u017elice v te\u017ekih strojih, kot so bagri, bagri z nakladalniki in \u010delni nakladalniki. Njegova glavna funkcija je omogo\u010danje dvigovanja, spu\u0161\u010danja in nagibanja \u017elice, kar olaj\u0161a opravljanje razli\u010dnih nalog ravnanja z materiali. V hidravli\u010dnem sistemu valj \u017elice dose\u017ee natan\u010den nadzor gibanja \u017elice s spreminjanjem tlaka hidravli\u010dnega olja, kar omogo\u010da upravljavcem u\u010dinkovito rokovanje s te\u017ekimi predmeti in prilagajanje kompleksnim delovnim okoljem ter raznolikim operativnim potrebam.<\/p>\n<p><img decoding=\"async\" src=\"https:\/\/www.hydraulic-cylinders.net\/wp-content\/uploads\/2025\/01\/songte-company-2.webp\"><\/p>\n<h2>Zna\u010dilnosti<\/h2>\n<ul>\n<li>Visoka trdnost in vzdr\u017eljivost: Obi\u010dajno je izdelan iz visoko trdnega jekla ali aluminija, zato lahko prenese visok tlak in velike obremenitve ter se prilagaja zahtevnim delovnim okoljem. Zasnova upo\u0161teva odpornost proti obrabi in koroziji za podalj\u0161anje \u017eivljenjske dobe.<\/li>\n<li>U\u010dinkovito hidravli\u010dno delovanje: Gladko teleskopsko delovanje se dose\u017ee z izkori\u0161\u010danjem tlaka hidravli\u010dnega olja, kar omogo\u010da hiter odziv na krmilne ukaze in zagotavlja mo\u010dne potisne in vle\u010dne sile, primerne za rokovanje s te\u017ekimi predmeti in kompleksna dela.<\/li>\n<li>Razli\u010dne vrste: Enojno delujo\u010di (hidravli\u010dni, ki se uporablja v eno smer) ali dvostransko delujo\u010di (hidravli\u010dni, ki se uporablja v obe smeri) cilindri se lahko izberejo glede na operativne potrebe. Nekateri modeli so teleskopski, kar omogo\u010da ve\u010dji razteg brez pove\u010danja zunanjih dimenzij, primerni za uporabo v omejenem prostoru.<\/li>\n<li>Enostavna zamenjava: Na\u0161 izdelek lahko popolnoma nadomesti te hidravli\u010dne cilindre.<\/li>\n<\/ul>\n<p><img decoding=\"async\" src=\"https:\/\/www.hydraulic-cylinders.net\/wp-content\/uploads\/2025\/01\/songte-cylinder-head-with-all-kinds-excavator-models.webp\"><\/p>\n<h2>Aplikacije<\/h2>\n<p>Valji z \u017elico se pogosto uporabljajo na razli\u010dnih podro\u010djih, kot so:<\/p>\n<ul>\n<li>Gradbena oprema: Pri bagrih so bistveni za kopanje, nakladanje in premikanje zemlje ali ru\u0161evin. Pri bagrih z nakladalno glavo cilinder \u017elice pomaga pri izkopavanju in dvigovanju. <\/li>\n<li>Kmetijski stroji: Uporabljajo se v \u010delnih nakladalnikih, ki zajemajo, dvigujejo in preva\u017eajo zemljo, seno in druge materiale. <\/li>\n<li>Bagri: Cilinder \u017elice omogo\u010da, da \u017elica prodre v zemljo in dose\u017ee izkop. <\/li>\n<li>\u010celni nakladalniki: U\u010dinkovito pomagajo pri dvigovanju in razkladanju blaga.<\/li>\n<\/ul>\n<h2>Oblikovalski vidiki in izbirna merila<\/h2>\n<p>Pri na\u010drtovanju in izbiri cilindrov z vedri je treba upo\u0161tevati ve\u010d vidikov:<\/p>\n<ul>\n<li>Nosilnost: Jeklenka mora biti sposobna prenesti najve\u010djo obremenitev, ki ji bo izpostavljena.<\/li>\n<li>Tesnjenje: Za zagotovitev tesnilne u\u010dinkovitosti valja je treba izbrati razli\u010dne tesnilne komponente, kot so tesnila bata in tesnila palice.<\/li>\n<li>Vzdr\u017eljivost: Jeklenka mora biti izdelana iz visokokakovostnih materialov, da je odporna na obrabo in podalj\u0161a njeno \u017eivljenjsko dobo.<\/li>\n<li>Varnost: Varnost je klju\u010dnega pomena in vse komponente morajo biti zasnovane tako, da prepre\u010dujejo nesre\u010de in zagotavljajo pravilno delovanje.<\/li>\n<li>Vzdr\u017eevanje: Jeklenka mora biti zasnovana za enostavno vzdr\u017eevanje, vse komponente pa morajo biti lahko dostopne za pregled, zamenjavo in popravilo.<\/li>\n<\/ul>\n<p><img decoding=\"async\" src=\"https:\/\/www.hydraulic-cylinders.net\/wp-content\/uploads\/2025\/01\/songte-oil-pipes-and-spare-parts.webp\"><\/p>\n<h2>Tesnjenje in mazanje<\/h2>\n<p>Za zagotovitev tesnilne u\u010dinkovitosti se valj\u010dki uporabljajo razli\u010dni tesnilni elementi, kot so tesnila bata in tesnila palic. Ti tesnilni elementi so izdelani iz materialov, odpornih proti obrabi, kot sta poliuretan in nitrilna guma. Telo valja in navojna kon\u010dna povr\u0161ina sta pre\u010di\u0161\u010dena za izbolj\u0161anje odpornosti proti obrabi, za mazanje valja pa je treba redno dodajati ustrezne koli\u010dine hidravli\u010dnega olja.<\/p>\n<h2>Preventivno vzdr\u017eevanje in odpravljanje te\u017eav<\/h2>\n<p>Preventivno vzdr\u017eevanje in odpravljanje te\u017eav sta bistvenega pomena za zagotovitev pravilnega delovanja cilindra vedra. Pogosta vzdr\u017eevalna opravila vklju\u010dujejo:<\/p>\n<ul>\n<li>Redni pregled: Preverite morebitna pu\u0161\u010danja, po\u0161kodbe ali znake obrabe.<\/li>\n<li>Mazanje: Za prepre\u010devanje po\u0161kodb valja uporabite ustrezna maziva.<\/li>\n<li>Zamenjava tesnila: Redno menjajte tesnilne komponente, da ohranite tesnilno delovanje cilindra.<\/li>\n<li>Preverjanje kalibracije: Redno preverjajte in prilagajajte kalibracijo cilindra, da zagotovite njegovo pravilno delovanje.<\/li>\n<\/ul>\n<p>Klju\u010dnega pomena je, da pravilno namestite in poravnate valj vedra. Po potrebi uporabite ustrezne nosilce, da trdno pritrdite valj. Za zagotovitev dolge \u017eivljenjske dobe valja je treba upo\u0161tevati priporo\u010dene postopke pregleda, popravila in zamenjave.<\/p>\n<p><img decoding=\"async\" src=\"https:\/\/www.hydraulic-cylinders.net\/wp-content\/uploads\/2025\/01\/songte-chushion-collar.webp\"><\/p>\n<h2>Varnostni vidiki in okoljski dejavniki<\/h2>\n<p>Varnost je klju\u010dnega pomena pri uporabi jeklenk z vedrom. Za prepre\u010devanje nesre\u010d je treba sprejeti ustrezne varnostne ukrepe, vse osebje pa mora biti ustrezno usposobljeno. Okoljski dejavniki, kot sta temperatura in vla\u017enost, lahko vplivajo tudi na delovanje jeklenke in jih je treba upo\u0161tevati pri njeni uporabi.<\/p>\n<h2>Zaklju\u010dek<\/h2>\n<p>Smo proizvajalec hidravli\u010dnih cilindrov, ki lahko nadomestijo tradicionalne hidravli\u010dne cilindre. Imamo celovito paleto izdelkov in smo postali eden vodilnih proizvajalcev in veletrgovcev s hidravli\u010dnimi cilindri tako na doma\u010dem kot na mednarodnem trgu. Na\u0161a strategija upravljanja proizvodnje temelji na odli\u010dni kakovosti in se opira na industrializirano upravljanje proizvodnje v finih proizvodnih delavnicah. Na\u0161a napredna tehnologija, vrhunska digitalna proizvodna oprema in profesionalni sistemi testiranja nenehno izbolj\u0161ujejo na\u0161o proizvodno platformo in kakovost na\u0161e proizvodne linije. Imamo mo\u010dno ustvarjalno sposobnost in si prizadevamo zadovoljiti raznolike potrebe strank z na\u010deli visoke u\u010dinkovitosti, visoke natan\u010dnosti in visoke kakovosti.<\/p>\n<p><img decoding=\"async\" src=\"https:\/\/hzpt.com\/wp-content\/uploads\/2024\/11\/songte-company-1.webp\"><\/p>\n<h2>O avtorju<\/h2>\n<p>Avtor: lyl<\/p>","protected":false},"excerpt":{"rendered":"<p>Bucket Cylinder For JCM Small Excavator JCM913B Introduction A bucket cylinder is a specially designed hydraulic cylinder primarily used to control the movement of the bucket in heavy machinery such as excavators, backhoe excavators, and front-end loaders. Its main function is to enable the bucket to be lifted, lowered, and tilted, making it easier to [&hellip;]<\/p>","protected":false},"featured_media":14771,"comment_status":"open","ping_status":"closed","template":"","meta":{"_et_pb_use_builder":"","_et_pb_old_content":"","_et_gb_content_width":""},"product_brand":[],"product_cat":[1494],"product_tag":[1495,1496],"class_list":{"0":"post-15622","1":"product","2":"type-product","3":"status-publish","4":"has-post-thumbnail","6":"product_cat-bucket-cylinders","7":"product_tag-bucket-cylinders","8":"product_tag-hydraulic-cylinders","10":"first","11":"instock","12":"shipping-taxable","13":"product-type-simple"},"amp_enabled":true,"_links":{"self":[{"href":"https:\/\/www.hydraulic-cylinders.net\/sl\/wp-json\/wp\/v2\/product\/15622","targetHints":{"allow":["GET"]}}],"collection":[{"href":"https:\/\/www.hydraulic-cylinders.net\/sl\/wp-json\/wp\/v2\/product"}],"about":[{"href":"https:\/\/www.hydraulic-cylinders.net\/sl\/wp-json\/wp\/v2\/types\/product"}],"replies":[{"embeddable":true,"href":"https:\/\/www.hydraulic-cylinders.net\/sl\/wp-json\/wp\/v2\/comments?post=15622"}],"wp:featuredmedia":[{"embeddable":true,"href":"https:\/\/www.hydraulic-cylinders.net\/sl\/wp-json\/wp\/v2\/media\/14771"}],"wp:attachment":[{"href":"https:\/\/www.hydraulic-cylinders.net\/sl\/wp-json\/wp\/v2\/media?parent=15622"}],"wp:term":[{"taxonomy":"product_brand","embeddable":true,"href":"https:\/\/www.hydraulic-cylinders.net\/sl\/wp-json\/wp\/v2\/product_brand?post=15622"},{"taxonomy":"product_cat","embeddable":true,"href":"https:\/\/www.hydraulic-cylinders.net\/sl\/wp-json\/wp\/v2\/product_cat?post=15622"},{"taxonomy":"product_tag","embeddable":true,"href":"https:\/\/www.hydraulic-cylinders.net\/sl\/wp-json\/wp\/v2\/product_tag?post=15622"}],"curies":[{"name":"delovni list","href":"https:\/\/api.w.org\/{rel}","templated":true}]}}