{"id":15628,"date":"2025-01-19T14:46:11","date_gmt":"2025-01-19T14:46:11","guid":{"rendered":"https:\/\/www.hydraulic-cylinders.net\/product\/bucket-cylinder-for-liebherr-small-excavator-r916l\/"},"modified":"2025-01-19T14:46:13","modified_gmt":"2025-01-19T14:46:13","slug":"bucket-cylinder-for-liebherr-small-excavator-r916l","status":"publish","type":"product","link":"https:\/\/www.hydraulic-cylinders.net\/sl\/izdelek\/bucket-cylinder-for-liebherr-small-excavator-r916l\/","title":{"rendered":"Cilinder \u017elice za majhen bager Liebherr R916L"},"content":{"rendered":"<h1>Cilinder \u017elice za majhen bager Liebherr R916L<\/h1>\n<h2>Uvod<\/h2>\n<p>Hidravli\u010dni valj \u017elice je posebej zasnovan hidravli\u010dni valj, ki se uporablja predvsem za krmiljenje gibanja \u017elice v te\u017ekih strojih, kot so bagri, bagri nakladalniki in \u010delni nakladalniki. Njegova glavna funkcija je omogo\u010diti \u017elici dvigovanje, spu\u0161\u010danje in nagibanje, s \u010dimer olaj\u0161a razli\u010dna opravila ravnanja z materiali. V hidravli\u010dnem sistemu valj \u017elice dose\u017ee natan\u010den nadzor nad \u017elico s spremembami tlaka hidravli\u010dnega olja, kar omogo\u010da upravljavcem u\u010dinkovito ravnanje s te\u017ekimi bremeni in prilagajanje kompleksnim delovnim okoljem ter raznolikim operativnim potrebam.<\/p>\n<p><img decoding=\"async\" src=\"https:\/\/www.hydraulic-cylinders.net\/wp-content\/uploads\/2025\/01\/songte-company-2.webp\" alt=\"Cilinder za vedro\" \/><\/p>\n<h2>Zna\u010dilnosti<\/h2>\n<ul>\n<li>Visoka trdnost in vzdr\u017eljivost: Obi\u010dajno je izdelan iz visoko trdnega jekla ali aluminija, zato lahko prenese visok tlak in velike obremenitve, kar ga naredi primernega za zahtevna delovna okolja. Zasnova upo\u0161teva odpornost proti obrabi in koroziji, kar podalj\u0161a \u017eivljenjsko dobo.<\/li>\n<li>U\u010dinkovito hidravli\u010dno delovanje: Izkori\u0161\u010da tlak hidravli\u010dnega olja za doseganje gladkih teleskopskih gibov in se lahko hitro odzove na krmilne ukaze, kar zagotavlja mo\u010dno potisno in vle\u010dno silo, primerno za ravnanje s te\u017ekimi bremeni in kompleksne operativne naloge.<\/li>\n<li>Razli\u010dne vrste: Glede na zahteve za razli\u010dne operativne potrebe lahko izbirate med enosmerno delujo\u010dimi (hidravli\u010dnimi, ki se uporabljajo samo v eni smeri) ali dvosmerno delujo\u010dimi (hidravli\u010dnimi, ki se uporabljajo v dveh smereh) cilindri. Nekateri modeli so teleskopski, kar omogo\u010da ve\u010dji razteg brez pove\u010danja zunanjih dimenzij, primerni za uporabo v omejenem prostoru.<\/li>\n<li>Lahko nadomesti druge hidravli\u010dne cilindre: Na\u0161i izdelki lahko popolnoma nadomestijo te hidravli\u010dne cilindre.<\/li>\n<\/ul>\n<p><img decoding=\"async\" src=\"https:\/\/www.hydraulic-cylinders.net\/wp-content\/uploads\/2025\/01\/songte-cylinder-head-with-all-kinds-excavator-models.webp\" alt=\"Modeli cilindrov z \u017elico\" \/><\/p>\n<h2>Aplikacije<\/h2>\n<p>Valj z \u017elico se pogosto uporablja v razli\u010dnih panogah, vklju\u010dno z:<\/p>\n<h3>Gradbena oprema<\/h3>\n<p>Pri bagrih so bistveni za kopanje, nakladanje in premikanje zemlje ali ru\u0161evin. Pri bagrih nakladalnikih cilinder \u017elice pomaga tako pri kopanju kot pri dvigovanju. <\/p>\n<h3>Kmetijska mehanizacija<\/h3>\n<p>Uporablja se v \u010delnih nakladalnikih za zajemanje, dvigovanje in prevoz zemlje, sena in drugih materialov. Pri bagrih cilinder \u017elice omogo\u010da kopanje, saj \u017elici omogo\u010da prodiranje v zemljo. Pri \u010delnih nakladalnikih pomagajo pri u\u010dinkovitem nagibanju in stresanju blaga.<\/p>\n<p><img decoding=\"async\" src=\"https:\/\/www.hydraulic-cylinders.net\/wp-content\/uploads\/2025\/01\/songte-chushion-collar.webp\" alt=\"Objemka blazine cilindra vedra\" \/><\/p>\n<h2>Oblikovalski vidiki in izbirna merila<\/h2>\n<p>Zasnova cilindra \u017elice upo\u0161teva razli\u010dne dejavnike, vklju\u010dno z nosilnostjo, tesnjenjem, vzdr\u017eljivostjo, varnostjo in vzdr\u017eevanjem.<\/p>\n<h3>Nosilnost<\/h3>\n<p>Nosilnost je najve\u010dja te\u017ea, ki jo lahko hidravli\u010dni valj prenese, ne da bi se pokvaril. Odvisna je od dejavnikov, kot so velikost valja, tlak hidravli\u010dnega sistema in material, uporabljen za izdelavo valja.<\/p>\n<h3>Tesnjenje<\/h3>\n<p>Hidravli\u010dni valj mora imeti u\u010dinkovito tesnilo, ki prepre\u010duje pu\u0161\u010danje hidravli\u010dne teko\u010dine in vdor onesna\u017eevalcev. Za zagotovitev ustreznega tesnjenja se obi\u010dajno uporabljajo razli\u010dna tesnila, kot so tesnila bata in tesnila palice. Tesnila so izdelana iz materialov, odpornih proti obrabi, kot sta poliuretan ali nitrilna guma.<\/p>\n<h3>Vzdr\u017eljivost<\/h3>\n<p>Jeklenka mora biti dovolj trpe\u017ena, da prenese zahtevno okolje in zanesljivo deluje dlje \u010dasa. Trajnost jeklenke je odvisna od dejavnikov, kot so vrsta uporabljenega materiala, kakovost izdelave in pravilno vzdr\u017eevanje.<\/p>\n<h3>Varnost<\/h3>\n<p>Pri na\u010drtovanju cilindra vedra je treba upo\u0161tevati varnost. Pravilna namestitev in vzdr\u017eevanje lahko pomagata prepre\u010diti nesre\u010de in pove\u010dati varnost.<\/p>\n<h3>Vzdr\u017eevanje<\/h3>\n<p>Vzdr\u017eevanje valja z \u017elico mora biti enostavno, z enostavno zamenljivimi deli. Redno vzdr\u017eevanje, vklju\u010dno z menjavo olja, zamenjavo tesnil in preverjanjem kalibracije, lahko podalj\u0161a \u017eivljenjsko dobo valja.<\/p>\n<p><img decoding=\"async\" src=\"https:\/\/www.hydraulic-cylinders.net\/wp-content\/uploads\/2025\/01\/songte-oil-pipes-and-spare-parts.webp\" alt=\"Rezervni deli cilindra \u017elice\" \/><\/p>\n<h2>Tesnilo in mazanje<\/h2>\n<p>Za zagotovitev ustreznega tesnjenja v hidravli\u010dnem cilindru se uporabljajo razli\u010dna tesnila, kot so tesnila bata in tesnila palice. Tesnila so izdelana iz materialov, odpornih proti obrabi, kot sta poliuretan ali nitrilna guma. Za nemoteno delovanje je treba cilinder redno mazavati s pravilno vrsto in koli\u010dino hidravli\u010dnega olja. Prav tako je treba redno preverjati obrabo oljnih cevi in \u200b\u200brezervnih delov cilindra ter jih po potrebi zamenjati.<\/p>\n<h2>Vzdr\u017eevanje in popravila<\/h2>\n<p>Za zagotovitev dolge \u017eivljenjske dobe cilindra vedra je redno vzdr\u017eevanje in popravila bistvenega pomena. Sledi nekaj pogostih vzdr\u017eevalnih opravil:<\/p>\n<h3>Redni pregled<\/h3>\n<p>Redno pregledujte jeklenko glede znakov obrabe ali po\u0161kodb. Morebitne te\u017eave odpravite nemudoma, preden postanejo resnej\u0161e.<\/p>\n<h3>Mazanje<\/h3>\n<p>Pravilno mazanje je klju\u010dnega pomena za nemoteno delovanje in dolgo \u017eivljenjsko dobo cilindra. Uporabite pravilno vrsto in koli\u010dino hidravli\u010dnega olja. Redno dodajajte olje v valj.<\/p>\n<h3>Zamenjava tesnila<\/h3>\n<p>Glede na uporabo in delovno okolje cilindra bo morda treba zamenjati tesnila. Po potrebi zamenjajte tesnila, da zagotovite pravilno tesnjenje.<\/p>\n<p><img decoding=\"async\" src=\"https:\/\/www.hydraulic-cylinders.net\/wp-content\/uploads\/2025\/01\/songte-bushings-with-all-kinds-of-excavator-models.webp\" alt=\"Pu\u0161e cilindra \u017elice\" \/><\/p>\n<h2>Varnostni in okoljski vidiki<\/h2>\n<p>Pri delu v bli\u017eini hidravli\u010dnih cilindrov je varnost bistvenega pomena. Ustrezno usposabljanje, za\u0161\u010ditna oprema in varnostni ukrepi lahko pomagajo prepre\u010diti nesre\u010de. Poleg tega lahko na delovanje cilindra vplivajo okoljski dejavniki, kot sta temperatura in vla\u017enost. Pri izbiri in namestitvi cilindra upo\u0161tevajte te dejavnike.<\/p>\n<h2>Odpravljanje te\u017eav in pogoste te\u017eave<\/h2>\n<p>Kot pri vsaki mehanski napravi lahko tudi pri cilindru vedra med uporabo pride do te\u017eav. Nekatere pogoste te\u017eave vklju\u010dujejo pu\u0161\u010danje, slabo delovanje in po\u0161kodbe. Za odpravo teh te\u017eav upo\u0161tevajte te nasvete:<\/p>\n<h3>Nasveti za odpravljanje te\u017eav<\/h3>\n<ul>\n<li>Redno preverjajte morebitna pu\u0161\u010danja in obrabo<\/li>\n<li>Preverite, ali uporabljate pravilno vrsto in koli\u010dino hidravli\u010dnega olja<\/li>\n<li>Zagotovite, da je valj ustrezno namazan<\/li>\n<li>Preverite tesnila glede po\u0161kodb ali obrabe in jih po potrebi zamenjajte<\/li>\n<\/ul>\n<h3>Preventivni ukrepi<\/h3>\n<ul>\n<li>Pravilna namestitev in vzdr\u017eevanje<\/li>\n<li>Redni pregled in mazanje<\/li>\n<li>Zamenjava tesnila po potrebi<\/li>\n<li>Uporaba ustrezne varnostne opreme in praks<\/li>\n<\/ul>\n<p><img decoding=\"async\" src=\"https:\/\/hzpt.com\/wp-content\/uploads\/2024\/11\/songte-company-1.webp\" alt=\"Podjetje Songte\" \/><\/p>\n<h2>O na\u0161em podjetju<\/h2>\n<p>Smo proizvajalec nadomestnih hidravli\u010dnih cilindrov s celotno paleto izdelkov. Postali smo eden vodilnih proizvajalcev in veleprodajnih distributerjev hidravli\u010dnih cilindrov na doma\u010dem in mednarodnem trgu. Dr\u017eimo se na\u010dela odli\u010dnosti v kakovosti, se zana\u0161amo na strategijo upravljanja industrijske proizvodnje v finih proizvodnih delavnicah in nenehno izbolj\u0161ujemo proizvodno platformo delavnice, izpopolnjujemo proizvodno linijo za kakovost izdelkov in imamo mo\u010dne ustvarjalne sposobnosti. Z visoko u\u010dinkovitostjo, visoko natan\u010dnostjo in na\u010deli visoke kakovosti izpolnjujemo raznolike potrebe strank.<\/p>\n<h3>Profesionalnost<\/h3>\n<p>Na\u0161a ekipa strokovnjakov ima bogate izku\u0161nje z na\u010drtovanjem, izdelavo, testiranjem in vzdr\u017eevanjem hidravli\u010dnih cilindrov. Zavezani smo k zagotavljanju visokokakovostnih izdelkov in storitev na\u0161im strankam.<\/p>\n<h3>Mednarodni certifikati<\/h3>\n<p>Na\u0161i izdelki so prejeli mednarodne certifikate, kot so ISO 9001, CE in TUV, kar zagotavlja, da izpolnjujejo najvi\u0161je standarde kakovosti in varnosti.<\/p>\n<h3>Storitve prilagajanja<\/h3>\n<p>Ponujamo \u0161iroko paleto storitev prilagajanja, da zadostimo raznolikim potrebam strank, vklju\u010dno z velikostmi po meri, oblikami, materiali in dizajni.<\/p>\n<h3>Proizvodna oprema<\/h3>\n<p>Za zagotavljanje natan\u010dnosti in kakovosti na\u0161ih izdelkov uporabljamo napredno digitalno proizvodno opremo, vklju\u010dno s CNC stru\u017enicami, rezkalnimi stroji in hidravli\u010dnimi preskusnimi mizami.<\/p>\n<h3>Poprodajne storitve<\/h3>\n<p>Nudimo celovito poprodajno storitev, vklju\u010dno z zamenjavo delov in obnovo, da bi strankam pomagali pri re\u0161evanju morebitnih te\u017eav s hidravli\u010dnimi cilindri.<\/p>\n<p><img decoding=\"async\" src=\"https:\/\/www.hydraulic-cylinders.net\/wp-content\/uploads\/2025\/01\/songte-company-3.webp\" alt=\"Podjetje Songte\" \/><\/p>\n<p>Avtor: lyl<\/p>","protected":false},"excerpt":{"rendered":"<p>Bucket Cylinder For Liebherr Small Excavator R916L Introduction A bucket cylinder is a specifically designed hydraulic cylinder mainly used to control the movement of bucket in heavy machinery such as excavators, backhoe loaders, and front-end loaders. Its primary function is to enable the bucket to perform lifting, lowering, and tilting movements, thus facilitating various material [&hellip;]<\/p>","protected":false},"featured_media":14788,"comment_status":"open","ping_status":"closed","template":"","meta":{"_et_pb_use_builder":"","_et_pb_old_content":"","_et_gb_content_width":""},"product_brand":[],"product_cat":[1494],"product_tag":[1495,1496],"class_list":{"0":"post-15628","1":"product","2":"type-product","3":"status-publish","4":"has-post-thumbnail","6":"product_cat-bucket-cylinders","7":"product_tag-bucket-cylinders","8":"product_tag-hydraulic-cylinders","10":"first","11":"instock","12":"shipping-taxable","13":"product-type-simple"},"amp_enabled":true,"_links":{"self":[{"href":"https:\/\/www.hydraulic-cylinders.net\/sl\/wp-json\/wp\/v2\/product\/15628","targetHints":{"allow":["GET"]}}],"collection":[{"href":"https:\/\/www.hydraulic-cylinders.net\/sl\/wp-json\/wp\/v2\/product"}],"about":[{"href":"https:\/\/www.hydraulic-cylinders.net\/sl\/wp-json\/wp\/v2\/types\/product"}],"replies":[{"embeddable":true,"href":"https:\/\/www.hydraulic-cylinders.net\/sl\/wp-json\/wp\/v2\/comments?post=15628"}],"wp:featuredmedia":[{"embeddable":true,"href":"https:\/\/www.hydraulic-cylinders.net\/sl\/wp-json\/wp\/v2\/media\/14788"}],"wp:attachment":[{"href":"https:\/\/www.hydraulic-cylinders.net\/sl\/wp-json\/wp\/v2\/media?parent=15628"}],"wp:term":[{"taxonomy":"product_brand","embeddable":true,"href":"https:\/\/www.hydraulic-cylinders.net\/sl\/wp-json\/wp\/v2\/product_brand?post=15628"},{"taxonomy":"product_cat","embeddable":true,"href":"https:\/\/www.hydraulic-cylinders.net\/sl\/wp-json\/wp\/v2\/product_cat?post=15628"},{"taxonomy":"product_tag","embeddable":true,"href":"https:\/\/www.hydraulic-cylinders.net\/sl\/wp-json\/wp\/v2\/product_tag?post=15628"}],"curies":[{"name":"delovni list","href":"https:\/\/api.w.org\/{rel}","templated":true}]}}