{"id":15629,"date":"2025-01-19T14:46:15","date_gmt":"2025-01-19T14:46:15","guid":{"rendered":"https:\/\/www.hydraulic-cylinders.net\/product\/bucket-cylinder-for-liebherr-middle-excavator-r924\/"},"modified":"2025-01-19T14:46:17","modified_gmt":"2025-01-19T14:46:17","slug":"bucket-cylinder-for-liebherr-middle-excavator-r924","status":"publish","type":"product","link":"https:\/\/www.hydraulic-cylinders.net\/sl\/izdelek\/bucket-cylinder-for-liebherr-middle-excavator-r924\/","title":{"rendered":"Cilinder \u017elice za srednji bager Liebherr R924"},"content":{"rendered":"<h1>Cilinder \u017elice za srednji bager Liebherr R924<\/h1>\n<h2>Uvod<\/h2>\n<p>Hidravli\u010dni cilinder \u017elice za srednji bager Liebherr R924 je specializiran hidravli\u010dni cilinder, zasnovan za nadzor gibanja \u017elic v te\u017ekih strojih, kot so bagri, bagri z nakladalniki in \u010delni nakladalniki. Njegova glavna funkcija je dvigovanje, spu\u0161\u010danje in nagibanje \u017elice, kar olaj\u0161a opravljanje razli\u010dnih nalog ravnanja z materiali. V hidravli\u010dnem sistemu cilinder \u017elice dose\u017ee natan\u010den nadzor gibanja \u017elice s spremembami tlaka hidravli\u010dnega olja, kar omogo\u010da upravljavcem u\u010dinkovito ravnanje s te\u017ekimi bremeni in prilagajanje kompleksnim delovnim okoljem ter raznolikim operativnim zahtevam.<\/p>\n<p><img decoding=\"async\" src=\"https:\/\/www.hydraulic-cylinders.net\/wp-content\/uploads\/2025\/01\/songte-company-2.webp\" alt=\"Slika valjaste \u017elice\"><\/p>\n<h2>Zna\u010dilnosti<\/h2>\n<ul>\n<li>Visoka trdnost in vzdr\u017eljivost: Obi\u010dajno je izdelan iz visoko trdnega jekla ali aluminija, zato lahko prenese visok tlak in velike obremenitve ter se prilagaja zahtevnim delovnim okoljem. Njegova zasnova upo\u0161teva odpornost proti obrabi in koroziji, kar podalj\u0161a njegovo \u017eivljenjsko dobo.<\/li>\n<li>U\u010dinkovito hidravli\u010dno delovanje: Gladko raztezanje in kr\u010denje se dose\u017ee z uporabo hidravli\u010dnega tlaka olja, ki zagotavlja mo\u010dne potisne in vle\u010dne sile ter se hitro odziva na ukaze, zaradi \u010desar je primeren za ravnanje s te\u017ekimi bremeni in kompleksnimi delovnimi nalogami.<\/li>\n<li>Razli\u010dne vrste: Glede na operativne potrebe je mogo\u010de izbrati enosmerno delujo\u010de (hidravli\u010dno delovanje samo v eno smer) ali dvosmerno delujo\u010de (hidravli\u010dno delovanje v obe smeri) cilindre. Nekateri modeli so teleskopski, kar omogo\u010da ve\u010dji razteg brez pove\u010danja zunanjih dimenzij, primerni za uporabo v omejenem prostoru.<\/li>\n<li>Neposredna zamenjava: Na\u0161 izdelek lahko popolnoma nadomesti te hidravli\u010dne cilindre.<\/li>\n<\/ul>\n<p><img decoding=\"async\" src=\"https:\/\/www.hydraulic-cylinders.net\/wp-content\/uploads\/2025\/01\/songte-cylinder-head-with-all-kinds-excavator-models.webp\" alt=\"Slika zamenjave cilindra vedra\"><\/p>\n<h2>Aplikacije<\/h2>\n<p>Cilinder \u017elice za srednji bager Liebherr R924 se pogosto uporablja v naslednjih aplikacijah:<\/p>\n<h3>Gradbena oprema<\/h3>\n<p>Pri bagrih so bistveni za kopanje, nakladanje in premikanje zemlje ali ru\u0161evin. Pri bagrih z nakladalnim strojem cilinder \u017elice pomaga tako pri izkopavanju kot pri dvigovanju. Pri \u010delnih nakladalnikih pomagajo pri u\u010dinkovitem dvigovanju in nagibanju blaga.<\/p>\n<h3>Kmetijska mehanizacija<\/h3>\n<p>Uporabljajo se v \u010delnih nakladalnikih za zajemanje, dvigovanje in prevoz zemlje, sena in drugih materialov. Pri bagrih cilinder \u017elice omogo\u010da kopanje, saj \u017elici omogo\u010da, da prodre v zemljo.<\/p>\n<h3>Druge industrijske aplikacije<\/h3>\n<p>Valji z \u017elico so uporabni v vseh aplikacijah, ki zahtevajo premikanje te\u017ekih materialov. Pogosto se uporabljajo v gozdarstvu, rudarstvu in ravnanju z odpadki.<\/p>\n<h2>Oblikovalski vidiki in izbirna merila<\/h2>\n<p>Cilinder \u017elice za srednji bager Liebherr R924 je zasnovan ob upo\u0161tevanju naslednjih dejavnikov:<\/p>\n<h3>Nosilnost<\/h3>\n<p>Jeklenka mora biti sposobna prenesti breme, ki ga mora dvigniti in premakniti.<\/p>\n<h3>Tesnjenje<\/h3>\n<p>Jeklenka mora biti dobro zatesnjena, da se prepre\u010di pu\u0161\u010danje in zagotovi nemoteno delovanje. Tesnila bata, tesnila ojnic in druga tesnila morajo biti izdelana iz materialov, odpornih proti obrabi, da se zagotovi dolga \u017eivljenjska doba.<\/p>\n<h3>Vzdr\u017eljivost<\/h3>\n<p>Jeklenka mora biti zasnovana tako, da prenese zahtevna delovna okolja in je odporna proti obrabi in koroziji.<\/p>\n<h3>Varnost<\/h3>\n<p>Valji z \u017elico morajo biti zasnovani z mislijo na varnost, da se prepre\u010dijo nesre\u010de ali po\u0161kodbe. Za zagotovitev varnega delovanja je mogo\u010de v zasnovo vklju\u010diti varnostne elemente, kot so varnostni ventili in kon\u010dna stikala.<\/p>\n<h3>Vzdr\u017eevanje<\/h3>\n<p>Jeklenka mora biti zasnovana tako, da jo je mogo\u010de enostavno vzdr\u017eevati in popravljati. Sestavni deli morajo biti lahko dostopni za pregled in zamenjavo, kadar je to potrebno.<\/p>\n<p><img decoding=\"async\" src=\"https:\/\/www.hydraulic-cylinders.net\/wp-content\/uploads\/2025\/01\/songte-oil-pipes-and-spare-parts.webp\" alt=\"Slika rezervnih delov cilindra \u017elice\"><\/p>\n<h2>Tesnjenje in mazanje<\/h2>\n<p>Valj \u017elice za srednji bager Liebherr R924 uporablja razli\u010dne tesnilne komponente, kot so tesnila bata, tesnila palic in obrabni obro\u010di. Te komponente so izdelane iz materialov, kot sta poliuretan in nitrilna guma, kar zagotavlja odpornost proti obrabi in vzdr\u017eljivost. Telo valja in navojne kon\u010dne povr\u0161ine so fino obdelane za izbolj\u0161anje odpornosti proti obrabi. Redno vzdr\u017eevanje valja zahteva dodajanje ustreznih koli\u010din hidravli\u010dnega olja za zagotovitev ustreznega mazanja.<\/p>\n<h2>Vzdr\u017eevanje in popravila<\/h2>\n<p>Redno je treba izvajati naslednja vzdr\u017eevalna dela:<\/p>\n<ul>\n<li>Redni pregledi<\/li>\n<li>Pravilno mazanje<\/li>\n<li>Zamenjava tesnila<\/li>\n<li>Preverjanja kalibracije<\/li>\n<\/ul>\n<p>Pravilna namestitev, mazanje in nastavitev so bistvenega pomena za zagotovitev dolge \u017eivljenjske dobe cilindra \u017elice za srednji bager Liebherr R924. Pravilna poravnava cilindra je med namestitvijo klju\u010dnega pomena, za pritrditev cilindra pa je treba uporabiti ustrezne nosilce. Za podalj\u0161anje \u017eivljenjske dobe cilindra so priporo\u010dljivi postopki pregleda, popravila in zamenjave.<\/p>\n<p><img decoding=\"async\" src=\"https:\/\/www.hydraulic-cylinders.net\/wp-content\/uploads\/2025\/01\/songte-chushion-collar.webp\" alt=\"Slika ovratnika cilindra vedra\"><\/p>\n<h2>Varnostni in okoljski vidiki<\/h2>\n<p>Varnostni ukrepi so klju\u010dnega pomena pri uporabi cilindrov \u017elice za srednji bager Liebherr R924. Upravljavci morajo pri rokovanju s te\u017ekimi stroji upo\u0161tevati ustrezne varnostne postopke, vklju\u010dno z no\u0161enjem za\u0161\u010ditne opreme in upo\u0161tevanjem ustreznih operativnih postopkov. Pri uporabi cilindrov \u017elice je treba upo\u0161tevati tudi okolje. Upo\u0161tevati je treba predpise o pravilnem odstranjevanju odpadkov in okoljske predpise, da se zagotovi \u010dim manj\u0161a \u0161koda za okolje.<\/p>\n<h2>Diagnoza napak in pogoste te\u017eave<\/h2>\n<p>Cilindri \u017elice za srednji bager Liebherr R924 lahko s\u010dasoma naletijo na razli\u010dne te\u017eave. Pogoste te\u017eave vklju\u010dujejo pu\u0161\u010danje, te\u017eave pri premikanju \u017elice in pomanjkanje odziva na krmilne vnose. Te te\u017eave je mogo\u010de diagnosticirati s pregledom in testiranjem komponent cilindra. <\/p>\n<h2>O nas<\/h2>\n<p>Smo vodilni proizvajalec in veleprodajni distributer hidravli\u010dnih cilindrov na doma\u010dem in mednarodnem trgu, specializirani za proizvodnjo nadomestnih hidravli\u010dnih cilindrov. Na\u0161i izdelki so izdelani z odli\u010dno kakovostjo in temeljijo na industrializirani strategiji upravljanja proizvodnje v natan\u010dno izdelanih delavnicah. Na\u0161e podjetje nenehno izbolj\u0161uje na\u0161o proizvodno platformo v delavnicah, izbolj\u0161uje proizvodni proces kakovosti izdelkov in ima mo\u010dno ustvarjalno sposobnost. Na\u0161e podjetje je zavezano k izpolnjevanju raznolikih potreb na\u0161ih strank z visoko u\u010dinkovitostjo, visoko natan\u010dnostjo in visokokakovostnimi na\u010deli.<\/p>\n<p><img decoding=\"async\" src=\"https:\/\/hzpt.com\/wp-content\/uploads\/2024\/11\/songte-company-1.webp\" alt=\"Slika podjetja\"><\/p>\n<h3>Profesionalnost<\/h3>\n<p>Na\u0161e podjetje ima ekipo strokovnjakov, ki so predani zagotavljanju kakovostnih izdelkov in storitev strankam.<\/p>\n<h3>Mednarodno certificiranje<\/h3>\n<p>Na\u0161i izdelki so prestali razli\u010dne mednarodne certifikate in izpolnjujejo razli\u010dne industrijske standarde.<\/p>\n<h3>Storitve prilagajanja<\/h3>\n<p>Nudimo lahko prilagojene storitve glede na zahteve strank.<\/p>\n<h3>Proizvodna oprema<\/h3>\n<p>Na\u0161e podjetje ima napredno proizvodno opremo za zagotavljanje kakovosti izdelkov in u\u010dinkovitosti proizvodnje.<\/p>\n<h3>Poprodajne storitve<\/h3>\n<p>Zagotavljamo poprodajne storitve, da zagotovimo zadovoljstvo na\u0161ih strank.<\/p>\n<p><img decoding=\"async\" src=\"https:\/\/www.hydraulic-cylinders.net\/wp-content\/uploads\/2025\/01\/songte-company-3.webp\" alt=\"Slika podjetja\"><\/p>\n<p>Avtor: lyl<\/p>","protected":false},"excerpt":{"rendered":"<p>Bucket Cylinder For Liebherr Middle Excavator R924 Introduction The Bucket Cylinder for Liebherr Middle Excavator R924 is a specialized hydraulic cylinder designed to control the movement of buckets in heavy machinery such as excavators, backhoe excavators, and front-end loaders. Its main function is to lift, lower, and tilt the bucket, making it easier to handle [&hellip;]<\/p>","protected":false},"featured_media":14787,"comment_status":"open","ping_status":"closed","template":"","meta":{"_et_pb_use_builder":"","_et_pb_old_content":"","_et_gb_content_width":""},"product_brand":[],"product_cat":[1494],"product_tag":[1495,1496],"class_list":{"0":"post-15629","1":"product","2":"type-product","3":"status-publish","4":"has-post-thumbnail","6":"product_cat-bucket-cylinders","7":"product_tag-bucket-cylinders","8":"product_tag-hydraulic-cylinders","10":"first","11":"instock","12":"shipping-taxable","13":"product-type-simple"},"amp_enabled":true,"_links":{"self":[{"href":"https:\/\/www.hydraulic-cylinders.net\/sl\/wp-json\/wp\/v2\/product\/15629","targetHints":{"allow":["GET"]}}],"collection":[{"href":"https:\/\/www.hydraulic-cylinders.net\/sl\/wp-json\/wp\/v2\/product"}],"about":[{"href":"https:\/\/www.hydraulic-cylinders.net\/sl\/wp-json\/wp\/v2\/types\/product"}],"replies":[{"embeddable":true,"href":"https:\/\/www.hydraulic-cylinders.net\/sl\/wp-json\/wp\/v2\/comments?post=15629"}],"wp:featuredmedia":[{"embeddable":true,"href":"https:\/\/www.hydraulic-cylinders.net\/sl\/wp-json\/wp\/v2\/media\/14787"}],"wp:attachment":[{"href":"https:\/\/www.hydraulic-cylinders.net\/sl\/wp-json\/wp\/v2\/media?parent=15629"}],"wp:term":[{"taxonomy":"product_brand","embeddable":true,"href":"https:\/\/www.hydraulic-cylinders.net\/sl\/wp-json\/wp\/v2\/product_brand?post=15629"},{"taxonomy":"product_cat","embeddable":true,"href":"https:\/\/www.hydraulic-cylinders.net\/sl\/wp-json\/wp\/v2\/product_cat?post=15629"},{"taxonomy":"product_tag","embeddable":true,"href":"https:\/\/www.hydraulic-cylinders.net\/sl\/wp-json\/wp\/v2\/product_tag?post=15629"}],"curies":[{"name":"delovni list","href":"https:\/\/api.w.org\/{rel}","templated":true}]}}