{"id":15641,"date":"2025-01-19T14:47:08","date_gmt":"2025-01-19T14:47:08","guid":{"rendered":"https:\/\/www.hydraulic-cylinders.net\/product\/bucket-cylinder-for-liebherr-large-excavator-r970s\/"},"modified":"2025-01-19T14:47:10","modified_gmt":"2025-01-19T14:47:10","slug":"bucket-cylinder-for-liebherr-large-excavator-r970s","status":"publish","type":"product","link":"https:\/\/www.hydraulic-cylinders.net\/sl\/izdelek\/bucket-cylinder-for-liebherr-large-excavator-r970s\/","title":{"rendered":"Cilinder \u017elice za velik bager Liebherr R970S"},"content":{"rendered":"<h1>Cilinder \u017elice za velik bager Liebherr R970S<\/h1>\n<h2>Uvod<\/h2>\n<p>Hidravli\u010dni cilinder \u017elice za veliki bager Liebherr R970S je posebej zasnovan hidravli\u010dni cilinder, ki se uporablja za nadzor gibanja \u017elice v te\u017ekih strojih, kot so bagri, bagri z nakladalniki in \u010delni nakladalniki. Njegova glavna funkcija je omogo\u010danje dvigovanja, spu\u0161\u010danja in nagibanja \u017elice, kar olaj\u0161a opravljanje razli\u010dnih nalog ravnanja z materiali. V hidravli\u010dnem sistemu cilinder \u017elice nadzoruje natan\u010dno gibanje \u017elice s spreminjanjem tlaka hidravli\u010dnega olja, kar upravljavcem omogo\u010da u\u010dinkovito ravnanje s te\u017ekimi bremeni in prilagajanje kompleksnim delovnim okoljem ter raznolikim operativnim potrebam.<\/p>\n<p><img decoding=\"async\" src=\"https:\/\/www.hydraulic-cylinders.net\/wp-content\/uploads\/2025\/01\/songte-company-2.webp\" alt=\"Slika valjaste \u017elice\"><\/p>\n<h2>Zna\u010dilnosti<\/h2>\n<ul>\n<li>Visoka trdnost in vzdr\u017eljivost: Obi\u010dajno je izdelan iz visoko trdnega jekla ali aluminija, lahko prenese visok tlak in velike obremenitve, se prilagodi zahtevnim delovnim okoljem in pri zasnovi upo\u0161teva odpornost proti obrabi in koroziji za podalj\u0161anje \u017eivljenjske dobe.<\/li>\n<li>U\u010dinkovito hidravli\u010dno delovanje: Gladko iztezanje in kr\u010denje se dose\u017ee s tlakom hidravli\u010dnega olja in se lahko hitro odzove na krmilne ukaze, kar zagotavlja mo\u010dne potisne in vle\u010dne sile, primerne za ravnanje s te\u017ekimi bremeni in kompleksne operativne naloge.<\/li>\n<li>Razli\u010dne vrste: Enojno delujo\u010di (hidravli\u010dni, ki se uporabljajo samo v eni smeri) ali dvostransko delujo\u010di (hidravli\u010dni, ki se uporabljajo v dveh smereh) cilindri se lahko izberejo glede na potrebe in izpolnijo razli\u010dne operativne zahteve. Nekateri modeli so teleskopski, kar omogo\u010da ve\u010dji razteg brez pove\u010danja zunanjih dimenzij, primerni za uporabo v omejenem prostoru.<\/li>\n<li>Zamenljivo za hidravli\u010dni valj: Na\u0161 izdelek lahko popolnoma nadomesti te hidravli\u010dne cilindre.<\/li>\n<\/ul>\n<p><img decoding=\"async\" src=\"https:\/\/www.hydraulic-cylinders.net\/wp-content\/uploads\/2025\/01\/songte-cylinder-head-with-all-kinds-excavator-models.webp\" alt=\"Slika zamenjave cilindra vedra\"><\/p>\n<h2>Aplikacije<\/h2>\n<p>Cilinder \u017elice za veliki bager Liebherr R970S se pogosto uporablja v naslednjih aplikacijah:<\/p>\n<ul>\n<li>Gradbena oprema: Pri bagrih so bistveni za kopanje, nakladanje in premikanje zemlje ali ru\u0161evin. Pri bagrih z nakladalno \u017elico cilindri pomagajo tako pri kopanju kot pri dvigovanju. <\/li>\n<li>Kmetijski stroji: Uporabljajo se v \u010delnih nakladalnikih za zajemanje, dvigovanje in prevoz zemlje, sena in drugih materialov. <\/li>\n<li>Bagri: Cilindri \u017elice omogo\u010dajo kopanje tako, da \u017elica prodre v zemljo.<\/li>\n<li>Nakladalci: Pri \u010delnih nakladalcih pomagajo u\u010dinkovito dvigovati in razkladati tovor.<\/li>\n<\/ul>\n<h2>Merila za na\u010drtovanje in izbor<\/h2>\n<p>Pri na\u010drtovanju cilindrov z \u017elico za te\u017eke stroje je treba upo\u0161tevati naslednja merila:<\/p>\n<ul>\n<li>Nosilnost: Jeklenka mora biti sposobna prenesti zahtevano te\u017eo, tlak in obremenitev.<\/li>\n<li>Tesnjenje: Za prepre\u010devanje pu\u0161\u010danja hidravli\u010dne olja se uporabljajo razli\u010dne tesnilne komponente, kot so tesnila bata in tesnila ojnic.<\/li>\n<li>Vzdr\u017eljivost: Jeklenka mora biti sposobna prenesti te\u017eke pogoje, vklju\u010dno z odpornostjo proti obrabi in koroziji, da se zagotovi maksimalna \u017eivljenjska doba.<\/li>\n<li>Varnost: Jeklenka mora izpolnjevati varnostne standarde in predpise, da se prepre\u010dijo nesre\u010de in po\u0161kodbe.<\/li>\n<li>Vzdr\u017eevanje: Enostavno vzdr\u017eevanje in popravilo sta klju\u010dnega pomena za ohranjanje delovanja in \u017eivljenjske dobe cilindra.<\/li>\n<\/ul>\n<p><img decoding=\"async\" src=\"https:\/\/www.hydraulic-cylinders.net\/wp-content\/uploads\/2025\/01\/songte-oil-pipes-and-spare-parts.webp\" alt=\"Slika delov cilindra \u017elice\"><\/p>\n<h2>Tesnjenje in mazanje<\/h2>\n<p>Za prepre\u010devanje pu\u0161\u010danja hidravli\u010dne olja se uporabljajo razli\u010dne vrste tesnil, kot so tesnila bata in tesnila palic. Ohi\u0161ja valjev in povr\u0161ine navojnih kon\u010dnih delov so fino obdelane za izbolj\u0161anje odpornosti proti obrabi. Za ohranjanje delovanja valjev je potrebno tudi redno dodajanje ustrezne koli\u010dine hidravli\u010dnega olja za mazanje.<\/p>\n<h2>Vzdr\u017eevanje in popravila<\/h2>\n<p>Redni pregledi, ustrezno mazanje, zamenjava tesnil in preverjanje kalibracije so pogosta vzdr\u017eevalna opravila za cilindre z \u017elico. Pravilna namestitev, mazanje in nastavitev so klju\u010dnega pomena za zagotovitev varnega in u\u010dinkovitega delovanja. Pravilno vodenje poravnave cilindra med namestitvijo, uporaba ustreznih nosilcev za pritrditev cilindra ter priporo\u010deni postopki pregleda, popravila in zamenjave so bistveni za podalj\u0161anje \u017eivljenjske dobe izdelka. <\/p>\n<p><img decoding=\"async\" src=\"https:\/\/www.hydraulic-cylinders.net\/wp-content\/uploads\/2025\/01\/songte-chushion-collar.webp\" alt=\"Slika ovratnika blazine cilindra vedra\"><\/p>\n<h2>Varnostni vidiki in okoljski dejavniki<\/h2>\n<p>Pri uporabi cilindra \u017elice za veliki bager Liebherr R970S so potrebni varnostni ukrepi za prepre\u010devanje nesre\u010d in po\u0161kodb. Okoljski dejavniki, kot so temperatura, vla\u017enost in korozija, prav tako vplivajo na delovanje in \u017eivljenjsko dobo cilindra. <\/p>\n<h2>Diagnoza in odpravljanje te\u017eav<\/h2>\n<p>Med pogoste te\u017eave z cilindri \u017elice spadajo pu\u0161\u010danje hidravlike, nepravilno gibanje in obrabljena tesnila. Pravo\u010dasna diagnoza in odpravljanje te\u017eav sta potrebna za prepre\u010devanje nadaljnjih po\u0161kodb in izpadov. Preventivni ukrepi, kot so redni pregledi in ustrezno mazanje, lahko zmanj\u0161ajo morebitne te\u017eave.<\/p>\n<p><img decoding=\"async\" src=\"https:\/\/www.hydraulic-cylinders.net\/wp-content\/uploads\/2025\/01\/songte-bushings-with-all-kinds-of-excavator-models.webp\" alt=\"Slika pu\u0161 cilindra \u017elice\"><\/p>\n<h2>O na\u0161em podjetju<\/h2>\n<p>Smo vodilni proizvajalec in veleprodajni distributer hidravli\u010dnih cilindrov na doma\u010dem in mednarodnem trgu s celotno paleto vrst izdelkov. Dr\u017eimo se na\u010del odli\u010dne kakovosti, se zana\u0161amo na industrializirane strategije upravljanja proizvodnje v finih proizvodnih delavnicah in nenehno izbolj\u0161ujemo proizvodne platforme za popolne proizvodne linije kakovosti izdelkov. Imamo mo\u010dno ustvarjalno sposobnost, visoko u\u010dinkovitost, visoko natan\u010dnost in visokokakovostna na\u010dela, da zadovoljimo raznolike potrebe strank. <\/p>\n<p><img decoding=\"async\" src=\"https:\/\/hzpt.com\/wp-content\/uploads\/2024\/11\/songte-company-1.webp\" alt=\"O na\u0161em podjetju Slika\"><\/p>\n<h3>Profesionalnost<\/h3>\n<p>Na\u0161e podjetje je specializirano za proizvodnjo razli\u010dnih vrst hidravli\u010dnih cilindrov za razli\u010dne aplikacije. Imamo bogato strokovno znanje na podro\u010dju izdelave visokokakovostnih in trpe\u017enih izdelkov, ki izpolnjujejo zahteve strank.<\/p>\n<h3>Mednarodno certificiranje<\/h3>\n<p>Na\u0161i izdelki so prejeli mednarodne certifikate, kot sta ISO 9001 in CE, kar zagotavlja, da izpolnjujejo najvi\u0161je standarde kakovosti in varnosti.<\/p>\n<h3>Storitve prilagajanja<\/h3>\n<p>Nudimo storitve prilagajanja, da zadostimo specifi\u010dnim potrebam na\u0161ih strank, od zasnove do izdelave in dostave, da zagotovimo, da na\u0161i izdelki ustrezajo natan\u010dnim specifikacijam strank.<\/p>\n<h3>Proizvodna oprema<\/h3>\n<p>Uporabljamo napredno digitalno proizvodno opremo, da zagotovimo u\u010dinkovito in natan\u010dno izdelavo na\u0161ih izdelkov z visoko kakovostjo in vzdr\u017eljivostjo.<\/p>\n<h3>Poprodajne storitve<\/h3>\n<p>Nudimo odli\u010dno poprodajno storitev, vklju\u010dno z vzdr\u017eevanjem izdelkov, popravilom in zamenjavo, ter strankam nudimo tehni\u010dno podporo za re\u0161evanje morebitnih te\u017eav, s katerimi se sre\u010dujejo pri uporabi na\u0161ih izdelkov.<\/p>\n<p>Avtor: lyl<\/p>","protected":false},"excerpt":{"rendered":"<p>Bucket Cylinder For Liebherr Large Excavator R970S Introduction The bucket cylinder for Liebherr large excavator R970S is a specially designed hydraulic cylinder used to control the movement of the bucket in heavy machinery such as excavators, backhoe excavators, and front-end loaders. Its main function is to enable the bucket to lift, lower, and tilt, making [&hellip;]<\/p>","protected":false},"featured_media":14761,"comment_status":"open","ping_status":"closed","template":"","meta":{"_et_pb_use_builder":"","_et_pb_old_content":"","_et_gb_content_width":""},"product_brand":[],"product_cat":[1494],"product_tag":[1495,1496],"class_list":{"0":"post-15641","1":"product","2":"type-product","3":"status-publish","4":"has-post-thumbnail","6":"product_cat-bucket-cylinders","7":"product_tag-bucket-cylinders","8":"product_tag-hydraulic-cylinders","10":"first","11":"instock","12":"shipping-taxable","13":"product-type-simple"},"amp_enabled":true,"_links":{"self":[{"href":"https:\/\/www.hydraulic-cylinders.net\/sl\/wp-json\/wp\/v2\/product\/15641","targetHints":{"allow":["GET"]}}],"collection":[{"href":"https:\/\/www.hydraulic-cylinders.net\/sl\/wp-json\/wp\/v2\/product"}],"about":[{"href":"https:\/\/www.hydraulic-cylinders.net\/sl\/wp-json\/wp\/v2\/types\/product"}],"replies":[{"embeddable":true,"href":"https:\/\/www.hydraulic-cylinders.net\/sl\/wp-json\/wp\/v2\/comments?post=15641"}],"wp:featuredmedia":[{"embeddable":true,"href":"https:\/\/www.hydraulic-cylinders.net\/sl\/wp-json\/wp\/v2\/media\/14761"}],"wp:attachment":[{"href":"https:\/\/www.hydraulic-cylinders.net\/sl\/wp-json\/wp\/v2\/media?parent=15641"}],"wp:term":[{"taxonomy":"product_brand","embeddable":true,"href":"https:\/\/www.hydraulic-cylinders.net\/sl\/wp-json\/wp\/v2\/product_brand?post=15641"},{"taxonomy":"product_cat","embeddable":true,"href":"https:\/\/www.hydraulic-cylinders.net\/sl\/wp-json\/wp\/v2\/product_cat?post=15641"},{"taxonomy":"product_tag","embeddable":true,"href":"https:\/\/www.hydraulic-cylinders.net\/sl\/wp-json\/wp\/v2\/product_tag?post=15641"}],"curies":[{"name":"delovni list","href":"https:\/\/api.w.org\/{rel}","templated":true}]}}