{"id":15656,"date":"2025-01-19T14:48:17","date_gmt":"2025-01-19T14:48:17","guid":{"rendered":"https:\/\/www.hydraulic-cylinders.net\/product\/bucket-cylinder-for-sdlg-large-excavator-lg6300\/"},"modified":"2025-01-19T14:48:19","modified_gmt":"2025-01-19T14:48:19","slug":"bucket-cylinder-for-sdlg-large-excavator-lg6300","status":"publish","type":"product","link":"https:\/\/www.hydraulic-cylinders.net\/sl\/izdelek\/bucket-cylinder-for-sdlg-large-excavator-lg6300\/","title":{"rendered":"Cilinder \u017elice za velik bager SDLG LG6300"},"content":{"rendered":"<h1>Cilinder \u017elice za velik bager SDLG LG6300<\/h1>\n<h2>Uvod<\/h2>\n<p>Hidravli\u010dni valj \u017elice je specializiran hidravli\u010dni valj, zasnovan za nadzor gibanja \u017elic v te\u017ekih strojih, kot so bagri, bagri nakladalniki in \u010delni nakladalniki. Njegova glavna funkcija je omogo\u010danje dvigovanja, spu\u0161\u010danja in nagibanja \u017elice, kar olaj\u0161a opravljanje razli\u010dnih nalog prevoza materiala. V hidravli\u010dnem sistemu valj \u017elice nadzoruje natan\u010dno gibanje \u017elice s spremembami tlaka hidravli\u010dnega olja, kar upravljavcem omogo\u010da u\u010dinkovito rokovanje s te\u017ekimi bremeni in prilagajanje kompleksnim delovnim okoljem ter raznolikim zahtevam dela.<\/p>\n<p><img decoding=\"async\" src=\"https:\/\/www.hydraulic-cylinders.net\/wp-content\/uploads\/2025\/01\/songte-company-2.webp\" alt=\"Slika valjaste \u017elice\"><\/p>\n<h2>Zna\u010dilnosti<\/h2>\n<ul>\n<li>Visoka trdnost in vzdr\u017eljivost: Obi\u010dajno je izdelan iz visoko trdnega jekla ali aluminija, zato lahko prenese visok tlak in velike obremenitve ter se prilagodi te\u017ekim delovnim pogojem. Zasnova upo\u0161teva odpornost proti obrabi in koroziji, kar podalj\u0161uje \u017eivljenjsko dobo.<\/li>\n<li>U\u010dinkovito hidravli\u010dno delovanje: Uporablja hidravli\u010dni tlak olja za doseganje gladkega teleskopskega delovanja, se lahko hitro odzove na krmilne ukaze, zagotavlja mo\u010dno potisno in vle\u010dno silo, primerno za rokovanje s te\u017ekimi bremeni in kompleksne delovne naloge.<\/li>\n<li>Razli\u010dne vrste: Izbirate lahko med enosmerno delujo\u010dimi (hidravli\u010dni cilindri se uporabljajo samo v eno smer) ali dvosmerno delujo\u010dimi (hidravli\u010dni cilindri se uporabljajo v obe smeri) glede na potrebe in razli\u010dne zahteve delovanja. Nekateri modeli so teleskopski, kar omogo\u010da ve\u010dji razteg brez pove\u010danja zunanjih dimenzij, primerni za uporabo v omejenem prostoru.<\/li>\n<li>Enostavna zamenjava: Na\u0161 izdelek lahko popolnoma nadomesti te hidravli\u010dne cilindre.<\/li>\n<li>Prilagodljivo: Ta izdelek lahko izdelamo glede na va\u0161e posebne potrebe.<\/li>\n<\/ul>\n<p><img decoding=\"async\" src=\"https:\/\/www.hydraulic-cylinders.net\/wp-content\/uploads\/2025\/01\/songte-cylinder-head-with-all-kinds-excavator-models.webp\" alt=\"Slika valjaste \u017elice\"><\/p>\n<h2>Aplikacije<\/h2>\n<p>Cilinder \u017elice se uporablja v razli\u010dnih te\u017ekih strojih, vklju\u010dno z:<\/p>\n<ul>\n<li>Gradbena oprema: Pri bagrih so bistveni za kopanje, nakladanje in premikanje zemlje ali ru\u0161evin. Pri bagrih nakladalnikih \u017elicski cilindri pomagajo tako pri izkopavanju kot pri dvigovanju. <\/li>\n<li>Kmetijska mehanizacija: Uporablja se v \u010delnih nakladalnikih za zajemanje, dvigovanje in prevoz zemlje, sena in drugih materialov.<\/li>\n<li>Bagri: Cilinder \u017elice omogo\u010da kopanje, saj \u017elici omogo\u010da prodiranje v zemljo.<\/li>\n<li>\u010celni nakladalniki: Pri \u010delnih nakladalnikih pomagajo pri u\u010dinkovitem dvigovanju in nagibanju blaga.<\/li>\n<\/ul>\n<h2>Oblikovalski vidiki in izbirna merila<\/h2>\n<p>Pri na\u010drtovanju in izbiri cilindra za vedro je treba upo\u0161tevati naslednje:<\/p>\n<ul>\n<li>Nosilnost: Valj \u017elice mora biti sposoben prenesti pri\u010dakovano nosilnost.<\/li>\n<li>Tesnjenje: Cilinder vedra mora biti zasnovan z ustreznimi tesnili, da se prepre\u010di pu\u0161\u010danje teko\u010dine in kontaminacija.<\/li>\n<li>Vzdr\u017eljivost: Materiali in konstrukcija cilindra z \u017elico morajo biti sposobni prenesti pri\u010dakovano obrabo zaradi njegove uporabe.<\/li>\n<li>Varnost: Cilinder vedra mora biti zasnovan tako, da prepre\u010duje nesre\u010de z vklju\u010ditvijo varnostnih elementov.<\/li>\n<li>Vzdr\u017eevanje: Cilinder vedra mora biti zasnovan za enostavno vzdr\u017eevanje in popravilo, z dostopnimi komponentami in minimalnim \u010dasom izpada.<\/li>\n<\/ul>\n<p><img decoding=\"async\" src=\"https:\/\/www.hydraulic-cylinders.net\/wp-content\/uploads\/2025\/01\/songte-oil-pipes-and-spare-parts.webp\" alt=\"Slika valjaste \u017elice\"><\/p>\n<h2>Tesnjenje in mazanje<\/h2>\n<p>Valj \u017elice uporablja razli\u010dne tesnilne elemente, kot so tesnilni obro\u010di bata in tesnilni obro\u010di palice, izdelani iz materialov, odpornih proti obrabi, kot sta poliuretan in nitrilna guma. Telo valja in navojne kon\u010dne povr\u0161ine so fino obdelane za izbolj\u0161anje odpornosti proti obrabi. Za zagotovitev ustreznega mazanja je potrebno redno dodajanje ustreznega hidravli\u010dnega olja. <\/p>\n<h2>Vzdr\u017eevanje in popravila<\/h2>\n<p>Za podalj\u0161anje \u017eivljenjske dobe cilindra z \u017elico je treba izvajati redne preglede in preventivne vzdr\u017eevalne ukrepe. Vzdr\u017eevalna opravila lahko vklju\u010dujejo redno mazanje, periodi\u010dno zamenjavo tesnil in preverjanje kalibracije. Pravilna namestitev je klju\u010dnega pomena za zmanj\u0161anje obrabe in zagotovitev varnosti. Priporo\u010dljivo je uporabiti ustrezne nosilce za pritrditev cilindra. Za podalj\u0161anje \u017eivljenjske dobe cilindra so na voljo priporo\u010deni postopki pregleda, popravila in zamenjave, vklju\u010dno z zamenjavo delov in obnovo.<\/p>\n<p><img decoding=\"async\" src=\"https:\/\/www.hydraulic-cylinders.net\/wp-content\/uploads\/2025\/01\/songte-chushion-collar.webp\" alt=\"Slika valjaste \u017elice\"><\/p>\n<h2>Varnostni in okoljski vidiki<\/h2>\n<p>Pri uporabi jeklenke z vedrom je treba sprejeti varnostne ukrepe za prepre\u010devanje nesre\u010d. Pri izbiri jeklenke je treba upo\u0161tevati tudi okoljske dejavnike, kot sta temperatura in vla\u017enost.<\/p>\n<h2>Odpravljanje te\u017eav in pogoste te\u017eave<\/h2>\n<p>Pogoste te\u017eave z cilindrom \u017elice lahko vklju\u010dujejo pu\u0161\u010danje teko\u010dine, okvarjene bate, upognjene palice in po\u0161kodovana tesnila. Na voljo so nasveti in re\u0161itve za odpravljanje te\u017eav, ki bralcem pomagajo u\u010dinkovito diagnosticirati in re\u0161evati te\u017eave. Predlagani so preventivni ukrepi za zmanj\u0161anje morebitnih te\u017eav.<\/p>\n<p><img decoding=\"async\" src=\"https:\/\/www.hydraulic-cylinders.net\/wp-content\/uploads\/2025\/01\/songte-bushings-with-all-kinds-of-excavator-models.webp\" alt=\"Slika valjaste \u017elice\"><\/p>\n<h2>O na\u0161em podjetju<\/h2>\n<p>Smo proizvajalec hidravli\u010dnih cilindrov in eden vodilnih proizvajalcev in veletrgovcev s hidravli\u010dnimi cilindri na doma\u010dem in mednarodnem trgu. Sledimo na\u010delu odli\u010dne kakovosti in se zana\u0161amo na strategijo upravljanja proizvodnje, zna\u010dilno za sofisticirano proizvodno delavnico. Proizvodno platformo delavnice nenehno izbolj\u0161ujemo z uporabo tehni\u010dnih talentov, vrhunske digitalne proizvodne opreme in profesionalnih sistemov za testiranje, s \u010dimer izpopolnjujemo proizvodno pot za zagotavljanje kakovosti izdelkov in imamo mo\u010dne ustvarjalne sposobnosti za zadovoljevanje raznolikih potreb strank z visoko u\u010dinkovitostjo, visoko natan\u010dnostjo in visoko kakovostjo.<\/p>\n<ul>\n<li>Profesionalnost: Na\u0161a ekipa strokovnjakov ima bogate izku\u0161nje z na\u010drtovanjem, izdelavo in vzdr\u017eevanjem hidravli\u010dnih cilindrov.<\/li>\n<li>Mednarodno certificiranje: Na\u0161i izdelki so certificirani v skladu z mednarodnimi standardi in so skladni s standardi sistema vodenja kakovosti ISO 9001.<\/li>\n<li>Prilagojene storitve: Ponujamo prilagojene re\u0161itve, ki ustrezajo specifi\u010dnim potrebam na\u0161ih strank.<\/li>\n<li>Napredna proizvodna oprema: Na\u0161a najsodobnej\u0161a proizvodna oprema zagotavlja dosledno kakovost in u\u010dinkovito proizvodnjo.<\/li>\n<li>Poprodajne storitve: Zagotavljamo pravo\u010dasno in u\u010dinkovito poprodajno storitev, da zagotovimo zadovoljstvo strank.<\/li>\n<\/ul>\n<p><img decoding=\"async\" src=\"https:\/\/hzpt.com\/wp-content\/uploads\/2024\/11\/songte-company-1.webp\" alt=\"Slika valjaste \u017elice\"><\/p>\n<p>Avtor: lyl.<\/p>","protected":false},"excerpt":{"rendered":"<p>Bucket Cylinder For SDLG Large Excavator LG6300 Introduction A bucket cylinder is a specialized hydraulic cylinder designed to control the movement of buckets in heavy machinery such as excavators, backhoe loaders, and front-end loaders. Its main function is to allow the bucket to lift, lower, and tilt, making it easier to handle various material transport [&hellip;]<\/p>","protected":false},"featured_media":14761,"comment_status":"open","ping_status":"closed","template":"","meta":{"_et_pb_use_builder":"","_et_pb_old_content":"","_et_gb_content_width":""},"product_brand":[],"product_cat":[1494],"product_tag":[1495,1496],"class_list":{"0":"post-15656","1":"product","2":"type-product","3":"status-publish","4":"has-post-thumbnail","6":"product_cat-bucket-cylinders","7":"product_tag-bucket-cylinders","8":"product_tag-hydraulic-cylinders","10":"first","11":"instock","12":"shipping-taxable","13":"product-type-simple"},"amp_enabled":true,"_links":{"self":[{"href":"https:\/\/www.hydraulic-cylinders.net\/sl\/wp-json\/wp\/v2\/product\/15656","targetHints":{"allow":["GET"]}}],"collection":[{"href":"https:\/\/www.hydraulic-cylinders.net\/sl\/wp-json\/wp\/v2\/product"}],"about":[{"href":"https:\/\/www.hydraulic-cylinders.net\/sl\/wp-json\/wp\/v2\/types\/product"}],"replies":[{"embeddable":true,"href":"https:\/\/www.hydraulic-cylinders.net\/sl\/wp-json\/wp\/v2\/comments?post=15656"}],"wp:featuredmedia":[{"embeddable":true,"href":"https:\/\/www.hydraulic-cylinders.net\/sl\/wp-json\/wp\/v2\/media\/14761"}],"wp:attachment":[{"href":"https:\/\/www.hydraulic-cylinders.net\/sl\/wp-json\/wp\/v2\/media?parent=15656"}],"wp:term":[{"taxonomy":"product_brand","embeddable":true,"href":"https:\/\/www.hydraulic-cylinders.net\/sl\/wp-json\/wp\/v2\/product_brand?post=15656"},{"taxonomy":"product_cat","embeddable":true,"href":"https:\/\/www.hydraulic-cylinders.net\/sl\/wp-json\/wp\/v2\/product_cat?post=15656"},{"taxonomy":"product_tag","embeddable":true,"href":"https:\/\/www.hydraulic-cylinders.net\/sl\/wp-json\/wp\/v2\/product_tag?post=15656"}],"curies":[{"name":"delovni list","href":"https:\/\/api.w.org\/{rel}","templated":true}]}}