{"id":15663,"date":"2025-01-19T14:48:44","date_gmt":"2025-01-19T14:48:44","guid":{"rendered":"https:\/\/www.hydraulic-cylinders.net\/product\/bucket-cylinder-for-jonyang-small-excavator-jy615eld\/"},"modified":"2025-01-19T14:48:46","modified_gmt":"2025-01-19T14:48:46","slug":"bucket-cylinder-for-jonyang-small-excavator-jy615eld","status":"publish","type":"product","link":"https:\/\/www.hydraulic-cylinders.net\/sl\/izdelek\/bucket-cylinder-for-jonyang-small-excavator-jy615eld\/","title":{"rendered":"Cilinder \u017elice za majhen bager Jonyang JY615ELD"},"content":{"rendered":"<h1>Cilinder \u017elice za majhen bager Jonyang JY615ELD<\/h1>\n<h2>Uvod<\/h2>\n<p>Hidravli\u010dni valj \u017elice je posebej zasnovan hidravli\u010dni valj, ki se uporablja za nadzor gibanja \u017elice v te\u017ekih strojih, kot so bagri, bagri nakladalniki in \u010delni nakladalniki. Njegova glavna funkcija je omogo\u010diti dvigovanje, spu\u0161\u010danje in nagibanje \u017elice, kar olaj\u0161a opravljanje razli\u010dnih nalog ravnanja z materiali. V hidravli\u010dnem sistemu valj \u017elice uporablja spremembo tlaka hidravli\u010dnega olja za nadzor natan\u010dnih gibov \u017elice, kar omogo\u010da upravljavcem u\u010dinkovito ravnanje s te\u017ekimi bremeni in prilagajanje kompleksnim delovnim okoljem ter raznolikim operativnim zahtevam.<\/p>\n<p><img decoding=\"async\" src=\"https:\/\/www.hydraulic-cylinders.net\/wp-content\/uploads\/2025\/01\/songte-company-2.webp\" alt=\"Cilinder \u017elice za majhen bager Jonyang JY615ELD\"><\/p>\n<h2>Zna\u010dilnosti<\/h2>\n<ul>\n<li>Visoka trdnost in vzdr\u017eljivost: Obi\u010dajno je izdelan iz visoko trdnega jekla ali aluminija, lahko prenese visok tlak in velike obremenitve, se prilagaja te\u017ekim delovnim okoljem in je zasnovan z upo\u0161tevanjem odpornosti proti obrabi in koroziji, da se podalj\u0161a \u017eivljenjska doba.<\/li>\n<li>U\u010dinkovito hidravli\u010dno delovanje: Z uporabo tlaka hidravli\u010dnega olja za doseganje gladkih gibov iztegovanja in vle\u010denja se lahko hitro odzove na krmilne ukaze, zagotavlja mo\u010dne potisne in vle\u010dne sile ter je primeren za ravnanje s te\u017ekimi bremeni in kompleksnimi operativnimi nalogami.<\/li>\n<li>Razli\u010dne vrste: Enojno delujo\u010di (hidravli\u010dni sistemi se uporabljajo samo v eni smeri) ali dvostransko delujo\u010di (hidravli\u010dni sistemi se uporabljajo v obeh smereh) cilindri se lahko izberejo glede na potrebe in izpolnijo razli\u010dne operativne zahteve. Nekateri modeli so teleskopski, kar omogo\u010da ve\u010dji razteg brez pove\u010danja zunanjih dimenzij, primerni za uporabo v omejenem prostoru.<\/li>\n<li>Zamenljivo: Na\u0161i izdelki lahko popolnoma nadomestijo te hidravli\u010dne cilindre.<\/li>\n<\/ul>\n<p><img decoding=\"async\" src=\"https:\/\/www.hydraulic-cylinders.net\/wp-content\/uploads\/2025\/01\/songte-cylinder-head-with-all-kinds-excavator-models.webp\" alt=\"Cilinder \u017elice za majhen bager Jonyang JY615ELD\"><\/p>\n<h2>Aplikacije<\/h2>\n<ul>\n<li>Gradbena oprema: Pri bagrih so bistveni za kopanje, nakladanje in premikanje zemlje ali ru\u0161evin. Pri bagrih nakladalnikih cilinder \u017elice pomaga pri izkopavanju in dvigovanju. <\/li>\n<li>Kmetijska mehanizacija: Uporablja se za \u010delne nakladalnike, pobiranje, dvigovanje in prevoz zemlje, sena in drugih materialov. <\/li>\n<li>Bagri: Cilinder \u017elice omogo\u010da kopanje, saj \u017elici omogo\u010da prodiranje v zemljo. <\/li>\n<li>Nakladalnik: Pri \u010delnih nakladalnikih pomagajo pri u\u010dinkovitem dvigovanju in nagibanju blaga. <\/li>\n<\/ul>\n<h2>Merila za na\u010drtovanje in izbor<\/h2>\n<ul>\n<li>Nosilnost: Upo\u0161tevanje nosilnosti valja je izjemno pomembno pri na\u010drtovanju. To bo zagotovilo, da bo valj lahko prenesel velike obremenitve brez okvare.<\/li>\n<li>Tesnjenje: Pri zasnovi hidravli\u010dnih cilindrov se uporabljajo razli\u010dne tesnilne komponente, kot so tesnila bata, tesnila palic itd., za zagotovitev ustreznega tesnjenja. <\/li>\n<li>Vzdr\u017eljivost: Hidravli\u010dni cilindri morajo biti sposobni prenesti zahtevna delovna okolja, kot so ekstremne temperature, visoka vla\u017enost in izpostavljenost korozivnim snovem. <\/li>\n<li>Varnost: Zasnova hidravli\u010dnega cilindra mora upo\u0161tevati tveganja, povezana z njegovo uporabo, kot so morebitna pu\u0161\u010danja in druge okvare. <\/li>\n<li>Vzdr\u017eevanje: Hidravli\u010dni cilindri morajo biti zasnovani tako, da omogo\u010dajo enostavno vzdr\u017eevanje in servisiranje ali popravilo.<\/li>\n<\/ul>\n<p><img decoding=\"async\" src=\"https:\/\/www.hydraulic-cylinders.net\/wp-content\/uploads\/2025\/01\/songte-oil-pipes-and-spare-parts.webp\" alt=\"Cilinder \u017elice za majhen bager Jonyang JY615ELD\"><\/p>\n<h2>Tesnjenje in mazanje<\/h2>\n<p>Pri zasnovi hidravli\u010dnih cilindrov se za zagotovitev ustreznega tesnjenja uporabljajo razli\u010dne tesnilne komponente, kot so tesnila bata, tesnila palic itd. Tesnila so izdelana iz materialov, odpornih proti obrabi, kot sta poliuretan in nitrilna guma, da se ne obrabijo zlahka. Pravilno mazanje je bistvenega pomena za zagotovitev pravilnega delovanja in podalj\u0161anje \u017eivljenjske dobe hidravli\u010dnega cilindra. Redno dodajanje ustreznih koli\u010din hidravli\u010dnega olja je potrebno.<\/p>\n<h2>Preventivno vzdr\u017eevanje in odpravljanje te\u017eav<\/h2>\n<p>Sledijo nekateri preventivni vzdr\u017eevalni ukrepi, ki jih je treba sprejeti:<\/p>\n<ul>\n<li>Redni pregledi: Preverite hidravli\u010dni valj glede pu\u0161\u010danja, po\u0161kodb in obrabe.<\/li>\n<li>Pravilno mazanje: Za optimalno delovanje je potrebno pravilno mazanje valja in njegovih komponent.<\/li>\n<li>Zamenjava tesnila: Tesnila je treba zamenjati, ko ka\u017eejo znake obrabe ali po\u0161kodb.<\/li>\n<\/ul>\n<p>\u010ce hidravli\u010dni valj odpove, je treba preveriti nekatere pogoste te\u017eave, kot so nezadostna sila, pu\u0161\u010danje in po\u0161kodbe sten valja. Za odpravo teh te\u017eav glejte navodila proizvajalca. Da bi prepre\u010dili nastanek teh te\u017eav, vedno upo\u0161tevajte ustrezne postopke namestitve in vzdr\u017eevanja.<\/p>\n<p><img decoding=\"async\" src=\"https:\/\/www.hydraulic-cylinders.net\/wp-content\/uploads\/2025\/01\/songte-bushings-with-all-kinds-of-excavator-models.webp\" alt=\"Cilinder \u017elice za majhen bager Jonyang JY615ELD\"><\/p>\n<h2>O nas<\/h2>\n<p>Smo proizvajalec hidravli\u010dnih cilindrov, specializiran za proizvodnjo in distribucijo \u0161iroke palete hidravli\u010dnih cilindrov za doma\u010di in mednarodni trg. Dr\u017eimo se odli\u010dne kakovosti, se zana\u0161amo na industrializacijo strategij upravljanja proizvodnje v na\u0161ih natan\u010dno izdelanih delavnicah in nenehno izbolj\u0161ujemo na\u0161e proizvodne platforme v delavnicah, s \u010dimer izpopolnjujemo proizvodne poti za kakovost izdelkov. Na\u0161e podjetje ima mo\u010dno sposobnost ustvarjanja visoko u\u010dinkovitih, visoko natan\u010dnih in visokokakovostnih na\u010del, ki ustrezajo \u0161irokemu naboru potreb strank.<\/p>\n<p>Na\u0161e podjetje ponuja profesionalne in mednarodno certificirane storitve po meri, napredno proizvodno opremo in poprodajne storitve.<\/p>\n<p><img decoding=\"async\" src=\"https:\/\/hzpt.com\/wp-content\/uploads\/2024\/11\/songte-company-1.webp\" alt=\"Cilinder \u017elice za majhen bager Jonyang JY615ELD\"><\/p>\n<p>Avtor tega \u010dlanka je lyl.<\/p>","protected":false},"excerpt":{"rendered":"<p>Bucket Cylinder For Jonyang Small Excavator JY615ELD Introduction The bucket cylinder is a specially designed hydraulic cylinder used to control the movement of the bucket in heavy machinery such as excavators, backhoe loaders, and front-end loaders. Its main function is to enable the bucket to lift, lower, and tilt, making it easier to handle various [&hellip;]<\/p>","protected":false},"featured_media":14780,"comment_status":"open","ping_status":"closed","template":"","meta":{"_et_pb_use_builder":"","_et_pb_old_content":"","_et_gb_content_width":""},"product_brand":[],"product_cat":[1494],"product_tag":[1495,1496],"class_list":{"0":"post-15663","1":"product","2":"type-product","3":"status-publish","4":"has-post-thumbnail","6":"product_cat-bucket-cylinders","7":"product_tag-bucket-cylinders","8":"product_tag-hydraulic-cylinders","10":"first","11":"instock","12":"shipping-taxable","13":"product-type-simple"},"amp_enabled":true,"_links":{"self":[{"href":"https:\/\/www.hydraulic-cylinders.net\/sl\/wp-json\/wp\/v2\/product\/15663","targetHints":{"allow":["GET"]}}],"collection":[{"href":"https:\/\/www.hydraulic-cylinders.net\/sl\/wp-json\/wp\/v2\/product"}],"about":[{"href":"https:\/\/www.hydraulic-cylinders.net\/sl\/wp-json\/wp\/v2\/types\/product"}],"replies":[{"embeddable":true,"href":"https:\/\/www.hydraulic-cylinders.net\/sl\/wp-json\/wp\/v2\/comments?post=15663"}],"wp:featuredmedia":[{"embeddable":true,"href":"https:\/\/www.hydraulic-cylinders.net\/sl\/wp-json\/wp\/v2\/media\/14780"}],"wp:attachment":[{"href":"https:\/\/www.hydraulic-cylinders.net\/sl\/wp-json\/wp\/v2\/media?parent=15663"}],"wp:term":[{"taxonomy":"product_brand","embeddable":true,"href":"https:\/\/www.hydraulic-cylinders.net\/sl\/wp-json\/wp\/v2\/product_brand?post=15663"},{"taxonomy":"product_cat","embeddable":true,"href":"https:\/\/www.hydraulic-cylinders.net\/sl\/wp-json\/wp\/v2\/product_cat?post=15663"},{"taxonomy":"product_tag","embeddable":true,"href":"https:\/\/www.hydraulic-cylinders.net\/sl\/wp-json\/wp\/v2\/product_tag?post=15663"}],"curies":[{"name":"delovni list","href":"https:\/\/api.w.org\/{rel}","templated":true}]}}