{"id":15668,"date":"2025-01-19T14:49:11","date_gmt":"2025-01-19T14:49:11","guid":{"rendered":"https:\/\/www.hydraulic-cylinders.net\/product\/bucket-cylinder-for-jcm-small-excavator-907d\/"},"modified":"2025-01-19T14:49:13","modified_gmt":"2025-01-19T14:49:13","slug":"bucket-cylinder-for-jcm-small-excavator-907d","status":"publish","type":"product","link":"https:\/\/www.hydraulic-cylinders.net\/sl\/izdelek\/bucket-cylinder-for-jcm-small-excavator-907d\/","title":{"rendered":"Cilinder \u017elice za majhen bager JCM 907D"},"content":{"rendered":"<h1>Cilinder \u017elice za majhen bager JCM 907D<\/h1>\n<h2>Uvod<\/h2>\n<p>Hidravli\u010dni cilinder \u017elice je vrsta hidravli\u010dnega cilindra, posebej zasnovanega za nadzor gibanja \u017elice v te\u017ekih strojih, kot so bagri, bagri nakladalniki in \u010delni nakladalniki. Njegova glavna funkcija je omogo\u010diti dvigovanje, spu\u0161\u010danje in nagibanje \u017elice, zaradi \u010desar je primerna za razli\u010dna opravila ravnanja z materiali. V hidravli\u010dnem sistemu cilinder \u017elice uporablja spremembe tlaka hidravli\u010dnega olja za doseganje natan\u010dnega nadzora \u017elice, kar upravljavcu omogo\u010da u\u010dinkovito ravnanje s te\u017ekimi bremeni in prilagajanje kompleksnim delovnim okoljem ter raznolikim operativnim potrebam.<\/p>\n<p><img decoding=\"async\" src=\"https:\/\/www.hydraulic-cylinders.net\/wp-content\/uploads\/2025\/01\/songte-company-2.webp\"><\/p>\n<h2>Zna\u010dilnosti<\/h2>\n<ul>\n<li>Visoka trdnost in vzdr\u017eljivost: Obi\u010dajno je izdelan iz visoko trdnega jekla ali aluminija, zato lahko valj z \u017elico prenese visok tlak in velike obremenitve, se prilagodi zahtevnim delovnim okoljem in je zasnovan tako, da upo\u0161teva odpornost proti obrabi in koroziji, da podalj\u0161a njegovo \u017eivljenjsko dobo.<\/li>\n<li>U\u010dinkovito hidravli\u010dno delovanje: Z uporabo hidravli\u010dnega tlaka olja za doseganje gladkega iztegovanja in kr\u010denja se lahko valj \u017elice hitro odzove na krmilne ukaze, zagotavlja mo\u010dne potisne in vle\u010dne sile ter je primeren za ravnanje s te\u017ekimi bremeni in kompleksne operacije.<\/li>\n<li>Razli\u010dne vrste: Valj \u017elice je mogo\u010de izbrati kot enosmerni (hidravli\u010dni pogon se uporablja samo v eni smeri) ali dvojni (hidravli\u010dni pogon se uporablja v dveh smereh) valj, odvisno od potreb za izpolnjevanje razli\u010dnih operativnih zahtev. Nekateri modeli so teleskopski, kar omogo\u010da ve\u010dji izvle\u010dek brez pove\u010danja zunanjih dimenzij, zaradi \u010desar so primerni za uporabo z omejenim prostorom.<\/li>\n<\/ul>\n<p>Ta izdelek lahko izdelamo, na\u0161i izdelki pa lahko popolnoma nadomestijo te hidravli\u010dne cilindre.<\/p>\n<p><img decoding=\"async\" src=\"https:\/\/www.hydraulic-cylinders.net\/wp-content\/uploads\/2025\/01\/songte-cylinder-head-with-all-kinds-excavator-models.webp\"><\/p>\n<h2>Aplikacije<\/h2>\n<p>Cilinder z \u017elico se pogosto uporablja na razli\u010dnih podro\u010djih, kot so:<\/p>\n<ul>\n<li>Gradbena oprema: Pri bagrih so klju\u010dni za kopanje, nakladanje in premikanje zemlje ali ru\u0161evin. Pri bagrih nakladalnikih cilinder \u017elice pomaga tako pri kopanju kot pri dvigovanju. <\/li>\n<li>Kmetijski stroji: Uporabljajo se v \u010delnih nakladalnikih, ki se uporabljajo za zajemanje, dvigovanje in prevoz zemlje, sena in drugih materialov. <\/li>\n<li>Bagri: Cilinder \u017elice dose\u017ee kopanje tako, da \u017elici omogo\u010di prodiranje v zemljo. <\/li>\n<li>Nakladalci: Pri \u010delnih nakladalcih pomagajo pri u\u010dinkovitem dvigovanju in odlaganju tovora. <\/li>\n<\/ul>\n<h2>Oblikovalski vidiki in izbirna merila<\/h2>\n<p>Pri na\u010drtovanju valja z \u017elico je treba upo\u0161tevati naslednje:<\/p>\n<ul>\n<li>Nosilnost<\/li>\n<li>Tesnjenje<\/li>\n<li>Vzdr\u017eljivost<\/li>\n<li>Varnost<\/li>\n<li>Vzdr\u017eevanje<\/li>\n<\/ul>\n<p><img decoding=\"async\" src=\"https:\/\/www.hydraulic-cylinders.net\/wp-content\/uploads\/2025\/01\/songte-oil-pipes-and-spare-parts.webp\"><\/p>\n<p>Pri tesnjenju in mazanju valja \u017elice je treba upo\u0161tevati uporabo razli\u010dnih tesnilnih komponent, kot so tesnilni obro\u010dki bata in tesnilni obro\u010dki palice. Tesnilni elementi so izdelani iz materialov, odpornih proti obrabi, kot sta poliuretan in nitrilna guma. Telo valja in povr\u0161ina navoja sta fino obdelana za izbolj\u0161anje odpornosti proti obrabi. Prav tako je potrebno redno dodajanje ustrezne koli\u010dine hidravli\u010dnega olja za mazanje.<\/p>\n<p>Za ohranitev dolge \u017eivljenjske dobe so potrebni redni pregledi in preventivni vzdr\u017eevalni ukrepi. Ti ukrepi vklju\u010dujejo:<\/p>\n<ul>\n<li>Redno preverjanje cilindra<\/li>\n<li>Uporaba ustreznega mazanja<\/li>\n<li>Zamenjava tesnil po potrebi<\/li>\n<li>Preverjanja kalibracije<\/li>\n<\/ul>\n<p><img decoding=\"async\" src=\"https:\/\/www.hydraulic-cylinders.net\/wp-content\/uploads\/2025\/01\/songte-chushion-collar.webp\"><\/p>\n<h2>Varnostni vidiki in okoljski dejavniki<\/h2>\n<p>Pri uporabi jeklenke z vedrom so varnostni ukrepi bistveni. Vedno upo\u0161tevajte ustrezne varnostne smernice, vklju\u010dno z no\u0161enjem ustrezne osebne za\u0161\u010ditne opreme. Okoljski dejavniki, kot sta temperatura in vla\u017enost, lahko vplivajo na delovanje jeklenke.<\/p>\n<h2>Odpravljanje te\u017eav in pogoste te\u017eave<\/h2>\n<p>Zaradi nepravilne namestitve, delovanja ali vzdr\u017eevanja lahko pride do te\u017eav z valjem \u017elice, vklju\u010dno s pu\u0161\u010danjem olja in nenavadnim hrupom. Za u\u010dinkovito diagnosticiranje in re\u0161evanje te\u017eav je treba upo\u0161tevati ustrezne postopke za odpravljanje te\u017eav in re\u0161evanje te\u017eav.<\/p>\n<p><img decoding=\"async\" src=\"https:\/\/www.hydraulic-cylinders.net\/wp-content\/uploads\/2025\/01\/songte-bushings-with-all-kinds-of-excavator-models.webp\"><\/p>\n<h2>O na\u0161em podjetju<\/h2>\n<p>Smo proizvajalec nadomestnih hidravli\u010dnih cilindrov s celotno paleto izdelkov in smo postali eden vodilnih proizvajalcev in veleprodajnih distributerjev hidravli\u010dnih cilindrov na doma\u010dem in mednarodnem trgu. Dr\u017eimo se na\u010dela odli\u010dne kakovosti in se zana\u0161amo na strategijo upravljanja proizvodnje industrializiranih proizvodnih delavnic. Nenehno izbolj\u0161ujemo proizvodno platformo delavnice, izbolj\u0161ujemo proizvodno pot kakovosti izdelkov in imamo mo\u010dne ustvarjalne sposobnosti. Z visoko u\u010dinkovitostjo, visoko natan\u010dnostjo in visokokakovostnimi na\u010deli izpolnjujemo raznolike potrebe strank.<\/p>\n<p><img decoding=\"async\" src=\"https:\/\/hzpt.com\/wp-content\/uploads\/2024\/11\/songte-company-1.webp\"><\/p>\n<p>Ponujamo profesionalne, mednarodno certificirane in prilagojene storitve, napredno proizvodno opremo in odli\u010dno poprodajno storitev. Nudimo tudi zamenjavo delov in obnovo za podalj\u0161anje \u017eivljenjske dobe izdelka.<\/p>\n<h4>Avtor: lyl<\/h4>","protected":false},"excerpt":{"rendered":"<p>Bucket Cylinder For JCM Small Excavator 907D Introduction The bucket cylinder is a type of hydraulic cylinder specially designed to control the movement of the bucket in heavy machinery such as excavators, backhoe loaders, and front loaders. Its primary function is to enable the bucket to lift, lower, and tilt, making it suitable for various [&hellip;]<\/p>","protected":false},"featured_media":14769,"comment_status":"open","ping_status":"closed","template":"","meta":{"_et_pb_use_builder":"","_et_pb_old_content":"","_et_gb_content_width":""},"product_brand":[],"product_cat":[1494],"product_tag":[1495,1496],"class_list":{"0":"post-15668","1":"product","2":"type-product","3":"status-publish","4":"has-post-thumbnail","6":"product_cat-bucket-cylinders","7":"product_tag-bucket-cylinders","8":"product_tag-hydraulic-cylinders","10":"first","11":"instock","12":"shipping-taxable","13":"product-type-simple"},"amp_enabled":true,"_links":{"self":[{"href":"https:\/\/www.hydraulic-cylinders.net\/sl\/wp-json\/wp\/v2\/product\/15668","targetHints":{"allow":["GET"]}}],"collection":[{"href":"https:\/\/www.hydraulic-cylinders.net\/sl\/wp-json\/wp\/v2\/product"}],"about":[{"href":"https:\/\/www.hydraulic-cylinders.net\/sl\/wp-json\/wp\/v2\/types\/product"}],"replies":[{"embeddable":true,"href":"https:\/\/www.hydraulic-cylinders.net\/sl\/wp-json\/wp\/v2\/comments?post=15668"}],"wp:featuredmedia":[{"embeddable":true,"href":"https:\/\/www.hydraulic-cylinders.net\/sl\/wp-json\/wp\/v2\/media\/14769"}],"wp:attachment":[{"href":"https:\/\/www.hydraulic-cylinders.net\/sl\/wp-json\/wp\/v2\/media?parent=15668"}],"wp:term":[{"taxonomy":"product_brand","embeddable":true,"href":"https:\/\/www.hydraulic-cylinders.net\/sl\/wp-json\/wp\/v2\/product_brand?post=15668"},{"taxonomy":"product_cat","embeddable":true,"href":"https:\/\/www.hydraulic-cylinders.net\/sl\/wp-json\/wp\/v2\/product_cat?post=15668"},{"taxonomy":"product_tag","embeddable":true,"href":"https:\/\/www.hydraulic-cylinders.net\/sl\/wp-json\/wp\/v2\/product_tag?post=15668"}],"curies":[{"name":"delovni list","href":"https:\/\/api.w.org\/{rel}","templated":true}]}}