{"id":15679,"date":"2025-01-19T14:49:55","date_gmt":"2025-01-19T14:49:55","guid":{"rendered":"https:\/\/www.hydraulic-cylinders.net\/product\/bucket-cylinder-for-ihi-small-excavator-ihi18v\/"},"modified":"2025-01-19T14:49:57","modified_gmt":"2025-01-19T14:49:57","slug":"bucket-cylinder-for-ihi-small-excavator-ihi18v","status":"publish","type":"product","link":"https:\/\/www.hydraulic-cylinders.net\/sl\/izdelek\/bucket-cylinder-for-ihi-small-excavator-ihi18v\/","title":{"rendered":"Cilinder \u017elice za majhen bager IHI IHI18V"},"content":{"rendered":"<h1>Cilinder \u017elice za majhen bager IHI IHI18V<\/h1>\n<h2>Uvod<\/h2>\n<p>Hidravli\u010dni valj \u017elice, znan tudi kot hidravli\u010dni valj, je vrsta hidravli\u010dnega aktuatorja, zasnovanega posebej za krmiljenje gibanja \u017elice v te\u017ekih strojih, kot so bagri, bagri in \u010delni nakladalniki. Njegova glavna funkcija je omogo\u010danje dvigovanja, spu\u0161\u010danja in nagibanja \u017elice, kar olaj\u0161a opravljanje razli\u010dnih nalog ravnanja z materiali. V hidravli\u010dnem sistemu valj \u017elice dose\u017ee natan\u010den nadzor nad \u017elico s spremembami tlaka hidravli\u010dnega olja, kar omogo\u010da upravljavcem u\u010dinkovito ravnanje s te\u017ekimi bremeni in prilagajanje kompleksnim delovnim okoljem ter raznolikim zahtevam dela.<\/p>\n<p><img decoding=\"async\" src=\"https:\/\/www.hydraulic-cylinders.net\/wp-content\/uploads\/2025\/01\/songte-company-2.webp\" alt=\"Cilinder za vedro\"><\/p>\n<h2>Zna\u010dilnosti izdelka<\/h2>\n<ul>\n<li>\n<h3>Visoka trdnost in vzdr\u017eljivost<\/h3>\n<p>Valj vedra je obi\u010dajno izdelan iz visoko trdnega jekla ali aluminija, ki lahko prenese visok tlak in velike obremenitve, ter je zasnovan z upo\u0161tevanjem odpornosti proti obrabi in koroziji, kar podalj\u0161uje njegovo \u017eivljenjsko dobo.<\/p>\n<\/li>\n<li>\n<h3>U\u010dinkovito hidravli\u010dno delovanje<\/h3>\n<p>Cilinder \u017elice uporablja hidravli\u010dni tlak olja za doseganje gladkega iztegovanja in vvla\u010devanja, kar omogo\u010da hiter odziv na krmilne ukaze in zagotavlja mo\u010dne potisne in vle\u010dne sile, primerne za ravnanje s te\u017ekimi bremeni in kompleksne delovne naloge.<\/p>\n<\/li>\n<li>\n<h3>Razli\u010dne vrste<\/h3>\n<p>Cilinder \u017elice je mogo\u010de izbrati glede na zahteve delovanja, z mo\u017enostjo enosmernega (hidravlika se uporablja samo v eni smeri) ali dvosmernega (hidravlika se uporablja v obeh smereh) cilindra za razli\u010dne potrebe delovanja. Nekateri modeli so teleskopski, kar omogo\u010da ve\u010dji razteg brez pove\u010danja zunanjih dimenzij, primerni za uporabo z omejenim prostorom.<\/p>\n<\/li>\n<li>\n<h3>Zelo prilagodljiv<\/h3>\n<p>Na\u0161i izdelki lahko popolnoma nadomestijo te hidravli\u010dne cilindre, z mo\u017enostjo izdelave prilagojenih cilindrov \u017elice glede na posebne zahteve in uporabo. <\/p>\n<\/li>\n<li>\n<h3>Zdru\u017eljivo z razli\u010dnimi stroji<\/h3>\n<p>Cilinder \u017elice se pogosto uporablja v gradbeni opremi, kot so bagri, bagri nakladalniki, \u010delni nakladalniki in kmetijska mehanizacija, ki lahko izkopava, nalaga in preva\u017ea zemljo, seno in druge materiale.<\/p>\n<\/li>\n<\/ul>\n<p><img decoding=\"async\" src=\"https:\/\/www.hydraulic-cylinders.net\/wp-content\/uploads\/2025\/01\/songte-cylinder-head-with-all-kinds-excavator-models.webp\" alt=\"Modeli cilindrov z \u017elico\"><\/p>\n<h2>Oblikovalski vidiki in standardi izbire<\/h2>\n<ul>\n<li>\n<h3>Nosilnost<\/h3>\n<p>Cilindri \u017elice so zasnovani tako, da prenesejo obratovalno obremenitev stroja in \u017elice, pri \u010demer se upo\u0161teva sila hidravli\u010dnega sistema in te\u017ea preva\u017eanega materiala.<\/p>\n<\/li>\n<li>\n<h3>Tesnjenje in vzdr\u017eljivost<\/h3>\n<p>Cilinder z \u017elico mora imeti zanesljiv tesnilni sistem, ki prepre\u010duje pu\u0161\u010danje olja in zagotavlja ustrezno mazanje gibljivih delov. Telo cilindra in povr\u0161ina navojnega konca morata biti fino obdelana za izbolj\u0161anje odpornosti proti obrabi.<\/p>\n<\/li>\n<li>\n<h3>Varnost in vzdr\u017eevanje<\/h3>\n<p>Za zagotovitev zanesljivega in varnega delovanja je potreben reden pregled valja z \u017elico, ustrezno mazanje in zamenjava obrabljenih ali po\u0161kodovanih delov. Priporo\u010dljivo je, da za pritrditev valja uporabite ustrezne nosilce in upo\u0161tevate priporo\u010dene postopke pregleda, popravila in zamenjave.<\/p>\n<\/li>\n<\/ul>\n<p><img decoding=\"async\" src=\"https:\/\/www.hydraulic-cylinders.net\/wp-content\/uploads\/2025\/01\/songte-oil-pipes-and-spare-parts.webp\" alt=\"Deli cilindra \u017elice\"><\/p>\n<h2>Varnostni in okoljski vidiki<\/h2>\n<p>Pri uporabi cilindra \u017elice je pomembno upo\u0161tevati ustrezne varnostne ukrepe za prepre\u010devanje nesre\u010d in zagotavljanje varnosti upravljavcev in mimoido\u010dih. Pravilno ravnanje s hidravli\u010dnim oljem in drugimi materiali ter njihovo odstranjevanje sta potrebna za zmanj\u0161anje vpliva na okolje.<\/p>\n<h2>Diagnoza napak in pogoste te\u017eave<\/h2>\n<p>Na valju \u017elice se lahko pojavijo napake, kot so pu\u0161\u010danje olja, nezadostna sila in nepravilno delovanje. Redni pregledi in vzdr\u017eevanje lahko pomagajo prepre\u010diti morebitne te\u017eave in jih zgodaj prepoznati. \u010ce se pojavijo napake, je pomembno, da se sprejmejo ustrezni ukrepi za diagnosticiranje in odpravo te\u017eave.<\/p>\n<p><img decoding=\"async\" src=\"https:\/\/www.hydraulic-cylinders.net\/wp-content\/uploads\/2025\/01\/songte-bushings-with-all-kinds-of-excavator-models.webp\" alt=\"Pu\u0161e cilindra \u017elice\"><\/p>\n<h2>Namestitev in vzdr\u017eevanje<\/h2>\n<p>Pravilna namestitev, mazanje in nastavitev so klju\u010dnega pomena za zagotovitev dolge \u017eivljenjske dobe in optimalne zmogljivosti cilindra z \u017elico. Redno vzdr\u017eevalno delo, kot so pregled, mazanje in zamenjava tesnil, je treba izvajati, da prepre\u010dite morebitne te\u017eave in ohranite cilinder v dobrem stanju.<\/p>\n<h2>O na\u0161em podjetju<\/h2>\n<p>Smo vodilni proizvajalec in veleprodajni distributer hidravli\u010dnih cilindrov, ki ponuja \u0161iroko paleto izdelkov za zadovoljevanje raznolikih potreb doma\u010dega in mednarodnega trga. Zavezani smo k zagotavljanju izjemne kakovosti in storitev, s poudarkom na natan\u010dni izdelavi, napredni digitalni opremi in profesionalnih testnih sistemih, da bi na\u0161im strankam zagotovili u\u010dinkovite, natan\u010dne in visokokakovostne izdelke.<\/p>\n<ul>\n<li>\n<h3>Strokovno znanje<\/h3>\n<p>Imamo ekipo izku\u0161enih in usposobljenih strokovnjakov z obse\u017enim znanjem in izku\u0161njami na podro\u010dju na\u010drtovanja, izdelave in testiranja hidravli\u010dnih cilindrov.<\/p>\n<\/li>\n<li>\n<h3>Mednarodni certifikati<\/h3>\n<p>Na\u0161i izdelki so prejeli certifikate ISO9001, SGS in CE, kar zagotavlja skladnost z mednarodnimi standardi.<\/p>\n<\/li>\n<li>\n<h3>Storitve prilagajanja<\/h3>\n<p>Ponujamo hidravli\u010dne cilindre po meri glede na specifi\u010dne zahteve in aplikacije, s prilagodljivimi mo\u017enostmi na\u010drtovanja in proizvodnje.<\/p>\n<\/li>\n<li>\n<h3>Proizvodna oprema<\/h3>\n<p>Uporabljamo napredne CNC obdelovalne centre, testno opremo in drugo digitalno opremo za zagotavljanje natan\u010dnosti in u\u010dinkovitosti proizvodnega procesa.<\/p>\n<\/li>\n<li>\n<h3>Poprodajne storitve<\/h3>\n<p>Nudimo celovito poprodajno storitev, vklju\u010dno s pregledi, popravilom in zamenjavo, da bi na\u0161im strankam zagotovili, da kar najbolje izkoristijo na\u0161e izdelke.<\/p>\n<\/li>\n<\/ul>\n<p><img decoding=\"async\" src=\"https:\/\/hzpt.com\/wp-content\/uploads\/2024\/11\/songte-company-1.webp\" alt=\"Na\u0161e podjetje\"><\/p>\n<h3>Avtor: lyl<\/h3>","protected":false},"excerpt":{"rendered":"<p>Bucket Cylinder For IHI Small Excavator IHI18V Introduction The bucket cylinder, also known as the hydraulic cylinder, is a type of hydraulic actuator designed specifically for controlling the movement of the bucket in heavy machinery such as excavators, backhoes, and front-end loaders. Its primary function is to allow the bucket to lift, lower, and tilt, [&hellip;]<\/p>","protected":false},"featured_media":14778,"comment_status":"open","ping_status":"closed","template":"","meta":{"_et_pb_use_builder":"","_et_pb_old_content":"","_et_gb_content_width":""},"product_brand":[],"product_cat":[1494],"product_tag":[1495,1496],"class_list":{"0":"post-15679","1":"product","2":"type-product","3":"status-publish","4":"has-post-thumbnail","6":"product_cat-bucket-cylinders","7":"product_tag-bucket-cylinders","8":"product_tag-hydraulic-cylinders","10":"first","11":"instock","12":"shipping-taxable","13":"product-type-simple"},"amp_enabled":true,"_links":{"self":[{"href":"https:\/\/www.hydraulic-cylinders.net\/sl\/wp-json\/wp\/v2\/product\/15679","targetHints":{"allow":["GET"]}}],"collection":[{"href":"https:\/\/www.hydraulic-cylinders.net\/sl\/wp-json\/wp\/v2\/product"}],"about":[{"href":"https:\/\/www.hydraulic-cylinders.net\/sl\/wp-json\/wp\/v2\/types\/product"}],"replies":[{"embeddable":true,"href":"https:\/\/www.hydraulic-cylinders.net\/sl\/wp-json\/wp\/v2\/comments?post=15679"}],"wp:featuredmedia":[{"embeddable":true,"href":"https:\/\/www.hydraulic-cylinders.net\/sl\/wp-json\/wp\/v2\/media\/14778"}],"wp:attachment":[{"href":"https:\/\/www.hydraulic-cylinders.net\/sl\/wp-json\/wp\/v2\/media?parent=15679"}],"wp:term":[{"taxonomy":"product_brand","embeddable":true,"href":"https:\/\/www.hydraulic-cylinders.net\/sl\/wp-json\/wp\/v2\/product_brand?post=15679"},{"taxonomy":"product_cat","embeddable":true,"href":"https:\/\/www.hydraulic-cylinders.net\/sl\/wp-json\/wp\/v2\/product_cat?post=15679"},{"taxonomy":"product_tag","embeddable":true,"href":"https:\/\/www.hydraulic-cylinders.net\/sl\/wp-json\/wp\/v2\/product_tag?post=15679"}],"curies":[{"name":"delovni list","href":"https:\/\/api.w.org\/{rel}","templated":true}]}}