{"id":15686,"date":"2025-01-19T14:50:39","date_gmt":"2025-01-19T14:50:39","guid":{"rendered":"https:\/\/www.hydraulic-cylinders.net\/product\/bucket-cylinder-for-bobcat-small-excavator-e35\/"},"modified":"2025-01-19T14:50:41","modified_gmt":"2025-01-19T14:50:41","slug":"bucket-cylinder-for-bobcat-small-excavator-e35","status":"publish","type":"product","link":"https:\/\/www.hydraulic-cylinders.net\/sl\/izdelek\/bucket-cylinder-for-bobcat-small-excavator-e35\/","title":{"rendered":"Cilinder \u017elice za majhen bager Bobcat E35"},"content":{"rendered":"<p><!DOCTYPE html><br \/>\n<html><\/p>\n<p><head><br \/>\n  <title>Cilinder \u017elice za majhen bager Bobcat E35<\/title><br \/>\n<\/head><\/p>\n<p><body><\/p>\n<h1>Cilinder \u017elice za majhen bager Bobcat E35<\/h1>\n<h2>Uvod<\/h2>\n<p>Hidravli\u010dni valj \u017elice je posebej zasnovan hidravli\u010dni valj, ki se uporablja za krmiljenje gibanja \u017elic v te\u017ekih strojih, kot so bagri, bagri nakladalniki in \u010delni nakladalniki. Njegova glavna funkcija je omogo\u010diti dvigovanje, spu\u0161\u010danje in nagibanje \u017elice, kar olaj\u0161a razli\u010dna opravila ravnanja z materiali. V hidravli\u010dnem sistemu valj \u017elice dose\u017ee natan\u010den nadzor nad \u017elico z uporabo sprememb tlaka hidravli\u010dnega olja, kar omogo\u010da upravljavcem u\u010dinkovito ravnanje s te\u017ekimi bremeni in prilagajanje kompleksnim delovnim okoljem ter raznolikim operativnim zahtevam.<\/p>\n<p>  <img decoding=\"async\" src=\"https:\/\/www.hydraulic-cylinders.net\/wp-content\/uploads\/2025\/01\/songte-company-2.webp\" alt=\"Cilinder \u017elice za majhen bager Bobcat E35\"><\/p>\n<h2>Zna\u010dilnosti<\/h2>\n<ul>\n<li>Visoka trdnost in vzdr\u017eljivost: Obi\u010dajno so izdelani iz visoko trdnega jekla ali aluminija, sposobni prenesti visok tlak in velike obremenitve, prilagodljivi te\u017ekim delovnim okoljem, zasnovani z upo\u0161tevanjem odpornosti proti obrabi in koroziji za podalj\u0161anje \u017eivljenjske dobe.<\/li>\n<li>U\u010dinkovito hidravli\u010dno delovanje: Uporablja hidravli\u010dni tlak olja za doseganje gladkih teleskopskih gibov, ki omogo\u010dajo hiter odziv na krmilne ukaze, zagotavljajo mo\u010dne potisne in vle\u010dne sile, primerne za ravnanje s te\u017ekimi bremeni in kompleksne operativne naloge.<\/li>\n<li>Vsestranski tipi: Na voljo z enosmernim (hidravli\u010dni tlak se uporablja samo v eni smeri) ali dvosmernim (hidravli\u010dni tlak se uporablja v obeh smereh) cilindri, kar omogo\u010da razli\u010dne operativne potrebe. Nekateri modeli so teleskopski, kar omogo\u010da ve\u010dji razteg brez pove\u010danja zunanjih dimenzij, primerni za uporabo z omejenim prostorom.<\/li>\n<li>Popolna zamenjava: Na\u0161i izdelki lahko popolnoma nadomestijo te hidravli\u010dne cilindre.<\/li>\n<\/ul>\n<p>  <img decoding=\"async\" src=\"https:\/\/www.hydraulic-cylinders.net\/wp-content\/uploads\/2025\/01\/songte-cylinder-head-with-all-kinds-excavator-models.webp\" alt=\"Vrste cilindrov \u017elice\"><\/p>\n<h2>Aplikacije<\/h2>\n<h3>Gradbena oprema<\/h3>\n<p>Pri bagrih so klju\u010dni za kopanje, nakladanje in premikanje zemlje ali ru\u0161evin. Pri bagrih nakladalnikih cilinder \u017elice pomaga tako pri kopanju kot pri dvigovanju.<\/p>\n<h3>Kmetijska mehanizacija<\/h3>\n<p>Uporablja se v \u010delnih nakladalnikih za zajemanje, dvigovanje in prevoz zemlje, sena in drugih materialov.<\/p>\n<h3>Bagri<\/h3>\n<p>Cilinder \u017elice omogo\u010da kopanje, saj \u017elici omogo\u010da prodiranje v zemljo.<\/p>\n<h3>Nakladalci<\/h3>\n<p>Pri \u010delnih nakladalnikih pomagajo pri u\u010dinkovitem dvigovanju in razkladanju tovora.<\/p>\n<p>  <img decoding=\"async\" src=\"https:\/\/www.hydraulic-cylinders.net\/wp-content\/uploads\/2025\/01\/songte-bushings-with-all-kinds-of-excavator-models.webp\" alt=\"Uporaba cilindra vedra\"><\/p>\n<h2>Oblikovalski vidiki in izbirna merila<\/h2>\n<p>Pri na\u010drtovanju cilindrov z \u017elico je treba upo\u0161tevati klju\u010dne dejavnike, kot so nosilnost, tesnjenje, vzdr\u017eljivost, varnost in vzdr\u017eevanje.<\/p>\n<p>  <img decoding=\"async\" src=\"https:\/\/www.hydraulic-cylinders.net\/wp-content\/uploads\/2025\/01\/songte-oil-pipes-and-spare-parts.webp\" alt=\"Oblikovalski vidiki in izbirna merila\"><\/p>\n<h2>Tesnjenje in mazanje<\/h2>\n<p>Uporabljajo se razli\u010dna tesnila, kot so tesnila bata in tesnila batnic. Tesnila so izdelana iz materialov, odpornih proti obrabi, kot sta poliuretan in nitrilna guma. Telo valja in navojni konci so fino obdelani za pove\u010danje odpornosti proti obrabi. Potrebno je redno mazanje z ustrezno koli\u010dino hidravli\u010dnega olja.<\/p>\n<h2>Redni pregledi in preventivni vzdr\u017eevalni ukrepi<\/h2>\n<p>Redni pregledi in preventivni vzdr\u017eevalni ukrepi so potrebni za zagotovitev optimalne zmogljivosti in dolge \u017eivljenjske dobe cilindra vedra.<\/p>\n<h2>Pravilen priro\u010dnik za namestitev izdelka<\/h2>\n<p>Pravilna namestitev je klju\u010dnega pomena za delovanje cilindra z \u017elico. Pravilna poravnava cilindra med namestitvijo je bistvenega pomena. Za pritrditev cilindra je priporo\u010dljiva uporaba ustreznih monta\u017enih nosilcev.<\/p>\n<h2>Vzdr\u017eevalna opravila<\/h2>\n<ul>\n<li>Redni pregled: Izvajajte redne preglede, da odkrijete morebitne te\u017eave.<\/li>\n<li>Pravilno mazanje: Prepri\u010dajte se, da je valj \u017elice ustrezno namazan.<\/li>\n<li>Zamenjava tesnil in preverjanje kalibracije: Redno menjajte obrabljena tesnila in izvajajte preverjanje kalibracije.<\/li>\n<\/ul>\n<p>  <img decoding=\"async\" src=\"https:\/\/www.hydraulic-cylinders.net\/wp-content\/uploads\/2025\/01\/songte-chushion-collar.webp\" alt=\"Vzdr\u017eevalna opravila\"><\/p>\n<h2>Varnostni vidiki in okoljski dejavniki<\/h2>\n<p>Pri uporabi jeklenk z vedrom ni mogo\u010de preceniti pomena varnostnih ukrepov.<\/p>\n<h2>Odpravljanje te\u017eav in pogoste te\u017eave<\/h2>\n<p>Prepoznajte in opi\u0161ite pogoste te\u017eave ter ponudite nasvete in re\u0161itve za odpravljanje te\u017eav.<\/p>\n<h2>Zaklju\u010dek<\/h2>\n<p>Na\u0161e podjetje je vodilni proizvajalec in veleprodajni distributer hidravli\u010dnih cilindrov na doma\u010dem in mednarodnem trgu. Ponujamo \u0161iroko paleto izdelkov in si prizadevamo za odli\u010dnost v kakovosti. Z na\u0161imi naprednimi proizvodnimi obrati, strokovnim znanjem in predanostjo zadovoljstvu strank lahko u\u010dinkovito izpolnimo raznolike potrebe strank.<\/p>\n<p>  <img decoding=\"async\" src=\"https:\/\/www.hydraulic-cylinders.net\/wp-content\/uploads\/2025\/01\/songte-company-3.webp\" alt=\"O na\u0161em podjetju\"><\/p>\n<p>Avtor: lyl<\/p>\n<p><\/body><\/p>\n<p><\/html><\/p>","protected":false},"excerpt":{"rendered":"<p>Bucket Cylinder For Bobcat Small Excavator E35 Bucket Cylinder For Bobcat Small Excavator E35 Introduction A bucket cylinder is a specially designed hydraulic cylinder used to control the movement of buckets in heavy machinery such as excavators, backhoe loaders, and front-end loaders. Its main function is to enable the bucket to lift, lower, and tilt, [&hellip;]<\/p>","protected":false},"featured_media":14761,"comment_status":"open","ping_status":"closed","template":"","meta":{"_et_pb_use_builder":"","_et_pb_old_content":"","_et_gb_content_width":""},"product_brand":[],"product_cat":[1494],"product_tag":[1495,1496],"class_list":{"0":"post-15686","1":"product","2":"type-product","3":"status-publish","4":"has-post-thumbnail","6":"product_cat-bucket-cylinders","7":"product_tag-bucket-cylinders","8":"product_tag-hydraulic-cylinders","10":"first","11":"instock","12":"shipping-taxable","13":"product-type-simple"},"amp_enabled":true,"_links":{"self":[{"href":"https:\/\/www.hydraulic-cylinders.net\/sl\/wp-json\/wp\/v2\/product\/15686","targetHints":{"allow":["GET"]}}],"collection":[{"href":"https:\/\/www.hydraulic-cylinders.net\/sl\/wp-json\/wp\/v2\/product"}],"about":[{"href":"https:\/\/www.hydraulic-cylinders.net\/sl\/wp-json\/wp\/v2\/types\/product"}],"replies":[{"embeddable":true,"href":"https:\/\/www.hydraulic-cylinders.net\/sl\/wp-json\/wp\/v2\/comments?post=15686"}],"wp:featuredmedia":[{"embeddable":true,"href":"https:\/\/www.hydraulic-cylinders.net\/sl\/wp-json\/wp\/v2\/media\/14761"}],"wp:attachment":[{"href":"https:\/\/www.hydraulic-cylinders.net\/sl\/wp-json\/wp\/v2\/media?parent=15686"}],"wp:term":[{"taxonomy":"product_brand","embeddable":true,"href":"https:\/\/www.hydraulic-cylinders.net\/sl\/wp-json\/wp\/v2\/product_brand?post=15686"},{"taxonomy":"product_cat","embeddable":true,"href":"https:\/\/www.hydraulic-cylinders.net\/sl\/wp-json\/wp\/v2\/product_cat?post=15686"},{"taxonomy":"product_tag","embeddable":true,"href":"https:\/\/www.hydraulic-cylinders.net\/sl\/wp-json\/wp\/v2\/product_tag?post=15686"}],"curies":[{"name":"delovni list","href":"https:\/\/api.w.org\/{rel}","templated":true}]}}