{"id":15689,"date":"2025-01-19T14:50:51","date_gmt":"2025-01-19T14:50:51","guid":{"rendered":"https:\/\/www.hydraulic-cylinders.net\/product\/bucket-cylinder-for-bobcat-small-excavator-e63\/"},"modified":"2025-01-19T14:50:53","modified_gmt":"2025-01-19T14:50:53","slug":"bucket-cylinder-for-bobcat-small-excavator-e63","status":"publish","type":"product","link":"https:\/\/www.hydraulic-cylinders.net\/sl\/izdelek\/bucket-cylinder-for-bobcat-small-excavator-e63\/","title":{"rendered":"Cilinder \u017elice za majhen bager Bobcat E63"},"content":{"rendered":"<h1>Cilinder \u017elice za majhen bager Bobcat E63<\/h1>\n<h2>Uvod<\/h2>\n<p>Hidravli\u010dni cilinder \u017elice za majhen bager Bobcat E63 je specializiran hidravli\u010dni cilinder, zasnovan za nadzor gibanja \u017elice v te\u017ekih strojih, kot so bagri, bagri in nakladalniki. Njegova glavna funkcija je omogo\u010danje dvigovanja, spu\u0161\u010danja in nagibanja \u017elice, kar olaj\u0161a opravljanje razli\u010dnih nalog ravnanja z materiali. V hidravli\u010dnih sistemih cilinder \u017elice uporablja spremembo tlaka hidravli\u010dnega olja za natan\u010den nadzor \u017elice, kar omogo\u010da upravljavcem u\u010dinkovito ravnanje s te\u017ekimi bremeni in prilagajanje kompleksnim delovnim okoljem ter raznolikim zahtevam dela.<\/p>\n<p><img decoding=\"async\" src=\"https:\/\/www.hydraulic-cylinders.net\/wp-content\/uploads\/2025\/01\/songte-company-2.webp\" alt=\"Slika valjaste \u017elice\"><\/p>\n<h2>Zna\u010dilnosti<\/h2>\n<ul>\n<li>\n<h3>Visoka trdnost in vzdr\u017eljivost<\/h3>\n<p>Obi\u010dajno je izdelan iz visoko trdnega jekla ali aluminija, lahko prenese visok tlak in velike obremenitve, se prilagodi zahtevnim delovnim okoljem in je zasnovan z upo\u0161tevanjem odpornosti proti obrabi in koroziji, da se podalj\u0161a \u017eivljenjska doba cilindra vedra.<\/p>\n<\/li>\n<li>\n<h3>U\u010dinkovito hidravli\u010dno delovanje<\/h3>\n<p>Z uporabo tlaka hidravli\u010dnega olja za doseganje gladkega raztezanja in kr\u010denja se lahko hitro odzove na krmilne ukaze, zagotavlja mo\u010dno potisno in vle\u010dno silo ter je primeren za ravnanje s te\u017ekimi bremeni in kompleksnimi delovnimi nalogami.<\/p>\n<\/li>\n<li>\n<h3>Razli\u010dne vrste<\/h3>\n<p>Enosmerno delujo\u010di (hidravli\u010dni, ki se uporablja v eni smeri) ali dvosmerno delujo\u010di (hidravli\u010dni, ki se uporablja v dveh smereh) cilindri se lahko izberejo glede na potrebe in izpolnijo razli\u010dne operativne zahteve. Nekateri modeli so teleskopski, kar omogo\u010da ve\u010dji razteg brez pove\u010danja zunanjih dimenzij, zaradi \u010desar so primerni za uporabo v omejenem prostoru.<\/p>\n<\/li>\n<li>\n<h3>Lahko se zamenja<\/h3>\n<p>Na\u0161i izdelki lahko popolnoma nadomestijo te hidravli\u010dne cilindre. <\/p>\n<\/li>\n<\/ul>\n<p><img decoding=\"async\" src=\"https:\/\/www.hydraulic-cylinders.net\/wp-content\/uploads\/2025\/01\/songte-cylinder-head-with-all-kinds-excavator-models.webp\" alt=\"Slika zamenjave cilindra vedra\"><\/p>\n<h2>Aplikacije<\/h2>\n<p>Cilinder \u017elice za mali bager Bobcat E63 se pogosto uporablja v razli\u010dnih panogah, vklju\u010dno z:<\/p>\n<ul>\n<li>\n<h3>Gradbena oprema<\/h3>\n<p>Pri bagrih so bistveni za izkopavanje, nalaganje in premikanje zemlje ali ru\u0161evin. Pri bagrih nakladalnikih cilindri \u017elice pomagajo pri izkopavanju in dvigovanju.<\/p>\n<\/li>\n<li>\n<h3>Kmetijska mehanizacija<\/h3>\n<p>Uporablja se za \u010delne nakladalnike, pobiranje, dvigovanje in prevoz zemlje, sena in drugih materialov. Pri bagrih cilinder \u017elice omogo\u010da kopanje tako, da \u017elica prodre v zemljo.<\/p>\n<\/li>\n<li>\n<h3>Nakladalnik<\/h3>\n<p>Pri \u010delnih nakladalnikih u\u010dinkovito pomagajo pri dvigovanju in razkladanju blaga.<\/p>\n<\/li>\n<\/ul>\n<h2>Oblikovalski vidiki in standardi izbire<\/h2>\n<p>Pri na\u010drtovanju cilindra \u017elice za mali bager Bobcat E63 se upo\u0161tevajo razli\u010dni dejavniki, kot so nosilnost, tesnjenje, vzdr\u017eljivost, varnost in vzdr\u017eevanje. V nadaljevanju je treba razpravljati o naslednjih to\u010dkah:<\/p>\n<ul>\n<li>\n<h3>Nosilnost<\/h3>\n<p>Zmo\u017enost cilindra vedra, da prenese visok tlak in velike obremenitve, je klju\u010dnega pomena za delovanje in dolgo \u017eivljenjsko dobo izdelka.<\/p>\n<\/li>\n<li>\n<h3>Tesnjenje<\/h3>\n<p>Tesnilni sistem cilindra vedra je bistvenega pomena za prepre\u010devanje pu\u0161\u010danja in zagotavljanje nemotenega delovanja, uporaba visokokakovostnih tesnilnih materialov in natan\u010dnih postopkov obdelave pa lahko izbolj\u0161a tesnilno u\u010dinkovitost in podalj\u0161a \u017eivljenjsko dobo cilindra.<\/p>\n<\/li>\n<li>\n<h3>Vzdr\u017eljivost<\/h3>\n<p>Cilinder je izpostavljen zahtevnim delovnim okoljem in se med delovanjem lahko mo\u010dno obrabi. Zato je treba upo\u0161tevati izbiro materiala cilindra, povr\u0161insko obdelavo in druge dejavnike, da se pove\u010da vzdr\u017eljivost cilindra ter odpornost proti koroziji in obrabi.<\/p>\n<\/li>\n<li>\n<h3>Varnost<\/h3>\n<p>Varnostne funkcije cilindra \u017elice, kot sta za\u0161\u010dita pred preobremenitvijo in zasilna zaustavitev, so klju\u010dne za zagotavljanje varnosti upravljavca in prepre\u010devanje nesre\u010d.<\/p>\n<\/li>\n<li>\n<h3>Vzdr\u017eevanje<\/h3>\n<p>Vzdr\u017eevanje cilindra \u017elice, kot je enostaven dostop za vzdr\u017eevanje in zamenjavo, lahko zmanj\u0161a \u010das izpada in pove\u010da produktivnost.<\/p>\n<\/li>\n<\/ul>\n<p><img decoding=\"async\" src=\"https:\/\/www.hydraulic-cylinders.net\/wp-content\/uploads\/2025\/01\/songte-oil-pipes-and-spare-parts.webp\" alt=\"Slika zasnove valja vedra\"><\/p>\n<h2>Tesnjenje in mazanje<\/h2>\n<p>Valj \u017elice uporablja razli\u010dna tesnila, kot so tesnila bata, tesnila palice itd., da prepre\u010di pu\u0161\u010danje in zagotovi nemoteno delovanje. Tesnila so izdelana iz materialov, odpornih proti obrabi, kot sta poliuretan in nitrilna guma, kar izbolj\u0161a tesnilno delovanje in podalj\u0161a \u017eivljenjsko dobo valja. Redno dodajanje ustrezne koli\u010dine hidravli\u010dnega olja lahko nama\u017ee valj in zmanj\u0161a obrabo.<\/p>\n<h2>Pregled in preventivno vzdr\u017eevanje<\/h2>\n<p>Redni pregledi in preventivno vzdr\u017eevanje so klju\u010dnega pomena za zagotovitev optimalnega delovanja cilindra vedra in podalj\u0161anje njegove \u017eivljenjske dobe. Naslednja so bistvena vzdr\u017eevalna opravila:<\/p>\n<ul>\n<li>\n<h3>Redni pregled<\/h3>\n<p>Redno preverjanje stanja jeklenke, kot so morebitni znaki razpok ali obrabe, je potrebno za odkrivanje morebitnih te\u017eav in njihovo pravo\u010dasno odpravljanje.<\/p>\n<\/li>\n<li>\n<h3>Mazanje<\/h3>\n<p>Redno mazanje cilindra lahko zmanj\u0161a obrabo in zagotovi nemoteno delovanje. <\/p>\n<\/li>\n<li>\n<h3>Zamenjava tesnila in preverjanje kalibracije<\/h3>\n<p>Zamenjava obrabljenih tesnil in preverjanje kalibracije valja lahko pomagata ohranjati delovanje valja.<\/p>\n<\/li>\n<\/ul>\n<p><img decoding=\"async\" src=\"https:\/\/www.hydraulic-cylinders.net\/wp-content\/uploads\/2025\/01\/songte-chushion-collar.webp\" alt=\"Slika vzdr\u017eevanja cilindra vedra\"><\/p>\n<h2>Varnostni vidiki in okoljski dejavniki<\/h2>\n<p>Pri uporabi cilindra \u017elice za mali bager Bobcat E63 je nujno upo\u0161tevati varnostne smernice, kot sta no\u0161enje ustrezne za\u0161\u010ditne opreme in zagotavljanje dobrega delovnega stanja opreme. Pravilno odstranjevanje rabljenega hidravli\u010dnega olja in drugih nevarnih odpadkov je prav tako klju\u010dnega pomena za varstvo okolja.<\/p>\n<h2>Pogoste te\u017eave in odpravljanje te\u017eav<\/h2>\n<p>Pogoste te\u017eave, ki se lahko pojavijo z valjem \u017elice, vklju\u010dujejo pu\u0161\u010danje olja, okvaro hidravli\u010dnega sistema in obrabljena tesnila. Odpravljanje teh te\u017eav zahteva ustrezno diagnozo in popravilo, kar lahko vklju\u010duje zamenjavo obrabljenih delov ali ponovno kalibracijo valja.<\/p>\n<h2>Podatki o podjetju<\/h2>\n<p>Smo proizvajalec hidravli\u010dnih cilindrov, ki lahko nadomestijo razli\u010dne vrste hidravli\u010dnih cilindrov. Na\u0161e podjetje ponuja celotno paleto izdelkov in je postalo eden vodilnih proizvajalcev in veletrgovcev s hidravli\u010dnimi cilindri na doma\u010dem in mednarodnem trgu. Sledimo na\u010delu odli\u010dne kakovosti, se zana\u0161amo na strategijo upravljanja industrijske proizvodnje v finih proizvodnih delavnicah in nenehno izbolj\u0161ujemo proizvodno platformo na\u0161ih delavnic z uporabo tehnolo\u0161kih talentov, digitalne vrhunske proizvodne opreme in profesionalnih sistemov za testiranje. Imamo mo\u010dno ustvarjalnost in lahko zadovoljimo raznolike potrebe na\u0161ih strank z visoko u\u010dinkovitostjo, visoko natan\u010dnostjo in visokokakovostnimi izdelki.<\/p>\n<p><img decoding=\"async\" src=\"https:\/\/hzpt.com\/wp-content\/uploads\/2024\/11\/songte-company-1.webp\" alt=\"Slika podjetja\"><\/p>\n<h3>Profesionalnost<\/h3>\n<p>Na\u0161e podjetje ima ekipo izku\u0161enih in profesionalnih in\u017eenirjev, ki razvijajo, na\u010drtujejo in izdelujejo hidravli\u010dne cilindre glede na potrebe in specifikacije strank.<\/p>\n<h3>Mednarodno certificiranje<\/h3>\n<p>Na\u0161i izdelki so pridobili mednarodne certifikate, kot so ISO9001, CE in SGS, kar ka\u017ee, da na\u0161i izdelki izpolnjujejo industrijske standarde in zahteve.<\/p>\n<h3>Storitve prilagajanja<\/h3>\n<p>Ponujamo storitve prilagajanja, da zadostimo specifi\u010dnim potrebam strank in zagotovimo njihovo zadovoljstvo.<\/p>\n<h3>Proizvodna oprema<\/h3>\n<p>Na\u0161e podjetje uporablja napredno proizvodno opremo, kot so CNC obdelovalni centri, da zagotovi kakovost in u\u010dinkovitost izdelkov.<\/p>\n<h3>Poprodajne storitve<\/h3>\n<p>Strankam nudimo odli\u010dno poprodajno storitev, kot so tehni\u010dna podpora, popravila in vzdr\u017eevanje, da zagotovimo nemoteno delovanje na\u0161ih izdelkov.<\/p>\n<p><img decoding=\"async\" src=\"https:\/\/www.hydraulic-cylinders.net\/wp-content\/uploads\/2025\/01\/songte-company-3.webp\" alt=\"Slika podjetja\"><\/p>\n<p>Avtor: lyl<\/p>","protected":false},"excerpt":{"rendered":"<p>Bucket Cylinder For Bobcat Small Excavator E63 Introduction The Bucket Cylinder for Bobcat Small Excavator E63 is a specialized hydraulic cylinder designed to control the movement of the bucket in heavy machinery such as excavators, backhoes, and loaders. Its main function is to allow the bucket to lift, lower, and tilt, making it easier to [&hellip;]<\/p>","protected":false},"featured_media":14787,"comment_status":"open","ping_status":"closed","template":"","meta":{"_et_pb_use_builder":"","_et_pb_old_content":"","_et_gb_content_width":""},"product_brand":[],"product_cat":[1494],"product_tag":[1495,1496],"class_list":{"0":"post-15689","1":"product","2":"type-product","3":"status-publish","4":"has-post-thumbnail","6":"product_cat-bucket-cylinders","7":"product_tag-bucket-cylinders","8":"product_tag-hydraulic-cylinders","10":"first","11":"instock","12":"shipping-taxable","13":"product-type-simple"},"amp_enabled":true,"_links":{"self":[{"href":"https:\/\/www.hydraulic-cylinders.net\/sl\/wp-json\/wp\/v2\/product\/15689","targetHints":{"allow":["GET"]}}],"collection":[{"href":"https:\/\/www.hydraulic-cylinders.net\/sl\/wp-json\/wp\/v2\/product"}],"about":[{"href":"https:\/\/www.hydraulic-cylinders.net\/sl\/wp-json\/wp\/v2\/types\/product"}],"replies":[{"embeddable":true,"href":"https:\/\/www.hydraulic-cylinders.net\/sl\/wp-json\/wp\/v2\/comments?post=15689"}],"wp:featuredmedia":[{"embeddable":true,"href":"https:\/\/www.hydraulic-cylinders.net\/sl\/wp-json\/wp\/v2\/media\/14787"}],"wp:attachment":[{"href":"https:\/\/www.hydraulic-cylinders.net\/sl\/wp-json\/wp\/v2\/media?parent=15689"}],"wp:term":[{"taxonomy":"product_brand","embeddable":true,"href":"https:\/\/www.hydraulic-cylinders.net\/sl\/wp-json\/wp\/v2\/product_brand?post=15689"},{"taxonomy":"product_cat","embeddable":true,"href":"https:\/\/www.hydraulic-cylinders.net\/sl\/wp-json\/wp\/v2\/product_cat?post=15689"},{"taxonomy":"product_tag","embeddable":true,"href":"https:\/\/www.hydraulic-cylinders.net\/sl\/wp-json\/wp\/v2\/product_tag?post=15689"}],"curies":[{"name":"delovni list","href":"https:\/\/api.w.org\/{rel}","templated":true}]}}