{"id":15690,"date":"2025-01-19T14:50:55","date_gmt":"2025-01-19T14:50:55","guid":{"rendered":"https:\/\/www.hydraulic-cylinders.net\/product\/bucket-cylinder-for-bobcat-small-excavator-e324\/"},"modified":"2025-01-19T14:50:57","modified_gmt":"2025-01-19T14:50:57","slug":"bucket-cylinder-for-bobcat-small-excavator-e324","status":"publish","type":"product","link":"https:\/\/www.hydraulic-cylinders.net\/sl\/izdelek\/bucket-cylinder-for-bobcat-small-excavator-e324\/","title":{"rendered":"Cilinder \u017elice za majhen bager Bobcat E324"},"content":{"rendered":"<h2>Cilinder \u017elice za majhen bager Bobcat E324<\/h2>\n<p>\n    <img decoding=\"async\" src=\"https:\/\/www.hydraulic-cylinders.net\/wp-content\/uploads\/2025\/01\/songte-company-2.webp\" alt=\"Cilinder za vedro\" \/>\n<\/p>\n<h3>Definicija in razlaga izdelka<\/h3>\n<p>\n    Hidravli\u010dni cilinder \u017elice je posebej zasnovan hidravli\u010dni cilinder, ki se uporablja predvsem za krmiljenje gibanja \u017elice v te\u017ekih strojih, kot so bagri, bagri nakladalniki in \u010delni nakladalniki. Njegova glavna funkcija je omogo\u010danje dvigovanja, spu\u0161\u010danja in nagibanja \u017elice, kar olaj\u0161a razli\u010dna opravila ravnanja z materiali. V hidravli\u010dnem sistemu cilinder \u017elice dose\u017ee natan\u010den nadzor nad \u017elico z uporabo sprememb tlaka hidravli\u010dnega olja, kar upravljavcem omogo\u010da u\u010dinkovito ravnanje s te\u017ekimi bremeni in prilagajanje kompleksnim delovnim okoljem ter raznolikim operativnim zahtevam.\n<\/p>\n<p>\n    <img decoding=\"async\" src=\"https:\/\/www.hydraulic-cylinders.net\/wp-content\/uploads\/2025\/01\/songte-cylinder-head-with-all-kinds-excavator-models.webp\" alt=\"Modeli cilindrov z \u017elico\" \/>\n<\/p>\n<h3>Zna\u010dilnosti izdelka<\/h3>\n<ul>\n<li><strong>Visoka trdnost in vzdr\u017eljivost:<\/strong> Obi\u010dajno je izdelan iz visoko trdnega jekla ali aluminija, zato lahko valj z \u017elico prenese visok tlak in velike obremenitve, s \u010dimer se prilagodi te\u017ekim delovnim pogojem. Njegova zasnova upo\u0161teva odpornost proti obrabi in koroziji, kar podalj\u0161uje njegovo \u017eivljenjsko dobo.<\/li>\n<li><strong>U\u010dinkovito hidravli\u010dno delovanje:<\/strong> Z uporabo hidravli\u010dnega tlaka olja dose\u017ee valj \u017elice gladke gibe iztegovanja in vvla\u010devanja, kar omogo\u010da hiter odziv na krmilne ukaze in zagotavlja mo\u010dne potisne in vle\u010dne sile, primerne za ravnanje s te\u017ekimi bremeni in kompleksne operativne naloge.<\/li>\n<li><strong>Razli\u010dne vrste:<\/strong> Valj \u017elice je lahko glede na posebne operativne zahteve enosmerno delujo\u010d (hidravli\u010dni tlak se uporablja samo v eni smeri) ali dvosmerno delujo\u010d (hidravli\u010dni tlak se uporablja v obeh smereh). Nekateri modeli so teleskopski, kar omogo\u010da ve\u010dji razteg brez pove\u010danja zunanjih dimenzij, zaradi \u010desar so primerni za uporabo v omejenem prostoru.<\/li>\n<li><strong>Popolna zamenjava:<\/strong> Na\u0161i izdelki lahko odli\u010dno nadomestijo obstoje\u010de hidravli\u010dne cilindre in ponujajo zanesljivo alternativo za razli\u010dne aplikacije.<\/li>\n<\/ul>\n<h3>Scenariji uporabe<\/h3>\n<p>\n    <strong>Gradbena oprema:<\/strong> Cilindri \u017elice se nahajajo v bagrih, kjer so bistveni za izkopavanje, nakladanje in premikanje zemlje ali ru\u0161evin. Pri bagrih nakladalnikih cilinder \u017elice pomaga tako pri kopanju kot dvigovanju.\n<\/p>\n<p>\n    <strong>Kmetijska mehanizacija:<\/strong> \u017dli\u010dni cilindri se uporabljajo v \u010delnih nakladalnikih za zajemanje, dvigovanje in prevoz zemlje, sena in drugih materialov.\n<\/p>\n<p>\n    <strong>Bagri:<\/strong> Cilindri \u017elice olaj\u0161ajo kopanje, saj omogo\u010dajo, da \u017elica prodre v zemljo.\n<\/p>\n<p>\n    <strong>Nakladalci:<\/strong> Pri \u010delnih nakladalnikih cilindri \u017elice pomagajo pri u\u010dinkovitem dvigovanju in nagibanju blaga.\n<\/p>\n<h3>Oblikovalski vidiki in izbirna merila<\/h3>\n<p>\n    Pri izbiri pravega cilindra z \u017elico je pri na\u010drtovanju pomembno ve\u010d klju\u010dnih dejavnikov:\n<\/p>\n<ul>\n<li><strong>Nosilnost:<\/strong> Jeklenka mora biti sposobna prenesti najve\u010djo obremenitev, ki ji bo izpostavljena med delovanjem.<\/li>\n<li><strong>Tesnjenje:<\/strong> Uporabljati je treba ustrezna tesnila, kot so tesnila bata in ojnice, izdelana iz materialov, odpornih proti obrabi, kot sta poliuretan in nitrilna guma. Ohi\u0161je valja in navojni konci morajo biti natan\u010dno obdelani za pove\u010danje odpornosti proti obrabi.<\/li>\n<li><strong>Vzdr\u017eljivost:<\/strong> Cilinder z \u017elico mora biti zasnovan tako, da prenese predvideno delovno okolje in vse morebitne zunanje vplive.<\/li>\n<li><strong>Varnost:<\/strong> Za zagotovitev varnega delovanja je treba v na\u010drt vklju\u010diti varnostne elemente, kot so varnostni ventili in nepovratni ventili.<\/li>\n<li><strong>Vzdr\u017eevanje:<\/strong> Upo\u0161tevati je treba enostaven dostop za vzdr\u017eevanje in popravila, kar omogo\u010da u\u010dinkovito servisiranje jeklenke.<\/li>\n<\/ul>\n<p>\n    <img decoding=\"async\" src=\"https:\/\/www.hydraulic-cylinders.net\/wp-content\/uploads\/2025\/01\/songte-oil-pipes-and-spare-parts.webp\" alt=\"Deli hidravli\u010dnega cilindra\" \/>\n<\/p>\n<h3>Tesnjenje in mazanje<\/h3>\n<p>\n    Valj \u017elice uporablja razli\u010dne tesnilne komponente, kot so tesnila bata in tesnila palic, ki so izdelana iz materialov, odpornih proti obrabi, kot sta poliuretan in nitrilna guma. Telo valja in navojni konci so podvr\u017eeni skrbni povr\u0161inski obdelavi za pove\u010danje odpornosti proti obrabi. Redno mazanje je bistvenega pomena, valj pa zahteva redno dodajanje ustrezne koli\u010dine hidravli\u010dnega olja, da se zagotovi pravilno mazanje.\n<\/p>\n<h3>Redni pregledi in preventivno vzdr\u017eevanje<\/h3>\n<p>\n    Za zagotovitev optimalne zmogljivosti in dolge \u017eivljenjske dobe cilindra vedra je treba redno pregledovati in izvajati preventivno vzdr\u017eevanje. Priporo\u010damo naslednje ukrepe:\n<\/p>\n<ul>\n<li>Redno pregledujte, da preverite morebitne znake obrabe, pu\u0161\u010danja ali po\u0161kodb.<\/li>\n<li>Vse gibljive dele pravilno nama\u017eite v skladu s priporo\u010dili proizvajalca.<\/li>\n<li>Po potrebi zamenjajte tesnila in tesnilne obro\u010dke, da ohranite ustrezno tesnjenje in prepre\u010dite pu\u0161\u010danje.<\/li>\n<li>Za zagotovitev natan\u010dnega delovanja izvajajte redne kalibracijske preglede.<\/li>\n<\/ul>\n<p>\n    <img decoding=\"async\" src=\"https:\/\/www.hydraulic-cylinders.net\/wp-content\/uploads\/2025\/01\/songte-chushion-collar.webp\" alt=\"Vzdr\u017eevanje hidravli\u010dnih cilindrov\" \/>\n<\/p>\n<h3>Varnostni vidiki in okoljski dejavniki<\/h3>\n<p>\n    Pri uporabi jeklenke z vedrom je bistveno, da daste prednost varnostnim ukrepom. Upo\u0161tevati je treba ustrezne varnostne ukrepe, da prepre\u010dite nesre\u010de, po\u0161kodbe ali \u0161kodo na opremi. Za zagotovitev optimalnega delovanja jeklenke je treba upo\u0161tevati tudi okoljske dejavnike, kot sta temperatura in vla\u017enost.\n<\/p>\n<h3>Diagnoza napak in pogoste te\u017eave<\/h3>\n<p>\n    Diagnostika napak in odpravljanje te\u017eav sta klju\u010dnega pomena za prepoznavanje in re\u0161evanje pogostih te\u017eav, ki se lahko pojavijo z valjem \u017elice. Naslednji nasveti in re\u0161itve lahko bralcem pomagajo u\u010dinkovito diagnosticirati in odpraviti te\u017eave ter zagotoviti preventivne ukrepe za zmanj\u0161anje morebitnih te\u017eav.\n<\/p>\n<p>\n    <img decoding=\"async\" src=\"https:\/\/www.hydraulic-cylinders.net\/wp-content\/uploads\/2025\/01\/songte-bushings-with-all-kinds-of-excavator-models.webp\" alt=\"Pu\u0161e hidravli\u010dnih cilindrov\" \/>\n<\/p>\n<h3>Zaklju\u010dek<\/h3>\n<p>\n    Skratka, na\u0161e podjetje je vodilni proizvajalec in veleprodajni distributer hidravli\u010dnih cilindrov na doma\u010dem in mednarodnem trgu. Ponujamo \u0161iroko paleto izdelkov in se dr\u017eimo na\u010del odli\u010dne kakovosti, u\u010dinkovitih proizvodnih procesov in vrhunske storitve za stranke. Na\u0161e podjetje je zavezano k izpolnjevanju raznolikih potreb strank z visoko u\u010dinkovitostjo, natan\u010dnostjo in kakovostjo.\n<\/p>\n<p>\n    <img decoding=\"async\" src=\"https:\/\/www.hydraulic-cylinders.net\/wp-content\/uploads\/2025\/01\/songte-company-3.webp\" alt=\"Pregled podjetja\" \/>\n<\/p>\n<h3>Pregled podjetja<\/h3>\n<p>\n    Na\u0161e podjetje je znano po proizvodnji visokokakovostnih nadomestnih hidravli\u010dnih cilindrov. Smo vodilni proizvajalec in veleprodajni distributer na doma\u010dem in mednarodnem trgu. Z osredoto\u010danjem na odli\u010dno kakovost na\u0161e podjetje v na\u0161i najsodobnej\u0161i proizvodni delavnici izvaja industrializirane strategije upravljanja proizvodnje. Z zaposlovanjem nadarjenih strokovnjakov, napredne digitalne proizvodne opreme in profesionalnih sistemov za testiranje nenehno izbolj\u0161ujemo na\u0161o proizvodno platformo in proizvodne linije za kakovost izdelkov. Na\u0161e podjetje ima mo\u010dne ustvarjalne sposobnosti, ki zagotavljajo visoko u\u010dinkovitost, natan\u010dnost in kakovost za zadovoljevanje raznolikih potreb strank.\n<\/p>\n<p>\n    Od profesionalnosti, mednarodnih certifikatov, storitev po meri, proizvodne opreme do poprodajnih storitev si prizadevamo zagotavljati celovite re\u0161itve.\n<\/p>\n<p>\n    <img decoding=\"async\" src=\"https:\/\/hzpt.com\/wp-content\/uploads\/2024\/11\/songte-company-1.webp\" alt=\"Slika podjetja\" \/>\n<\/p>\n<p>\n    <em>Avtor: lyl<\/em><\/p>","protected":false},"excerpt":{"rendered":"<p>Bucket Cylinder For Bobcat Small Excavator E324 Product Definition and Explanation The bucket cylinder is a specially designed hydraulic cylinder primarily used for controlling the movement of the bucket in heavy machinery such as excavators, backhoe loaders, and front loaders. Its main function is to enable the lifting, lowering, and tilting of the bucket, facilitating [&hellip;]<\/p>","protected":false},"featured_media":14785,"comment_status":"open","ping_status":"closed","template":"","meta":{"_et_pb_use_builder":"","_et_pb_old_content":"","_et_gb_content_width":""},"product_brand":[],"product_cat":[1494],"product_tag":[1495,1496],"class_list":{"0":"post-15690","1":"product","2":"type-product","3":"status-publish","4":"has-post-thumbnail","6":"product_cat-bucket-cylinders","7":"product_tag-bucket-cylinders","8":"product_tag-hydraulic-cylinders","10":"first","11":"instock","12":"shipping-taxable","13":"product-type-simple"},"amp_enabled":true,"_links":{"self":[{"href":"https:\/\/www.hydraulic-cylinders.net\/sl\/wp-json\/wp\/v2\/product\/15690","targetHints":{"allow":["GET"]}}],"collection":[{"href":"https:\/\/www.hydraulic-cylinders.net\/sl\/wp-json\/wp\/v2\/product"}],"about":[{"href":"https:\/\/www.hydraulic-cylinders.net\/sl\/wp-json\/wp\/v2\/types\/product"}],"replies":[{"embeddable":true,"href":"https:\/\/www.hydraulic-cylinders.net\/sl\/wp-json\/wp\/v2\/comments?post=15690"}],"wp:featuredmedia":[{"embeddable":true,"href":"https:\/\/www.hydraulic-cylinders.net\/sl\/wp-json\/wp\/v2\/media\/14785"}],"wp:attachment":[{"href":"https:\/\/www.hydraulic-cylinders.net\/sl\/wp-json\/wp\/v2\/media?parent=15690"}],"wp:term":[{"taxonomy":"product_brand","embeddable":true,"href":"https:\/\/www.hydraulic-cylinders.net\/sl\/wp-json\/wp\/v2\/product_brand?post=15690"},{"taxonomy":"product_cat","embeddable":true,"href":"https:\/\/www.hydraulic-cylinders.net\/sl\/wp-json\/wp\/v2\/product_cat?post=15690"},{"taxonomy":"product_tag","embeddable":true,"href":"https:\/\/www.hydraulic-cylinders.net\/sl\/wp-json\/wp\/v2\/product_tag?post=15690"}],"curies":[{"name":"delovni list","href":"https:\/\/api.w.org\/{rel}","templated":true}]}}