{"id":15693,"date":"2025-01-19T14:51:10","date_gmt":"2025-01-19T14:51:10","guid":{"rendered":"https:\/\/www.hydraulic-cylinders.net\/product\/bucket-cylinder-for-bobcat-small-excavator-e45\/"},"modified":"2025-01-19T14:51:14","modified_gmt":"2025-01-19T14:51:14","slug":"bucket-cylinder-for-bobcat-small-excavator-e45","status":"publish","type":"product","link":"https:\/\/www.hydraulic-cylinders.net\/sl\/izdelek\/bucket-cylinder-for-bobcat-small-excavator-e45\/","title":{"rendered":"Cilinder \u017elice za majhen bager Bobcat E45"},"content":{"rendered":"<h2>Uvod<\/h2>\n<h3>Cilinder \u017elice za majhen bager Bobcat E45<\/h3>\n<p>Hidravli\u010dni valj \u017elice je specializiran hidravli\u010dni valj, ki se uporablja predvsem za krmiljenje gibanja \u017elic v te\u017ekih strojih, kot so bagri, bagri z nakladalnimi ko\u0161arami in \u010delni nakladalniki. Njegova glavna funkcija je omogo\u010danje dvigovanja, spu\u0161\u010danja in nagibanja \u017elice, kar olaj\u0161a naloge ravnanja z materiali. V hidravli\u010dnem sistemu valj \u017elice uporablja spremembo tlaka hidravli\u010dnega olja za natan\u010den nadzor \u017elice, kar omogo\u010da upravljavcem u\u010dinkovito rokovanje s te\u017ekimi predmeti in prilagajanje kompleksnim delovnim okoljem ter raznolikim operativnim potrebam.<\/p>\n<p><img decoding=\"async\" src=\"https:\/\/www.hydraulic-cylinders.net\/wp-content\/uploads\/2025\/01\/songte-company-2.webp\"\/><\/p>\n<h2>Zna\u010dilnosti<\/h2>\n<ul>\n<li>Visoka trdnost in vzdr\u017eljivost: Obi\u010dajno je izdelan iz visoko trdnega jekla ali aluminija, lahko prenese visok tlak in velike obremenitve, se prilagodi zahtevnim delovnim okoljem in je zasnovan za odpornost proti obrabi in koroziji, da se podalj\u0161a njegova \u017eivljenjska doba.<\/li>\n<li>U\u010dinkovito hidravli\u010dno delovanje: Gladko gibanje iztegovanja in vvla\u010devanja se dose\u017ee z uporabo tlaka hidravli\u010dnega olja, kar omogo\u010da hiter odziv na krmilne ukaze in zagotavlja mo\u010dno potisno\/vle\u010dno silo, primerno za ravnanje s te\u017ekimi predmeti in kompleksne operativne naloge.<\/li>\n<li>Razli\u010dne vrste: Enojno delujo\u010di (hidravli\u010dni, ki se uporabljajo samo v eni smeri) ali dvostransko delujo\u010di (hidravli\u010dni, ki se uporabljajo v obeh smereh) cilindri se lahko izberejo glede na potrebe za izpolnjevanje razli\u010dnih operativnih zahtev. Nekateri modeli so teleskopski, kar omogo\u010da ve\u010dji razteg brez pove\u010danja zunanjih dimenzij, primerni za uporabo v omejenem prostoru.<\/li>\n<li>Neposredna zamenjava: Na\u0161 izdelek lahko popolnoma nadomesti te hidravli\u010dne cilindre.<\/li>\n<\/ul>\n<p><img decoding=\"async\" src=\"https:\/\/www.hydraulic-cylinders.net\/wp-content\/uploads\/2025\/01\/songte-cylinder-head-with-all-kinds-excavator-models.webp\"\/><\/p>\n<h2>Aplikacije<\/h2>\n<p>Cilinder z \u017elico se uporablja predvsem v naslednjih aplikacijah:<\/p>\n<ul>\n<li>Gradbena oprema: Pri bagrih so bistveni za kopanje, nakladanje in premikanje zemlje ali ru\u0161evin. Pri bagrih z nakladalnim strojem cilinder \u017elice pomaga tako pri kopanju kot pri dvigovanju. Pri \u010delnih nakladalnikih u\u010dinkovito pomagajo pri dvigovanju in nagibanju blaga.<\/li>\n<li>Kmetijski stroji: Uporabljajo se v \u010delnih nakladalnikih za zajemanje, dvigovanje in prevoz zemlje, sena in drugih materialov, bagri: Cilinder \u017elice dose\u017ee kopanje tako, da \u017elici omogo\u010di prodiranje v zemljo. <\/li>\n<\/ul>\n<p>Spodaj je nekaj konkretnih primerov uporabe cilindrov z \u017elico v teh aplikacijah:<\/p>\n<ul>\n<li>Gradbena oprema: Za dvigovanje in nagibanje \u017elice v bagrih se uporablja cilinder \u017elice, kar omogo\u010da bolj\u0161o natan\u010dnost in nadzor pri ravnanju z materiali. Pri bagrih z nakladalnimi kolesi cilinder \u017elice pomaga pri kopanju in dvigovanju. Pri \u010delnih nakladalnikih cilinder \u017elice pomaga u\u010dinkovito dvigovati in nagibati blago.<\/li>\n<li>Kmetijska mehanizacija: Pri \u010delnih nakladalnikih cilinder \u017elice pomaga pri zajemanju, dvigovanju in prevozu zemlje, sena in drugih materialov. Pri bagrih cilinder \u017elice dose\u017ee kopanje tako, da \u017elici omogo\u010di prodiranje v zemljo.<\/li>\n<\/ul>\n<h2>Oblikovalski vidiki in izbirna merila<\/h2>\n<p>Pri izbiri cilindrov z \u017elico je bistveno upo\u0161tevati naslednje konstrukcijske vidike in izbirna merila:<\/p>\n<ul>\n<li>Nosilnost: Cilinder mora biti sposoben prenesti dolo\u010dene obremenitve in sile.<\/li>\n<li>Tesnilne lastnosti: Dobro tesnjenje je bistvenega pomena za prepre\u010devanje pu\u0161\u010danja olja in po\u0161kodb valjev.<\/li>\n<li>Vzdr\u017eljivost: Jeklenka mora biti sposobna prenesti obremenitve te\u017eke uporabe in zahtevnih okoljih.<\/li>\n<li>Varnost: Name\u0161\u010dene morajo biti varnostne funkcije, ki prepre\u010dujejo nesre\u010de ali po\u0161kodbe med delovanjem.<\/li>\n<li>Vzdr\u017eevanje: Jeklenka mora biti enostavna za vzdr\u017eevanje in popravilo, da se \u010dim bolj zmanj\u0161ajo izpadi in stro\u0161ki.<\/li>\n<\/ul>\n<p><img decoding=\"async\" src=\"https:\/\/www.hydraulic-cylinders.net\/wp-content\/uploads\/2025\/01\/songte-oil-pipes-and-spare-parts.webp\"\/><\/p>\n<h2>Tesnjenje in mazanje<\/h2>\n<p>Za dobro tesnjenje cilindra \u017elice so uporabljena razli\u010dna tesnila, kot so tesnila bata in tesnila palic, izdelana iz materialov, odpornih proti obrabi, kot sta poliuretan in nitrilni kav\u010duk. Telo cilindra in povr\u0161ina navoja sta fino obdelana za izbolj\u0161anje odpornosti proti obrabi. Redno dodajanje ustrezne koli\u010dine hidravli\u010dnega olja za mazanje cilindra lahko podalj\u0161a njegovo \u017eivljenjsko dobo.<\/p>\n<h2>Vzdr\u017eevanje in odpravljanje te\u017eav<\/h2>\n<p>Redno vzdr\u017eevanje je klju\u010dnega pomena za zagotovitev pravilnega delovanja cilindrov \u017elice. Pogosta vzdr\u017eevalna opravila vklju\u010dujejo redne preglede, mazanje, zamenjavo tesnil in preverjanje kalibracije. Pravilna namestitev, mazanje in nastavitev so bistveni za zagotovitev varnega in u\u010dinkovitega delovanja cilindra \u017elice. Priporo\u010dljivo je uporabiti ustrezne monta\u017ene nosilce za pritrditev cilindra. Navedeni so tudi priporo\u010deni postopki za pregled, popravilo in zamenjavo komponent za podalj\u0161anje \u017eivljenjske dobe cilindra \u017elice. <\/p>\n<p><img decoding=\"async\" src=\"https:\/\/www.hydraulic-cylinders.net\/wp-content\/uploads\/2025\/01\/songte-chushion-collar.webp\"\/><\/p>\n<h2>Varnostni vidiki in okoljski dejavniki<\/h2>\n<p>Pri uporabi jeklenk z vedrom je klju\u010dnega pomena upo\u0161tevati varnostne smernice, da prepre\u010dite nesre\u010de in po\u0161kodbe. Name\u0161\u010dene morajo biti varnostne funkcije, kot so varnostni ventili za prepre\u010devanje preobremenitve in zmanj\u0161anje tveganja okvare jeklenke. Upo\u0161tevati je treba tudi okoljske dejavnike, kot sta temperatura in vlaga, ter sprejeti ustrezne ukrepe za zagotovitev varnega delovanja jeklenke v teh pogojih.<\/p>\n<p><img decoding=\"async\" src=\"https:\/\/hzpt.com\/wp-content\/uploads\/2024\/11\/songte-company-1.webp\"\/><\/p>\n<h2>O nas<\/h2>\n<p>Smo proizvajalec nadomestnih hidravli\u010dnih cilindrov s celotno paleto vrst izdelkov. Postali smo eden vodilnih proizvajalcev in veleprodajnih distributerjev hidravli\u010dnih cilindrov na doma\u010dem in mednarodnem trgu. Na\u0161e podjetje se dr\u017ei na\u010dela odli\u010dnosti v kakovosti in se zana\u0161a na strategijo industrializiranega upravljanja proizvodnje s prefinjeno proizvodno delavnico. Nenehno izbolj\u0161ujemo na\u0161o proizvodno platformo v delavnici z uporabo tehni\u010dnih talentov, digitalne vrhunske proizvodne opreme in profesionalnih sistemov za testiranje, da bi izbolj\u0161ali kakovost na\u0161e proizvodne linije. Imamo mo\u010dno zmogljivost ustvarjanja, da zadovoljimo raznolike potrebe strank z na\u010deli visoke u\u010dinkovitosti, visoke natan\u010dnosti in visoke kakovosti.<\/p>\n<p>Na\u0161e podjetje ponuja profesionalne storitve, mednarodne certifikate, prilagojene proizvodne storitve, napredno proizvodno opremo in poprodajne storitve. <\/p>\n<p><img decoding=\"async\" src=\"https:\/\/www.hydraulic-cylinders.net\/wp-content\/uploads\/2025\/01\/songte-company-3.webp\"\/><\/p>\n<p>Avtor: lyl.<\/p>","protected":false},"excerpt":{"rendered":"<p>Introduction Bucket Cylinder For Bobcat Small Excavator E45 A bucket cylinder is a specialized hydraulic cylinder primarily used to control the movement of buckets in heavy machinery such as excavators, backhoe excavators, and front loaders. Its main function is to enable the bucket to be lifted, lowered, and tilted, making material handling tasks easier. In [&hellip;]<\/p>","protected":false},"featured_media":14780,"comment_status":"open","ping_status":"closed","template":"","meta":{"_et_pb_use_builder":"","_et_pb_old_content":"","_et_gb_content_width":""},"product_brand":[],"product_cat":[1494],"product_tag":[1495,1496],"class_list":{"0":"post-15693","1":"product","2":"type-product","3":"status-publish","4":"has-post-thumbnail","6":"product_cat-bucket-cylinders","7":"product_tag-bucket-cylinders","8":"product_tag-hydraulic-cylinders","10":"first","11":"instock","12":"shipping-taxable","13":"product-type-simple"},"amp_enabled":true,"_links":{"self":[{"href":"https:\/\/www.hydraulic-cylinders.net\/sl\/wp-json\/wp\/v2\/product\/15693","targetHints":{"allow":["GET"]}}],"collection":[{"href":"https:\/\/www.hydraulic-cylinders.net\/sl\/wp-json\/wp\/v2\/product"}],"about":[{"href":"https:\/\/www.hydraulic-cylinders.net\/sl\/wp-json\/wp\/v2\/types\/product"}],"replies":[{"embeddable":true,"href":"https:\/\/www.hydraulic-cylinders.net\/sl\/wp-json\/wp\/v2\/comments?post=15693"}],"wp:featuredmedia":[{"embeddable":true,"href":"https:\/\/www.hydraulic-cylinders.net\/sl\/wp-json\/wp\/v2\/media\/14780"}],"wp:attachment":[{"href":"https:\/\/www.hydraulic-cylinders.net\/sl\/wp-json\/wp\/v2\/media?parent=15693"}],"wp:term":[{"taxonomy":"product_brand","embeddable":true,"href":"https:\/\/www.hydraulic-cylinders.net\/sl\/wp-json\/wp\/v2\/product_brand?post=15693"},{"taxonomy":"product_cat","embeddable":true,"href":"https:\/\/www.hydraulic-cylinders.net\/sl\/wp-json\/wp\/v2\/product_cat?post=15693"},{"taxonomy":"product_tag","embeddable":true,"href":"https:\/\/www.hydraulic-cylinders.net\/sl\/wp-json\/wp\/v2\/product_tag?post=15693"}],"curies":[{"name":"delovni list","href":"https:\/\/api.w.org\/{rel}","templated":true}]}}