{"id":15695,"date":"2025-01-19T14:51:21","date_gmt":"2025-01-19T14:51:21","guid":{"rendered":"https:\/\/www.hydraulic-cylinders.net\/product\/bucket-cylinder-for-bobcat-small-excavator-e85\/"},"modified":"2025-01-19T14:51:23","modified_gmt":"2025-01-19T14:51:23","slug":"bucket-cylinder-for-bobcat-small-excavator-e85","status":"publish","type":"product","link":"https:\/\/www.hydraulic-cylinders.net\/sl\/izdelek\/bucket-cylinder-for-bobcat-small-excavator-e85\/","title":{"rendered":"Cilinder \u017elice za majhen bager Bobcat E85"},"content":{"rendered":"<h1>Cilinder \u017elice za majhen bager Bobcat E85<\/h1>\n<h2>Uvod<\/h2>\n<p>Hidravli\u010dni cilinder \u017elice za majhen bager Bobcat E85 je posebej zasnovan hidravli\u010dni cilinder, ki se uporablja za nadzor gibanja \u017elice v te\u017ekih strojih, kot so bagri, bagri z nakladalniki in \u010delni nakladalniki. Njegova glavna funkcija je omogo\u010danje dvigovanja, spu\u0161\u010danja in nagibanja \u017elice, kar olaj\u0161a razli\u010dna opravila ravnanja z materiali. V hidravli\u010dnem sistemu cilinder \u017elice dose\u017ee natan\u010den nadzor gibanja \u017elice s spremembo tlaka hidravli\u010dnega olja, kar omogo\u010da upravljavcem u\u010dinkovito ravnanje s te\u017ekimi bremeni in prilagajanje kompleksnim delovnim okoljem ter raznolikim operativnim potrebam.<\/p>\n<p><img decoding=\"async\" src=\"https:\/\/www.hydraulic-cylinders.net\/wp-content\/uploads\/2025\/01\/songte-company-2.webp\" alt=\"Slika valjaste \u017elice\"><\/p>\n<h2>Zna\u010dilnosti<\/h2>\n<ul>\n<li>Visoka trdnost in vzdr\u017eljivost: Obi\u010dajno je izdelan iz visoko trdnega jekla ali aluminija, zato lahko prenese visok tlak in velike obremenitve, se prilagodi zahtevnim delovnim okoljem in je zasnovan z mislijo na odpornost proti obrabi in koroziji, kar podalj\u0161uje \u017eivljenjsko dobo.<\/li>\n<li>U\u010dinkovito hidravli\u010dno delovanje: Gladko iztezanje in kr\u010denje se dose\u017ee s tlakom hidravli\u010dnega olja, kar zagotavlja mo\u010dno potisno in vle\u010dno silo, primerno za ravnanje s te\u017ekimi bremeni in kompleksnimi delovnimi nalogami.<\/li>\n<li>Razli\u010dne vrste: Glede na operativne potrebe je mogo\u010de izbrati enosmerno delujo\u010de (hidravli\u010dno delovanje samo v eno smer) ali dvosmerno delujo\u010de (hidravli\u010dno delovanje v obe smeri) cilindre. Nekateri modeli so teleskopski, kar omogo\u010da ve\u010dji razteg brez pove\u010danja zunanje mere, primerni za uporabo z omejenim prostorom.<\/li>\n<li>Lahko se uporablja kot popolna zamenjava za druge hidravli\u010dne cilindre<\/li>\n<\/ul>\n<p><img decoding=\"async\" src=\"https:\/\/www.hydraulic-cylinders.net\/wp-content\/uploads\/2025\/01\/songte-cylinder-head-with-all-kinds-excavator-models.webp\" alt=\"Slika zamenjave hidravli\u010dnega cilindra\"><\/p>\n<h2>Aplikacije<\/h2>\n<p>Cilinder \u017elice za majhen bager Bobcat E85 se pogosto uporablja na razli\u010dnih industrijskih podro\u010djih, vklju\u010dno z:<\/p>\n<ul>\n<li>Gradbena oprema: Pri bagrih so klju\u010dni za kopanje, nakladanje in premikanje zemlje ali ru\u0161evin. Pri bagrih z nakladalno glavo cilinder \u017elice pomaga tako pri kopanju kot pri dvigovanju. <\/li>\n<li>Kmetijska mehanizacija: Uporablja se za \u010delne nakladalnike, za kopanje, dvigovanje in prevoz zemlje, sena in drugih materialov. <\/li>\n<li>Bagri: Cilinder \u017elice dose\u017ee kopanje tako, da \u017elici omogo\u010di prodiranje v zemljo. <\/li>\n<li>Nakladalniki: Pomagajo pri u\u010dinkovitem dvigovanju in razkladanju blaga v \u010delnih nakladalnikih. <\/li>\n<\/ul>\n<h2>Oblikovalski vidiki in izbirna merila<\/h2>\n<p>Cilinder \u017elice za majhen bager Bobcat E85 je zasnovan z upo\u0161tevanjem klju\u010dnih dejavnikov, kot so nosilnost, tesnjenje, vzdr\u017eljivost, varnost in vzdr\u017eevanje. <\/p>\n<ul>\n<li>Nosilnost: Jeklenka mora biti sposobna prenesti visok tlak in velike obremenitve, zato mora biti izdelana iz visoko trdnih materialov.<\/li>\n<li>Tesnjenje: Razli\u010dni tesnilni deli, kot so tesnilni obro\u010dki bata in tesnilni obro\u010dki palice, morajo biti izdelani iz materialov, odpornih proti obrabi, kot sta poliuretan in nitrilna guma, da se zagotovi dolga \u017eivljenjska doba.<\/li>\n<li>Vzdr\u017eljivost: Ohi\u0161je valja in navojne kon\u010dne povr\u0161ine morajo biti fino obdelane, da se izbolj\u0161a odpornost proti obrabi in zmanj\u0161a korozija. <\/li>\n<li>Varnost: Za zmanj\u0161anje tveganj in prepre\u010devanje nesre\u010d je treba upo\u0161tevati navodila za varno namestitev in delovanje. <\/li>\n<li>Vzdr\u017eevanje: Redni pregledi, mazanje in zamenjava obrabljenih delov so klju\u010dnega pomena za ohranjanje optimalne zmogljivosti cilindra in podalj\u0161anje njegove \u017eivljenjske dobe. <\/li>\n<\/ul>\n<p><img decoding=\"async\" src=\"https:\/\/www.hydraulic-cylinders.net\/wp-content\/uploads\/2025\/01\/songte-oil-pipes-and-spare-parts.webp\" alt=\"Rezervni deli za hidravli\u010dne cilindre\"><\/p>\n<h2>Tesnjenje in mazanje<\/h2>\n<p>Cilinder \u017elice za majhen bager Bobcat E85 je opremljen z razli\u010dnimi tesnilnimi deli, kot so tesnilni obro\u010dki bata in tesnilni obro\u010dki palice, izdelani iz materialov, odpornih proti obrabi, kot sta poliuretan in nitrilna guma. Telo cilindra in navojne kon\u010dne povr\u0161ine so fino obdelane za izbolj\u0161anje odpornosti proti obrabi in zmanj\u0161anje korozije. Redno mazanje z ustreznim hidravli\u010dnim oljem je potrebno za zagotovitev optimalne zmogljivosti in podalj\u0161anje \u017eivljenjske dobe. <\/p>\n<h2>Vzdr\u017eevanje in popravila<\/h2>\n<p>Redni pregledi, mazanje in zamenjava obrabljenih delov so klju\u010dnega pomena za ohranjanje optimalne zmogljivosti cilindra in podalj\u0161anje njegove \u017eivljenjske dobe. Pogosta vzdr\u017eevalna opravila vklju\u010dujejo pravilno namestitev, redno mazanje, zamenjavo tesnil in preverjanje kalibracije. Pravilna namestitev, mazanje in nastavitev so klju\u010dnega pomena za zmanj\u0161anje morebitnih te\u017eav. Za pritrditev cilindra priporo\u010damo uporabo ustreznih monta\u017enih nosilcev.<\/p>\n<p><img decoding=\"async\" src=\"https:\/\/www.hydraulic-cylinders.net\/wp-content\/uploads\/2025\/01\/songte-chushion-collar.webp\" alt=\"Objemka hidravli\u010dnega cilindra\"><\/p>\n<h2>Varnostni vidiki in okoljski dejavniki<\/h2>\n<p>Pri uporabi cilindra z vedrom je treba upo\u0161tevati ustrezne varnostne ukrepe, vklju\u010dno z upo\u0161tevanjem smernic za varno namestitev in delovanje, da se zmanj\u0161ajo tveganja in prepre\u010dijo nesre\u010de. Za zagotovitev optimalne u\u010dinkovitosti je treba upo\u0161tevati okoljske dejavnike, kot so temperatura, vla\u017enost in prah. <\/p>\n<h2>Odpravljanje te\u017eav in znane te\u017eave<\/h2>\n<p>Med pogostimi te\u017eavami, ki se lahko pojavijo, so pu\u0161\u010danje, obrabljena ali po\u0161kodovana tesnila, deformacija valjev in zlomljeni vijaki. Na voljo so nasveti in re\u0161itve za odpravljanje te\u017eav, ki pomagajo u\u010dinkovito diagnosticirati in odpraviti te\u017eave. Preventivni ukrepi, kot sta redni pregledi in vzdr\u017eevanje, lahko pomagajo zmanj\u0161ati morebitne te\u017eave. <\/p>\n<p><img decoding=\"async\" src=\"https:\/\/www.hydraulic-cylinders.net\/wp-content\/uploads\/2025\/01\/songte-bushings-with-all-kinds-of-excavator-models.webp\" alt=\"Pu\u0161e hidravli\u010dnih cilindrov\"><\/p>\n<h2>O na\u0161em podjetju<\/h2>\n<p>Smo vodilni proizvajalec in veleprodajni distributer hidravli\u010dnih cilindrov, ki ponuja celotno paleto izdelkov za doma\u010di in mednarodni trg. Dr\u017eimo se najvi\u0161jih standardov kakovosti in se zana\u0161amo na industrializirane strategije upravljanja proizvodnje, ki jih podpirajo tehnolo\u0161ki talenti, vrhunska digitalna proizvodna oprema in profesionalni sistemi testiranja. Nenehno izbolj\u0161ujemo na\u0161e proizvodne platforme, da bi dosegli visoko u\u010dinkovitost, natan\u010dnost in kakovost ter izpolnili raznolike potrebe strank. <\/p>\n<ul>\n<li>Profesionalnost: Imamo izku\u0161eno in predano ekipo strokovnjakov, ki so zavezani k dobavi visokokakovostnih hidravli\u010dnih cilindrov. <\/li>\n<li>Mednarodni certifikati: Na\u0161i izdelki so prejeli certifikate ISO, CE in druge mednarodne certifikate, kar zagotavlja njihovo kakovost in zanesljivost. <\/li>\n<li>Prilagoditev: Ponujamo prilagojene storitve za zadovoljevanje posebnih potreb strank, vklju\u010dno z oblikovanjem po meri, izbiro materialov in testiranjem izdelkov. <\/li>\n<li>Proizvodna oprema: Za u\u010dinkovito proizvodnjo visokokakovostnih hidravli\u010dnih cilindrov uporabljamo napredno proizvodno opremo. <\/li>\n<li>Poprodajne storitve: Ponujamo celovite poprodajne storitve, vklju\u010dno z zamenjavo delov in obnovo, da podalj\u0161amo \u017eivljenjsko dobo in izbolj\u0161amo delovanje na\u0161ih izdelkov. <\/li>\n<\/ul>\n<p><img decoding=\"async\" src=\"https:\/\/hzpt.com\/wp-content\/uploads\/2024\/11\/songte-company-1.webp\" alt=\"Slika tovarne hidravli\u010dnih cilindrov\"><\/p>\n<p>Avtor: lyl<\/p>","protected":false},"excerpt":{"rendered":"<p>Bucket Cylinder For Bobcat Small Excavator E85 Introduction The bucket cylinder for Bobcat small excavator E85 is a specially designed hydraulic cylinder used to control bucket movement in heavy machinery, such as excavators, backhoe excavators, and front-end loaders. Its main function is to enable the bucket to lift, lower, and tilt, making it easier for [&hellip;]<\/p>","protected":false},"featured_media":14776,"comment_status":"open","ping_status":"closed","template":"","meta":{"_et_pb_use_builder":"","_et_pb_old_content":"","_et_gb_content_width":""},"product_brand":[],"product_cat":[1494],"product_tag":[1495,1496],"class_list":{"0":"post-15695","1":"product","2":"type-product","3":"status-publish","4":"has-post-thumbnail","6":"product_cat-bucket-cylinders","7":"product_tag-bucket-cylinders","8":"product_tag-hydraulic-cylinders","10":"first","11":"instock","12":"shipping-taxable","13":"product-type-simple"},"amp_enabled":true,"_links":{"self":[{"href":"https:\/\/www.hydraulic-cylinders.net\/sl\/wp-json\/wp\/v2\/product\/15695","targetHints":{"allow":["GET"]}}],"collection":[{"href":"https:\/\/www.hydraulic-cylinders.net\/sl\/wp-json\/wp\/v2\/product"}],"about":[{"href":"https:\/\/www.hydraulic-cylinders.net\/sl\/wp-json\/wp\/v2\/types\/product"}],"replies":[{"embeddable":true,"href":"https:\/\/www.hydraulic-cylinders.net\/sl\/wp-json\/wp\/v2\/comments?post=15695"}],"wp:featuredmedia":[{"embeddable":true,"href":"https:\/\/www.hydraulic-cylinders.net\/sl\/wp-json\/wp\/v2\/media\/14776"}],"wp:attachment":[{"href":"https:\/\/www.hydraulic-cylinders.net\/sl\/wp-json\/wp\/v2\/media?parent=15695"}],"wp:term":[{"taxonomy":"product_brand","embeddable":true,"href":"https:\/\/www.hydraulic-cylinders.net\/sl\/wp-json\/wp\/v2\/product_brand?post=15695"},{"taxonomy":"product_cat","embeddable":true,"href":"https:\/\/www.hydraulic-cylinders.net\/sl\/wp-json\/wp\/v2\/product_cat?post=15695"},{"taxonomy":"product_tag","embeddable":true,"href":"https:\/\/www.hydraulic-cylinders.net\/sl\/wp-json\/wp\/v2\/product_tag?post=15695"}],"curies":[{"name":"delovni list","href":"https:\/\/api.w.org\/{rel}","templated":true}]}}