{"id":15696,"date":"2025-01-19T14:51:25","date_gmt":"2025-01-19T14:51:25","guid":{"rendered":"https:\/\/www.hydraulic-cylinders.net\/product\/bucket-cylinder-for-bobcat-small-excavator-e418\/"},"modified":"2025-01-19T14:51:27","modified_gmt":"2025-01-19T14:51:27","slug":"bucket-cylinder-for-bobcat-small-excavator-e418","status":"publish","type":"product","link":"https:\/\/www.hydraulic-cylinders.net\/sl\/izdelek\/bucket-cylinder-for-bobcat-small-excavator-e418\/","title":{"rendered":"Cilinder \u017elice za majhen bager Bobcat E418"},"content":{"rendered":"<h1>Cilinder \u017elice za majhen bager Bobcat E418<\/h1>\n<h2>Uvod<\/h2>\n<p>Hidravli\u010dni cilinder \u017elice za majhen bager Bobcat E418 je posebej zasnovan hidravli\u010dni cilinder, ki se uporablja predvsem za nadzor gibanja \u017elice v te\u017ekih strojih, kot so bagri, bagri z nakladalniki in \u010delni nakladalniki. Njegova glavna funkcija je omogo\u010danje dvigovanja, spu\u0161\u010danja in nagibanja \u017elice, kar olaj\u0161a opravljanje razli\u010dnih nalog ravnanja z materiali. V hidravli\u010dnem sistemu cilinder \u017elice nadzoruje natan\u010dno gibanje \u017elice s spreminjanjem tlaka hidravli\u010dnega olja, kar omogo\u010da upravljavcem u\u010dinkovito ravnanje s te\u017ekimi bremeni in prilagajanje kompleksnim delovnim okoljem ter raznolikim zahtevam dela.<\/p>\n<p><img decoding=\"async\" src=\"https:\/\/www.hydraulic-cylinders.net\/wp-content\/uploads\/2025\/01\/songte-company-2.webp\" alt=\"Cilinder za vedro\" \/><\/p>\n<h2>Zna\u010dilnosti<\/h2>\n<ul>\n<li>Visoka trdnost in vzdr\u017eljivost: Obi\u010dajno so izdelani iz visoko trdnega jekla ali aluminija, ki lahko prenese visok tlak in velike obremenitve ter so zasnovani z upo\u0161tevanjem odpornosti proti obrabi in koroziji, kar podalj\u0161uje \u017eivljenjsko dobo.<\/li>\n<li>U\u010dinkovito hidravli\u010dno delovanje: Gladki gibi raztezanja in kr\u010denja se dose\u017eejo z uporabo tlaka hidravli\u010dnega olja, kar omogo\u010da hiter odziv na krmilne ukaze, zagotavlja mo\u010dne potisne in vle\u010dne sile ter je idealno za ravnanje s te\u017ekimi bremeni in kompleksnimi delovnimi nalogami.<\/li>\n<li>Razli\u010dne vrste: Izbirate lahko med enosmerno delujo\u010dimi (hidravli\u010dni pogon se uporablja samo v eno smer) ali dvosmerno delujo\u010dimi (hidravli\u010dni pogon se uporablja v obe smeri) cilindri, glede na zahteve delovanja. Nekateri modeli so teleskopski, kar omogo\u010da ve\u010dji razteg brez pove\u010danja zunanjih dimenzij, primerni za uporabo z omejenim prostorom.<\/li>\n<li>Prilagodljivost: Na\u0161e izdelke lahko prilagodimo va\u0161im specifi\u010dnim potrebam in lahko nadomestijo podobne hidravli\u010dne cilindre drugih proizvajalcev.<\/li>\n<\/ul>\n<p><img decoding=\"async\" src=\"https:\/\/www.hydraulic-cylinders.net\/wp-content\/uploads\/2025\/01\/songte-cylinder-head-with-all-kinds-excavator-models.webp\" alt=\"Prilagodljiv valj za vedro\" \/><\/p>\n<h2>Aplikacije<\/h2>\n<p>Valj z \u017elico se uporablja v razli\u010dnih aplikacijah:<\/p>\n<ul>\n<li>Gradbena oprema: Pri bagrih so klju\u010dni za kopanje, nakladanje in premikanje zemlje ali ru\u0161evin. Pri bagrih z nakladalno glavo cilinder \u017elice pomaga tako pri kopanju kot pri dvigovanju. <\/li>\n<li>Kmetijski stroji: Uporabljajo se v \u010delnih nakladalnikih in pomagajo pri dvigovanju in odlaganju zemlje, sena in drugih materialov. Pri bagrih valj \u017elice omogo\u010da kopanje, saj \u017elici omogo\u010da prodiranje v zemljo. <\/li>\n<li>Nakladalnik: Pri \u010delnih nakladalnikih pomagajo pri u\u010dinkovitem dvigovanju in odlaganju blaga.<\/li>\n<\/ul>\n<p>Vsaka aplikacija je podrobno opisana spodaj:<\/p>\n<h3>Gradbena oprema<\/h3>\n<p>Cilinder \u017elice igra klju\u010dno vlogo pri nemotenem delovanju bagrov. Pri kopanju cilinder \u017elice pomaga pri la\u017ejem prodiranju v zemljo, dvigovanju in odlaganju zemlje ter ru\u0161evin. Pri bagrih z nakladalnim strojem cilinder pomaga pri kopanju in dvigovanju ter omogo\u010da enostavno nalaganje in prena\u0161anje materiala.<\/p>\n<h3>Kmetijska mehanizacija<\/h3>\n<p>Cilindri \u017elice na \u010delnih nakladalnikih kmetijske mehanizacije pomagajo pri u\u010dinkovitem dvigovanju in odlaganju materialov, kot so zemlja, seno, krma in drugi kmetijski proizvodi. Pri bagrih, ki se uporabljajo v kmetijstvu, cilinder \u017elice omogo\u010da kopanje, saj \u017elici omogo\u010da, da zlahka prodre v zemljo.<\/p>\n<h3>Nakladalnik<\/h3>\n<p>Cilinder \u017elice v \u010delnih nakladalnikih pomaga pri u\u010dinkovitem dvigovanju in razkladanju blaga, zaradi \u010desar je idealen za nakladanje in razkladanje te\u017ekih materialov.<\/p>\n<p><img decoding=\"async\" src=\"https:\/\/www.hydraulic-cylinders.net\/wp-content\/uploads\/2025\/01\/songte-bushings-with-all-kinds-of-excavator-models.webp\" alt=\"Valj \u017elice v uporabi\" \/><\/p>\n<h2>Oblikovalski vidiki in izbirna merila<\/h2>\n<p>Pri izbiri cilindra z \u017elico je treba upo\u0161tevati ve\u010d dejavnikov, kot so nosilnost cilindra, tesnjenje, vzdr\u017eljivost, varnost in vzdr\u017eevanje. <\/p>\n<ul>\n<li>Nosilnost: Valj \u017elice mora biti sposoben prenesti pri\u010dakovano obremenitev brez upogibanja ali loma, odvisno od uporabe.<\/li>\n<li>Tesnjenje: Cilinder \u017elice mora biti ustrezno zatesnjen, da se prepre\u010di pu\u0161\u010danje hidravli\u010dne teko\u010dine in onesna\u017eenje okolja.<\/li>\n<li>Vzdr\u017eljivost: Cilinder vedra mora biti izdelan iz trpe\u017enih materialov, da prenese zahtevno delovno okolje in podalj\u0161a \u017eivljenjsko dobo.<\/li>\n<li>Varnost: Cilinder vedra mora biti zasnovan tako, da zagotavlja varnost upravljavca in oseb v bli\u017eini opreme.<\/li>\n<li>Vzdr\u017eevanje: Cilinder \u017elice mora biti zasnovan tako, da omogo\u010da enostavno vzdr\u017eevanje, vklju\u010dno z zamenjavo tesnil, \u010di\u0161\u010denjem in mazanjem.<\/li>\n<\/ul>\n<p><img decoding=\"async\" src=\"https:\/\/www.hydraulic-cylinders.net\/wp-content\/uploads\/2025\/01\/songte-oil-pipes-and-spare-parts.webp\" alt=\"Rezervni deli za valj \u017elice\" \/><\/p>\n<h2>Tesnjenje in mazanje<\/h2>\n<p>Valj \u017elice uporablja razli\u010dna tesnila, kot so tesnila bata in tesnila palice, izdelana iz materialov, odpornih proti obrabi, kot sta poliuretan in nitrilna guma, da se zagotovi pravilno tesnjenje in prepre\u010di pu\u0161\u010danje olja. Telo valja in navojne kon\u010dne povr\u0161ine so fino obdelane za izbolj\u0161anje odpornosti proti obrabi. Za mazanje in prepre\u010devanje obrabe stene valja in bata je potrebno redno vbrizgavanje hidravli\u010dnega olja.<\/p>\n<h2>Vzdr\u017eevanje in popravila<\/h2>\n<p>Redni pregledi in preventivno vzdr\u017eevanje cilindra vedra so bistveni za zagotovitev optimalnega delovanja cilindra, hkrati pa prepre\u010dujejo drage izpade in popravila. Redni pregledi, ustrezno mazanje in preverjanje kalibracije so med najpogostej\u0161imi vzdr\u017eevalnimi opravili. Pravilna namestitev, mazanje in nastavitev so klju\u010dnega pomena, prav tako pa je bistvena pravilna poravnava cilindra. Za pritrditev cilindra na mesto je treba uporabiti ustrezne nosilce. Za podalj\u0161anje \u017eivljenjske dobe cilindra vedra so na voljo priporo\u010deni postopki pregleda, popravila in zamenjave. <\/p>\n<p><img decoding=\"async\" src=\"https:\/\/www.hydraulic-cylinders.net\/wp-content\/uploads\/2025\/01\/songte-chushion-collar.webp\" alt=\"Vzdr\u017eevanje in popravilo cilindrov \u017elice\" \/><\/p>\n<h2>Varnostni vidiki in okoljski dejavniki<\/h2>\n<p>Pri uporabi cilindrov z \u017elico je klju\u010dnega pomena upo\u0161tevati varnostne ukrepe, kot je prepre\u010devanje, da bi cilindri z \u017elico med delovanjem zadeli delavce. Za prepre\u010ditev onesna\u017eenja okolja je treba upo\u0161tevati pravilen postopek odstranjevanja hidravli\u010dnega olja in drugih nevarnih snovi.<\/p>\n<h2>Diagnostika napak in odpravljanje te\u017eav<\/h2>\n<p>Pogoste te\u017eave z cilindri \u017elice lahko vklju\u010dujejo pu\u0161\u010danje olja, po\u010dasno delovanje ali zmanj\u0161ano izhodno mo\u010d. Redni pregledi, preventivno vzdr\u017eevanje in pravo\u010dasna popravila so bistvenega pomena za prepre\u010devanje teh te\u017eav. \u010ce se pojavijo te\u017eave, jih je mogo\u010de odpraviti tako, da ugotovite vzrok te\u017eave in nato popravite ali zamenjate okvarjene dele.<\/p>\n<p><img decoding=\"async\" src=\"https:\/\/hzpt.com\/wp-content\/uploads\/2024\/11\/songte-company-1.webp\" alt=\"Odpravljanje te\u017eav z cilindrom \u017elice\" \/><\/p>\n<h2>O nas<\/h2>\n<p>Smo proizvajalec hidravli\u010dnih cilindrov, ki proizvaja celotno paleto izdelkov, in smo postali eden vodilnih proizvajalcev in veleprodajnih distributerjev hidravli\u010dnih cilindrov na doma\u010dem in mednarodnem trgu. Sledimo strategiji odli\u010dne kakovosti in se zana\u0161amo na industrijsko upravljanje proizvodnje v finih proizvodnih delavnicah. Nenehno izbolj\u0161ujemo platformo za proizvodnjo v delavnicah, izbolj\u0161ujemo proizvodne linije za kakovost izdelkov in imamo mo\u010dne proizvodne zmogljivosti, da zadovoljimo raznolike potrebe strank z visoko u\u010dinkovitostjo, visoko natan\u010dnostjo in visokokakovostnimi na\u010deli. <\/p>\n<p>Na\u0161e podjetje ponuja strokovno znanje, mednarodne certifikate, prilagojene storitve, proizvodno opremo in poprodajne storitve. <\/p>\n<p><img decoding=\"async\" src=\"https:\/\/www.hydraulic-cylinders.net\/wp-content\/uploads\/2025\/01\/songte-company-3.webp\" alt=\"O nas\" \/><\/p>\n<p>Avtor: lyl<\/p>","protected":false},"excerpt":{"rendered":"<p>Bucket Cylinder For Bobcat Small Excavator E418 Introduction The bucket cylinder for Bobcat small excavator E418 is a specially designed hydraulic cylinder primarily used to control the movement of the bucket in heavy machinery such as excavators, backhoe excavators, and front-end loaders. Its main function is to allow the bucket to lift, lower, and tilt, [&hellip;]<\/p>","protected":false},"featured_media":14773,"comment_status":"open","ping_status":"closed","template":"","meta":{"_et_pb_use_builder":"","_et_pb_old_content":"","_et_gb_content_width":""},"product_brand":[],"product_cat":[1494],"product_tag":[1495,1496],"class_list":{"0":"post-15696","1":"product","2":"type-product","3":"status-publish","4":"has-post-thumbnail","6":"product_cat-bucket-cylinders","7":"product_tag-bucket-cylinders","8":"product_tag-hydraulic-cylinders","10":"first","11":"instock","12":"shipping-taxable","13":"product-type-simple"},"amp_enabled":true,"_links":{"self":[{"href":"https:\/\/www.hydraulic-cylinders.net\/sl\/wp-json\/wp\/v2\/product\/15696","targetHints":{"allow":["GET"]}}],"collection":[{"href":"https:\/\/www.hydraulic-cylinders.net\/sl\/wp-json\/wp\/v2\/product"}],"about":[{"href":"https:\/\/www.hydraulic-cylinders.net\/sl\/wp-json\/wp\/v2\/types\/product"}],"replies":[{"embeddable":true,"href":"https:\/\/www.hydraulic-cylinders.net\/sl\/wp-json\/wp\/v2\/comments?post=15696"}],"wp:featuredmedia":[{"embeddable":true,"href":"https:\/\/www.hydraulic-cylinders.net\/sl\/wp-json\/wp\/v2\/media\/14773"}],"wp:attachment":[{"href":"https:\/\/www.hydraulic-cylinders.net\/sl\/wp-json\/wp\/v2\/media?parent=15696"}],"wp:term":[{"taxonomy":"product_brand","embeddable":true,"href":"https:\/\/www.hydraulic-cylinders.net\/sl\/wp-json\/wp\/v2\/product_brand?post=15696"},{"taxonomy":"product_cat","embeddable":true,"href":"https:\/\/www.hydraulic-cylinders.net\/sl\/wp-json\/wp\/v2\/product_cat?post=15696"},{"taxonomy":"product_tag","embeddable":true,"href":"https:\/\/www.hydraulic-cylinders.net\/sl\/wp-json\/wp\/v2\/product_tag?post=15696"}],"curies":[{"name":"delovni list","href":"https:\/\/api.w.org\/{rel}","templated":true}]}}