{"id":1570,"date":"2023-10-07T02:18:33","date_gmt":"2023-10-07T02:18:33","guid":{"rendered":"https:\/\/hydraulic-cylinders.net\/?post_type=product&#038;p=1570"},"modified":"2025-03-28T06:38:01","modified_gmt":"2025-03-28T06:38:01","slug":"crane-cylinder-for-mobile-crane-outrigger-expansion","status":"publish","type":"product","link":"https:\/\/www.hydraulic-cylinders.net\/sl\/izdelek\/crane-cylinder-for-mobile-crane-outrigger-expansion\/","title":{"rendered":"\u017derjavni valj za raz\u0161iritev opornikov mobilnega \u017eerjava"},"content":{"rendered":"<h1 style=\"text-align: center;\"><strong> \u017derjavni valj za raz\u0161iritev opornikov mobilnega \u017eerjava<\/strong><\/h1>\n<p><img loading=\"lazy\" decoding=\"async\" class=\"aligncenter wp-image-1571\" src=\"https:\/\/hydraulic-cylinders.net\/wp-content\/uploads\/2023\/10\/outrigger-expansion-cylinder-1-300x300.webp\" alt=\"\u017derjavni valj za raz\u0161iritev opornika mobilnega \u017eerjava-1\" width=\"400\" height=\"400\" \/><\/p>\n<p>The <strong>\u017eerjavni valj za raz\u0161iritev opornikov mobilnega \u017eerjava<\/strong> je klju\u010dna komponenta, ki pove\u010duje stabilnost in doseg mobilnih \u017eerjavov med dvigovanjem. Ta hidravli\u010dni cilinder, zasnovan za iztegovanje in umikanje podpornih nosilcev, igra klju\u010dno vlogo pri zagotavljanju trdnih temeljev in pove\u010danih operativnih zmogljivosti.<\/p>\n<p>Ta nepogre\u0161ljivi hidravli\u010dni valj \u017eerjava bistveno izbolj\u0161a stabilnost, nosilnost in doseg mobilnih \u017eerjavov med dvigovanjem. Njegova robustna konstrukcija in natan\u010den hidravli\u010dni nadzor zagotavljata varno in u\u010dinkovito dvigovanje v razli\u010dnih gradbenih in industrijskih okoljih. Z upo\u0161tevanjem pravilnih metod uporabe in priporo\u010denih vzdr\u017eevalnih praks lahko upravljavci pove\u010dajo \u017eivljenjsko dobo in zanesljivost cilindra \u017eerjava za raz\u0161iritev opornih koles mobilnega \u017eerjava, s \u010dimer zagotovijo uspe\u0161ne dvi\u017ene operacije. Izberite to bistveno hidravli\u010dno komponento za pove\u010danje stabilnosti, dosega in produktivnosti va\u0161ega sistema mobilnega \u017eerjava.<\/p>\n<p><strong>Klju\u010dne zna\u010dilnosti cilindra \u017eerjava za raz\u0161iritev opornikov mobilnega \u017eerjava:<\/strong><\/p>\n<p><strong>Robustna konstrukcija in vzdr\u017eljivost:<\/strong> \u017derjavni valj za raz\u0161iritev opornikov mobilnega \u017eerjava je izdelan iz visokokakovostnih materialov, kar zagotavlja izjemno trdnost in dolgo \u017eivljenjsko dobo. Zasnovan je tako, da prenese velike obremenitve, udarce in zahtevne okoljske pogoje ter zagotavlja zanesljivo delovanje v zahtevnih delovnih okoljih.<\/p>\n<p><strong>Hidravli\u010dni nadzor in natan\u010dnost:<\/strong> Ta valj izkori\u0161\u010da hidravli\u010dno mo\u010d za iztegovanje in umikanje opornih nosilcev. Hidravli\u010dni krmilni sistem omogo\u010da natan\u010dne nastavitve, ki upravljavcem omogo\u010dajo natan\u010dno doseganje \u017eelene dol\u017eine iztega opornih nosilcev.<\/p>\n<p><strong>Izbolj\u0161ana stabilnost in nosilnost:<\/strong> \u017derjavni valj za raz\u0161iritev opornih nosilcev mobilnega \u017eerjava znatno izbolj\u0161a stabilnost \u017eerjava z raztezanjem opornih nosilcev. U\u010dinkovito porazdeli obremenitev na \u0161ir\u0161e obmo\u010dje, kar zmanj\u0161a tveganje prevra\u010danja in zagotavlja varno dvigovanje, tudi pri te\u017ekih bremenih.<\/p>\n<p><strong>Ve\u010dji doseg in prilagodljivost:<\/strong> Zmo\u017enost raz\u0161iritve stabilizatorjev tega cilindra omogo\u010da mobilnim \u017eerjavom doseganje ve\u010djih vi\u0161in in raz\u0161iritev delovnega dosega. Ta lastnost je \u0161e posebej ugodna pri delu v tesnih prostorih ali kadar je potreben dodaten horizontalni doseg.<\/p>\n<h1><strong>\u017derjavni valj za raz\u0161iritev opornikov mobilnega \u017eerjava <\/strong><strong style=\"font-size: 26px;\">Parameter:<\/strong><\/h1>\n<table border=\"1\" cellspacing=\"0\" cellpadding=\"0\">\n<tbody>\n<tr>\n<td>Ime izdelka<\/td>\n<td>Raz\u0161iritveni valj za opornike mobilnega \u017eerjava<\/td>\n<\/tr>\n<tr>\n<td>Zna\u010dilnosti:<\/td>\n<td>Izvlecite valj opornika vodoravno<\/td>\n<\/tr>\n<tr>\n<td>Premer izvrtine:<\/td>\n<td>50 mm\uff5e75 mm<\/td>\n<\/tr>\n<tr>\n<td>Premer palice:<\/td>\n<td>25 mm\uff5e55 mm<br \/>\nHod \u22642500 mm<\/td>\n<\/tr>\n<tr>\n<td>Tlak:<\/td>\n<td>Najve\u010d 35 MPa<\/td>\n<\/tr>\n<tr>\n<td>Uporaba teleskopskega cilindra:<\/td>\n<td>Mobilni \u017eerjav<\/td>\n<\/tr>\n<\/tbody>\n<\/table>\n<h1><strong>\u017derjavni valj za mobilne \u017eerjave, raz\u0161iritev stabilizatorja <\/strong><strong style=\"font-size: 26px;\">Diagram identifikacije:<\/strong><\/h1>\n<p><img loading=\"lazy\" decoding=\"async\" class=\"alignnone wp-image-1551 size-full\" src=\"https:\/\/www.hydraulic-cylinders.net\/wp-content\/uploads\/2023\/09\/mobile-crane-cylinder-construction-1.webp\" alt=\"\u017derjavni valj za raz\u0161iritev opornika mobilnega \u017eerjava-2\" width=\"1418\" height=\"946\" srcset=\"https:\/\/www.hydraulic-cylinders.net\/wp-content\/uploads\/2023\/09\/mobile-crane-cylinder-construction-1.webp 1418w, https:\/\/www.hydraulic-cylinders.net\/wp-content\/uploads\/2023\/09\/mobile-crane-cylinder-construction-1-1280x854.webp 1280w, https:\/\/www.hydraulic-cylinders.net\/wp-content\/uploads\/2023\/09\/mobile-crane-cylinder-construction-1-980x654.webp 980w, https:\/\/www.hydraulic-cylinders.net\/wp-content\/uploads\/2023\/09\/mobile-crane-cylinder-construction-1-480x320.webp 480w\" sizes=\"(min-width: 0px) and (max-width: 480px) 480px, (min-width: 481px) and (max-width: 980px) 980px, (min-width: 981px) and (max-width: 1280px) 1280px, (min-width: 1281px) 1418px, 100vw\" \/><\/p>\n<h2><strong>Na\u010din uporabe <\/strong><strong>\u017derjavni valj za mobilne \u017eerjave, raz\u0161iritev stabilizatorja<\/strong><strong>:<\/strong><\/h2>\n<ol>\n<li><strong>Seznanite se s kontrolami in varnostnimi smernicami:<\/strong><\/li>\n<\/ol>\n<ul>\n<li>Pred uporabo ekspanzijskega cilindra opornih koles mobilnega \u017eerjava se morajo upravljavci seznaniti s krmilnimi elementi in varnostnimi smernicami, specifi\u010dnimi za njihov model \u017eerjava.<\/li>\n<li>Za prepre\u010ditev nesre\u010d se prepri\u010dajte, da so upo\u0161tevani vsi varnostni postopki, vklju\u010dno s pravilnim spu\u0161\u010danjem in umikanjem stabilizatorjev.<\/li>\n<\/ul>\n<ol start=\"2\">\n<li><strong>Raztegnite oporne opornike:<\/strong><\/li>\n<\/ol>\n<ul>\n<li>Aktivirajte hidravli\u010dne krmilne elemente, da podalj\u0161ate podporne nosilce.<\/li>\n<li>Postopoma podalj\u0161ujte stabilizatorje do \u017eelene dol\u017eine, medtem ko spremljate postopek podalj\u0161evanja.<\/li>\n<\/ul>\n<ol start=\"3\">\n<li><strong>Stabilizacija \u017eerjava:<\/strong><\/li>\n<\/ol>\n<ul>\n<li>Ko so oporniki popolnoma iztegnjeni, stabilizirajte \u017eerjav tako, da nastavite oporne blazinice, da zagotovite ravno in trdno podlago.<\/li>\n<li>Prepri\u010dajte se, da so oporne blazinice name\u0161\u010dene na stabilnih tleh ali ustreznih podpornih povr\u0161inah.<\/li>\n<\/ul>\n<ol start=\"4\">\n<li><strong>Zlo\u017eite stabilizatorje:<\/strong><\/li>\n<\/ol>\n<ul>\n<li>Ko je dvigovanje kon\u010dano, s hidravli\u010dnimi krmilnimi elementi uvlecite zunanje nosilce.<\/li>\n<li>Postopoma uvlecite oporne opornike, da zagotovite gladek in nadzorovan postopek.<\/li>\n<\/ul>\n<h2><strong>Kako odstraniti zrak iz hidravli\u010dnega sistema traktorja?<\/strong><\/h2>\n<p>Za odstranitev zraka iz hidravli\u010dnega sistema traktorja sledite tem korakom:<\/p>\n<ol>\n<li><strong>Prepoznajte simptome v zraku:<\/strong>\n<ul>\n<li>\u010ce sumite na zrak v hidravli\u010dnem sistemu, poi\u0161\u010dite pogoste simptome, kot so neenakomerno ali nedosledno delovanje hidravli\u010dnih komponent, zmanj\u0161ana dvi\u017ena zmogljivost ali nenavadni zvoki.<\/li>\n<li>Potrditev prisotnosti zraka vam bo pomagala dolo\u010diti ustrezne ukrepe.<\/li>\n<\/ul>\n<\/li>\n<li><strong>Preverite nivo teko\u010dine:<\/strong>\n<ul>\n<li>Prepri\u010dajte se, da je nivo hidravli\u010dne teko\u010dine v rezervoarju na priporo\u010deni ravni.<\/li>\n<li>\u010ce je nivo nizek, lahko v sistem vnese zrak. Dodajte ustrezno hidravli\u010dno teko\u010dino, da dose\u017eete priporo\u010deni nivo.<\/li>\n<\/ul>\n<\/li>\n<li><strong>Odzra\u010dite sistem:<\/strong>\n<ul>\n<li>Poi\u0161\u010dite ventile ali \u010depe za odzra\u010devanje zraka v hidravli\u010dnem sistemu.<\/li>\n<li>Za\u010dnite s komponento, ki je najbolj oddaljena od hidravli\u010dne \u010drpalke, in se ji pribli\u017eujte.<\/li>\n<li>Po\u010dasi odprite odzra\u010devalni ventil ali \u010dep, da izpustite morebitni ujeti zrak.<\/li>\n<li>Pustite, da zrak uhaja, dokler ne opazite enakomernega toka hidravli\u010dne teko\u010dine, kar pomeni, da je bil zrak odzra\u010den.<\/li>\n<li>Tesno zaprite odzra\u010devalni ventil ali \u010dep.<\/li>\n<\/ul>\n<\/li>\n<li><strong>Odzra\u010devanje hidravli\u010dne \u010drpalke:<\/strong>\n<ul>\n<li>\u010ce ima hidravli\u010dna \u010drpalka odzra\u010devalni ventil, ga poi\u0161\u010dite in po\u010dasi odprite.<\/li>\n<li>Hidravli\u010dni sistem upravljajte tako, da vklopite hidravli\u010dno dvigalo ali premaknete hidravli\u010dne krmilne elemente, da teko\u010dina kro\u017ei in iztisnete morebitni ujeti zrak skozi odprt odzra\u010devalni ventil.<\/li>\n<li>Zaprite odzra\u010devalni ventil, ko je hidravli\u010dni sistem brez zraka in hidravli\u010dne komponente delujejo gladko.<\/li>\n<\/ul>\n<\/li>\n<li><strong>Ponovite postopek:<\/strong>\n<ul>\n<li>\u010ce v hidravli\u010dnem sistemu \u0161e vedno opazite simptome, povezane z zrakom, ponovite postopek odzra\u010devanja na vsaki komponenti, za\u010den\u0161i od najbolj oddaljene to\u010dke proti hidravli\u010dni \u010drpalki.<\/li>\n<li>Prepri\u010dajte se, da je iz sistema odstranjen ves zrak, tako da odprete odzra\u010devalne ventile ali \u010depe in pustite, da zrak uide.<\/li>\n<\/ul>\n<\/li>\n<li><strong>Preverite pu\u0161\u010danje:<\/strong>\n<ul>\n<li>Preverite vse priklju\u010dke, cevi in \u200b\u200btesnila hidravli\u010dnega sistema glede morebitnih znakov pu\u0161\u010danja.<\/li>\n<li>Morebitna pu\u0161\u010danja takoj odpravite z zategovanjem priklju\u010dkov ali zamenjavo po\u0161kodovanih komponent.<\/li>\n<li>Pu\u0161\u010danja lahko v sistem vnesejo zrak, zato je za pravilno delovanje hidravlike bistven sistem brez pu\u0161\u010danja.<\/li>\n<\/ul>\n<\/li>\n<li><strong>Zmogljivost testnega sistema:<\/strong>\n<ul>\n<li>Po odzra\u010devanju in odpravljanju pu\u0161\u010danj preizkusite delovanje hidravli\u010dnega sistema, da zagotovite pravilno delovanje.<\/li>\n<li>Vklopite hidravli\u010dne funkcije, kot sta dvigovanje in spu\u0161\u010danje priklju\u010dkov, in opazujte njihovo gladkost in doslednost.<\/li>\n<\/ul>\n<\/li>\n<\/ol>\n<h2><strong>Zmogljivost in zmogljivost tovarne:<\/strong><\/h2>\n<h3><strong>(1) Sestavljanje<\/strong><\/h3>\n<p>Na\u0161 obrat se pona\u0161a z vrhunsko neodvisno platformo za raziskave in razvoj, namenjeno proizvodnji hidravli\u010dnih cilindrov. Upravljamo \u0161tiri polavtomatske monta\u017ene linije za dvi\u017ene cilindre in eno popolnoma avtomatsko monta\u017eno linijo za nagibne cilindre z impresivno letno proizvodno zmogljivostjo 1 milijona cilindrov.<img loading=\"lazy\" decoding=\"async\" class=\"aligncenter wp-image-626\" src=\"https:\/\/hydraulic-cylinders.net\/wp-content\/uploads\/2023\/08\/hydraulic-cylinder-product-1-300x158.webp\" alt=\"\" width=\"500\" height=\"263\" srcset=\"https:\/\/hydraulic-cylinders.net\/wp-content\/uploads\/2023\/08\/hydraulic-cylinder-product-1-300x158.webp 500w, https:\/\/hydraulic-cylinders.net\/wp-content\/uploads\/2023\/08\/hydraulic-cylinder-product-1-480x252.webp 480w\" sizes=\"(min-width: 0px) and (max-width: 480px) 480px, (min-width: 481px) 500px, 100vw\" \/><\/p>\n<p>V na\u0161i specializirani delavnici za jeklenke uporabljamo polavtomatski sistem za \u010di\u0161\u010denje in monta\u017eo, zasnovan za razli\u010dne specifikacije, ki lahko letno proizvede 200.000 jeklenk. Na\u0161a delavnica je opremljena z napredno CNC obdelovalno opremo, obdelovalnim centrom, visoko preciznimi orodji za obdelavo jeklenk, robotskimi varilnimi stroji, avtomatskimi \u010distilnimi sistemi in avtomatizirano linijo za monta\u017eo jeklenk. Poleg tega imamo popolnoma avtomatizirano proizvodno linijo za barvanje.<\/p>\n<p>Z ve\u010d kot 300 kosi kriti\u010dne opreme na\u0161a optimalna razporeditev virov zagotavlja, da izpolnjujemo stroge standarde natan\u010dnosti in kakovosti, ki jih zahtevajo na\u0161e stranke. Ta zavezanost u\u010dinkovitosti in natan\u010dnosti nas uvr\u0161\u010da med vodilne v industriji hidravli\u010dnih cilindrov.<\/p>\n<p><img loading=\"lazy\" decoding=\"async\" class=\"aligncenter wp-image-627\" src=\"https:\/\/hydraulic-cylinders.net\/wp-content\/uploads\/2023\/08\/hydraulic-cylinder-product-2-300x189.webp\" alt=\"\" width=\"500\" height=\"315\" srcset=\"https:\/\/hydraulic-cylinders.net\/wp-content\/uploads\/2023\/08\/hydraulic-cylinder-product-2-300x189.webp 500w, https:\/\/hydraulic-cylinders.net\/wp-content\/uploads\/2023\/08\/hydraulic-cylinder-product-2-480x302.webp 480w\" sizes=\"(min-width: 0px) and (max-width: 480px) 480px, (min-width: 481px) 500px, 100vw\" \/><\/p>\n<h3><strong>(2) Strojna obdelava<\/strong><\/h3>\n<p>Na\u0161a strojna delavnica je opremljena z najsodobnej\u0161o opremo, vklju\u010dno s prilagojenim centrom za stru\u017eenje nagnjenih tirnic, preciznim centrom za strojno obdelavo, visokohitrostnim strojem za honanje in naprednimi varilnimi roboti. Ta dovr\u0161ena postavitev nam omogo\u010da u\u010dinkovito obdelavo valjastih cevi z najve\u010djim notranjim premerom 400 mm in dol\u017eino do 6 metrov.<\/p>\n<p><img loading=\"lazy\" decoding=\"async\" class=\"wp-image-628 size-large aligncenter\" src=\"https:\/\/hydraulic-cylinders.net\/wp-content\/uploads\/2023\/08\/hydraulic-cylinder-product-3-1024x391.webp\" alt=\"\" width=\"1024\" height=\"391\" srcset=\"https:\/\/hydraulic-cylinders.net\/wp-content\/uploads\/2023\/08\/hydraulic-cylinder-product-3-980x374.webp 980w, https:\/\/hydraulic-cylinders.net\/wp-content\/uploads\/2023\/08\/hydraulic-cylinder-product-3-480x183.webp 480w\" sizes=\"(min-width: 0px) and (max-width: 480px) 480px, (min-width: 481px) and (max-width: 980px) 980px, (min-width: 981px) 1024px, 100vw\" \/><\/p>\n<p>Z na\u0161o najsodobnej\u0161o tehnologijo zagotavljamo visokokakovostno obdelavo, ki ustreza raznolikim potrebam proizvodnje hidravli\u010dnih cilindrov.<\/p>\n<h3><strong>(3) Varjenje<\/strong><\/h3>\n<p><img loading=\"lazy\" decoding=\"async\" class=\"wp-image-629 size-large aligncenter\" src=\"https:\/\/hydraulic-cylinders.net\/wp-content\/uploads\/2023\/08\/hydraulic-cylinder-product-4-1024x510.webp\" alt=\"\" width=\"1024\" height=\"510\" srcset=\"https:\/\/hydraulic-cylinders.net\/wp-content\/uploads\/2023\/08\/hydraulic-cylinder-product-4-980x488.webp 980w, https:\/\/hydraulic-cylinders.net\/wp-content\/uploads\/2023\/08\/hydraulic-cylinder-product-4-480x239.webp 480w\" sizes=\"(min-width: 0px) and (max-width: 480px) 480px, (min-width: 481px) and (max-width: 980px) 980px, (min-width: 981px) 1024px, 100vw\" \/><\/p>\n<h3><strong>(4) Barvanje in premazovanje<\/strong><\/h3>\n<p><img loading=\"lazy\" decoding=\"async\" class=\"wp-image-630 aligncenter\" src=\"https:\/\/hydraulic-cylinders.net\/wp-content\/uploads\/2023\/08\/hydraulic-cylinder-product-5-300x213.webp\" alt=\"\" width=\"500\" height=\"355\" \/><\/p>\n<p>Na\u0161 obrat ima napredne avtomatske linije za nana\u0161anje barv na vodni osnovi, posebej zasnovane za majhne in srednje velike jeklenke. Te linije uporabljajo robotsko tehnologijo za u\u010dinkovito nalaganje, razkladanje in brizganje, s \u010dimer dosegajo izjemno proizvodno zmogljivost 4000 kosov na izmeno.<\/p>\n<p><img loading=\"lazy\" decoding=\"async\" class=\"wp-image-631 aligncenter\" src=\"https:\/\/hydraulic-cylinders.net\/wp-content\/uploads\/2023\/08\/hydraulic-cylinder-product-6-300x225.webp\" alt=\"\" width=\"500\" height=\"375\" srcset=\"https:\/\/hydraulic-cylinders.net\/wp-content\/uploads\/2023\/08\/hydraulic-cylinder-product-6-300x225.webp 500w, https:\/\/hydraulic-cylinders.net\/wp-content\/uploads\/2023\/08\/hydraulic-cylinder-product-6-480x360.webp 480w\" sizes=\"(min-width: 0px) and (max-width: 480px) 480px, (min-width: 481px) 500px, 100vw\" \/><\/p>\n<p>Poleg tega upravljamo polavtomatsko linijo za proizvodnjo barv za velike valje, ki jo poganja robustna pogonska veriga, s projektirano zmogljivostjo 60 zabojev na izmeno. Ta kombinacija avtomatizacije in u\u010dinkovitosti zagotavlja visokokakovostne kon\u010dne obdelave vseh na\u0161ih hidravli\u010dnih valjev.<\/p>\n<h3><strong>(5) Testiranje<\/strong><\/h3>\n<p>Imamo prvovrstne in\u0161pekcijske prostore in testne postaje, s katerimi zagotavljamo, da delovanje jeklenke izpolnjuje zahteve.<\/p>\n<p><img loading=\"lazy\" decoding=\"async\" class=\"wp-image-632 aligncenter\" src=\"https:\/\/hydraulic-cylinders.net\/wp-content\/uploads\/2023\/08\/hydraulic-cylinder-product-8-300x200.webp\" alt=\"\" width=\"389\" height=\"260\" \/><\/p>\n<p>Smo priznani proizvajalec <a href=\"https:\/\/hzpt.com\/mobile-machinery-hydraulic-cylinder\/\" target=\"_blank\" rel=\"noopener\">hidravli\u010dni cilindri<\/a>, priznan kot eden najbolj\u0161ih v panogi. Na\u0161a obse\u017ena linija izdelkov vklju\u010duje \u0161iroko paleto hidravli\u010dnih cilindrov, prilagojenih razli\u010dnim aplikacijam. Poleg hidravli\u010dnih cilindrov ponujamo tudi visokokakovostne kmetijske menjalnike, s \u010dimer na\u0161im strankam zagotavljamo dostop do celovitih re\u0161itev za njihove potrebe po strojih.<\/p>\n<p>Z zavezanostjo k odli\u010dnosti smo uspe\u0161no izva\u017eali svoje izdelke strankam po vsem svetu in si prislu\u017eili dober sloves vrhunske kakovosti izdelkov in izjemne poprodajne storitve. Na\u0161a predanost zadovoljstvu strank nas je postavila med zaupanja vredne partnerje tako na doma\u010dem kot na mednarodnem trgu.<\/p>","protected":false},"excerpt":{"rendered":"<p>Crane Cylinder for Mobile Crane Outrigger Expansion The crane cylinder for mobile crane outrigger expansion is a crucial component that enhances the stability and reach of mobile cranes during lifting operations. Designed to extend and retract the outrigger beams, this hydraulic cylinder plays a vital role in providing a solid foundation and increased operational capabilities. [&hellip;]<\/p>","protected":false},"featured_media":1572,"comment_status":"open","ping_status":"closed","template":"","meta":{"_et_pb_use_builder":"","_et_pb_old_content":"","_et_gb_content_width":""},"product_brand":[],"product_cat":[1514],"product_tag":[1477,1478,1380],"class_list":{"0":"post-1570","1":"product","2":"type-product","3":"status-publish","4":"has-post-thumbnail","6":"product_cat-mobile-crane-hydraulic-cylinders","7":"product_tag-crane-cylinder","8":"product_tag-crane-hydraulic-cylinder","9":"product_tag-hydraulic-cylinder","11":"first","12":"instock","13":"shipping-taxable","14":"product-type-simple"},"amp_enabled":true,"_links":{"self":[{"href":"https:\/\/www.hydraulic-cylinders.net\/sl\/wp-json\/wp\/v2\/product\/1570","targetHints":{"allow":["GET"]}}],"collection":[{"href":"https:\/\/www.hydraulic-cylinders.net\/sl\/wp-json\/wp\/v2\/product"}],"about":[{"href":"https:\/\/www.hydraulic-cylinders.net\/sl\/wp-json\/wp\/v2\/types\/product"}],"replies":[{"embeddable":true,"href":"https:\/\/www.hydraulic-cylinders.net\/sl\/wp-json\/wp\/v2\/comments?post=1570"}],"wp:featuredmedia":[{"embeddable":true,"href":"https:\/\/www.hydraulic-cylinders.net\/sl\/wp-json\/wp\/v2\/media\/1572"}],"wp:attachment":[{"href":"https:\/\/www.hydraulic-cylinders.net\/sl\/wp-json\/wp\/v2\/media?parent=1570"}],"wp:term":[{"taxonomy":"product_brand","embeddable":true,"href":"https:\/\/www.hydraulic-cylinders.net\/sl\/wp-json\/wp\/v2\/product_brand?post=1570"},{"taxonomy":"product_cat","embeddable":true,"href":"https:\/\/www.hydraulic-cylinders.net\/sl\/wp-json\/wp\/v2\/product_cat?post=1570"},{"taxonomy":"product_tag","embeddable":true,"href":"https:\/\/www.hydraulic-cylinders.net\/sl\/wp-json\/wp\/v2\/product_tag?post=1570"}],"curies":[{"name":"delovni list","href":"https:\/\/api.w.org\/{rel}","templated":true}]}}