{"id":15702,"date":"2025-01-19T14:51:49","date_gmt":"2025-01-19T14:51:49","guid":{"rendered":"https:\/\/www.hydraulic-cylinders.net\/product\/bucket-cylinder-for-kubota-small-excavator-u-155-3s\/"},"modified":"2025-01-19T14:51:51","modified_gmt":"2025-01-19T14:51:51","slug":"bucket-cylinder-for-kubota-small-excavator-u-155-3s","status":"publish","type":"product","link":"https:\/\/www.hydraulic-cylinders.net\/sl\/izdelek\/bucket-cylinder-for-kubota-small-excavator-u-155-3s\/","title":{"rendered":"Cilinder \u017elice za majhen bager Kubota U-155-3S"},"content":{"rendered":"<p><!DOCTYPE html><br \/>\n<html><br \/>\n<head><br \/>\n<title>Cilinder \u017elice za majhen bager Kubota U-155-3S<\/title><br \/>\n<\/head><br \/>\n<body><\/p>\n<h1>Cilinder \u017elice za majhen bager Kubota U-155-3S<\/h1>\n<h2>Uvod<\/h2>\n<p>Hidravli\u010dni cilinder \u017elice za majhen bager Kubota U-155-3S je posebej zasnovan hidravli\u010dni cilinder, ki se uporablja za krmiljenje gibanja \u017elice v te\u017ekih strojih, kot so bagri, bagri nakladalniki in \u010delni nakladalniki. Njegova glavna funkcija je omogo\u010danje dvigovanja, spu\u0161\u010danja in nagibanja \u017elice, kar jo naredi priro\u010dno za razli\u010dna opravila ravnanja z materiali. V hidravli\u010dnem sistemu cilinder \u017elice dose\u017ee natan\u010den nadzor nad \u017elico z uporabo sprememb tlaka hidravli\u010dnega olja, kar omogo\u010da upravljavcem u\u010dinkovito ravnanje s te\u017ekimi bremeni in prilagajanje kompleksnim delovnim okoljem ter raznolikim operativnim potrebam.<\/p>\n<p><img decoding=\"async\" src=\"https:\/\/www.hydraulic-cylinders.net\/wp-content\/uploads\/2025\/01\/songte-company-2.webp\" alt=\"Slika valjaste \u017elice\"><\/p>\n<h2>Zna\u010dilnosti<\/h2>\n<ul>\n<li>Visoka trdnost in vzdr\u017eljivost: Obi\u010dajno je izdelan iz visoko trdnega jekla ali aluminija, zato lahko prenese visok pritisk in velike obremenitve, s \u010dimer se prilagaja zahtevnim delovnim okoljem. Zasnova upo\u0161teva tudi odpornost proti obrabi in koroziji, kar podalj\u0161uje \u017eivljenjsko dobo izdelka.<\/li>\n<li>U\u010dinkovito hidravli\u010dno delovanje: Z uporabo tlaka hidravli\u010dnega olja dose\u017ee gladke gibe iztegovanja in vvla\u010devanja, kar omogo\u010da hiter odziv na krmilne ukaze in zagotavlja mo\u010dne potisne in vle\u010dne sile, primerne za rokovanje s te\u017ekimi bremeni in kompleksnimi nalogami.<\/li>\n<li>Razli\u010dne vrste: Glede na posebne operativne zahteve je mogo\u010de izbrati kot enosmerni (hidravli\u010dni valj, ki se uporablja samo v eni smeri) ali dvosmerni (hidravli\u010dni valj, ki se uporablja v obeh smereh). Nekateri modeli so teleskopski, kar omogo\u010da ve\u010dji razteg brez pove\u010danja zunanjih dimenzij, zaradi \u010desar so primerni za uporabo v omejenem prostoru.<\/li>\n<\/ul>\n<p><img decoding=\"async\" src=\"https:\/\/www.hydraulic-cylinders.net\/wp-content\/uploads\/2025\/01\/songte-cylinder-head-with-all-kinds-excavator-models.webp\" alt=\"Slika modelov cilindrov vedra\"><\/p>\n<h2>Aplikacije<\/h2>\n<ul>\n<li>Gradbena oprema: Nahajajo se v bagrih in so bistveni za kopanje, nakladanje in premikanje zemlje ali ru\u0161evin. Pri bagrih nakladalnikih cilinder \u017elice pomaga tako pri kopanju kot pri dvigovanju.<\/li>\n<li>Kmetijska mehanizacija: Uporablja se v \u010delnih nakladalnikih za zajemanje, dvigovanje in prevoz zemlje, sena in drugih materialov.<\/li>\n<li>Bagri: Cilinder \u017elice omogo\u010da kopanje, saj \u017elici omogo\u010da prodiranje v zemljo.<\/li>\n<li>Nakladalci: Pri \u010delnih nakladalcih pomagajo pri u\u010dinkovitem dvigovanju in odlaganju tovora.<\/li>\n<\/ul>\n<h2>Oblikovalski vidiki in izbirna merila<\/h2>\n<ul>\n<li>Nosilnost: Zmo\u017enost valja, da prenese velike obremenitve, je klju\u010dni dejavnik pri zasnovi.<\/li>\n<li>Tesnjenje: Razli\u010dna tesnila, kot so tesnila bata in ojnice, izdelana iz materialov, odpornih proti obrabi, kot sta poliuretan in nitrilna guma, zagotavljajo u\u010dinkovito tesnjenje. Telo valja in navojni konci so natan\u010dno obdelani za ve\u010djo odpornost proti obrabi.<\/li>\n<li>Vzdr\u017eljivost: Zasnova upo\u0161teva sposobnost valja, da prenese zahtevne delovne pogoje, in njegovo odpornost proti koroziji.<\/li>\n<li>Varnost: Vgrajene so varnostne funkcije za zagotavljanje varnega delovanja.<\/li>\n<li>Vzdr\u017eevanje: Cilinder je zasnovan za enostavno vzdr\u017eevanje in popravilo.<\/li>\n<\/ul>\n<p><img decoding=\"async\" src=\"https:\/\/www.hydraulic-cylinders.net\/wp-content\/uploads\/2025\/01\/songte-oil-pipes-and-spare-parts.webp\" alt=\"Slika delov hidravli\u010dnega cilindra\"><\/p>\n<h2>Tesnjenje in mazanje<\/h2>\n<p>Valj \u017elice uporablja razli\u010dna tesnila, vklju\u010dno s tesnili bata in tesnili palice, izdelana iz materialov, odpornih proti obrabi, kot sta poliuretan in nitrilna guma. Telo valja in navojni konci so natan\u010dno obdelani za izbolj\u0161anje odpornosti proti obrabi. Za nemoteno delovanje je potrebno redno mazanje z ustreznim hidravli\u010dnim oljem.<\/p>\n<h2>Redni pregledi in preventivno vzdr\u017eevanje<\/h2>\n<ul>\n<li>Redno pregledujte vse komponente glede obrabe, po\u0161kodb ali pu\u0161\u010danja.<\/li>\n<li>Zagotovite ustrezno mazanje vseh gibljivih delov.<\/li>\n<li>Po potrebi zamenjajte tesnila in tesnilne obro\u010dke.<\/li>\n<li>Za ohranjanje optimalne zmogljivosti izvedite kalibracijske preglede.<\/li>\n<\/ul>\n<h2>Pravilen priro\u010dnik za namestitev<\/h2>\n<p>Pravilna namestitev je bistvenega pomena za optimalno delovanje cilindra z \u017elico. Sledite tem korakom:<\/p>\n<ol>\n<li>Pred namestitvijo pravilno poravnajte valj.<\/li>\n<li>Za pritrditev cilindra uporabite ustrezne monta\u017ene nosilce.<\/li>\n<li>Upo\u0161tevajte priporo\u010dene postopke pregleda, popravila in zamenjave.<\/li>\n<li>Zagotavljamo storitve obnove in nadomestne dele za podalj\u0161anje \u017eivljenjske dobe jeklenke.<\/li>\n<\/ol>\n<p><img decoding=\"async\" src=\"https:\/\/www.hydraulic-cylinders.net\/wp-content\/uploads\/2025\/01\/songte-chushion-collar.webp\" alt=\"Slika namestitve cilindra vedra\"><\/p>\n<h2>Varnostni vidiki in okoljski dejavniki<\/h2>\n<p>Upo\u0161tevanje varnostnih ukrepov pri uporabi cilindra z vedrom je izjemnega pomena. Uporabniki morajo upo\u0161tevati varnostne smernice in predpise, da prepre\u010dijo nesre\u010de in zagotovijo varno delovanje v razli\u010dnih delovnih okoljih.<\/p>\n<h2>Diagnoza napak in pogoste te\u017eave<\/h2>\n<p>Nekatere pogoste napake, ki se lahko pojavijo pri cilindru \u017elice, vklju\u010dujejo:<\/p>\n<ul>\n<li>Pu\u0161\u010danje hidravli\u010dnega olja.<\/li>\n<li>Zmanj\u0161ana dvi\u017ena ali potisna sila.<\/li>\n<li>Prekomerni hrup med delovanjem.<\/li>\n<li>Sunkovito ali neenakomerno gibanje \u017elice.<\/li>\n<li>Po\u010dasen odziv na krmilne ukaze.<\/li>\n<\/ul>\n<p>Za odpravo teh te\u017eav lahko uporabniki upo\u0161tevajo te nasvete in re\u0161itve za odpravljanje te\u017eav, da bi u\u010dinkovito diagnosticirali in odpravili te\u017eave, ter preventivne ukrepe za zmanj\u0161anje morebitnih te\u017eav.<\/p>\n<p><img decoding=\"async\" src=\"https:\/\/www.hydraulic-cylinders.net\/wp-content\/uploads\/2025\/01\/songte-bushings-with-all-kinds-of-excavator-models.webp\" alt=\"Slika pu\u0161 cilindra \u017elice\"><\/p>\n<p>Ne pozabite logi\u010dno organizirati \u010dlanka, uporabiti podnaslovov za la\u017ejo navigacijo, vklju\u010diti ustreznih slik ali grafikonov za bolj\u0161e razumevanje ter zagotoviti jasnost, jedrnatost in primernost za bralce z razli\u010dnimi stopnjami tehni\u010dnega znanja.<\/p>\n<h2>O na\u0161em podjetju<\/h2>\n<p>Smo proizvajalec, specializiran za nadomestne hidravli\u010dne cilindre. Z obse\u017eno paleto izdelkov smo postali eden vodilnih proizvajalcev in veleprodajnih distributerjev hidravli\u010dnih cilindrov na doma\u010dem in mednarodnem trgu. Na\u0161e podjetje sledi zavezanosti odli\u010dni kakovosti in industrializiranim strategijam upravljanja proizvodnje, pri \u010demer se zana\u0161a na tehni\u010dne talente, napredno digitalno proizvodno opremo in profesionalne sisteme testiranja. Nenehno izbolj\u0161ujemo na\u0161o proizvodno platformo, da bi zagotovili visoko u\u010dinkovitost, natan\u010dnost in kakovostne izdelke, ki izpolnjujejo raznolike zahteve strank.<\/p>\n<p><img decoding=\"async\" src=\"https:\/\/www.hydraulic-cylinders.net\/wp-content\/uploads\/2025\/01\/songte-company-3.webp\" alt=\"Slika podjetja\"><\/p>\n<ul>\n<li>Profesionalnost: Imamo ekipo strokovnjakov, ki so predani zagotavljanju profesionalnih re\u0161itev.<\/li>\n<li>Mednarodni certifikati: Na\u0161i izdelki izpolnjujejo mednarodne standarde kakovosti in imajo certifikate.<\/li>\n<li>Storitve prilagajanja: Ponujamo re\u0161itve po meri, ki ustrezajo specifi\u010dnim zahtevam.<\/li>\n<li>Proizvodna oprema: Na\u0161 proizvodni obrat je opremljen z najsodobnej\u0161o opremo.<\/li>\n<li>Poprodajne storitve: Nudimo celovite poprodajne storitve in podporo.<\/li>\n<\/ul>\n<p>Avtor: lyl<\/p>\n<p><\/body><br \/>\n<\/html><\/p>","protected":false},"excerpt":{"rendered":"<p>Bucket Cylinder For Kubota Small Excavator U-155-3S Bucket Cylinder For Kubota Small Excavator U-155-3S Introduction The bucket cylinder for Kubota small excavator U-155-3S is a specially designed hydraulic cylinder used to control the movement of the bucket in heavy machinery such as excavators, backhoe loaders, and front-end loaders. Its main function is to enable the [&hellip;]<\/p>","protected":false},"featured_media":14789,"comment_status":"open","ping_status":"closed","template":"","meta":{"_et_pb_use_builder":"","_et_pb_old_content":"","_et_gb_content_width":""},"product_brand":[],"product_cat":[1494],"product_tag":[1495,1496],"class_list":{"0":"post-15702","1":"product","2":"type-product","3":"status-publish","4":"has-post-thumbnail","6":"product_cat-bucket-cylinders","7":"product_tag-bucket-cylinders","8":"product_tag-hydraulic-cylinders","10":"first","11":"instock","12":"shipping-taxable","13":"product-type-simple"},"amp_enabled":true,"_links":{"self":[{"href":"https:\/\/www.hydraulic-cylinders.net\/sl\/wp-json\/wp\/v2\/product\/15702","targetHints":{"allow":["GET"]}}],"collection":[{"href":"https:\/\/www.hydraulic-cylinders.net\/sl\/wp-json\/wp\/v2\/product"}],"about":[{"href":"https:\/\/www.hydraulic-cylinders.net\/sl\/wp-json\/wp\/v2\/types\/product"}],"replies":[{"embeddable":true,"href":"https:\/\/www.hydraulic-cylinders.net\/sl\/wp-json\/wp\/v2\/comments?post=15702"}],"wp:featuredmedia":[{"embeddable":true,"href":"https:\/\/www.hydraulic-cylinders.net\/sl\/wp-json\/wp\/v2\/media\/14789"}],"wp:attachment":[{"href":"https:\/\/www.hydraulic-cylinders.net\/sl\/wp-json\/wp\/v2\/media?parent=15702"}],"wp:term":[{"taxonomy":"product_brand","embeddable":true,"href":"https:\/\/www.hydraulic-cylinders.net\/sl\/wp-json\/wp\/v2\/product_brand?post=15702"},{"taxonomy":"product_cat","embeddable":true,"href":"https:\/\/www.hydraulic-cylinders.net\/sl\/wp-json\/wp\/v2\/product_cat?post=15702"},{"taxonomy":"product_tag","embeddable":true,"href":"https:\/\/www.hydraulic-cylinders.net\/sl\/wp-json\/wp\/v2\/product_tag?post=15702"}],"curies":[{"name":"delovni list","href":"https:\/\/api.w.org\/{rel}","templated":true}]}}