{"id":15708,"date":"2025-01-19T14:52:31","date_gmt":"2025-01-19T14:52:31","guid":{"rendered":"https:\/\/www.hydraulic-cylinders.net\/product\/bucket-cylinder-for-takeuchi-small-excavator-tb20r\/"},"modified":"2025-01-19T14:52:33","modified_gmt":"2025-01-19T14:52:33","slug":"bucket-cylinder-for-takeuchi-small-excavator-tb20r","status":"publish","type":"product","link":"https:\/\/www.hydraulic-cylinders.net\/sl\/izdelek\/bucket-cylinder-for-takeuchi-small-excavator-tb20r\/","title":{"rendered":"Cilinder \u017elice za majhen bager Takeuchi TB20R"},"content":{"rendered":"<p><!DOCTYPE html><br \/>\n<html><br \/>\n<head><br \/>\n<title>Cilinder \u017elice za majhen bager Takeuchi TB20R<\/title><br \/>\n<\/head><br \/>\n<body><\/p>\n<h1>Cilinder \u017elice za majhen bager Takeuchi TB20R<\/h1>\n<h2>Uvod v valj \u017elice<\/h2>\n<p>Hidravli\u010dni cilinder \u017elice za majhen bager Takeuchi TB20R je posebej zasnovan hidravli\u010dni cilinder, ki se uporablja za krmiljenje gibanja \u017elice v te\u017ekih strojih, kot so bagri, bagri nakladalniki in \u010delni nakladalniki. Njegova glavna funkcija je omogo\u010danje dvigovanja, spu\u0161\u010danja in nagibanja \u017elice, zaradi \u010desar je priro\u010dna za razli\u010dna opravila ravnanja z materiali. V hidravli\u010dnem sistemu cilinder \u017elice dose\u017ee natan\u010den nadzor nad \u017elico z izkori\u0161\u010danjem sprememb tlaka hidravli\u010dnega olja, kar omogo\u010da upravljavcem u\u010dinkovito ravnanje s te\u017ekimi bremeni in prilagajanje kompleksnim delovnim okoljem ter raznolikim operativnim zahtevam.<\/p>\n<p><img decoding=\"async\" src=\"https:\/\/www.hydraulic-cylinders.net\/wp-content\/uploads\/2025\/01\/songte-company-2.webp\" alt=\"Slika valjaste \u017elice\"><\/p>\n<h2>Zna\u010dilnosti cilindra vedra<\/h2>\n<ul>\n<li>Visoka trdnost in vzdr\u017eljivost: Obi\u010dajno je izdelan iz visoko trdnega jekla ali aluminija, zato je sposoben prenesti visok tlak in velike obremenitve ter se prilagaja zahtevnim delovnim okoljem. Zasnova vklju\u010duje odpornost proti obrabi in koroziji, kar podalj\u0161uje njegovo \u017eivljenjsko dobo.<\/li>\n<li>U\u010dinkovito hidravli\u010dno delovanje: Z uporabo tlaka hidravli\u010dnega olja dose\u017ee gladke gibe iztegovanja in vvla\u010devanja, kar zagotavlja hiter odziv na krmilne ukaze in mo\u010dne potisne in vle\u010dne sile, primerne za rokovanje s te\u017ekimi bremeni in kompleksnimi nalogami.<\/li>\n<li>Razli\u010dne vrste: Ponuja mo\u017enosti enosmernega (hidravli\u010dni se uporablja samo v eni smeri) ali dvosmernega (hidravli\u010dni se uporablja v obeh smereh) cilindrov, kar omogo\u010da prilagodljivost za razli\u010dne operativne potrebe. Nekateri modeli so teleskopski, kar omogo\u010da ve\u010dji razteg brez pove\u010danja zunanjih dimenzij, primerni za uporabo z omejenim prostorom.<\/li>\n<li>Popolna zamenjava: Na\u0161i izdelki lahko popolnoma nadomestijo te hidravli\u010dne cilindre.<\/li>\n<\/ul>\n<p><img decoding=\"async\" src=\"https:\/\/www.hydraulic-cylinders.net\/wp-content\/uploads\/2025\/01\/songte-cylinder-head-with-all-kinds-excavator-models.webp\" alt=\"Slika zamenjave cilindra vedra\"><\/p>\n<h2>Uporaba valja z \u017elico<\/h2>\n<p>Valji z \u017elico se nahajajo v razli\u010dni gradbeni opremi:<\/p>\n<ul>\n<li>Bagri: Bistveni so za kopanje, nakladanje in premikanje zemlje ali ru\u0161evin. Cilinder \u017elice omogo\u010da izkopavanje in dvigovanje.<\/li>\n<li>Bagri nakladalci: Cilinder \u017elice pomaga pri kopanju in dvigovanju.<\/li>\n<li>Kmetijska mehanizacija: Uporablja se v \u010delnih nakladalnikih za kopanje, dvigovanje in prevoz zemlje, sena in drugih materialov.<\/li>\n<li>\u010celni nakladalniki: Pomagajo pri u\u010dinkovitem dvigovanju in razkladanju blaga pri uporabi \u010delnih nakladalnikov.<\/li>\n<\/ul>\n<h2>Oblikovalski vidiki in izbirna merila<\/h2>\n<p>Pri na\u010drtovanju cilindrov z \u017elico se upo\u0161tevajo klju\u010dni dejavniki, kot so nosilnost, tesnjenje, vzdr\u017eljivost, varnost in vzdr\u017eevanje:<\/p>\n<p><img decoding=\"async\" src=\"https:\/\/www.hydraulic-cylinders.net\/wp-content\/uploads\/2025\/01\/songte-oil-pipes-and-spare-parts.webp\" alt=\"Slika zasnove valja vedra\"><\/p>\n<h2>Tesnjenje in mazanje valja<\/h2>\n<p>Uporabljajo se razli\u010dni tesnilni elementi, kot so tesnila bata in ojnice, z materiali, kot sta poliuretan in nitrilna guma, znana po svoji odpornosti proti obrabi. Telo valja in navojna kon\u010dna povr\u0161ina sta natan\u010dno obdelana za pove\u010danje odpornosti proti obrabi. Za nemoteno delovanje je potrebno redno mazanje z ustreznim hidravli\u010dnim oljem.<\/p>\n<h2>Redni pregledi in preventivni vzdr\u017eevalni ukrepi<\/h2>\n<p>Redni pregledi in preventivni vzdr\u017eevalni ukrepi so bistveni za zagotovitev dolge \u017eivljenjske dobe cilindra vedra:<\/p>\n<h2>Pravilen priro\u010dnik za namestitev<\/h2>\n<p>Pravilna namestitev je klju\u010dnega pomena za optimalno delovanje cilindra z \u017elico. Upo\u0161tevati je treba naslednja navodila:<\/p>\n<h2>Pogosta vzdr\u017eevalna opravila<\/h2>\n<p>Redni pregledi, pravilno mazanje, zamenjava tesnil in preverjanje kalibracije so pogosta vzdr\u017eevalna opravila:<\/p>\n<p><img decoding=\"async\" src=\"https:\/\/www.hydraulic-cylinders.net\/wp-content\/uploads\/2025\/01\/songte-chushion-collar.webp\" alt=\"Slika vzdr\u017eevanja cilindra vedra\"><\/p>\n<h2>Varnostni vidiki in okoljski dejavniki<\/h2>\n<p>Zagotavljanje varnostnih ukrepov med delovanjem cilindrov z \u017elico je izjemnega pomena:<\/p>\n<h2>Diagnoza napak in pogoste te\u017eave<\/h2>\n<p>Diagnoza napak in pogoste te\u017eave, povezane z cilindri \u017elice:<\/p>\n<p><img decoding=\"async\" src=\"https:\/\/www.hydraulic-cylinders.net\/wp-content\/uploads\/2025\/01\/songte-bushings-with-all-kinds-of-excavator-models.webp\" alt=\"Slika diagnoze okvare cilindra \u017elice\"><\/p>\n<h2>Nasveti in re\u0161itve za odpravljanje te\u017eav<\/h2>\n<p>Nasveti in re\u0161itve za odpravljanje te\u017eav, ki pomagajo pri u\u010dinkoviti diagnozi in re\u0161evanju te\u017eav:<\/p>\n<h2>Pregled podjetja<\/h2>\n<p>Na\u0161e podjetje je vodilni proizvajalec in veleprodajni distributer nadomestnih hidravli\u010dnih cilindrov. Ponujamo \u0161iroko paleto izdelkov in smo postali vodilni na doma\u010dem in mednarodnem trgu. S poudarkom na odli\u010dni kakovosti se v na\u0161ih sofisticiranih proizvodnih delavnicah dr\u017eimo industrializiranih strategij upravljanja proizvodnje. Na\u0161o proizvodno platformo nenehno izbolj\u0161ujemo z uporabo tehni\u010dnih talentov, napredne digitalne proizvodne opreme in profesionalnih sistemov testiranja. To nam omogo\u010da, da zagotavljamo visoko u\u010dinkovite, visoko natan\u010dne in visokokakovostne izdelke, ki ustrezajo raznolikim potrebam strank.<\/p>\n<p><img decoding=\"async\" src=\"https:\/\/hzpt.com\/wp-content\/uploads\/2024\/11\/songte-company-1.webp\" alt=\"Slika podjetja\"><\/p>\n<h2>Profesionalnost na\u0161ega podjetja<\/h2>\n<p>Na\u0161e podjetje izstopa po profesionalnosti, mednarodnih certifikatih, prilagojenih storitvah, proizvodni opremi in poprodajnih storitvah:<\/p>\n<p><img decoding=\"async\" src=\"https:\/\/www.hydraulic-cylinders.net\/wp-content\/uploads\/2025\/01\/songte-company-3.webp\" alt=\"Podoba profesionalnosti podjetja\"><\/p>\n<p>Avtor: lyl<\/p>\n<p><\/body><br \/>\n<\/html><\/p>","protected":false},"excerpt":{"rendered":"<p>Bucket Cylinder For Takeuchi Small Excavator TB20R Bucket Cylinder For Takeuchi Small Excavator TB20R Introduction to Bucket Cylinder The bucket cylinder for Takeuchi small excavator TB20R is a specially designed hydraulic cylinder used to control the movement of the bucket in heavy machinery such as excavators, backhoe loaders, and front loaders. Its main function is [&hellip;]<\/p>","protected":false},"featured_media":14780,"comment_status":"open","ping_status":"closed","template":"","meta":{"_et_pb_use_builder":"","_et_pb_old_content":"","_et_gb_content_width":""},"product_brand":[],"product_cat":[1494],"product_tag":[1495,1496],"class_list":{"0":"post-15708","1":"product","2":"type-product","3":"status-publish","4":"has-post-thumbnail","6":"product_cat-bucket-cylinders","7":"product_tag-bucket-cylinders","8":"product_tag-hydraulic-cylinders","10":"first","11":"instock","12":"shipping-taxable","13":"product-type-simple"},"amp_enabled":true,"_links":{"self":[{"href":"https:\/\/www.hydraulic-cylinders.net\/sl\/wp-json\/wp\/v2\/product\/15708","targetHints":{"allow":["GET"]}}],"collection":[{"href":"https:\/\/www.hydraulic-cylinders.net\/sl\/wp-json\/wp\/v2\/product"}],"about":[{"href":"https:\/\/www.hydraulic-cylinders.net\/sl\/wp-json\/wp\/v2\/types\/product"}],"replies":[{"embeddable":true,"href":"https:\/\/www.hydraulic-cylinders.net\/sl\/wp-json\/wp\/v2\/comments?post=15708"}],"wp:featuredmedia":[{"embeddable":true,"href":"https:\/\/www.hydraulic-cylinders.net\/sl\/wp-json\/wp\/v2\/media\/14780"}],"wp:attachment":[{"href":"https:\/\/www.hydraulic-cylinders.net\/sl\/wp-json\/wp\/v2\/media?parent=15708"}],"wp:term":[{"taxonomy":"product_brand","embeddable":true,"href":"https:\/\/www.hydraulic-cylinders.net\/sl\/wp-json\/wp\/v2\/product_brand?post=15708"},{"taxonomy":"product_cat","embeddable":true,"href":"https:\/\/www.hydraulic-cylinders.net\/sl\/wp-json\/wp\/v2\/product_cat?post=15708"},{"taxonomy":"product_tag","embeddable":true,"href":"https:\/\/www.hydraulic-cylinders.net\/sl\/wp-json\/wp\/v2\/product_tag?post=15708"}],"curies":[{"name":"delovni list","href":"https:\/\/api.w.org\/{rel}","templated":true}]}}