{"id":15720,"date":"2025-01-19T14:53:21","date_gmt":"2025-01-19T14:53:21","guid":{"rendered":"https:\/\/www.hydraulic-cylinders.net\/product\/bucket-cylinder-for-case-small-excavator-cx130b\/"},"modified":"2025-01-19T14:53:26","modified_gmt":"2025-01-19T14:53:26","slug":"bucket-cylinder-for-case-small-excavator-cx130b","status":"publish","type":"product","link":"https:\/\/www.hydraulic-cylinders.net\/sl\/izdelek\/bucket-cylinder-for-case-small-excavator-cx130b\/","title":{"rendered":"Cilinder \u017elice za majhen bager CX130B"},"content":{"rendered":"<h1>Cilinder \u017elice za majhen bager CX130B<\/h1>\n<h2>Uvod<\/h2>\n<p>Hidravli\u010dni cilinder za bager Case CX130B je vrsta specializiranega hidravli\u010dnega cilindra, ki se uporablja za krmiljenje gibanja bagrskih \u017elic. Pogosto se uporablja v te\u017ekih strojih, kot so bagri, bagri z nakladalniki in \u010delni nakladalniki. Njegova glavna funkcija je dvigovanje, spu\u0161\u010danje in nagibanje \u017elice za razli\u010dna opravila ravnanja z materiali. V hidravli\u010dnem sistemu cilinder \u017elice uporablja spremembe tlaka hidravli\u010dnega olja za doseganje natan\u010dnega nadzora \u017elice, kar omogo\u010da upravljavcem u\u010dinkovito ravnanje s te\u017ekimi bremeni in prilagajanje kompleksnim delovnim okoljem ter raznolikim zahtevam dela.<\/p>\n<p><img decoding=\"async\" src=\"https:\/\/www.hydraulic-cylinders.net\/wp-content\/uploads\/2025\/01\/songte-company-2.webp\" alt=\"Cilinder \u017elice za majhen bager CX130B\"\/><\/p>\n<h2>Zna\u010dilnosti<\/h2>\n<ul>\n<li>Visoka trdnost in vzdr\u017eljivost: obi\u010dajno izdelani iz visoko trdnega jekla ali aluminija, sposobni prenesti visok tlak in velike obremenitve, primerni za zahtevna delovna okolja, zasnovani z mislijo na odpornost proti obrabi in koroziji, kar podalj\u0161uje \u017eivljenjsko dobo.<\/li>\n<li>U\u010dinkovito hidravli\u010dno delovanje: uporaba hidravli\u010dnega tlaka olja za doseganje gladkih gibov iztegovanja in kr\u010denja, sposobnost hitrega odzivanja na krmilne ukaze, zagotavljanje mo\u010dne potisne in vle\u010dne sile, primerno za ravnanje s te\u017ekimi bremeni in kompleksnimi delovnimi nalogami.<\/li>\n<li>Razli\u010dne vrste: enosmerno delujo\u010di (hidravli\u010dno delujo\u010di samo v eno smer) ali dvosmerno delujo\u010di (hidravli\u010dno delujo\u010di v dve smeri) cilindri se lahko izberejo glede na potrebe, da se izpolnijo razli\u010dne operativne zahteve. Nekateri modeli so teleskopski, kar omogo\u010da ve\u010dji razteg brez pove\u010danja zunanjih dimenzij, primerni za uporabo v omejenem prostoru.<\/li>\n<li>Popolna zamenjava: izdelek na\u0161ega podjetja lahko popolnoma nadomesti te hidravli\u010dne cilindre in je prilagodljiv.<\/li>\n<\/ul>\n<p><img decoding=\"async\" src=\"https:\/\/www.hydraulic-cylinders.net\/wp-content\/uploads\/2025\/01\/songte-cylinder-head-with-all-kinds-excavator-models.webp\" alt=\"Cilinder \u017elice za bager Case Small Excavator CX130B\"\/><\/p>\n<h2>Aplikacije<\/h2>\n<p>Cilinder \u017elice za majhen bager Case CX130B ima razli\u010dne aplikacije v razli\u010dnih panogah, vklju\u010dno z:<\/p>\n<ul>\n<li>Gradbena oprema: pri bagrih so bistveni za izkopavanje, nakladanje in premikanje zemlje ali ru\u0161evin. Pri bagrih z nakladalno glavo cilinder \u017elice pomaga pri kopanju in dvigovanju. <\/li>\n<li>Kmetijski stroji: uporabljajo se za \u010delne nakladalnike za zajemanje, dvigovanje in prevoz zemlje, sena in drugih materialov. <\/li>\n<li>Bagri: valj \u017elice omogo\u010da kopanje, saj \u017elici omogo\u010da prodiranje v zemljo.<\/li>\n<li>Nakladalniki: pri \u010delnih nakladalnikih pomagajo pri u\u010dinkovitem dvigovanju in razkladanju blaga.<\/li>\n<\/ul>\n<h2>Oblikovalski vidiki in izbirna merila<\/h2>\n<p>Zasnova cilindra \u017elice za majhen bager Case CX130B je klju\u010dnega pomena za njegovo zmogljivost in dolgo \u017eivljenjsko dobo. Naslednji konstrukcijski vidiki so klju\u010dni:<\/p>\n<ul>\n<li>Nosilnost: Cilinder mora imeti zadostno nosilnost, da prenese te\u017eo bremena, s katerim se bo ravnal.<\/li>\n<li>Tesnjenje: Cilinder mora biti zatesnjen, da se prepre\u010di pu\u0161\u010danje hidravli\u010dne teko\u010dine in kontaminacija od zunaj. <\/li>\n<li>Vzdr\u017eljivost: Jeklenka mora biti odporna na zahtevno delovno okolje, odporna proti obrabi in koroziji ter imeti dolgo \u017eivljenjsko dobo.<\/li>\n<li>Varnost: Jeklenka mora biti zasnovana tako, da zagotavlja varno delovanje in prepre\u010duje morebitne nesre\u010de.<\/li>\n<li>Vzdr\u017eevanje: Jeklenka mora biti enostavna za vzdr\u017eevanje in popravilo, da ostane v dobrem delovnem stanju.<\/li>\n<\/ul>\n<p><img decoding=\"async\" src=\"https:\/\/www.hydraulic-cylinders.net\/wp-content\/uploads\/2025\/01\/songte-oil-pipes-and-spare-parts.webp\" alt=\"Cilinder \u017elice za bager Case Small Excavator CX130B\"\/><\/p>\n<h2>Tesnjenje in mazanje<\/h2>\n<p>Cilinder \u017elice za majhen bager Case CX130B uporablja razli\u010dne tesnilne komponente, kot so tesnila bata in tesnila palic, izdelana iz materialov, odpornih proti obrabi, kot sta poliuretan in nitrilna guma. Telo cilindra in povr\u0161ina navojnega konca sta fino obdelana za izbolj\u0161anje odpornosti proti obrabi. Redno mazanje z ustreznim hidravli\u010dnim oljem je potrebno za nemoteno delovanje in podalj\u0161anje \u017eivljenjske dobe cilindra.<\/p>\n<h2>Pregled in preventivno vzdr\u017eevanje<\/h2>\n<p>Redni pregledi in preventivno vzdr\u017eevanje so bistveni za zagotovitev optimalne zmogljivosti in dolge \u017eivljenjske dobe valja \u017elice za majhen bager Case CX130B. Pogosta vzdr\u017eevalna opravila vklju\u010dujejo:<\/p>\n<ul>\n<li>Redni pregledi za preverjanje morebitnih pu\u0161\u010danj, po\u0161kodb ali obrabe.<\/li>\n<li>Pravilno mazanje za nemoteno delovanje valja.<\/li>\n<li>Zamenjava tesnil in preverjanje kalibracije po potrebi za vzdr\u017eevanje pravilnega delovanja.<\/li>\n<\/ul>\n<p>Pravilna namestitev je bistvenega pomena za optimalno delovanje cilindra \u017elice za bager Case Small Excavator CX130B. Pomembno je, da valj pravilno poravnate in uporabite ustrezne nosilce za njegovo pritrditev. Za zagotovitev dolge \u017eivljenjske dobe cilindra priporo\u010damo uporabo na\u0161ih priporo\u010denih postopkov pregleda, popravila in zamenjave.<\/p>\n<p><img decoding=\"async\" src=\"https:\/\/www.hydraulic-cylinders.net\/wp-content\/uploads\/2025\/01\/songte-chushion-collar.webp\" alt=\"Cilinder \u017elice za bager Case Small Excavator CX130B\"\/><\/p>\n<h2>Varnostni vidiki in okoljski dejavniki<\/h2>\n<p>Pri uporabi cilindra \u017elice za majhen bager Case CX130B je klju\u010dnega pomena upo\u0161tevati ustrezne varnostne ukrepe za prepre\u010devanje nesre\u010d. Redno vzdr\u017eevanje je potrebno za zmanj\u0161anje vpliva na okolje in zagotovitev varne odstranitve cilindra ob koncu njegove \u017eivljenjske dobe.<\/p>\n<h2>Odpravljanje te\u017eav in pogoste te\u017eave<\/h2>\n<p>Pogoste te\u017eave z cilindrom \u017elice za majhen bager Case CX130B vklju\u010dujejo pu\u0161\u010danje, po\u0161kodbe in okvare, ki jih povzro\u010dijo nepravilna namestitev, pomanjkanje vzdr\u017eevanja ali obraba. Redni pregledi in vzdr\u017eevanje lahko prepre\u010dijo ve\u010dino te\u017eav. \u010ce cilinder odpove, vam lahko na\u0161i nasveti za odpravljanje te\u017eav in priporo\u010dene re\u0161itve pomagajo pri u\u010dinkoviti diagnosticiranju in re\u0161evanju te\u017eav. Ponujamo tudi preventivne ukrepe za zmanj\u0161anje morebitnih te\u017eav.<\/p>\n<p><img decoding=\"async\" src=\"https:\/\/www.hydraulic-cylinders.net\/wp-content\/uploads\/2025\/01\/songte-bushings-with-all-kinds-of-excavator-models.webp\" alt=\"Cilinder \u017elice za bager Case Small Excavator CX130B\"\/><\/p>\n<h2>O na\u0161em podjetju<\/h2>\n<p>| ??\u02f2\u0161????\u05bb??\u01bd??????\u8c78?\u053c?\u05e8\u04b5???\u03f5\u0373???????\u03e3??????????????\u01bd\u0328?????\u01b2?\u01b7\u01b7?\u02bb???\u00b7????\u04f5????\u06fa?\u0134??????????\u0538?\u010c?\u02a3??\u01be?\u05fc?\u0223???\u01b7?\u02b5?\u052d???????\u06bf\u037b?????????<\/p>\n<p><img decoding=\"async\" src=\"https:\/\/hzpt.com\/wp-content\/uploads\/2024\/11\/songte-company-1.webp\" alt=\"Cilinder \u017elice za bager Case Small Excavator CX130B\"\/><\/p>\n<p>Na\u0161e podjetje je proizvajalec alternativnih hidravli\u010dnih cilindrov s celovito paleto izdelkov, zaradi \u010desar smo eden vodilnih proizvajalcev in veleprodajnih distributerjev hidravli\u010dnih cilindrov na doma\u010dem in mednarodnem trgu. Dr\u017eimo se odli\u010dne kakovosti, se v na\u0161ih sofisticiranih proizvodnih delavnicah zana\u0161amo na industrializirane strategije upravljanja proizvodnje in nenehno izbolj\u0161ujemo na\u0161o proizvodno platformo z uporabo tehni\u010dnega talenta, vrhunske digitalne proizvodne opreme in profesionalnih sistemov za testiranje. Z mo\u010dnimi ustvarjalnimi sposobnostmi delujemo z visoko u\u010dinkovitostjo, natan\u010dnostjo in kakovostjo, da zadovoljimo raznolike potrebe na\u0161ih strank. Ponujamo specializirane storitve, mednarodne certifikate, storitve po meri, napredno proizvodno opremo in odli\u010dne poprodajne storitve, da zagotovimo zadovoljstvo strank.<\/p>\n<p>Avtor: lyl<\/p>","protected":false},"excerpt":{"rendered":"<p>Bucket Cylinder For Case Small Excavator CX130B Introduction The Bucket Cylinder for Case Small Excavator CX130B is a type of specialized hydraulic cylinder used to control the movement of excavator buckets. It is commonly used in heavy-duty machinery, such as excavators, backhoe excavators, and front-end loaders. Its main function is to lift, lower, and tilt [&hellip;]<\/p>","protected":false},"featured_media":14785,"comment_status":"open","ping_status":"closed","template":"","meta":{"_et_pb_use_builder":"","_et_pb_old_content":"","_et_gb_content_width":""},"product_brand":[],"product_cat":[1494],"product_tag":[1495,1496],"class_list":{"0":"post-15720","1":"product","2":"type-product","3":"status-publish","4":"has-post-thumbnail","6":"product_cat-bucket-cylinders","7":"product_tag-bucket-cylinders","8":"product_tag-hydraulic-cylinders","10":"first","11":"instock","12":"shipping-taxable","13":"product-type-simple"},"amp_enabled":true,"_links":{"self":[{"href":"https:\/\/www.hydraulic-cylinders.net\/sl\/wp-json\/wp\/v2\/product\/15720","targetHints":{"allow":["GET"]}}],"collection":[{"href":"https:\/\/www.hydraulic-cylinders.net\/sl\/wp-json\/wp\/v2\/product"}],"about":[{"href":"https:\/\/www.hydraulic-cylinders.net\/sl\/wp-json\/wp\/v2\/types\/product"}],"replies":[{"embeddable":true,"href":"https:\/\/www.hydraulic-cylinders.net\/sl\/wp-json\/wp\/v2\/comments?post=15720"}],"wp:featuredmedia":[{"embeddable":true,"href":"https:\/\/www.hydraulic-cylinders.net\/sl\/wp-json\/wp\/v2\/media\/14785"}],"wp:attachment":[{"href":"https:\/\/www.hydraulic-cylinders.net\/sl\/wp-json\/wp\/v2\/media?parent=15720"}],"wp:term":[{"taxonomy":"product_brand","embeddable":true,"href":"https:\/\/www.hydraulic-cylinders.net\/sl\/wp-json\/wp\/v2\/product_brand?post=15720"},{"taxonomy":"product_cat","embeddable":true,"href":"https:\/\/www.hydraulic-cylinders.net\/sl\/wp-json\/wp\/v2\/product_cat?post=15720"},{"taxonomy":"product_tag","embeddable":true,"href":"https:\/\/www.hydraulic-cylinders.net\/sl\/wp-json\/wp\/v2\/product_tag?post=15720"}],"curies":[{"name":"delovni list","href":"https:\/\/api.w.org\/{rel}","templated":true}]}}