{"id":15726,"date":"2025-01-19T14:53:54","date_gmt":"2025-01-19T14:53:54","guid":{"rendered":"https:\/\/www.hydraulic-cylinders.net\/product\/bucket-cylinder-for-case-large-excavator-cx300b\/"},"modified":"2025-01-19T14:53:56","modified_gmt":"2025-01-19T14:53:56","slug":"bucket-cylinder-for-case-large-excavator-cx300b","status":"publish","type":"product","link":"https:\/\/www.hydraulic-cylinders.net\/sl\/izdelek\/bucket-cylinder-for-case-large-excavator-cx300b\/","title":{"rendered":"Cilinder \u017elice za bager Case Large CX300B"},"content":{"rendered":"<h1>Cilinder \u017elice za bager Case Large CX300B<\/h1>\n<h2>Uvod<\/h2>\n<p>Hidravli\u010dni valj \u017elice je posebej zasnovan hidravli\u010dni valj, ki se uporablja predvsem za krmiljenje gibanja \u017elic v te\u017ekih strojih, kot so bagri, bagri nakladalniki in \u010delni nakladalniki. Njegova glavna funkcija je omogo\u010danje dvigovanja, spu\u0161\u010danja in nagibanja \u017elice, kar olaj\u0161a opravljanje razli\u010dnih nalog ravnanja z materiali. V hidravli\u010dnem sistemu valj \u017elice dose\u017ee natan\u010den nadzor nad \u017elico s spremembami tlaka hidravli\u010dnega olja, kar upravljavcem omogo\u010da u\u010dinkovito ravnanje s te\u017ekimi bremeni in prilagajanje kompleksnim delovnim okoljem ter raznolikim operativnim zahtevam.<\/p>\n<p><img decoding=\"async\" src=\"https:\/\/www.hydraulic-cylinders.net\/wp-content\/uploads\/2025\/01\/songte-company-2.webp\"><\/p>\n<h2>Zna\u010dilnosti<\/h2>\n<ul>\n<li><strong>Visoka trdnost in vzdr\u017eljivost:<\/strong> Obi\u010dajno je izdelan iz visoko trdnega jekla ali aluminija, lahko prenese visok tlak in velike obremenitve, se prilagodi zahtevnim delovnim okoljem in je zasnovan z mislijo na odpornost proti obrabi in koroziji, kar podalj\u0161uje njegovo \u017eivljenjsko dobo.<\/li>\n<li><strong>U\u010dinkovito hidravli\u010dno delovanje:<\/strong> Uporablja hidravli\u010dni tlak olja za doseganje gladkih iztegovalnih in kr\u010dnih gibov, se hitro odziva na krmilne ukaze in zagotavlja mo\u010dne potisne in vle\u010dne sile, primerne za ravnanje s te\u017ekimi bremeni in kompleksne operativne naloge.<\/li>\n<li><strong>Razli\u010dne vrste:<\/strong> Enosmerno delujo\u010di (hidravli\u010dni, ki se uporablja samo v eni smeri) ali dvosmerno delujo\u010di (hidravli\u010dni, ki se uporablja v obeh smereh) cilindri se lahko izberejo glede na zahteve, da se zadosti razli\u010dnim operativnim potrebam. Nekateri modeli so teleskopski, kar omogo\u010da ve\u010dji razteg brez pove\u010danja zunanjih dimenzij, primerni za uporabo z omejenim prostorom.<\/li>\n<li><strong>Enostavna zamenjava:<\/strong> Na\u0161e izdelke je mogo\u010de popolnoma nadomestiti s temi hidravli\u010dnimi cilindri. Ponujamo \u0161iroko paleto modelov glav cilindrov, ki ustrezajo vsem modelom bagrov.<\/li>\n<\/ul>\n<p><img decoding=\"async\" src=\"https:\/\/www.hydraulic-cylinders.net\/wp-content\/uploads\/2025\/01\/songte-cylinder-head-with-all-kinds-excavator-models.webp\"><\/p>\n<h2>Aplikacije<\/h2>\n<p>Valj z \u017elico se pogosto uporablja v razli\u010dnih panogah, vklju\u010dno z:<\/p>\n<ul>\n<li><strong>Gradbena oprema:<\/strong> Najdemo jih v bagrih in so bistveni za kopanje, nakladanje in premikanje zemlje ali ru\u0161evin. Pri bagrih nakladalnikih cilindri \u017elice pomagajo tako pri kopanju kot pri dvigovanju. <\/li>\n<li><strong>Kmetijska mehanizacija:<\/strong> Uporablja se v \u010delnih nakladalnikih za zajemanje, dvigovanje in prevoz zemlje, sena in drugih materialov. <\/li>\n<li><strong>Bagri:<\/strong> Cilindri \u017elice omogo\u010dajo kopanje, saj omogo\u010dajo, da \u017elica prodre v zemljo. <\/li>\n<li><strong>Nakladalci:<\/strong> Pri \u010delnih nakladalnikih pomagajo pri u\u010dinkovitem dvigovanju in razkladanju tovora.<\/li>\n<\/ul>\n<h2>Premisleki glede oblikovanja izdelkov in standardi izbire<\/h2>\n<p>Pri izbiri cilindrov z \u017elico je bistveno upo\u0161tevati konstrukcijske dejavnike, kot so nosilnost, tesnjenje, vzdr\u017eljivost, varnost in vzdr\u017eevanje. Nekateri konstrukcijski vidiki vklju\u010dujejo:<\/p>\n<ul>\n<li><strong>Nosilnost:<\/strong> Valj \u017elice mora biti sposoben prenesti najve\u010djo obremenitev opreme in te\u017eo materiala, ki se dviguje.<\/li>\n<li><strong>Tesnjenje:<\/strong> Za zagotovitev tesnilne u\u010dinkovitosti, ki je bistvenega pomena za hidravli\u010dne sisteme, uporabite razli\u010dna tesnila, kot so tesnila bata in tesnila palic, izdelana iz materialov, odpornih proti obrabi, kot sta poliuretan in nitrilna guma.<\/li>\n<li><strong>Vzdr\u017eljivost:<\/strong> Povr\u0161ina ohi\u0161ja valja in navojnega konca morata biti fino obdelana, da se izbolj\u0161a odpornost proti obrabi. <\/li>\n<li><strong>Varnost:<\/strong> Vgrajen mora biti varnostni ventil, ki prepre\u010di nenaden padec vedra v primeru hidravli\u010dne okvare. <\/li>\n<li><strong>Vzdr\u017eevanje:<\/strong> Jeklenko je treba enostavno razstaviti in popraviti, stro\u0161ki vzdr\u017eevanja pa morajo biti nizki.<\/li>\n<\/ul>\n<p><img decoding=\"async\" src=\"https:\/\/www.hydraulic-cylinders.net\/wp-content\/uploads\/2025\/01\/songte-oil-pipes-and-spare-parts.webp\"><\/p>\n<h2>Tesnjenje in mazanje<\/h2>\n<p>Za zagotovitev tesnilne u\u010dinkovitosti mora biti valj \u017elice opremljen z razli\u010dnimi tesnili, kot so tesnila bata in tesnila palice, izdelana iz materialov, odpornih proti obrabi, kot sta poliuretan in nitrilna guma. Telo valja je treba skrbno obdelati, da se izbolj\u0161a odpornost proti obrabi. Za ohranjanje optimalne u\u010dinkovitosti je potrebno redno dodajanje ustrezne koli\u010dine hidravli\u010dnega olja za mazanje.<\/p>\n<h2>Vzdr\u017eevanje in popravila<\/h2>\n<p>Redni pregledi in preventivni vzdr\u017eevalni ukrepi so bistveni za podalj\u0161anje \u017eivljenjske dobe valja z \u017elico. Vzdr\u017eevalna dela vklju\u010dujejo:<\/p>\n<ul>\n<li>Redni pregledi <\/li>\n<li>Pravilno mazanje <\/li>\n<li>Zamenjava tesnil in tesnil <\/li>\n<li>Kalibracijski pregledi <\/li>\n<\/ul>\n<p>Pravilna namestitev, mazanje in nastavitev so bistvenega pomena. Priporo\u010dljivo je pravilno vodenje poravnave med namestitvijo in uporaba ustreznih monta\u017enih nosilcev za pritrditev cilindra. Za podalj\u0161anje \u017eivljenjske dobe izdelka priporo\u010damo program preverjanja, popravila in zamenjave.<\/p>\n<p><img decoding=\"async\" src=\"https:\/\/www.hydraulic-cylinders.net\/wp-content\/uploads\/2025\/01\/songte-chushion-collar.webp\"><\/p>\n<h2>Varnostni vidiki in okoljski dejavniki<\/h2>\n<p>Pri rokovanju s hidravli\u010dnim cilindrom je nujno upo\u0161tevati varnostne ukrepe, kot je no\u0161enje za\u0161\u010ditne opreme, kot so rokavice in o\u010dala. Prav tako je klju\u010dnega pomena upo\u0161tevati okoljske standarde za odstranjevanje hidravli\u010dnega olja in vseh drugih odpadnih produktov, ki nastanejo med vzdr\u017eevanjem in popravilom.<\/p>\n<h2>Odpravljanje te\u017eav in pogoste te\u017eave<\/h2>\n<p>Pogoste te\u017eave z cilindri \u017elic vklju\u010dujejo po\u0161kodovana tesnila, pu\u0161\u010danje in zmanj\u0161ano obratovalno zmogljivost. Te\u017eave je mogo\u010de odpraviti z vizualnimi pregledi in preizkusi hidravli\u010dnega tlaka. Priporo\u010damo, da se za morebitne te\u017eave obrnete na strokovnjaka.<\/p>\n<p><img decoding=\"async\" src=\"https:\/\/www.hydraulic-cylinders.net\/wp-content\/uploads\/2025\/01\/songte-bushings-with-all-kinds-of-excavator-models.webp\"><\/p>\n<h2>O na\u0161em podjetju<\/h2>\n<p>Smo proizvajalec nadomestnih hidravli\u010dnih cilindrov s celotno paleto izdelkov in smo postali eden vodilnih proizvajalcev in veleprodajnih distributerjev hidravli\u010dnih cilindrov na doma\u010dem in mednarodnem trgu. Dr\u017eimo se na\u010dela vrhunske kakovosti in se zana\u0161amo na strategijo upravljanja industrijske proizvodnje v finih proizvodnih delavnicah. Nenehno izbolj\u0161ujemo platformo za proizvodnjo v delavnicah in izbolj\u0161ujemo proizvodne poti za kakovost izdelkov ter uporabljamo mo\u010dno ustvarjalnost, u\u010dinkovitost, visoko natan\u010dnost in visokokakovostna na\u010dela, da bi zadovoljili raznolike potrebe strank.<\/p>\n<p>Na\u0161e podjetje ima ekipo tehni\u010dnih talentov, vrhunsko digitalno proizvodno opremo in profesionalne sisteme za testiranje, s katerimi nenehno izbolj\u0161ujemo kakovost na\u0161ih izdelkov in zagotavljamo prilagojene storitve. Nudimo profesionalne poprodajne storitve, s katerimi zagotavljamo zadovoljstvo strank in dolgoro\u010dno sodelovanje.<\/p>\n<p><img decoding=\"async\" src=\"https:\/\/hzpt.com\/wp-content\/uploads\/2024\/11\/songte-company-1.webp\"> <\/p>\n<p>Avtor: lyl<\/p>","protected":false},"excerpt":{"rendered":"<p>Bucket Cylinder For Case Large Excavator CX300B Introduction A bucket cylinder is a specially designed hydraulic cylinder primarily used to control the movement of buckets in heavy machinery such as excavators, backhoe loaders, and front-end loaders. Its main function is to allow the bucket to lift, lower, and tilt, making it easier to handle various [&hellip;]<\/p>","protected":false},"featured_media":14773,"comment_status":"open","ping_status":"closed","template":"","meta":{"_et_pb_use_builder":"","_et_pb_old_content":"","_et_gb_content_width":""},"product_brand":[],"product_cat":[1494],"product_tag":[1495,1496],"class_list":{"0":"post-15726","1":"product","2":"type-product","3":"status-publish","4":"has-post-thumbnail","6":"product_cat-bucket-cylinders","7":"product_tag-bucket-cylinders","8":"product_tag-hydraulic-cylinders","10":"first","11":"instock","12":"shipping-taxable","13":"product-type-simple"},"amp_enabled":true,"_links":{"self":[{"href":"https:\/\/www.hydraulic-cylinders.net\/sl\/wp-json\/wp\/v2\/product\/15726","targetHints":{"allow":["GET"]}}],"collection":[{"href":"https:\/\/www.hydraulic-cylinders.net\/sl\/wp-json\/wp\/v2\/product"}],"about":[{"href":"https:\/\/www.hydraulic-cylinders.net\/sl\/wp-json\/wp\/v2\/types\/product"}],"replies":[{"embeddable":true,"href":"https:\/\/www.hydraulic-cylinders.net\/sl\/wp-json\/wp\/v2\/comments?post=15726"}],"wp:featuredmedia":[{"embeddable":true,"href":"https:\/\/www.hydraulic-cylinders.net\/sl\/wp-json\/wp\/v2\/media\/14773"}],"wp:attachment":[{"href":"https:\/\/www.hydraulic-cylinders.net\/sl\/wp-json\/wp\/v2\/media?parent=15726"}],"wp:term":[{"taxonomy":"product_brand","embeddable":true,"href":"https:\/\/www.hydraulic-cylinders.net\/sl\/wp-json\/wp\/v2\/product_brand?post=15726"},{"taxonomy":"product_cat","embeddable":true,"href":"https:\/\/www.hydraulic-cylinders.net\/sl\/wp-json\/wp\/v2\/product_cat?post=15726"},{"taxonomy":"product_tag","embeddable":true,"href":"https:\/\/www.hydraulic-cylinders.net\/sl\/wp-json\/wp\/v2\/product_tag?post=15726"}],"curies":[{"name":"delovni list","href":"https:\/\/api.w.org\/{rel}","templated":true}]}}