{"id":15729,"date":"2025-01-19T14:54:06","date_gmt":"2025-01-19T14:54:06","guid":{"rendered":"https:\/\/www.hydraulic-cylinders.net\/product\/bucket-cylinder-for-case-large-excavator-cx360bhr\/"},"modified":"2025-01-19T14:54:10","modified_gmt":"2025-01-19T14:54:10","slug":"bucket-cylinder-for-case-large-excavator-cx360bhr","status":"publish","type":"product","link":"https:\/\/www.hydraulic-cylinders.net\/sl\/izdelek\/bucket-cylinder-for-case-large-excavator-cx360bhr\/","title":{"rendered":"Cilinder \u017elice za bager Case Large CX360BHR"},"content":{"rendered":"<h1>Cilinder \u017elice za bager Case Large CX360BHR<\/h1>\n<h2>Uvod:<\/h2>\n<p>Hidravli\u010dni valj \u017elice je posebej zasnovan hidravli\u010dni valj, ki se uporablja predvsem za nadzor gibanja \u017elice v te\u017ekih strojih, kot so bagri, bagri nakladalniki in \u010delni nakladalniki. Njegova glavna funkcija je omogo\u010danje dvigovanja, spu\u0161\u010danja in nagibanja \u017elice, kar olaj\u0161a opravljanje razli\u010dnih nalog ravnanja z materiali. V hidravli\u010dnem sistemu valj \u017elice dose\u017ee natan\u010den nadzor nad \u017elico s spremembami tlaka hidravli\u010dnega olja, kar upravljavcem omogo\u010da u\u010dinkovito ravnanje s te\u017ekimi bremeni, prilagajanje kompleksnim delovnim okoljem in raznolikim operativnim potrebam.<\/p>\n<p><img decoding=\"async\" src=\"https:\/\/www.hydraulic-cylinders.net\/wp-content\/uploads\/2025\/01\/songte-company-2.webp\"><\/p>\n<h2>Zna\u010dilnosti:<\/h2>\n<ul>\n<li>Visoka trdnost in vzdr\u017eljivost: Obi\u010dajno je izdelan iz visoko trdnega jekla ali aluminija, lahko prenese visok tlak in velike obremenitve, se prilagodi zahtevnim delovnim okoljem in pri zasnovi upo\u0161teva odpornost proti obrabi in koroziji za podalj\u0161anje \u017eivljenjske dobe.<\/li>\n<li>U\u010dinkovito hidravli\u010dno delovanje: Uporablja tlak hidravli\u010dnega olja za doseganje gladkega iztegovanja in kr\u010denja, se lahko hitro odzove na krmilne ukaze, zagotavlja mo\u010dno potisno in vle\u010dno silo ter je primeren za ravnanje s te\u017ekimi predmeti in kompleksna delovna opravila.<\/li>\n<li>Razli\u010dne vrste: Enosmerno delujo\u010di (hidravli\u010dni, ki se uporabljajo samo v eni smeri) ali dvosmerno delujo\u010di (hidravli\u010dni, ki se uporabljajo v obeh smereh) cilindri se lahko izberejo glede na zahteve za izpolnjevanje razli\u010dnih operativnih potreb. Nekateri modeli so teleskopski, kar omogo\u010da ve\u010dji razteg brez pove\u010danja zunanjih dimenzij, primerni za uporabo v omejenem prostoru.<\/li>\n<li>Lahko nadomesti druge hidravli\u010dne cilindre: Na\u0161 izdelek lahko popolnoma nadomesti druge hidravli\u010dne cilindre. <\/li>\n<\/ul>\n<p><img decoding=\"async\" src=\"https:\/\/www.hydraulic-cylinders.net\/wp-content\/uploads\/2025\/01\/songte-cylinder-head-with-all-kinds-excavator-models.webp\"><\/p>\n<h2>Uporaba:<\/h2>\n<p>Valj z \u017elico se pogosto uporablja v razli\u010dnih vrstah te\u017eke mehanizacije. Tukaj je nekaj primerov:<\/p>\n<h3>Gradbena oprema:<\/h3>\n<p>Pri bagrih so klju\u010dni za izkopavanje, nakladanje in premikanje zemlje ali ru\u0161evin. Pri bagrih nakladalnikih cilindri \u017elice pomagajo tako pri kopanju kot dvigovanju. Pri \u010delnih nakladalnikih pomagajo pri u\u010dinkovitem dvigovanju in odlaganju tovora.<\/p>\n<h3>Kmetijska mehanizacija:<\/h3>\n<p>Uporablja se v \u010delnih nakladalnikih za zajemanje, dvigovanje in prevoz zemlje, sena in drugih materialov. V bagrih cilindri \u017elice omogo\u010dajo kopanje tako, da \u017elici omogo\u010dijo prodiranje v zemljo.<\/p>\n<h2>Oblikovalski vidiki in izbirna merila:<\/h2>\n<ul>\n<li>Nosilnost: Valj \u017elice mora biti sposoben prenesti te\u017eo materiala, s katerim se ravna, in silo hidravli\u010dnega tlaka.<\/li>\n<li>Tesnjenje: Izbira tesnilnih delov, kot so tesnila bata in tesnila ojnic, je klju\u010dnega pomena za zagotavljanje dolge \u017eivljenjske dobe valja.<\/li>\n<li>Vzdr\u017eljivost: Jeklenka mora biti zasnovana tako, da prenese te\u017eke delovne pogoje in prepre\u010di po\u0161kodbe zaradi obrabe in odpornosti proti koroziji.<\/li>\n<li>Varnost: Zasnova mora zagotavljati varnost upravljavca in mimoido\u010dih.<\/li>\n<li>Vzdr\u017eevanje: Jeklenko mora biti enostavno razstaviti, vzdr\u017eevati in po potrebi zamenjati dele.<\/li>\n<\/ul>\n<p><img decoding=\"async\" src=\"https:\/\/www.hydraulic-cylinders.net\/wp-content\/uploads\/2025\/01\/songte-oil-pipes-and-spare-parts.webp\"><\/p>\n<h2>Tesnjenje in mazanje:<\/h2>\n<p>Valj \u017elice uporablja razli\u010dne tesnilne komponente, kot so tesnila bata in tesnila palice, ki so izdelana iz materialov, odpornih proti obrabi, kot sta poliuretan in nitrilna guma. Telo valja in navojne kon\u010dne povr\u0161ine so fino obdelane za izbolj\u0161anje odpornosti proti obrabi. Za nemoteno delovanje valja je potrebno redno mazanje z ustrezno koli\u010dino hidravli\u010dnega olja.<\/p>\n<h2>Vzdr\u017eevanje:<\/h2>\n<p>Redno vzdr\u017eevanje je klju\u010dnega pomena za podalj\u0161anje \u017eivljenjske dobe cilindra vedra. Tukaj je nekaj pogostih vzdr\u017eevalnih opravil:<\/p>\n<ul>\n<li>Redni pregled<\/li>\n<li>Pravilno mazanje<\/li>\n<li>Zamenjava tesnila<\/li>\n<li>Preverjanje kalibracije<\/li>\n<\/ul>\n<p>Pravilna namestitev, mazanje in nastavitev so klju\u010dnega pomena za podalj\u0161anje \u017eivljenjske dobe valja z \u017elico. Med namestitvijo je potrebno ustrezno vodenje za poravnavo valja, za pritrditev valja pa je treba uporabiti ustrezne nosilce. Za podalj\u0161anje \u017eivljenjske dobe valja z \u017elico priporo\u010damo redne preglede, popravila in zamenjave.<\/p>\n<p><img decoding=\"async\" src=\"https:\/\/www.hydraulic-cylinders.net\/wp-content\/uploads\/2025\/01\/songte-chushion-collar.webp\"><\/p>\n<h2>Varnostni in okoljski vidiki:<\/h2>\n<p>Pri uporabi cilindra z \u017elico je klju\u010dnega pomena upo\u0161tevati varnostne ukrepe. To vklju\u010duje pravilno namestitev, uporabo ustrezne varnostne opreme in upo\u0161tevanje navodil za uporabo. Pomembno je upo\u0161tevati tudi vpliv hidravli\u010dnih sistemov na okolje, kot so pu\u0161\u010danje olja in odstranjevanje rabljenega hidravli\u010dnega olja.<\/p>\n<h2>Diagnoza napak in pogoste te\u017eave:<\/h2>\n<p>Pogoste te\u017eave z cilindri \u017elice lahko vklju\u010dujejo pu\u0161\u010danje olja, po\u0161kodbe bata in palice ter odpoved tesnil. Pravilna diagnoza in odpravljanje teh te\u017eav lahko pomagata pri hitri in u\u010dinkoviti re\u0161itvi.<\/p>\n<h2>O na\u0161em podjetju:<\/h2>\n<p>Smo vodilni proizvajalec in veleprodajni distributer hidravli\u010dnih cilindrov na doma\u010dem in mednarodnem trgu. Na\u0161i izdelki so raznoliki in specializirani smo za zagotavljanje storitev po meri. Dr\u017eimo se na\u010del odli\u010dne kakovosti, se zana\u0161amo na strategijo upravljanja industrijske proizvodnje v finih proizvodnih delavnicah, nenehno izbolj\u0161ujemo proizvodno platformo, izbolj\u0161ujemo proizvodne poti za kakovost izdelkov in imamo mo\u010dno ustvarjalno sposobnost. Zagotavljamo u\u010dinkovite, natan\u010dne in visokokakovostne izdelke, prilagojene raznolikim potrebam na\u0161ih strank.<\/p>\n<h3>Prednosti na\u0161ega podjetja:<\/h3>\n<ul>\n<li>Profesionalnost<\/li>\n<li>Mednarodno certificiranje<\/li>\n<li>Prilagojene storitve<\/li>\n<li>Napredna proizvodna oprema<\/li>\n<li>Poprodajne storitve<\/li>\n<\/ul>\n<p><img decoding=\"async\" src=\"https:\/\/www.hydraulic-cylinders.net\/wp-content\/uploads\/2025\/01\/songte-company-3.webp\"><\/p>\n<p>Avtor: lyl<\/p>","protected":false},"excerpt":{"rendered":"<p>Bucket Cylinder For Case Large Excavator CX360BHR Introduction: A bucket cylinder is a specially designed hydraulic cylinder primarily used to control the movement of the bucket in heavy machinery such as excavators, backhoe loaders, and front loaders. Its main function is to enable lifting, lowering, and tilting of the bucket, making it easy to handle [&hellip;]<\/p>","protected":false},"featured_media":14765,"comment_status":"open","ping_status":"closed","template":"","meta":{"_et_pb_use_builder":"","_et_pb_old_content":"","_et_gb_content_width":""},"product_brand":[],"product_cat":[1494],"product_tag":[1495,1496],"class_list":{"0":"post-15729","1":"product","2":"type-product","3":"status-publish","4":"has-post-thumbnail","6":"product_cat-bucket-cylinders","7":"product_tag-bucket-cylinders","8":"product_tag-hydraulic-cylinders","10":"first","11":"instock","12":"shipping-taxable","13":"product-type-simple"},"amp_enabled":true,"_links":{"self":[{"href":"https:\/\/www.hydraulic-cylinders.net\/sl\/wp-json\/wp\/v2\/product\/15729","targetHints":{"allow":["GET"]}}],"collection":[{"href":"https:\/\/www.hydraulic-cylinders.net\/sl\/wp-json\/wp\/v2\/product"}],"about":[{"href":"https:\/\/www.hydraulic-cylinders.net\/sl\/wp-json\/wp\/v2\/types\/product"}],"replies":[{"embeddable":true,"href":"https:\/\/www.hydraulic-cylinders.net\/sl\/wp-json\/wp\/v2\/comments?post=15729"}],"wp:featuredmedia":[{"embeddable":true,"href":"https:\/\/www.hydraulic-cylinders.net\/sl\/wp-json\/wp\/v2\/media\/14765"}],"wp:attachment":[{"href":"https:\/\/www.hydraulic-cylinders.net\/sl\/wp-json\/wp\/v2\/media?parent=15729"}],"wp:term":[{"taxonomy":"product_brand","embeddable":true,"href":"https:\/\/www.hydraulic-cylinders.net\/sl\/wp-json\/wp\/v2\/product_brand?post=15729"},{"taxonomy":"product_cat","embeddable":true,"href":"https:\/\/www.hydraulic-cylinders.net\/sl\/wp-json\/wp\/v2\/product_cat?post=15729"},{"taxonomy":"product_tag","embeddable":true,"href":"https:\/\/www.hydraulic-cylinders.net\/sl\/wp-json\/wp\/v2\/product_tag?post=15729"}],"curies":[{"name":"delovni list","href":"https:\/\/api.w.org\/{rel}","templated":true}]}}