{"id":15731,"date":"2025-01-19T14:54:16","date_gmt":"2025-01-19T14:54:16","guid":{"rendered":"https:\/\/www.hydraulic-cylinders.net\/product\/bucket-cylinder-for-case-wheel-excavator-wx168\/"},"modified":"2025-01-19T14:54:18","modified_gmt":"2025-01-19T14:54:18","slug":"bucket-cylinder-for-case-wheel-excavator-wx168","status":"publish","type":"product","link":"https:\/\/www.hydraulic-cylinders.net\/sl\/izdelek\/bucket-cylinder-for-case-wheel-excavator-wx168\/","title":{"rendered":"Cilinder \u017elice za bager Case WX168"},"content":{"rendered":"<p><!DOCTYPE html><br \/>\n<html><br \/>\n<head><br \/>\n<\/head><br \/>\n<body><\/p>\n<h1>Cilinder \u017elice za bager Case WX168<\/h1>\n<h2>Uvod<\/h2>\n<p>Hidravli\u010dni cilinder \u017elice je posebej zasnovan hidravli\u010dni cilinder, ki se uporablja za krmiljenje gibanja \u017elice v te\u017ekih strojih, kot so bagri, bagri nakladalniki in kolesni nakladalniki. Njegova glavna funkcija je omogo\u010danje dvigovanja, spu\u0161\u010danja in nagibanja \u017elice, zaradi \u010desar je priro\u010dna za razli\u010dna opravila ravnanja z materiali. V hidravli\u010dnem sistemu cilinder \u017elice dose\u017ee natan\u010den nadzor nad \u017elico z izkori\u0161\u010danjem sprememb tlaka hidravli\u010dnega olja, kar omogo\u010da upravljavcem u\u010dinkovito ravnanje s te\u017ekimi bremeni in prilagajanje kompleksnim delovnim okoljem ter raznolikim operativnim potrebam.<\/p>\n<p><img decoding=\"async\" src=\"https:\/\/www.hydraulic-cylinders.net\/wp-content\/uploads\/2025\/01\/songte-company-2.webp\" alt=\"Slika valjaste \u017elice\"><\/p>\n<h2>Zna\u010dilnosti<\/h2>\n<ul>\n<li>Visoka trdnost in vzdr\u017eljivost: Obi\u010dajno so izdelani iz visoko trdnega jekla ali aluminija, sposobni prenesti visoke tlake in velike obremenitve, se prilagajajo te\u017ekim delovnim pogojem in so zasnovani z upo\u0161tevanjem odpornosti proti obrabi in koroziji za podalj\u0161anje \u017eivljenjske dobe.<\/li>\n<li>U\u010dinkovito hidravli\u010dno delovanje: Uporablja hidravli\u010dni tlak olja za doseganje gladkih gibov iztegovanja in vvla\u010denja, kar omogo\u010da hiter odziv na krmilne ukaze in zagotavlja mo\u010dne potisne in vle\u010dne sile, primerne za ravnanje s te\u017ekimi bremeni in kompleksne operativne naloge.<\/li>\n<li>Ve\u010d tipov: Glede na zahteve lahko izbirate med enosmerno delujo\u010dimi (hidravlika se uporablja samo v eni smeri) ali dvosmerno delujo\u010dimi (hidravlika se uporablja v obeh smereh) cilindri, nekateri modeli so teleskopski, kar omogo\u010da ve\u010dji razteg brez pove\u010danja zunanjih dimenzij, primerni za uporabo z omejenim prostorom.<\/li>\n<li>Popolna zamenjava: Na\u0161i izdelki lahko popolnoma nadomestijo te hidravli\u010dne cilindre.<\/li>\n<\/ul>\n<p><img decoding=\"async\" src=\"https:\/\/www.hydraulic-cylinders.net\/wp-content\/uploads\/2025\/01\/songte-cylinder-head-with-all-kinds-excavator-models.webp\" alt=\"Slika nadomestnega cilindra\"><\/p>\n<h2>Aplikacije<\/h2>\n<p>Valj z \u017elico se uporablja v razli\u010dnih panogah in opremi:<\/p>\n<ul>\n<li>Gradbena oprema: Najdemo jih v bagrih in so klju\u010dni za izkopavanje, nakladanje in premikanje zemlje ali ru\u0161evin. Pri bagrih nakladalnikih cilinder \u017elice pomaga tako pri kopanju kot dvigovanju.<\/li>\n<li>Kmetijska mehanizacija: Uporablja se v \u010delnih nakladalnikih za zajemanje, dvigovanje in prevoz zemlje, sena in drugih materialov.<\/li>\n<li>Bagri: Cilinder \u017elice omogo\u010da kopanje tako, da \u017elica prodre v zemljo.<\/li>\n<li>Kolesni nakladalci: Pri \u010delnih nakladalcih pomagajo pri u\u010dinkovitem dvigovanju in odlaganju tovora.<\/li>\n<\/ul>\n<h2>Oblikovalski vidiki in izbirna merila<\/h2>\n<p>Kar zadeva konstrukcijske vidike, je treba obravnavati nosilnost, tesnjenje, vzdr\u017eljivost, varnost in vzdr\u017eevanje valja vedra:<\/p>\n<p><img decoding=\"async\" src=\"https:\/\/www.hydraulic-cylinders.net\/wp-content\/uploads\/2025\/01\/songte-oil-pipes-and-spare-parts.webp\" alt=\"Slika oblikovalskih premislekov\"><\/p>\n<h2>Tesnjenje in mazanje<\/h2>\n<p>Valj \u017elice uporablja razli\u010dne tesnilne elemente, kot so tesnila bata in tesnila palice, ki so izdelana iz materialov, odpornih proti obrabi, kot sta poliuretan in nitrilna guma. Telo valja in navojni konci so natan\u010dno obdelani za ve\u010djo odpornost proti obrabi. Potrebno je redno mazanje z ustrezno koli\u010dino hidravli\u010dnega olja.<\/p>\n<h2>Redni pregledi in preventivno vzdr\u017eevanje<\/h2>\n<p>Redno je treba izvajati preglede in preventivne vzdr\u017eevalne ukrepe, vklju\u010dno z:<\/p>\n<h2>Vodnik za namestitev izdelka<\/h2>\n<p>Pravilna namestitev cilindra vedra je klju\u010dnega pomena. Tukaj so smernice:<\/p>\n<h2>Vzdr\u017eevalna opravila<\/h2>\n<p>Pogosta vzdr\u017eevalna opravila vklju\u010dujejo redne preglede, pravilno mazanje, zamenjavo tesnil in preverjanje kalibracije. Pomembno je poudariti pomen pravilne namestitve, mazanja in nastavitve. Zagotovite smernice za pravilno poravnavo cilindra med namestitvijo in predlagajte uporabo ustreznih monta\u017enih nosilcev za pritrditev cilindra. Priporo\u010dite postopke pregleda, popravila in zamenjave ter storitve obnove za podalj\u0161anje \u017eivljenjske dobe cilindra z \u017elico.<\/p>\n<p><img decoding=\"async\" src=\"https:\/\/www.hydraulic-cylinders.net\/wp-content\/uploads\/2025\/01\/songte-chushion-collar.webp\" alt=\"Slika vzdr\u017eevalnih opravil\"><\/p>\n<h2>Varnostni vidiki in okoljski dejavniki<\/h2>\n<p>Poudarjanje pomena varnostnih ukrepov pri uporabi cilindra z vedrom s klju\u010dnimi besedami in razprava o morebitnih okoljskih dejavnikih, ki lahko vplivajo na njegovo delovanje.<\/p>\n<h2>Odpravljanje te\u017eav in pogoste te\u017eave<\/h2>\n<p>Obravnavanje morebitnih okvar in pogostih te\u017eav, zagotavljanje nasvetov za odpravljanje te\u017eav in re\u0161itev, ki bralcem pomagajo u\u010dinkovito diagnosticirati in odpraviti te\u017eave. Predlagane so preventivne ukrepe za zmanj\u0161anje morebitnih te\u017eav.<\/p>\n<p><img decoding=\"async\" src=\"https:\/\/www.hydraulic-cylinders.net\/wp-content\/uploads\/2025\/01\/songte-bushings-with-all-kinds-of-excavator-models.webp\" alt=\"Odpravljanje te\u017eav s sliko\"><\/p>\n<h2>O na\u0161em podjetju<\/h2>\n<p>Smo proizvajalec nadomestnih hidravli\u010dnih cilindrov in ponujamo \u0161iroko paleto izdelkov. Postali smo eden vodilnih proizvajalcev in veleprodajnih distributerjev hidravli\u010dnih cilindrov na doma\u010dem in mednarodnem trgu. Na\u0161e podjetje sledi strategiji industrializiranega upravljanja proizvodnje, pri \u010demer se zana\u0161a na odli\u010dno kakovost in uporablja sofisticirano proizvodno delavnico, tehnolo\u0161ke talente, napredno digitalno proizvodno opremo in profesionalne sisteme testiranja. Nenehno izbolj\u0161ujemo proizvodno platformo, izpopolnjujemo proizvodno pot za kakovost izdelkov in imamo mo\u010dne ustvarjalne sposobnosti. Na\u0161 cilj je zadovoljiti raznolike potrebe strank z visoko u\u010dinkovitostjo, visoko natan\u010dnostjo in visokokakovostnimi na\u010deli.<\/p>\n<p><img decoding=\"async\" src=\"https:\/\/www.hydraulic-cylinders.net\/wp-content\/uploads\/2025\/01\/songte-company-3.webp\" alt=\"Slika podjetja\"><\/p>\n<p>Poleg tega smo ponosni na na\u0161o profesionalnost, mednarodne certifikate, storitve po meri, proizvodno opremo in poprodajne storitve.<\/p>\n<p>Avtor: lyl<\/p>\n<p><\/body><br \/>\n<\/html><\/p>","protected":false},"excerpt":{"rendered":"<p>Bucket Cylinder For Case Wheel Excavator WX168 Introduction The bucket cylinder is a specifically designed hydraulic cylinder used to control the movement of the bucket in heavy machinery such as excavators, backhoe loaders, and wheel loaders. Its main function is to enable the lifting, lowering, and tilting of the bucket, making it convenient for various [&hellip;]<\/p>","protected":false},"featured_media":14761,"comment_status":"open","ping_status":"closed","template":"","meta":{"_et_pb_use_builder":"","_et_pb_old_content":"","_et_gb_content_width":""},"product_brand":[],"product_cat":[1494],"product_tag":[1495,1496],"class_list":{"0":"post-15731","1":"product","2":"type-product","3":"status-publish","4":"has-post-thumbnail","6":"product_cat-bucket-cylinders","7":"product_tag-bucket-cylinders","8":"product_tag-hydraulic-cylinders","10":"first","11":"instock","12":"shipping-taxable","13":"product-type-simple"},"amp_enabled":true,"_links":{"self":[{"href":"https:\/\/www.hydraulic-cylinders.net\/sl\/wp-json\/wp\/v2\/product\/15731","targetHints":{"allow":["GET"]}}],"collection":[{"href":"https:\/\/www.hydraulic-cylinders.net\/sl\/wp-json\/wp\/v2\/product"}],"about":[{"href":"https:\/\/www.hydraulic-cylinders.net\/sl\/wp-json\/wp\/v2\/types\/product"}],"replies":[{"embeddable":true,"href":"https:\/\/www.hydraulic-cylinders.net\/sl\/wp-json\/wp\/v2\/comments?post=15731"}],"wp:featuredmedia":[{"embeddable":true,"href":"https:\/\/www.hydraulic-cylinders.net\/sl\/wp-json\/wp\/v2\/media\/14761"}],"wp:attachment":[{"href":"https:\/\/www.hydraulic-cylinders.net\/sl\/wp-json\/wp\/v2\/media?parent=15731"}],"wp:term":[{"taxonomy":"product_brand","embeddable":true,"href":"https:\/\/www.hydraulic-cylinders.net\/sl\/wp-json\/wp\/v2\/product_brand?post=15731"},{"taxonomy":"product_cat","embeddable":true,"href":"https:\/\/www.hydraulic-cylinders.net\/sl\/wp-json\/wp\/v2\/product_cat?post=15731"},{"taxonomy":"product_tag","embeddable":true,"href":"https:\/\/www.hydraulic-cylinders.net\/sl\/wp-json\/wp\/v2\/product_tag?post=15731"}],"curies":[{"name":"delovni list","href":"https:\/\/api.w.org\/{rel}","templated":true}]}}