{"id":15737,"date":"2025-01-19T14:54:44","date_gmt":"2025-01-19T14:54:44","guid":{"rendered":"https:\/\/www.hydraulic-cylinders.net\/product\/bucket-cylinder-for-world-small-excavator-w235\/"},"modified":"2025-01-19T14:54:46","modified_gmt":"2025-01-19T14:54:46","slug":"bucket-cylinder-for-world-small-excavator-w235","status":"publish","type":"product","link":"https:\/\/www.hydraulic-cylinders.net\/sl\/izdelek\/bucket-cylinder-for-world-small-excavator-w235\/","title":{"rendered":"Cilinder \u017elice za svetovni mali bager W235"},"content":{"rendered":"<h1>Cilinder \u017elice za svetovni mali bager W235<\/h1>\n<h2>Uvod<\/h2>\n<p>Hidravli\u010dni cilinder, znan tudi kot hidravli\u010dni cilinder, je posebej zasnovan hidravli\u010dni aktuator, ki v prvi vrsti krmili gibanje \u017elice v te\u017ekih strojih, kot so bagri, bagri in \u010delni nakladalniki. Njegova glavna funkcija je dvigovanje, spu\u0161\u010danje in nagibanje \u017elice, kar olaj\u0161a opravljanje razli\u010dnih nalog ravnanja z materiali. V hidravli\u010dnem sistemu cilinder \u017elice natan\u010dno krmili gibanje \u017elice s spreminjanjem tlaka hidravli\u010dnega olja, kar omogo\u010da upravljavcem u\u010dinkovito ravnanje s te\u017ekimi predmeti in prilagajanje kompleksnim delovnim okoljem ter raznolikim zahtevam dela.<\/p>\n<p><img decoding=\"async\" src=\"https:\/\/www.hydraulic-cylinders.net\/wp-content\/uploads\/2025\/01\/songte-company-2.webp\" alt=\"Slika valjaste \u017elice\"><\/p>\n<h2>Zna\u010dilnosti<\/h2>\n<ul>\n<li>Visoka trdnost in vzdr\u017eljivost: Obi\u010dajno je izdelan iz visoko trdnega jekla ali aluminija, zato lahko prenese visok tlak in velike obremenitve ter se prilagaja zahtevnim delovnim okoljem. Zasnova upo\u0161teva tudi odpornost proti obrabi in koroziji, kar podalj\u0161uje njegovo \u017eivljenjsko dobo.<\/li>\n<li>U\u010dinkovito hidravli\u010dno delovanje: Z uporabo hidravli\u010dnega tlaka olja za doseganje gladkih gibov iztegovanja in kr\u010denja se lahko hitro odzove na krmilne ukaze in zagotavlja mo\u010dne potisne in vle\u010dne sile, primerne za rokovanje s te\u017ekimi predmeti in kompleksne delovne naloge.<\/li>\n<li>Razli\u010dne vrste: Enojno delujo\u010di (hidravlika se uporablja samo v eni smeri) ali dvostransko delujo\u010di (hidravlika se uporablja v obeh smereh) cilindri je mogo\u010de izbrati glede na zahteve za razli\u010dne operativne potrebe. Nekateri modeli so teleskopski, kar omogo\u010da ve\u010dji razteg brez pove\u010danja zunanjih dimenzij, primerni za uporabo v omejenem prostoru.<\/li>\n<li>Zamenljivost: Na\u0161i izdelki lahko popolnoma nadomestijo te hidravli\u010dne cilindre.<\/li>\n<\/ul>\n<p><img decoding=\"async\" src=\"https:\/\/www.hydraulic-cylinders.net\/wp-content\/uploads\/2025\/01\/songte-cylinder-head-with-all-kinds-excavator-models.webp\" alt=\"Slika hidravli\u010dnega cilindra\"><\/p>\n<h2>Aplikacije<\/h2>\n<p>Valj z \u017elico ima \u0161iroko uporabo v razli\u010dnih panogah, kot so:<\/p>\n<ul>\n<li>Gradbena oprema: Cilinder \u017elice je klju\u010dnega pomena pri bagrih za kopanje, nakladanje in premikanje zemlje ali ru\u0161evin. Pri bagrih pomaga tako pri kopanju kot pri dvigovanju. <\/li>\n<li>Kmetijski stroji: Uporabljajo se za \u010delne nakladalnike, ki pobirajo, dvigujejo in preva\u017eajo zemljo, seno in druge materiale. Pri bagrih valj \u017elice omogo\u010da, da \u017elica med izkopom prodre v zemljo. <\/li>\n<li>Nakladalnik: Pri \u010delnih nakladalnikih pomaga pri u\u010dinkovitem nagibanju in razkladanju tovora.<\/li>\n<\/ul>\n<h2>Oblikovalski vidiki in standardi izbire<\/h2>\n<p>Pri na\u010drtovanju cilindrov z \u017elico je treba upo\u0161tevati ve\u010d dejavnikov, vklju\u010dno z:<\/p>\n<ul>\n<li>Nosilnost: Valji \u017elice morajo imeti nosilnost, ki zadostuje za te\u017eo premikanega materiala in morebitne zunanje sile, ki delujejo na \u017elico.<\/li>\n<li>Tesnjenje: Za prepre\u010devanje pu\u0161\u010danja olja in vdora onesna\u017eevalcev se uporabljajo razli\u010dna tesnila, kot so tesnila bata in tesnila palice.<\/li>\n<li>Vzdr\u017eljivost: Jeklenka mora biti zasnovana tako, da prenese ostre okoljske razmere in je odporna proti obrabi in koroziji.<\/li>\n<li>Varnost: Cilinder vedra mora biti zasnovan z varnostnimi funkcijami za prepre\u010devanje nesre\u010d in zagotavljanje varnosti upravljavca.<\/li>\n<li>Vzdr\u017eevanje: Jeklenka mora biti zasnovana tako, da jo je mogo\u010de enostavno vzdr\u017eevati in popravljati, kar zmanj\u0161a \u010das izpada in stro\u0161ke vzdr\u017eevanja.<\/li>\n<\/ul>\n<p><img decoding=\"async\" src=\"https:\/\/www.hydraulic-cylinders.net\/wp-content\/uploads\/2025\/01\/songte-oil-pipes-and-spare-parts.webp\" alt=\"Deli hidravli\u010dnega cilindra\"><\/p>\n<h2>Tesnjenje in mazanje<\/h2>\n<p>Cilindri \u017elice uporabljajo razli\u010dna tesnila, kot so tesnila bata in tesnila palic, da prepre\u010dijo pu\u0161\u010danje olja in vdor onesna\u017eevalcev. Tesnila so izdelana iz materialov, odpornih proti obrabi, kot sta poliuretan in nitrilna guma. Telo cilindra in povr\u0161ina navoja sta fino obdelana za izbolj\u0161anje odpornosti proti obrabi. Za nemoteno delovanje cilindra \u017elice je potrebno ustrezno mazanje s hidravli\u010dnim oljem.<\/p>\n<h2>Vzdr\u017eevanje<\/h2>\n<p>Za zagotovitev dolge \u017eivljenjske dobe in u\u010dinkovitega delovanja cilindra vedra je redno vzdr\u017eevanje klju\u010dnega pomena. Nekatera pogosta vzdr\u017eevalna opravila vklju\u010dujejo:<\/p>\n<ul>\n<li>Redni pregledi stanja in delovanja jeklenke.<\/li>\n<li>Mazanje cilindra za zagotovitev nemotenega delovanja.<\/li>\n<li>Zamenjava obrabljenih tesnil.<\/li>\n<li>Kalibracijski pregledi za zagotovitev pravilnega delovanja.<\/li>\n<li>Redni pregled in \u010di\u0161\u010denje zunanjih delov jeklenke.<\/li>\n<\/ul>\n<p><img decoding=\"async\" src=\"https:\/\/www.hydraulic-cylinders.net\/wp-content\/uploads\/2025\/01\/songte-chushion-collar.webp\" alt=\"Ovratnik hidravli\u010dnega cilindra\"><\/p>\n<h2>Varnostni in okoljski vidiki<\/h2>\n<p>Pri upravljanju cilindra z \u017elico je treba upo\u0161tevati ustrezne varnostne ukrepe, da prepre\u010dite nesre\u010de in zagotovite varnost upravljavca. Pomembno je upo\u0161tevati tudi okoljske dejavnike, kot so pu\u0161\u010danje in razlitja olja, ter pravilno odstranjevanje hidravli\u010dnega olja in drugih odpadnih materialov.<\/p>\n<h2>Odpravljanje te\u017eav in pogoste te\u017eave<\/h2>\n<p>Valji \u017elic so nagnjeni k razli\u010dnim te\u017eavam, kot so pu\u0161\u010danje olja, po\u0161kodovana tesnila in okvarjeni ventili. Klju\u010dnega pomena je, da te te\u017eave pravo\u010dasno diagnosticirate in odpravite, da prepre\u010dite izpade in draga popravila. Ustrezni preventivni ukrepi, kot sta redno vzdr\u017eevanje in pregledi, lahko prav tako zmanj\u0161ajo morebitne te\u017eave.<\/p>\n<p><img decoding=\"async\" src=\"https:\/\/www.hydraulic-cylinders.net\/wp-content\/uploads\/2025\/01\/songte-bushings-with-all-kinds-of-excavator-models.webp\" alt=\"Pu\u0161e hidravli\u010dnih cilindrov\"><\/p>\n<h2>O na\u0161em podjetju<\/h2>\n<p>Smo vodilni proizvajalec in veleprodajni distributer hidravli\u010dnih cilindrov, vklju\u010dno z cilindri z \u017elico. Sledimo na\u010delom odli\u010dne kakovosti in se zana\u0161amo na strategijo upravljanja industrijske proizvodnje, ki temelji na sofisticirani proizvodni delavnici. Na\u0161e podjetje nenehno izbolj\u0161uje svoje proizvodne platforme, izpopolnjuje proizvodne linije za kakovost izdelkov ter ima mo\u010dne ustvarjalne in u\u010dinkovite zmogljivosti za zadovoljevanje raznolikih potreb strank. Ponujamo profesionalne, mednarodne in prilagojene storitve, imamo napredno proizvodno opremo in zagotavljamo poprodajne storitve.<\/p>\n<p><img decoding=\"async\" src=\"https:\/\/hzpt.com\/wp-content\/uploads\/2024\/11\/songte-company-1.webp\" alt=\"Slika podjetja\"><\/p>\n<p>Na\u0161e podjetje ponuja tudi:<\/p>\n<ul>\n<li>Profesionalnost: Imamo ekipo strokovnjakov z dolgoletnimi izku\u0161njami na podro\u010dju hidravli\u010dnih cilindrov.<\/li>\n<li>Mednarodni certifikat: Na\u0161i izdelki so prejeli mednarodne certifikate, kot sta CE in ISO.<\/li>\n<li>Storitve prilagajanja: Ponujamo re\u0161itve hidravli\u010dnih cilindrov po meri, ki ustrezajo specifi\u010dnim zahtevam strank.<\/li>\n<li>Proizvodna oprema: Imamo napredno proizvodno opremo, kot so CNC stroji, varilni stroji in stroji za honanje.<\/li>\n<li>Poprodajne storitve: Nudimo poprodajne storitve, vklju\u010dno s popravili in zamenjavo delov.<\/li>\n<\/ul>\n<p>Avtor: lyl.<\/p>","protected":false},"excerpt":{"rendered":"<p>Bucket Cylinder For World Small Excavator W235 Introduction The bucket cylinder, also known as a hydraulic cylinder, is a specially designed hydraulic actuator that primarily controls the movement of the bucket in heavy machinery such as excavators, backhoes, and front loaders. Its main function is to lift, lower and tilt the bucket, making it easier [&hellip;]<\/p>","protected":false},"featured_media":14782,"comment_status":"open","ping_status":"closed","template":"","meta":{"_et_pb_use_builder":"","_et_pb_old_content":"","_et_gb_content_width":""},"product_brand":[],"product_cat":[1494],"product_tag":[1495,1496],"class_list":{"0":"post-15737","1":"product","2":"type-product","3":"status-publish","4":"has-post-thumbnail","6":"product_cat-bucket-cylinders","7":"product_tag-bucket-cylinders","8":"product_tag-hydraulic-cylinders","10":"first","11":"instock","12":"shipping-taxable","13":"product-type-simple"},"amp_enabled":true,"_links":{"self":[{"href":"https:\/\/www.hydraulic-cylinders.net\/sl\/wp-json\/wp\/v2\/product\/15737","targetHints":{"allow":["GET"]}}],"collection":[{"href":"https:\/\/www.hydraulic-cylinders.net\/sl\/wp-json\/wp\/v2\/product"}],"about":[{"href":"https:\/\/www.hydraulic-cylinders.net\/sl\/wp-json\/wp\/v2\/types\/product"}],"replies":[{"embeddable":true,"href":"https:\/\/www.hydraulic-cylinders.net\/sl\/wp-json\/wp\/v2\/comments?post=15737"}],"wp:featuredmedia":[{"embeddable":true,"href":"https:\/\/www.hydraulic-cylinders.net\/sl\/wp-json\/wp\/v2\/media\/14782"}],"wp:attachment":[{"href":"https:\/\/www.hydraulic-cylinders.net\/sl\/wp-json\/wp\/v2\/media?parent=15737"}],"wp:term":[{"taxonomy":"product_brand","embeddable":true,"href":"https:\/\/www.hydraulic-cylinders.net\/sl\/wp-json\/wp\/v2\/product_brand?post=15737"},{"taxonomy":"product_cat","embeddable":true,"href":"https:\/\/www.hydraulic-cylinders.net\/sl\/wp-json\/wp\/v2\/product_cat?post=15737"},{"taxonomy":"product_tag","embeddable":true,"href":"https:\/\/www.hydraulic-cylinders.net\/sl\/wp-json\/wp\/v2\/product_tag?post=15737"}],"curies":[{"name":"delovni list","href":"https:\/\/api.w.org\/{rel}","templated":true}]}}