{"id":15739,"date":"2025-01-19T14:54:52","date_gmt":"2025-01-19T14:54:52","guid":{"rendered":"https:\/\/www.hydraulic-cylinders.net\/product\/bucket-cylinder-for-world-small-excavator-w265e-8\/"},"modified":"2025-01-19T14:54:54","modified_gmt":"2025-01-19T14:54:54","slug":"bucket-cylinder-for-world-small-excavator-w265e-8","status":"publish","type":"product","link":"https:\/\/www.hydraulic-cylinders.net\/sl\/izdelek\/bucket-cylinder-for-world-small-excavator-w265e-8\/","title":{"rendered":"Cilinder \u017elice za svetovni mali bager W265E-8"},"content":{"rendered":"<p><!DOCTYPE html><br \/>\n<html><br \/>\n<head><br \/>\n<title>Cilinder \u017elice za svetovni mali bager W265E-8<\/title><br \/>\n<\/head><br \/>\n<body><\/p>\n<h1>Cilinder \u017elice za svetovni mali bager W265E-8<\/h1>\n<h2>Uvod<\/h2>\n<p>Hidravli\u010dni valj \u017elice je posebej zasnovan hidravli\u010dni valj, ki se uporablja za krmiljenje gibanja \u017elice v te\u017ekih strojih, kot so bagri, bagri nakladalniki in \u010delni nakladalniki. Njegova glavna funkcija je omogo\u010danje dvigovanja, spu\u0161\u010danja in nagibanja \u017elice, zaradi \u010desar je primeren za razli\u010dna opravila ravnanja z materiali. V hidravli\u010dnih sistemih valj \u017elice dose\u017ee natan\u010den nadzor nad \u017elico z izkori\u0161\u010danjem sprememb tlaka hidravli\u010dnega olja, kar omogo\u010da upravljavcem u\u010dinkovito ravnanje s te\u017ekimi bremeni in prilagajanje kompleksnim delovnim okoljem ter raznolikim zahtevam dela.<\/p>\n<p><img decoding=\"async\" src=\"https:\/\/www.hydraulic-cylinders.net\/wp-content\/uploads\/2025\/01\/songte-company-2.webp\" alt=\"Slika valjaste \u017elice\"><\/p>\n<h2>Zna\u010dilnosti<\/h2>\n<ul>\n<li>Visoka trdnost in vzdr\u017eljivost: Obi\u010dajno so izdelani iz visoko trdnega jekla ali aluminija, sposobni prenesti visok tlak in velike obremenitve, se prilagajajo te\u017ekim delovnim pogojem in so zasnovani z upo\u0161tevanjem odpornosti proti obrabi in koroziji za podalj\u0161anje \u017eivljenjske dobe.<\/li>\n<li>U\u010dinkovito hidravli\u010dno delovanje: Izkori\u0161\u010da tlak hidravli\u010dnega olja za doseganje gladkega iztegovanja in vle\u010denja, kar omogo\u010da hiter odziv na krmilne ukaze in zagotavlja mo\u010dne potisne in vle\u010dne sile, primerne za ravnanje s te\u017ekimi bremeni in kompleksne delovne naloge.<\/li>\n<li>Razli\u010dne vrste: Na voljo so z enosmernim (hidravli\u010dni pogon se uporablja samo v eni smeri) ali dvosmernim (hidravli\u010dni pogon se uporablja v obeh smereh) cilindri glede na zahteve, kar omogo\u010da razli\u010dne operativne potrebe, nekateri modeli pa so teleskopski, kar omogo\u010da ve\u010dji razteg brez pove\u010danja zunanjih dimenzij, primerni za uporabo z omejenim prostorom.<\/li>\n<li>Popolna zamenjava: Na\u0161 izdelek lahko popolnoma nadomesti te hidravli\u010dne cilindre.<\/li>\n<\/ul>\n<p><img decoding=\"async\" src=\"https:\/\/www.hydraulic-cylinders.net\/wp-content\/uploads\/2025\/01\/songte-cylinder-head-with-all-kinds-excavator-models.webp\" alt=\"Slika zamenjave cilindra vedra\"><\/p>\n<h2>Aplikacije<\/h2>\n<h3>Gradbena oprema<\/h3>\n<p>Pri bagrih so klju\u010dni za kopanje, nakladanje in premikanje zemlje ali ru\u0161evin. Pri bagrih nakladalnikih cilinder \u017elice pomaga tako pri izkopavanju kot pri dvigovanju.<\/p>\n<h3>Kmetijska mehanizacija<\/h3>\n<p>Uporablja se v \u010delnih nakladalnikih za zajemanje, dvigovanje in prevoz zemlje, sena in drugih materialov.<\/p>\n<h3>Bagri<\/h3>\n<p>Cilinder \u017elice omogo\u010da kopanje, saj \u017elici omogo\u010da prodiranje v zemljo.<\/p>\n<h3>Nakladalci<\/h3>\n<p>Pri \u010delnih nakladalnikih pomagajo pri u\u010dinkovitem dvigovanju in razkladanju blaga.<\/p>\n<p><img decoding=\"async\" src=\"https:\/\/www.hydraulic-cylinders.net\/wp-content\/uploads\/2025\/01\/songte-oil-pipes-and-spare-parts.webp\" alt=\"Slika uporabe cilindra vedra\"><\/p>\n<h2>Oblikovalski vidiki in izbirna merila<\/h2>\n<ul>\n<li>Nosilnost: Razpravljajte o sposobnosti valja za obdelavo dolo\u010denih klju\u010dnih besed.<\/li>\n<li>Tesnjenje: Pojasnite pomen ustreznega tesnjenja za prepre\u010devanje pu\u0161\u010danja in zagotavljanje u\u010dinkovitega delovanja jeklenke.<\/li>\n<li>Vzdr\u017eljivost: Razpravljajte o sposobnosti valja, da prenese obrabo in korozijo za dolgotrajno uporabo.<\/li>\n<li>Varnost: Poudarite varnostne funkcije, vgrajene v zasnovo cilindra, za za\u0161\u010dito upravljavcev in prepre\u010devanje nesre\u010d.<\/li>\n<li>Vzdr\u017eevanje: Razpravljajte o enostavnosti vzdr\u017eevanja in popravil ter podajte nasvete za redne preglede, mazanje in zamenjavo tesnil.<\/li>\n<\/ul>\n<p><img decoding=\"async\" src=\"https:\/\/www.hydraulic-cylinders.net\/wp-content\/uploads\/2025\/01\/songte-bushings-with-all-kinds-of-excavator-models.webp\" alt=\"Slika zasnove valja vedra\"><\/p>\n<h2>Tesnjenje in mazanje<\/h2>\n<p>Uporabljajo se razli\u010dne tesnilne komponente, kot so tesnila bata in ojnice, izdelane iz materialov, odpornih proti obrabi, kot sta poliuretan in nitrilna guma. Telo valja in navojni konci so fino obdelani za pove\u010danje odpornosti proti obrabi. Za nemoteno delovanje je potrebno redno mazanje z ustrezno koli\u010dino hidravli\u010dnega olja.<\/p>\n<h2>Pregled in preventivno vzdr\u017eevanje<\/h2>\n<p>Redni pregledi in preventivno vzdr\u017eevanje so bistveni za zagotovitev optimalne zmogljivosti in dolge \u017eivljenjske dobe cilindra vedra. Nekateri priporo\u010deni ukrepi vklju\u010dujejo:<\/p>\n<ul>\n<li>Redno preverjanje morebitnih znakov pu\u0161\u010danja ali po\u0161kodb<\/li>\n<li>Pravilno mazanje v predpisanih intervalih<\/li>\n<li>Zamenjava tesnil po potrebi<\/li>\n<li>Kalibracijski pregledi za natan\u010dno delovanje<\/li>\n<\/ul>\n<p><img decoding=\"async\" src=\"https:\/\/www.hydraulic-cylinders.net\/wp-content\/uploads\/2025\/01\/songte-chushion-collar.webp\" alt=\"Slika vzdr\u017eevanja cilindra vedra\"><\/p>\n<h2>Varnostni vidiki in okoljski dejavniki<\/h2>\n<p>Pri uporabi cilindra z \u017elico je klju\u010dnega pomena dati prednost varnostnim ukrepom za za\u0161\u010dito upravljavcev in prepre\u010devanje nesre\u010d. Pomembni dejavniki, ki jih je treba upo\u0161tevati, so ustrezno usposabljanje, upo\u0161tevanje ustreznih postopkov delovanja in uporaba ustrezne varnostne opreme. Poleg tega lahko upo\u0161tevanje okoljskih dejavnikov, kot sta zmanj\u0161anje hrupa in energetska u\u010dinkovitost, prispeva k bolj trajnostnemu delovanju.<\/p>\n<h2>Odpravljanje te\u017eav in pogoste te\u017eave<\/h2>\n<p>Pogovorite se o pogostih nasvetih za odpravljanje te\u017eav in ponudite re\u0161itve za pogoste te\u017eave, s katerimi se lahko uporabniki sre\u010dajo pri uporabi cilindra z \u017elico. Ponudite preventivne ukrepe za zmanj\u0161anje morebitnih te\u017eav.<\/p>\n<p><img decoding=\"async\" src=\"https:\/\/www.hydraulic-cylinders.net\/wp-content\/uploads\/2025\/01\/songte-bushings-with-all-kinds-of-excavator-models.webp\" alt=\"Slika odpravljanja te\u017eav z valjem \u017elice\"><\/p>\n<h2>Zaklju\u010dek<\/h2>\n<p>Na\u0161e podjetje je vodilni proizvajalec in veleprodajni distributer hidravli\u010dnih cilindrov na doma\u010dem in mednarodnem trgu. Dajemo prednost odli\u010dni kakovosti in v na\u0161ih naprednih proizvodnih delavnicah izvajamo strategije industrijskega upravljanja proizvodnje. Z na\u0161im tehni\u010dnim znanjem, najsodobnej\u0161o proizvodno opremo in profesionalnimi sistemi za testiranje nenehno izbolj\u0161ujemo na\u0161o proizvodno platformo in proizvodne poti za zagotavljanje kakovosti izdelkov. Imamo veliko zmogljivost, da zadovoljimo raznolike potrebe strank z visoko u\u010dinkovitostjo, natan\u010dnostjo in kakovostjo.<\/p>\n<p><img decoding=\"async\" src=\"https:\/\/www.hydraulic-cylinders.net\/wp-content\/uploads\/2025\/01\/songte-company-3.webp\" alt=\"Slika podjetja\"><\/p>\n<h3>Pregled podjetja<\/h3>\n<ul>\n<li>Profesionalnost<\/li>\n<li>Mednarodni certifikati<\/li>\n<li>Storitve prilagajanja<\/li>\n<li>Proizvodna oprema<\/li>\n<li>Poprodajne storitve<\/li>\n<\/ul>\n<p>Avtor: lyl<\/p>\n<p><\/body><br \/>\n<\/html><\/p>","protected":false},"excerpt":{"rendered":"<p>Bucket Cylinder For World Small Excavator W265E-8 Bucket Cylinder For World Small Excavator W265E-8 Introduction The bucket cylinder is a specially designed hydraulic cylinder used to control the movement of the bucket in heavy machinery such as excavators, backhoe loaders, and front loaders. Its primary function is to enable the lifting, lowering, and tilting of [&hellip;]<\/p>","protected":false},"featured_media":14778,"comment_status":"open","ping_status":"closed","template":"","meta":{"_et_pb_use_builder":"","_et_pb_old_content":"","_et_gb_content_width":""},"product_brand":[],"product_cat":[1494],"product_tag":[1495,1496],"class_list":{"0":"post-15739","1":"product","2":"type-product","3":"status-publish","4":"has-post-thumbnail","6":"product_cat-bucket-cylinders","7":"product_tag-bucket-cylinders","8":"product_tag-hydraulic-cylinders","10":"first","11":"instock","12":"shipping-taxable","13":"product-type-simple"},"amp_enabled":true,"_links":{"self":[{"href":"https:\/\/www.hydraulic-cylinders.net\/sl\/wp-json\/wp\/v2\/product\/15739","targetHints":{"allow":["GET"]}}],"collection":[{"href":"https:\/\/www.hydraulic-cylinders.net\/sl\/wp-json\/wp\/v2\/product"}],"about":[{"href":"https:\/\/www.hydraulic-cylinders.net\/sl\/wp-json\/wp\/v2\/types\/product"}],"replies":[{"embeddable":true,"href":"https:\/\/www.hydraulic-cylinders.net\/sl\/wp-json\/wp\/v2\/comments?post=15739"}],"wp:featuredmedia":[{"embeddable":true,"href":"https:\/\/www.hydraulic-cylinders.net\/sl\/wp-json\/wp\/v2\/media\/14778"}],"wp:attachment":[{"href":"https:\/\/www.hydraulic-cylinders.net\/sl\/wp-json\/wp\/v2\/media?parent=15739"}],"wp:term":[{"taxonomy":"product_brand","embeddable":true,"href":"https:\/\/www.hydraulic-cylinders.net\/sl\/wp-json\/wp\/v2\/product_brand?post=15739"},{"taxonomy":"product_cat","embeddable":true,"href":"https:\/\/www.hydraulic-cylinders.net\/sl\/wp-json\/wp\/v2\/product_cat?post=15739"},{"taxonomy":"product_tag","embeddable":true,"href":"https:\/\/www.hydraulic-cylinders.net\/sl\/wp-json\/wp\/v2\/product_tag?post=15739"}],"curies":[{"name":"delovni list","href":"https:\/\/api.w.org\/{rel}","templated":true}]}}