{"id":15743,"date":"2025-01-19T14:55:09","date_gmt":"2025-01-19T14:55:09","guid":{"rendered":"https:\/\/www.hydraulic-cylinders.net\/product\/bucket-cylinder-for-world-middle-excavator-w2225lc-8\/"},"modified":"2025-01-19T14:55:14","modified_gmt":"2025-01-19T14:55:14","slug":"bucket-cylinder-for-world-middle-excavator-w2225lc-8","status":"publish","type":"product","link":"https:\/\/www.hydraulic-cylinders.net\/sl\/izdelek\/bucket-cylinder-for-world-middle-excavator-w2225lc-8\/","title":{"rendered":"Cilinder \u017elice za bager World Middle W2225LC-8"},"content":{"rendered":"<h1>Cilinder \u017elice za bager World Middle W2225LC-8<\/h1>\n<h2>Uvod<\/h2>\n<p>Hidravli\u010dni cilinder \u017elice za bager World Middle Excavator W2225LC-8 je posebej zasnovan hidravli\u010dni cilinder, ki se uporablja za krmiljenje gibanja \u017elic v te\u017ekih strojih, kot so bagri, bagri z nakladalniki in \u010delni nakladalniki. Njegova glavna funkcija je omogo\u010danje dvigovanja, spu\u0161\u010danja in nagibanja \u017elice, kar olaj\u0161a opravljanje razli\u010dnih nalog ravnanja z materiali. V hidravli\u010dnem sistemu cilinder \u017elice dose\u017ee natan\u010den nadzor nad \u017elico s spremembami tlaka hidravli\u010dnega olja, kar omogo\u010da upravljavcem u\u010dinkovito ravnanje s te\u017ekimi bremeni in prilagajanje kompleksnim delovnim okoljem ter raznolikim zahtevam dela.<\/p>\n<p><img decoding=\"async\" src=\"https:\/\/www.hydraulic-cylinders.net\/wp-content\/uploads\/2025\/01\/songte-company-2.webp\"><\/p>\n<h2>Zna\u010dilnosti<\/h2>\n<ul>\n<li>Visoka trdnost in vzdr\u017eljivost: Obi\u010dajno so izdelani iz visoko trdnega jekla ali aluminija, sposobni prenesti visok tlak in velike obremenitve ter zasnovani z upo\u0161tevanjem odpornosti proti obrabi in koroziji za podalj\u0161anje \u017eivljenjske dobe.<\/li>\n<li>U\u010dinkovito hidravli\u010dno delovanje: Gladko raztezanje in kr\u010denje, dose\u017eeno s tlakom hidravli\u010dnega olja, hiter odziv na krmilne ukaze, zagotavlja mo\u010dno potisno in vle\u010dno silo, primerno za ravnanje s te\u017ekimi bremeni in kompleksne delovne naloge.<\/li>\n<li>Razli\u010dne vrste: Enojno delujo\u010di (hidravlika se uporablja samo v eni smeri) ali dvostransko delujo\u010di (hidravlika se uporablja v obeh smereh) cilindri se lahko izberejo glede na potrebe za izpolnjevanje razli\u010dnih obratovalnih zahtev. Nekateri modeli so teleskopski, kar omogo\u010da ve\u010dji razteg brez pove\u010danja zunanjih dimenzij, primerni za uporabo z omejenim prostorom.<\/li>\n<li>Enostavna zamenjava: Na\u0161 izdelek lahko popolnoma nadomesti te hidravli\u010dne cilindre.<\/li>\n<\/ul>\n<p><img decoding=\"async\" src=\"https:\/\/www.hydraulic-cylinders.net\/wp-content\/uploads\/2025\/01\/songte-cylinder-head-with-all-kinds-excavator-models.webp\"><\/p>\n<h2>Aplikacije<\/h2>\n<p>Cilinder \u017elice se pogosto uporablja v gradbeni opremi, kot so bagri, bagri z nakladalnimi ko\u0161arami in \u010delni nakladalniki. Tukaj je nekaj primerov:<\/p>\n<h3>Gradbena oprema<\/h3>\n<ul>\n<li><strong>Bagri:<\/strong> Cilindri \u017elice pomagajo dose\u010di kopanje, saj omogo\u010dajo, da \u017elica prodre v zemljo.<\/li>\n<li><strong>Bagri z nakladalno \u017elico:<\/strong> Cilinder \u017elice pomaga pri kopanju in dvigovanju.<\/li>\n<li><strong>\u010celni nakladalniki:<\/strong> Valji z \u017elico u\u010dinkovito pomagajo pri dvigovanju in odlaganju materialov.<\/li>\n<\/ul>\n<h3>Kmetijska mehanizacija<\/h3>\n<ul>\n<li><strong>\u010celni nakladalniki:<\/strong> Uporablja se za nakladanje, dvigovanje in prevoz zemlje, sena in drugih materialov.<\/li>\n<\/ul>\n<h2>Oblikovalski vidiki in izbirna merila<\/h2>\n<p>Zasnova cilindra \u017elice upo\u0161teva ve\u010d dejavnikov, ki zagotavljajo optimalno delovanje. Tukaj je nekaj bistvenih na\u010drtovalnih premislekov in izbirnih meril:<\/p>\n<h3>Nosilnost<\/h3>\n<p>Jeklenka mora biti sposobna prenesti visok tlak in velike obremenitve.<\/p>\n<h3>Tesnjenje<\/h3>\n<p>Jeklenka mora biti zasnovana z visokokakovostnimi tesnili, ki lahko prepre\u010dijo pu\u0161\u010danje olja in zagotovijo nemoteno delovanje jeklenke.<\/p>\n<h3>Vzdr\u017eljivost<\/h3>\n<p>Jeklenka mora biti odporna proti obrabi in koroziji ter sposobna prenesti zahtevna delovna okolja.<\/p>\n<h3>Varnost<\/h3>\n<p>Jeklenka mora biti zasnovana tako, da se \u010dim bolj zmanj\u0161a tveganje nesre\u010d zaradi okvare jeklenke.<\/p>\n<h3>Vzdr\u017eevanje<\/h3>\n<p>Jeklenka mora biti zasnovana tako, da je vzdr\u017eevanje in popravilo \u010dim bolj enostavno.<\/p>\n<p><img decoding=\"async\" src=\"https:\/\/www.hydraulic-cylinders.net\/wp-content\/uploads\/2025\/01\/songte-oil-pipes-and-spare-parts.webp\"><\/p>\n<h2>Tesnjenje in mazanje<\/h2>\n<p>Valj \u017elice uporablja razli\u010dna tesnila, kot so tesnila bata, tesnila palic in druga, izdelana iz materialov, odpornih proti obrabi, kot sta poliuretan in nitrilna guma, pri \u010demer je povr\u0161ina valja in navojni konci fino obdelani za izbolj\u0161anje odpornosti proti obrabi. Za nemoteno delovanje je potrebno redno mazanje s hidravli\u010dnim oljem.<\/p>\n<h2>Vzdr\u017eevanje in preventivni ukrepi<\/h2>\n<p>Redni pregledi, pravilno mazanje, zamenjava tesnil in preverjanje kalibracije so pogosta vzdr\u017eevalna opravila, ki lahko pomagajo podalj\u0161ati \u017eivljenjsko dobo jeklenke. Pravilna namestitev, mazanje in nastavitev so klju\u010dnega pomena, med namestitvijo pa je treba zagotoviti ustrezna navodila za poravnavo. Priporo\u010dljiva je uporaba ustreznih monta\u017enih nosilcev za pritrditev jeklenke, za podalj\u0161anje \u017eivljenjske dobe izdelka pa je treba vzpostaviti programe preverjanja, popravila in zamenjave delov. <\/p>\n<p><img decoding=\"async\" src=\"https:\/\/www.hydraulic-cylinders.net\/wp-content\/uploads\/2025\/01\/songte-chushion-collar.webp\"><\/p>\n<h2>Varnostni in okoljski vidiki<\/h2>\n<p>Valj \u017elice mora biti name\u0161\u010den in uporabljen v skladu z varnostnimi predpisi, da se prepre\u010dijo nesre\u010de. Za pravilno odstranjevanje hidravli\u010dnega olja in drugih komponent je treba poskrbeti za ustrezno previdnost.<\/p>\n<h2>Odpravljanje te\u017eav in pogoste te\u017eave<\/h2>\n<p>Pogoste te\u017eave z cilindri \u017elic vklju\u010dujejo pu\u0161\u010danje, nepravilno poravnavo in obrabljena tesnila. Pravilno vzdr\u017eevanje in pregled lahko prepre\u010dita nastanek teh te\u017eav.<\/p>\n<h2>Predstavitev podjetja<\/h2>\n<p>Smo proizvajalec nadomestnih hidravli\u010dnih cilindrov, ki ponuja celotno paleto izdelkov in storitev ter postaja eden vodilnih proizvajalcev in veletrgovcev s hidravli\u010dnimi cilindri na doma\u010dem in mednarodnem trgu. Dr\u017eimo se na\u010dela odli\u010dne kakovosti, se zana\u0161amo na strategijo upravljanja proizvodnje v industrijskih delavnicah, nenehno izbolj\u0161ujemo proizvodno platformo, izbolj\u0161ujemo proizvodne linije za kakovost izdelkov in imamo mo\u010dno proizvodno zmogljivost, da zadovoljimo raznolike potrebe strank z visoko u\u010dinkovitostjo, visoko natan\u010dnostjo in visoko kakovostjo. <\/p>\n<p>Ponujamo profesionalne, mednarodno certificirane, prilagojene storitve ter napredno proizvodno opremo in profesionalne sisteme testiranja ter dobro poprodajno ekipo, ki zagotavlja zadovoljstvo strank.<\/p>\n<p><img decoding=\"async\" src=\"https:\/\/hzpt.com\/wp-content\/uploads\/2024\/11\/songte-company-1.webp\"><\/p>\n<p>Avtor: lyl.<\/p>","protected":false},"excerpt":{"rendered":"<p>Bucket Cylinder For World Middle Excavator W2225LC-8 Introduction The Bucket Cylinder for World Middle Excavator W2225LC-8 is a specially designed hydraulic cylinder used to control the movement of buckets in heavy machinery such as excavators, backhoe excavators, and front-end loaders. Its main function is to enable the bucket to lift, lower, and tilt, making it [&hellip;]<\/p>","protected":false},"featured_media":14769,"comment_status":"open","ping_status":"closed","template":"","meta":{"_et_pb_use_builder":"","_et_pb_old_content":"","_et_gb_content_width":""},"product_brand":[],"product_cat":[1494],"product_tag":[1495,1496],"class_list":{"0":"post-15743","1":"product","2":"type-product","3":"status-publish","4":"has-post-thumbnail","6":"product_cat-bucket-cylinders","7":"product_tag-bucket-cylinders","8":"product_tag-hydraulic-cylinders","10":"first","11":"instock","12":"shipping-taxable","13":"product-type-simple"},"amp_enabled":true,"_links":{"self":[{"href":"https:\/\/www.hydraulic-cylinders.net\/sl\/wp-json\/wp\/v2\/product\/15743","targetHints":{"allow":["GET"]}}],"collection":[{"href":"https:\/\/www.hydraulic-cylinders.net\/sl\/wp-json\/wp\/v2\/product"}],"about":[{"href":"https:\/\/www.hydraulic-cylinders.net\/sl\/wp-json\/wp\/v2\/types\/product"}],"replies":[{"embeddable":true,"href":"https:\/\/www.hydraulic-cylinders.net\/sl\/wp-json\/wp\/v2\/comments?post=15743"}],"wp:featuredmedia":[{"embeddable":true,"href":"https:\/\/www.hydraulic-cylinders.net\/sl\/wp-json\/wp\/v2\/media\/14769"}],"wp:attachment":[{"href":"https:\/\/www.hydraulic-cylinders.net\/sl\/wp-json\/wp\/v2\/media?parent=15743"}],"wp:term":[{"taxonomy":"product_brand","embeddable":true,"href":"https:\/\/www.hydraulic-cylinders.net\/sl\/wp-json\/wp\/v2\/product_brand?post=15743"},{"taxonomy":"product_cat","embeddable":true,"href":"https:\/\/www.hydraulic-cylinders.net\/sl\/wp-json\/wp\/v2\/product_cat?post=15743"},{"taxonomy":"product_tag","embeddable":true,"href":"https:\/\/www.hydraulic-cylinders.net\/sl\/wp-json\/wp\/v2\/product_tag?post=15743"}],"curies":[{"name":"delovni list","href":"https:\/\/api.w.org\/{rel}","templated":true}]}}