{"id":15745,"date":"2025-01-19T14:55:20","date_gmt":"2025-01-19T14:55:20","guid":{"rendered":"https:\/\/www.hydraulic-cylinders.net\/product\/bucket-cylinder-for-world-middle-excavator-w2260lc-8\/"},"modified":"2025-01-19T14:55:23","modified_gmt":"2025-01-19T14:55:23","slug":"bucket-cylinder-for-world-middle-excavator-w2260lc-8","status":"publish","type":"product","link":"https:\/\/www.hydraulic-cylinders.net\/sl\/izdelek\/bucket-cylinder-for-world-middle-excavator-w2260lc-8\/","title":{"rendered":"Cilinder \u017elice za bager World Middle W2260LC-8"},"content":{"rendered":"<h1> Cilinder \u017elice za bager World Middle W2260LC-8 <\/h1>\n<h2>Uvod<\/h2>\n<p>Hidravli\u010dni valj \u017elice je posebej zasnovan hidravli\u010dni valj, ki se uporablja predvsem za nadzor gibanja \u017elice v te\u017ekih strojih, kot so bagri, bagri z nakladalnimi ko\u0161arami in \u010delni nakladalniki. Njegova glavna funkcija je omogo\u010diti dvigovanje, spu\u0161\u010danje in nagibanje \u017elice, kar olaj\u0161a opravljanje razli\u010dnih nalog ravnanja z materiali. V hidravli\u010dnem sistemu valj \u017elice dose\u017ee natan\u010den nadzor gibanja \u017elice s spremembami tlaka hidravli\u010dnega olja, kar upravljavcem omogo\u010da u\u010dinkovito ravnanje s te\u017ekimi predmeti, prilagajanje kompleksnim delovnim okoljem in izpolnjevanje raznolikih zahtev dela.<\/p>\n<p><img loading=\"lazy\" decoding=\"async\" src=\"https:\/\/www.hydraulic-cylinders.net\/wp-content\/uploads\/2025\/01\/songte-company-2.webp\" alt=\"Cilinder \u017elice za bager World Middle W2260LC-8\" width=\"500\" height=\"300\"><\/p>\n<h2>Zna\u010dilnosti<\/h2>\n<ul>\n<li>Visoka trdnost in vzdr\u017eljivost: Obi\u010dajno je izdelan iz visoko trdnega jekla ali aluminija, lahko prenese visok tlak in velike obremenitve, se prilagodi zahtevnim delovnim okoljem ter pri zasnovi upo\u0161teva odpornost proti obrabi in koroziji za podalj\u0161anje \u017eivljenjske dobe.<\/li>\n<li>U\u010dinkovito hidravli\u010dno delovanje: Gladko raztezanje in kr\u010denje se dose\u017ee s hidravli\u010dnim tlakom olja, ki zagotavlja mo\u010dne potisne in vle\u010dne sile, primerne za ravnanje s te\u017ekimi predmeti in kompleksne delovne naloge.<\/li>\n<li>Razli\u010dne vrste: Enojno delujo\u010di (hidravli\u010dni, ki se uporabljajo samo v eni smeri) ali dvostransko delujo\u010di (hidravli\u010dni, ki se uporabljajo v dveh smereh) cilindri se lahko izberejo glede na potrebe in izpolnijo razli\u010dne operativne zahteve. Nekateri modeli so teleskopski, kar omogo\u010da ve\u010dji razteg brez pove\u010danja zunanjih dimenzij, primerni za uporabo z omejenim prostorom.<\/li>\n<li>Na\u0161i izdelki lahko popolnoma nadomestijo te hidravli\u010dne cilindre.<\/li>\n<li>Prilagodljivo glede na zahteve strank.<\/li>\n<\/ul>\n<p><img loading=\"lazy\" decoding=\"async\" src=\"https:\/\/www.hydraulic-cylinders.net\/wp-content\/uploads\/2025\/01\/songte-cylinder-head-with-all-kinds-excavator-models.webp\" alt=\"Cilinder \u017elice za bager World Middle W2260LC-8\" width=\"500\" height=\"300\"><\/p>\n<h2>Aplikacije<\/h2>\n<p>Vedro valja se pogosto uporablja v razli\u010dnih panogah, vklju\u010dno z, vendar ne omejeno na:<\/p>\n<ul>\n<li>Gradbena oprema: Pri bagrih so klju\u010dnega pomena za izkopavanje, nakladanje in premikanje zemlje ali ru\u0161evin. Pri bagrih z nakladalno glavo cilinder \u017elice pomaga tako pri kopanju kot dvigovanju. <\/li>\n<li>Kmetijski stroji: Uporabljajo se za \u010delne nakladalnike, zajemanje, dvigovanje in prevoz zemlje, sena in drugih materialov. <\/li>\n<li>Bagri: Cilindri \u017elice omogo\u010dajo kopanje tako, da \u017elica prodre v zemljo. <\/li>\n<li>Nakladalniki: Pri \u010delnih nakladalnikih pomagajo pri u\u010dinkovitem dvigovanju in nagibanju tovora. <\/li>\n<\/ul>\n<h2>Oblikovalski vidiki in izbirna merila<\/h2>\n<ul>\n<li>Nosilnost: Valji z \u017elico morajo biti sposobni prenesti visok tlak in velike obremenitve.<\/li>\n<li>Tesnjenje: Uporabljajo se razli\u010dna tesnila, kot so tesnila bata, tesnila ojnic itd. Tesnila so izdelana iz materialov, odpornih proti obrabi, kot so poliuretan, nitrilna guma itd. <\/li>\n<li>Vzdr\u017eljivost: Ohi\u0161je valja in navojne kon\u010dne povr\u0161ine so fino obdelane za izbolj\u0161anje odpornosti proti obrabi.<\/li>\n<li>Varnost: Valji z vedrom morajo imeti varnostne elemente, kot so tla\u010dni varnostni ventili in mehanizmi za zaklepanje, da se prepre\u010dijo nesre\u010de.<\/li>\n<li>Vzdr\u017eevanje: Za zagotovitev u\u010dinkovitega in varnega delovanja je potrebno pravilno vzdr\u017eevanje in pregledovanje, vklju\u010dno z rednim mazanjem, zamenjavo tesnil in preverjanjem kalibracije.<\/li>\n<\/ul>\n<p><img loading=\"lazy\" decoding=\"async\" src=\"https:\/\/www.hydraulic-cylinders.net\/wp-content\/uploads\/2025\/01\/songte-oil-pipes-and-spare-parts.webp\" alt=\"Cilinder \u017elice za bager World Middle W2260LC-8\" width=\"500\" height=\"300\"><\/p>\n<h2>Tesnilo in mazanje<\/h2>\n<p>Za zagotovitev, da hidravli\u010dno olje ostane v valju, hkrati pa se prepre\u010di vdor onesna\u017eevalcev vanj, se uporabljajo razli\u010dna tesnila. Tesnila bata in ojnice so izdelana iz materialov, odpornih proti obrabi, kot sta poliuretan in nitrilna guma. Telo valja in navojne kon\u010dne povr\u0161ine so fino obdelane za izbolj\u0161anje odpornosti proti obrabi. Za zagotovitev nemotenega delovanja in prepre\u010devanje obrabe tesnil je potrebno redno mazanje z ustreznim hidravli\u010dnim oljem.<\/p>\n<h2>Redni pregledi in preventivno vzdr\u017eevanje<\/h2>\n<p>Redni pregledi in preventivno vzdr\u017eevanje so potrebni za zagotovitev u\u010dinkovitega in varnega delovanja cilindrov z \u017elico. Pogosta vzdr\u017eevalna opravila vklju\u010dujejo mazanje, zamenjavo tesnil in preverjanje kalibracije. Pomembno je, da jeklenko pravilno namestite, jo pravilno poravnate in uporabite ustrezne nosilce za pritrditev jeklenke. Upo\u0161tevajte priporo\u010dene postopke pregledov, popravil in zamenjav proizvajalca. Za podalj\u0161anje \u017eivljenjske dobe cilindra z \u017elico so na voljo nadomestni deli in storitve obnove. <\/p>\n<p><img loading=\"lazy\" decoding=\"async\" src=\"https:\/\/www.hydraulic-cylinders.net\/wp-content\/uploads\/2025\/01\/songte-chushion-collar.webp\" alt=\"Cilinder \u017elice za bager World Middle W2260LC-8\" width=\"500\" height=\"300\"><\/p>\n<h2>Varnostni in okoljski vidiki<\/h2>\n<p>Valje z \u017elico je treba upravljati varno, z ustreznimi varnostnimi funkcijami, kot so tla\u010dni varnostni ventili in zaklepni mehanizmi, da se prepre\u010dijo nesre\u010de. Pravilno odstranjevanje rabljenega hidravli\u010dnega olja in valjev je nujno za prepre\u010devanje okoljske \u0161kode.<\/p>\n<h2>Pogoste te\u017eave in odpravljanje te\u017eav<\/h2>\n<p>Pogoste te\u017eave z cilindri \u017elice vklju\u010dujejo pu\u0161\u010danje, po\u0161kodbe tesnil in po\u0161kodbe bata. Odpravljanje te\u017eav lahko vklju\u010duje pregled tesnil in bata, preverjanje nivoja in tlaka hidravli\u010dne teko\u010dine ter iskanje znakov obrabe in po\u0161kodb. Preventivni ukrepi, kot sta redno vzdr\u017eevanje in pregled, lahko pomagajo zmanj\u0161ati te\u017eave.<\/p>\n<p><img loading=\"lazy\" decoding=\"async\" src=\"https:\/\/www.hydraulic-cylinders.net\/wp-content\/uploads\/2025\/01\/songte-bushings-with-all-kinds-of-excavator-models.webp\" alt=\"Cilinder \u017elice za bager World Middle W2260LC-8\" width=\"500\" height=\"300\"><\/p>\n<h2>O na\u0161em podjetju<\/h2>\n<p>Smo proizvajalec nadomestnih hidravli\u010dnih cilindrov in ponujamo \u0161iroko paleto izdelkov. Smo eden vodilnih proizvajalcev in veletrgovcev s hidravli\u010dnimi cilindri na doma\u010dem in mednarodnem trgu. Dr\u017eimo se na\u010dela odli\u010dne kakovosti in se zana\u0161amo na industrializirane strategije upravljanja proizvodnje v finih proizvodnih delavnicah, pri \u010demer uporabljamo tehnolo\u0161ke talente, vrhunsko digitalno proizvodno opremo in profesionalne sisteme testiranja za nenehno izbolj\u0161evanje proizvodne platforme delavnice. Imamo trdne ustvarjalne sposobnosti in zagotavljamo u\u010dinkovita, natan\u010dna in visokokakovostna na\u010dela za zadovoljevanje raznolikih potreb strank.<\/p>\n<p><img loading=\"lazy\" decoding=\"async\" src=\"https:\/\/hzpt.com\/wp-content\/uploads\/2024\/11\/songte-company-1.webp\" alt=\"Cilinder \u017elice za bager World Middle W2260LC-8\" width=\"500\" height=\"300\"><\/p>\n<h3>Profesionalnost:<\/h3>\n<p>Na\u0161a ekipa je sestavljena iz visoko usposobljenih in izku\u0161enih strokovnjakov, ki lahko ponudijo prilagojene re\u0161itve, ki ustrezajo va\u0161im potrebam. <\/p>\n<h3>Mednarodno certificiranje:<\/h3>\n<p>Na\u0161i izdelki so certificirani po mednarodnih standardih, kot sta ISO9001 in CE. <\/p>\n<h3>Storitve prilagajanja:<\/h3>\n<p>Ponujamo vam hidravli\u010dne cilindre po meri in \u017eeljah strank. <\/p>\n<h3>Proizvodna oprema:<\/h3>\n<p>Na\u0161a proizvodna oprema vklju\u010duje napredne CNC stroje in testno opremo, ki zagotavljajo visoko natan\u010dnost in kakovost.<\/p>\n<h3>Poprodajne storitve:<\/h3>\n<p>Na\u0161im strankam nudimo tehni\u010dno podporo, vklju\u010dno z namestitvijo in vzdr\u017eevanjem. Ponujamo tudi garancijo, nadomestne dele in storitve obnove.<\/p>\n<p>Od lyl.<\/p>","protected":false},"excerpt":{"rendered":"<p>Bucket Cylinder For World Middle Excavator W2260LC-8 Introduction A bucket cylinder is a specially designed hydraulic cylinder used mainly to control the movement of the bucket in heavy machinery such as excavators, backhoe excavators, and front-end loaders. Its main function is to enable the bucket to lift, lower, and tilt, making it easier to handle [&hellip;]<\/p>","protected":false},"featured_media":14762,"comment_status":"open","ping_status":"closed","template":"","meta":{"_et_pb_use_builder":"","_et_pb_old_content":"","_et_gb_content_width":""},"product_brand":[],"product_cat":[1494],"product_tag":[1495,1496],"class_list":{"0":"post-15745","1":"product","2":"type-product","3":"status-publish","4":"has-post-thumbnail","6":"product_cat-bucket-cylinders","7":"product_tag-bucket-cylinders","8":"product_tag-hydraulic-cylinders","10":"first","11":"instock","12":"shipping-taxable","13":"product-type-simple"},"amp_enabled":true,"_links":{"self":[{"href":"https:\/\/www.hydraulic-cylinders.net\/sl\/wp-json\/wp\/v2\/product\/15745","targetHints":{"allow":["GET"]}}],"collection":[{"href":"https:\/\/www.hydraulic-cylinders.net\/sl\/wp-json\/wp\/v2\/product"}],"about":[{"href":"https:\/\/www.hydraulic-cylinders.net\/sl\/wp-json\/wp\/v2\/types\/product"}],"replies":[{"embeddable":true,"href":"https:\/\/www.hydraulic-cylinders.net\/sl\/wp-json\/wp\/v2\/comments?post=15745"}],"wp:featuredmedia":[{"embeddable":true,"href":"https:\/\/www.hydraulic-cylinders.net\/sl\/wp-json\/wp\/v2\/media\/14762"}],"wp:attachment":[{"href":"https:\/\/www.hydraulic-cylinders.net\/sl\/wp-json\/wp\/v2\/media?parent=15745"}],"wp:term":[{"taxonomy":"product_brand","embeddable":true,"href":"https:\/\/www.hydraulic-cylinders.net\/sl\/wp-json\/wp\/v2\/product_brand?post=15745"},{"taxonomy":"product_cat","embeddable":true,"href":"https:\/\/www.hydraulic-cylinders.net\/sl\/wp-json\/wp\/v2\/product_cat?post=15745"},{"taxonomy":"product_tag","embeddable":true,"href":"https:\/\/www.hydraulic-cylinders.net\/sl\/wp-json\/wp\/v2\/product_tag?post=15745"}],"curies":[{"name":"delovni list","href":"https:\/\/api.w.org\/{rel}","templated":true}]}}