{"id":15746,"date":"2025-01-19T14:55:24","date_gmt":"2025-01-19T14:55:24","guid":{"rendered":"https:\/\/www.hydraulic-cylinders.net\/product\/bucket-cylinder-for-world-large-excavator-w2500lc-8\/"},"modified":"2025-01-19T14:55:30","modified_gmt":"2025-01-19T14:55:30","slug":"bucket-cylinder-for-world-large-excavator-w2500lc-8","status":"publish","type":"product","link":"https:\/\/www.hydraulic-cylinders.net\/sl\/izdelek\/bucket-cylinder-for-world-large-excavator-w2500lc-8\/","title":{"rendered":"Cilinder \u017elice za svetovni veliki bager W2500LC-8"},"content":{"rendered":"<h1>Cilinder \u017elice za svetovni veliki bager W2500LC-8<\/h1>\n<h2>Uvod<\/h2>\n<p>Hidravli\u010dni valj \u017elice je posebej zasnovan hidravli\u010dni valj, ki se uporablja za krmiljenje gibanja \u017elice v te\u017ekih strojih, kot so bagri, bagri nakladalniki in kolesni nakladalniki. Njegova glavna funkcija je omogo\u010danje dvigovanja, spu\u0161\u010danja in nagibanja \u017elice, kar olaj\u0161a opravljanje razli\u010dnih nalog ravnanja z materiali. V hidravli\u010dnem sistemu valj \u017elice dose\u017ee natan\u010den nadzor nad \u017elico z izkori\u0161\u010danjem sprememb tlaka hidravli\u010dnega olja, kar omogo\u010da upravljavcem u\u010dinkovito ravnanje s te\u017ekimi bremeni in prilagajanje kompleksnim delovnim okoljem ter raznolikim zahtevam dela.<\/p>\n<p><img decoding=\"async\" src=\"https:\/\/www.hydraulic-cylinders.net\/wp-content\/uploads\/2025\/01\/songte-company-2.webp\" alt=\"Slika valjaste \u017elice\"><\/p>\n<h2>Zna\u010dilnosti<\/h2>\n<ul>\n<li><strong>Visoka trdnost in vzdr\u017eljivost:<\/strong> Obi\u010dajno izdelan iz visoko trdnega jekla ali aluminija, je valj z \u017elico odporen na visok tlak in velike obremenitve, zato se prilagaja zahtevnim delovnim okoljem. Njegova zasnova upo\u0161teva odpornost proti obrabi in koroziji, kar podalj\u0161uje njegovo \u017eivljenjsko dobo.<\/li>\n<li><strong>U\u010dinkovito hidravli\u010dno delovanje:<\/strong> Z uporabo tlaka hidravli\u010dnega olja dose\u017ee valj \u017elice gladko iztegovanje in vle\u010denje, kar omogo\u010da hiter odziv na krmilne ukaze in zagotavlja mo\u010dne potisne in vle\u010dne sile, primerne za ravnanje s te\u017ekimi bremeni in kompleksne delovne naloge.<\/li>\n<li><strong>Razli\u010dne vrste:<\/strong> Valj \u017elice je lahko glede na specifi\u010dne operativne potrebe enosmerno delujo\u010d (hidravli\u010dni tlak se uporablja samo v eni smeri) ali dvosmerno delujo\u010d (hidravli\u010dni tlak se uporablja v obeh smereh). Nekateri modeli so teleskopski, kar omogo\u010da ve\u010dji razteg brez pove\u010danja zunanjih dimenzij, primerni za uporabo z omejenim prostorom.<\/li>\n<\/ul>\n<p><img decoding=\"async\" src=\"https:\/\/www.hydraulic-cylinders.net\/wp-content\/uploads\/2025\/01\/songte-cylinder-head-with-all-kinds-excavator-models.webp\" alt=\"Slika zamenjave cilindra vedra\"><\/p>\n<h2>Aplikacije<\/h2>\n<h3>Gradbena oprema<\/h3>\n<p>Pri bagrih je cilinder \u017elice bistvenega pomena za izkopavanje, nakladanje in premikanje zemlje ali ru\u0161evin. Pri bagrih nakladalnikih pomaga tako pri kopanju kot dvigovanju. <\/p>\n<h3>Kmetijska mehanizacija<\/h3>\n<p>V \u010delnih nakladalnikih se cilinder \u017elice uporablja za kopanje, dvigovanje in prevoz zemlje, sena in drugih materialov.<\/p>\n<h3>Bagri<\/h3>\n<p>Cilinder \u017elice omogo\u010da kopanje, saj \u017elici omogo\u010da prodiranje v zemljo.<\/p>\n<h3>Kolesni nakladalci<\/h3>\n<p>Pri kolesnih nakladalnikih prispevajo k u\u010dinkovitemu dvigovanju in razkladanju blaga.<\/p>\n<h2>Oblikovalski vidiki in izbirna merila<\/h2>\n<ul>\n<li><strong>Nosilnost:<\/strong> Cilinder \u017elice je zasnovan tako, da prenese visoke obremenitve in tlake, kar zagotavlja varno in zanesljivo delovanje.<\/li>\n<li><strong>Tesnjenje:<\/strong> Uporabljajo se razli\u010dne tesnilne komponente, kot so tesnila bata in tesnila ojnic, iz materialov, odpornih proti obrabi, kot sta poliuretan in nitrilna guma. Telo valja in navojna kon\u010dna povr\u0161ina sta fino obdelana za pove\u010danje odpornosti proti obrabi.<\/li>\n<\/ul>\n<p><img decoding=\"async\" src=\"https:\/\/www.hydraulic-cylinders.net\/wp-content\/uploads\/2025\/01\/songte-oil-pipes-and-spare-parts.webp\" alt=\"Slika delov hidravli\u010dnega cilindra\"><\/p>\n<h2>Tesnjenje in mazanje<\/h2>\n<p>Valj \u017elice uporablja razli\u010dne tesnilne komponente, kot so tesnila bata in tesnila palice, ki so izdelana iz materialov, odpornih proti obrabi, kot sta poliuretan in nitrilna guma. Telo valja in navojna kon\u010dna povr\u0161ina sta fino obdelana za izbolj\u0161anje odpornosti proti obrabi. Redno mazanje z ustreznim hidravli\u010dnim oljem je potrebno za zagotovitev nemotenega delovanja in podalj\u0161anje \u017eivljenjske dobe valja.<\/p>\n<h2>Pregled in preventivno vzdr\u017eevanje<\/h2>\n<ul>\n<li>Redno pregledujte valj vedra glede morebitnih znakov po\u0161kodb, pu\u0161\u010danja ali nenormalne obrabe.<\/li>\n<li>Zagotovite ustrezno mazanje vseh gibljivih delov in tesnil.<\/li>\n<li>Za optimalno delovanje redno menjajte obrabljena tesnila.<\/li>\n<li>Za zagotovitev natan\u010dnega delovanja izvedite kalibracijske preglede.<\/li>\n<\/ul>\n<p><img decoding=\"async\" src=\"https:\/\/www.hydraulic-cylinders.net\/wp-content\/uploads\/2025\/01\/songte-chushion-collar.webp\" alt=\"Slika vzdr\u017eevanja hidravli\u010dnega cilindra\"><\/p>\n<h2>Varnostni vidiki in okoljski dejavniki<\/h2>\n<p>Pri delu z valjem za vodo je klju\u010dnega pomena upo\u0161tevati varnostne ukrepe za prepre\u010devanje nesre\u010d in zagotavljanje dobrega po\u010dutja upravljavcev in mimoido\u010dih. Ustrezno usposabljanje, upo\u0161tevanje varnostnih smernic in uporaba ustrezne osebne za\u0161\u010ditne opreme so bistvenega pomena.<\/p>\n<h2>Odpravljanje te\u017eav in pogoste te\u017eave<\/h2>\n<p>V primeru kakr\u0161ne koli okvare ali te\u017eav z cilindrom vedra je pomembno, da te\u017eavo natan\u010dno diagnosticirate. Pogoste te\u017eave lahko vklju\u010dujejo pu\u0161\u010danje, nezadostno mo\u010d ali nepravilno gibanje. Te te\u017eave nemudoma odpravite tako, da upo\u0161tevate navodila proizvajalca ali poi\u0161\u010dete strokovno pomo\u010d.<\/p>\n<p><img decoding=\"async\" src=\"https:\/\/www.hydraulic-cylinders.net\/wp-content\/uploads\/2025\/01\/songte-bushings-with-all-kinds-of-excavator-models.webp\" alt=\"Slika odpravljanja te\u017eav s hidravli\u010dnim cilindrom\"><\/p>\n<h2>Zaklju\u010dek<\/h2>\n<p>Na splo\u0161no ima \u017elica klju\u010dno vlogo pri u\u010dinkovitem delovanju razli\u010dnih te\u017ekih strojev. Kot vodilni proizvajalec in veleprodajni distributer hidravli\u010dnih cilindrov na\u0161e podjetje ponuja \u0161iroko paleto izdelkov, ki ustrezajo raznolikim tr\u017enim zahtevam. Dajemo prednost odli\u010dnosti v kakovosti, uporabljamo napredne proizvodne obrate in profesionalne sisteme testiranja ter zagotavljamo prilagojene storitve za zagotavljanje zadovoljstva strank. Z na\u0161im strokovnim znanjem, mednarodnimi certifikati, vrhunsko proizvodno opremo in namensko poprodajno storitvijo si prizadevamo zagotoviti visoko u\u010dinkovitost, natan\u010dnost in kakovost vsakega hidravli\u010dnega cilindra, ki ga izdelamo.<\/p>\n<p><img decoding=\"async\" src=\"https:\/\/www.hydraulic-cylinders.net\/wp-content\/uploads\/2025\/01\/songte-company-3.webp\" alt=\"Slika podjetja\"><\/p>\n<h4>Avtor: lyl<\/h4>","protected":false},"excerpt":{"rendered":"<p>Bucket Cylinder For World Large Excavator W2500LC-8 Introduction A bucket cylinder is a specially designed hydraulic cylinder used to control the movement of the bucket in heavy machinery such as excavators, backhoe loaders, and wheel loaders. Its main function is to enable the bucket to lift, lower, and tilt, making it easier to handle various [&hellip;]<\/p>","protected":false},"featured_media":14761,"comment_status":"open","ping_status":"closed","template":"","meta":{"_et_pb_use_builder":"","_et_pb_old_content":"","_et_gb_content_width":""},"product_brand":[],"product_cat":[1494],"product_tag":[1495,1496],"class_list":{"0":"post-15746","1":"product","2":"type-product","3":"status-publish","4":"has-post-thumbnail","6":"product_cat-bucket-cylinders","7":"product_tag-bucket-cylinders","8":"product_tag-hydraulic-cylinders","10":"first","11":"instock","12":"shipping-taxable","13":"product-type-simple"},"amp_enabled":true,"_links":{"self":[{"href":"https:\/\/www.hydraulic-cylinders.net\/sl\/wp-json\/wp\/v2\/product\/15746","targetHints":{"allow":["GET"]}}],"collection":[{"href":"https:\/\/www.hydraulic-cylinders.net\/sl\/wp-json\/wp\/v2\/product"}],"about":[{"href":"https:\/\/www.hydraulic-cylinders.net\/sl\/wp-json\/wp\/v2\/types\/product"}],"replies":[{"embeddable":true,"href":"https:\/\/www.hydraulic-cylinders.net\/sl\/wp-json\/wp\/v2\/comments?post=15746"}],"wp:featuredmedia":[{"embeddable":true,"href":"https:\/\/www.hydraulic-cylinders.net\/sl\/wp-json\/wp\/v2\/media\/14761"}],"wp:attachment":[{"href":"https:\/\/www.hydraulic-cylinders.net\/sl\/wp-json\/wp\/v2\/media?parent=15746"}],"wp:term":[{"taxonomy":"product_brand","embeddable":true,"href":"https:\/\/www.hydraulic-cylinders.net\/sl\/wp-json\/wp\/v2\/product_brand?post=15746"},{"taxonomy":"product_cat","embeddable":true,"href":"https:\/\/www.hydraulic-cylinders.net\/sl\/wp-json\/wp\/v2\/product_cat?post=15746"},{"taxonomy":"product_tag","embeddable":true,"href":"https:\/\/www.hydraulic-cylinders.net\/sl\/wp-json\/wp\/v2\/product_tag?post=15746"}],"curies":[{"name":"delovni list","href":"https:\/\/api.w.org\/{rel}","templated":true}]}}