{"id":15759,"date":"2025-01-19T14:56:41","date_gmt":"2025-01-19T14:56:41","guid":{"rendered":"https:\/\/www.hydraulic-cylinders.net\/product\/bucket-cylinder-for-jingong-wheel-type-jcm9085l\/"},"modified":"2025-01-19T14:56:43","modified_gmt":"2025-01-19T14:56:43","slug":"bucket-cylinder-for-jingong-wheel-type-jcm9085l","status":"publish","type":"product","link":"https:\/\/www.hydraulic-cylinders.net\/sl\/izdelek\/bucket-cylinder-for-jingong-wheel-type-jcm9085l\/","title":{"rendered":"Valj \u017elice za kolo Jingong tip JCM9085L"},"content":{"rendered":"<h1>Valj \u017elice za kolo Jingong tip JCM9085L <\/h1>\n<h2>Uvod<\/h2>\n<p>Hidravli\u010dni cilinder \u017elice je specializiran hidravli\u010dni cilinder, zasnovan za nadzor gibanja \u017elice v te\u017ekih strojih, kot so bagri, bagri nakladalniki in \u010delni nakladalniki. Njegova glavna funkcija je omogo\u010diti dvigovanje, spu\u0161\u010danje in nagibanje \u017elice, kar olaj\u0161a razli\u010dna opravila ravnanja z materiali. V hidravli\u010dnem sistemu cilinder \u017elice uporablja spremembe tlaka hidravli\u010dnega olja za doseganje natan\u010dnega nadzora \u017elice, kar upravljavcem omogo\u010da u\u010dinkovito ravnanje s te\u017ekimi bremeni in prilagajanje kompleksnim delovnim okoljem ter raznolikim operativnim potrebam. <\/p>\n<p><img decoding=\"async\" src=\"https:\/\/www.hydraulic-cylinders.net\/wp-content\/uploads\/2025\/01\/songte-company-2.webp\"><\/p>\n<h2>Zna\u010dilnosti<\/h2>\n<ul>\n<li>Visoka trdnost in vzdr\u017eljivost: Obi\u010dajno je izdelan iz visoko trdnega jekla ali aluminija, lahko prenese visok tlak in velike obremenitve, se prilagodi zahtevnim delovnim okoljem in je zasnovan z mislijo na odpornost proti obrabi in koroziji, da podalj\u0161a \u017eivljenjsko dobo. <\/li>\n<li>U\u010dinkovito hidravli\u010dno delovanje: Uporablja hidravli\u010dni tlak olja za doseganje gladkega teleskopskega gibanja, se lahko hitro odzove na ukaze za upravljanje, zagotavlja mo\u010dno potisno in vle\u010dno silo, primerno za ravnanje s te\u017ekimi bremeni in kompleksne operativne naloge. <\/li>\n<li>Razli\u010dne vrste: Izbirate lahko med enosmerno delujo\u010dimi (hidravli\u010dni pogon se uporablja samo v eno smer) ali dvosmerno delujo\u010dimi (hidravli\u010dni pogon se uporablja v dve smeri) cilindri glede na va\u0161e potrebe in razli\u010dne zahteve glede delovanja. Nekateri modeli so teleskopski, kar omogo\u010da ve\u010djo raztegljivost brez pove\u010danja zunanjih dimenzij, zaradi \u010desar so primerni za uporabo v omejenem prostoru. <\/li>\n<li>Odli\u010dne mo\u017enosti zamenjave: Na\u0161 izdelek lahko popolnoma nadomesti te hidravli\u010dne cilindre. <\/li>\n<\/ul>\n<p><img decoding=\"async\" src=\"https:\/\/www.hydraulic-cylinders.net\/wp-content\/uploads\/2025\/01\/songte-cylinder-head-with-all-kinds-excavator-models.webp\"><\/p>\n<h2>Aplikacije<\/h2>\n<p>Cilinder \u017elice se pogosto uporablja v razli\u010dnih panogah, kot so gradbena oprema, kmetijska mehanizacija, bagri in nakladalci. <\/p>\n<h3>Gradbena oprema<\/h3>\n<p>Pri bagrih ima valj \u017elice klju\u010dno vlogo pri kopanju, nakladanju in premikanju zemlje ali ru\u0161evin. Pri bagrih nakladalnikih valj \u017elice pomaga pri izkopavanju in dvigovanju. <\/p>\n<h3>Kmetijska mehanizacija<\/h3>\n<p>Uporablja se v \u010delnih nakladalnikih za zajemanje, dvigovanje in prevoz zemlje, sena in drugih materialov. <\/p>\n<h3>Bagri<\/h3>\n<p>Cilinder \u017elice izvaja kopanje tako, da \u017elici omogo\u010da prodiranje v zemljo. <\/p>\n<h3>Nakladalci<\/h3>\n<p>Pri \u010delnih nakladalnikih pomagajo pri u\u010dinkovitem dvigovanju in razkladanju blaga. <\/p>\n<h2>Oblikovalski vidiki in izbirna merila<\/h2>\n<p>Pri na\u010drtovanju cilindrov z \u017elico je pomembno upo\u0161tevati njihovo nosilnost, tesnjenje, vzdr\u017eljivost, varnost in vzdr\u017eevanje. <\/p>\n<h3>Nosilnost<\/h3>\n<p>Nosilnost cilindra z \u017elico je dolo\u010dena z njegovo sposobnostjo, da prenese velike obremenitve in visok tlak brez deformacije. <\/p>\n<h3>Tesnjenje<\/h3>\n<p>Valj \u017elice zahteva visokokakovostno tesnjenje, da se prepre\u010di pu\u0161\u010danje hidravli\u010dnega olja, kar lahko po\u0161koduje hidravli\u010dni sistem in vpliva na delovanje valja. <\/p>\n<h3>Vzdr\u017eljivost<\/h3>\n<p>Valj \u017elice mora biti zasnovan z mislijo na odpornost proti obrabi in koroziji, da lahko prenese zahtevna okolja in podalj\u0161a svojo \u017eivljenjsko dobo. <\/p>\n<h3>Varnost<\/h3>\n<p>Cilinder vedra mora biti zasnovan z mislijo na varnost, da se zagotovi za\u0161\u010dita upravljavcev pred morebitnimi nevarnostmi in nesre\u010dami. <\/p>\n<h3>Vzdr\u017eevanje<\/h3>\n<p>Vzdr\u017eevanje in popravilo valjastega cilindra mora biti enostavno, da se \u010dim bolj zmanj\u0161a \u010das izpada in ohranijo nizki stro\u0161ki vzdr\u017eevanja. <\/p>\n<p><img decoding=\"async\" src=\"https:\/\/www.hydraulic-cylinders.net\/wp-content\/uploads\/2025\/01\/songte-oil-pipes-and-spare-parts.webp\"><\/p>\n<h2>Tesnjenje in mazanje<\/h2>\n<p>Valj \u017elice uporablja razli\u010dne tesnilne komponente, kot so tesnila bata in tesnila palic, izdelana iz materialov, odpornih proti obrabi, kot sta poliuretan in nitrilna guma. Telo valja in navojna kon\u010dna povr\u0161ina sta fino obdelana za izbolj\u0161anje odpornosti proti obrabi. Za nemoteno in u\u010dinkovito delovanje je potrebno redno mazanje s hidravli\u010dnim oljem. <\/p>\n<h2>Redni pregledi in preventivni vzdr\u017eevalni ukrepi<\/h2>\n<p>Valj \u017elice zahteva redne preglede in preventivno vzdr\u017eevanje, da se zagotovi optimalno delovanje in \u010dim bolj zmanj\u0161a \u010das izpada. <\/p>\n<ul>\n<li>Redni pregled: preverite znake obrabe ali po\u0161kodb, kot so praske, razpoke ali pu\u0161\u010danja. <\/li>\n<li>Pravilno mazanje: redno ma\u017eite valj s hidravli\u010dnim oljem, da zagotovite nemoteno delovanje. <\/li>\n<li>Zamenjava tesnil: tesnila redno menjajte, da prepre\u010dite pu\u0161\u010danje in ohranite u\u010dinkovitost. <\/li>\n<li>Preverjanje kalibracije: redno preverjajte kalibracijo cilindra, da zagotovite natan\u010dno delovanje. <\/li>\n<\/ul>\n<p>Pravilna namestitev, mazanje in nastavitev so klju\u010dnega pomena za delovanje cilindra vedra. Med namestitvijo je treba zagotoviti ustrezna navodila za poravnavo, da se zagotovi pravilna poravnava cilindra. Priporo\u010dljivo je uporabiti ustrezne monta\u017ene nosilce za pritrditev cilindra. Za podalj\u0161anje \u017eivljenjske dobe cilindra vedra je treba upo\u0161tevati priporo\u010dene postopke pregleda, popravila in zamenjave. <\/p>\n<p><img decoding=\"async\" src=\"https:\/\/www.hydraulic-cylinders.net\/wp-content\/uploads\/2025\/01\/songte-chushion-collar.webp\"><\/p>\n<h2>Varnostni vidiki in okoljski dejavniki<\/h2>\n<p>Pri uporabi jeklenk z vedrom je treba sprejeti varnostne ukrepe za prepre\u010devanje nesre\u010d in zagotavljanje varnosti upravljavca. <\/p>\n<p>Materiali in zasnova cilindra vedra morajo upo\u0161tevati okoljske dejavnike, kot so temperatura, vlaga in odpornost proti koroziji, da se zagotovi pravilno delovanje in dolga \u017eivljenjska doba. <\/p>\n<h2>Odpravljanje te\u017eav in pogoste te\u017eave<\/h2>\n<p>Valj \u017elice lahko naleti na razli\u010dne te\u017eave, kot so pu\u0161\u010danje, deformacija ali negibanje. <\/p>\n<p>Za diagnosticiranje in odpravljanje te\u017eav preverite hidravli\u010dni sistem glede pu\u0161\u010danja ali po\u0161kodb, preverite poravnavo cilindra in zamenjajte obrabljene ali po\u0161kodovane dele. Redni pregledi in vzdr\u017eevanje lahko prepre\u010dijo nastanek ve\u010dine te\u017eav. <\/p>\n<p><img decoding=\"async\" src=\"https:\/\/www.hydraulic-cylinders.net\/wp-content\/uploads\/2025\/01\/songte-bushings-with-all-kinds-of-excavator-models.webp\"><\/p>\n<h2>O na\u0161em podjetju<\/h2>\n<p>Smo proizvajalec nadomestnih hidravli\u010dnih cilindrov s celotno paleto izdelkov in smo postali eden vodilnih proizvajalcev in veleprodajnih distributerjev hidravli\u010dnih cilindrov na doma\u010dem in mednarodnem trgu. Dr\u017eimo se na\u010dela odli\u010dne kakovosti, se zana\u0161amo na industrializirane strategije upravljanja proizvodnje v finih proizvodnih delavnicah, nenehno izbolj\u0161ujemo proizvodno platformo delavnic z uporabo tehni\u010dnih talentov, digitalne vrhunske proizvodne opreme in profesionalnih sistemov za testiranje, izpopolnjujemo proizvodne poti kakovosti izdelkov in imamo mo\u010dne ustvarjalne sposobnosti, s \u010dimer strankam zagotavljamo u\u010dinkovite, visoko natan\u010dne in visokokakovostne izdelke, ki ustrezajo njihovim raznolikim potrebam. <\/p>\n<p>Na\u0161e podjetje ima razli\u010dne certifikate, vklju\u010dno s CE, ISO9001 in SGS, da zagotovimo, da na\u0161i izdelki izpolnjujejo mednarodne standarde kakovosti. Ponujamo prilagojene storitve za zadovoljevanje posebnih potreb, na\u0161a proizvodna oprema pa je visokokakovostna in natan\u010dna, da zagotavlja kakovost izdelkov. Na\u0161a poprodajna storitev je profesionalna in zanesljiva, kar zagotavlja zadovoljstvo strank. <\/p>\n<p><img decoding=\"async\" src=\"https:\/\/hzpt.com\/wp-content\/uploads\/2024\/11\/songte-company-1.webp\"><\/p>\n<p>Avtor: lyl.<\/p>","protected":false},"excerpt":{"rendered":"<p>Bucket Cylinder For Jingong Wheel Type JCM9085L Introduction The bucket cylinder is a specialized hydraulic cylinder designed to control the movement of the bucket in heavy machinery, such as excavators, backhoe loaders, and front-end loaders. Its main function is to enable the bucket to lift, lower, and tilt, making it easier for various material handling [&hellip;]<\/p>","protected":false},"featured_media":14765,"comment_status":"open","ping_status":"closed","template":"","meta":{"_et_pb_use_builder":"","_et_pb_old_content":"","_et_gb_content_width":""},"product_brand":[],"product_cat":[1494],"product_tag":[1495,1496],"class_list":{"0":"post-15759","1":"product","2":"type-product","3":"status-publish","4":"has-post-thumbnail","6":"product_cat-bucket-cylinders","7":"product_tag-bucket-cylinders","8":"product_tag-hydraulic-cylinders","10":"first","11":"instock","12":"shipping-taxable","13":"product-type-simple"},"amp_enabled":true,"_links":{"self":[{"href":"https:\/\/www.hydraulic-cylinders.net\/sl\/wp-json\/wp\/v2\/product\/15759","targetHints":{"allow":["GET"]}}],"collection":[{"href":"https:\/\/www.hydraulic-cylinders.net\/sl\/wp-json\/wp\/v2\/product"}],"about":[{"href":"https:\/\/www.hydraulic-cylinders.net\/sl\/wp-json\/wp\/v2\/types\/product"}],"replies":[{"embeddable":true,"href":"https:\/\/www.hydraulic-cylinders.net\/sl\/wp-json\/wp\/v2\/comments?post=15759"}],"wp:featuredmedia":[{"embeddable":true,"href":"https:\/\/www.hydraulic-cylinders.net\/sl\/wp-json\/wp\/v2\/media\/14765"}],"wp:attachment":[{"href":"https:\/\/www.hydraulic-cylinders.net\/sl\/wp-json\/wp\/v2\/media?parent=15759"}],"wp:term":[{"taxonomy":"product_brand","embeddable":true,"href":"https:\/\/www.hydraulic-cylinders.net\/sl\/wp-json\/wp\/v2\/product_brand?post=15759"},{"taxonomy":"product_cat","embeddable":true,"href":"https:\/\/www.hydraulic-cylinders.net\/sl\/wp-json\/wp\/v2\/product_cat?post=15759"},{"taxonomy":"product_tag","embeddable":true,"href":"https:\/\/www.hydraulic-cylinders.net\/sl\/wp-json\/wp\/v2\/product_tag?post=15759"}],"curies":[{"name":"delovni list","href":"https:\/\/api.w.org\/{rel}","templated":true}]}}