{"id":15764,"date":"2025-01-19T14:57:00","date_gmt":"2025-01-19T14:57:00","guid":{"rendered":"https:\/\/www.hydraulic-cylinders.net\/product\/bucket-cylinder-for-jchi-ns60c\/"},"modified":"2025-01-19T14:57:02","modified_gmt":"2025-01-19T14:57:02","slug":"bucket-cylinder-for-jchi-ns60c","status":"publish","type":"product","link":"https:\/\/www.hydraulic-cylinders.net\/sl\/izdelek\/bucket-cylinder-for-jchi-ns60c\/","title":{"rendered":"Cilinder \u017elice za JCHI NS60C"},"content":{"rendered":"<h2>Cilinder \u017elice za JCHI NS60C<\/h2>\n<h3>Uvod<\/h3>\n<p>Hidravli\u010dni cilinder \u017elice za JCHI NS60C je posebej zasnovan hidravli\u010dni cilinder, ki se uporablja za krmiljenje gibanja \u017elic v te\u017ekih strojih, kot so bagri, bagri nakladalniki in \u010delni nakladalniki. Njegova glavna funkcija je omogo\u010danje dvigovanja, spu\u0161\u010danja in nagibanja \u017elice, kar olaj\u0161a opravljanje razli\u010dnih nalog ravnanja z materiali. V hidravli\u010dnem sistemu cilinder \u017elice dose\u017ee natan\u010den nadzor nad \u017elico z izkori\u0161\u010danjem sprememb tlaka v hidravli\u010dnem olju, kar omogo\u010da upravljavcem u\u010dinkovito ravnanje s te\u017ekimi bremeni in prilagajanje kompleksnim delovnim okoljem ter raznolikim zahtevam dela.<\/p>\n<p><img decoding=\"async\" src=\"https:\/\/www.hydraulic-cylinders.net\/wp-content\/uploads\/2025\/01\/songte-company-2.webp\" alt=\"Slika valjaste \u017elice\"><\/p>\n<h3>Zna\u010dilnosti<\/h3>\n<ul>\n<li><strong>Visoka trdnost in vzdr\u017eljivost:<\/strong> Obi\u010dajno izdelan iz visoko trdnega jekla ali aluminija, lahko valj z \u017elico prenese visok tlak in velike obremenitve ter se prilagodi te\u017ekim delovnim pogojem. Njegova zasnova upo\u0161teva odpornost proti obrabi in koroziji, s \u010dimer se podalj\u0161a njegova \u017eivljenjska doba.<\/li>\n<li><strong>U\u010dinkovito hidravli\u010dno delovanje:<\/strong> Z izkori\u0161\u010danjem tlaka hidravli\u010dnega olja omogo\u010da valj \u017elice gladko iztegovanje in vstavljanje, kar zagotavlja hiter odziv na krmilne ukaze in mo\u010dne potisne in vle\u010dne sile, zaradi \u010desar je primeren za ravnanje s te\u017ekimi bremeni in kompleksnimi nalogami.<\/li>\n<li><strong>Vsestranskost vrst:<\/strong> Valj \u017elice je lahko enosmerno delujo\u010d (hidravli\u010dni tlak se uporablja samo v eni smeri) ali dvosmerno delujo\u010d (hidravli\u010dni tlak se uporablja v obeh smereh), odvisno od operativnih zahtev. Nekateri modeli so teleskopski, kar omogo\u010da ve\u010dji razteg brez pove\u010danja zunanjih dimenzij, zaradi \u010desar so primerni za uporabo v omejenem prostoru.<\/li>\n<li><strong>Zamenjava izdelka:<\/strong> Na\u0161i izdelki lahko odli\u010dno nadomestijo obstoje\u010de hidravli\u010dne cilindre. Ponujamo \u0161iroko paleto mo\u017enosti za zadovoljevanje razli\u010dnih potreb v razli\u010dnih panogah.<\/li>\n<\/ul>\n<p><img decoding=\"async\" src=\"https:\/\/www.hydraulic-cylinders.net\/wp-content\/uploads\/2025\/01\/songte-cylinder-head-with-all-kinds-excavator-models.webp\" alt=\"Slika zamenjave izdelka\"><\/p>\n<h3>Aplikacije<\/h3>\n<p>Cilinder z \u017elico za JCHI NS60C se uporablja v razli\u010dnih vrstah opreme:<\/p>\n<ul>\n<li><strong>Gradbena oprema:<\/strong> Pri bagrih so bistveni za izkopavanje, nakladanje in premikanje zemlje ali ru\u0161evin. Pri bagrih nakladalnikih cilindri \u017elice pomagajo tako pri kopanju kot dvigovanju.<\/li>\n<li><strong>Kmetijska mehanizacija:<\/strong> Uporabljajo se v \u010delnih nakladalnikih in pomagajo pri zajemanju, dvigovanju in prevozu zemlje, sena in drugih materialov.<\/li>\n<li><strong>Bagri:<\/strong> Cilinder \u017elice omogo\u010da izkopavanje, saj omogo\u010da, da \u017elica prodre v zemljo.<\/li>\n<li><strong>\u010celni nakladalniki:<\/strong> Pri \u010delnih nakladalnikih omogo\u010dajo u\u010dinkovito dvigovanje in razkladanje tovora.<\/li>\n<\/ul>\n<h3>Oblikovalski vidiki in izbirna merila<\/h3>\n<p>Pri na\u010drtovanju cilindra vedra se upo\u0161teva ve\u010d dejavnikov:<\/p>\n<ul>\n<li><strong>Nosilnost:<\/strong> Zasnova cilindra zagotavlja, da lahko prenese zahtevano nosilnost brez okvare.<\/li>\n<li><strong>Tesnjenje:<\/strong> Za prepre\u010devanje pu\u0161\u010danja olja in zagotavljanje u\u010dinkovitega delovanja se uporabljajo razli\u010dna tesnila, kot so tesnila bata in tesnila ojnic. Tesnila so izdelana iz materialov, odpornih proti obrabi, kot sta poliuretan in nitrilna guma.<\/li>\n<li><strong>Vzdr\u017eljivost:<\/strong> Telo valja in navojni konci so fino obdelani za pove\u010danje odpornosti proti obrabi in podalj\u0161anje \u017eivljenjske dobe valja.<\/li>\n<li><strong>Varnost:<\/strong> V zasnovo so vklju\u010dene varnostne funkcije, ki zmanj\u0161ujejo tveganje nesre\u010d med delovanjem.<\/li>\n<li><strong>Vzdr\u017eevanje:<\/strong> Zasnova cilindra omogo\u010da enostavno vzdr\u017eevanje in popravila, kar zagotavlja minimalen \u010das izpada.<\/li>\n<\/ul>\n<p><img decoding=\"async\" src=\"https:\/\/www.hydraulic-cylinders.net\/wp-content\/uploads\/2025\/01\/songte-oil-pipes-and-spare-parts.webp\" alt=\"Slika oblikovalskih premislekov\"><\/p>\n<h3>Tesnjenje in mazanje<\/h3>\n<p>Valj \u017elice uporablja razli\u010dna tesnila, kot so tesnila bata in tesnila palice, ki so izdelana iz materialov, odpornih proti obrabi, kot sta poliuretan in nitrilna guma. Telo valja in navojni konci so fino obdelani za izbolj\u0161anje odpornosti proti obrabi. Za nemoteno delovanje je potrebno redno mazanje z ustrezno koli\u010dino hidravli\u010dnega olja.<\/p>\n<h3>Redni pregledi in preventivno vzdr\u017eevanje<\/h3>\n<p>Redni pregledi in preventivni vzdr\u017eevalni ukrepi vklju\u010dujejo:<\/p>\n<ul>\n<li>Preverjanje morebitnih znakov obrabe ali po\u0161kodb<\/li>\n<li>Pravilno mazanje gibljivih delov<\/li>\n<li>Zamenjava obrabljenih tesnil<\/li>\n<li>Preverjanja kalibracije<\/li>\n<\/ul>\n<p>Pravilna namestitev je klju\u010dnega pomena za dolgo \u017eivljenjsko dobo cilindra z \u017elico. Priporo\u010damo pravilno poravnavo cilindra in uporabo ustreznih monta\u017enih nosilcev za pritrditev cilindra. Zagotavljamo priporo\u010dene postopke pregleda, popravila in zamenjave, ponujamo pa tudi zamenjavo komponent in storitve obnove za podalj\u0161anje \u017eivljenjske dobe cilindra z \u017elico.<\/p>\n<p><img decoding=\"async\" src=\"https:\/\/www.hydraulic-cylinders.net\/wp-content\/uploads\/2025\/01\/songte-chushion-collar.webp\" alt=\"Nasveti za vzdr\u017eevanje Slika\"><\/p>\n<h3>Varnostni vidiki in okoljski dejavniki<\/h3>\n<p>Zagotavljanje varnostnih ukrepov pri uporabi cilindra z vedrom je izjemnega pomena. Upo\u0161tevati je treba varnostne ukrepe, da se zmanj\u0161a tveganje za nesre\u010de in zagotovi varno delovno okolje.<\/p>\n<h3>Diagnoza napak in pogoste te\u017eave<\/h3>\n<p>Pogoste napake in metode za njihovo odpravljanje vklju\u010dujejo:<\/p>\n<ul>\n<li>Pu\u0161\u010danje olja: Preverite tesnila in jih po potrebi zamenjajte.<\/li>\n<li>Po\u010dasno delovanje: Preverite nivo hidravli\u010dnega olja in filter za morebitne blokade.<\/li>\n<li>Nenavaden hrup: Preverite, ali so komponente ohlapne ali po\u0161kodovane, in jih ustrezno popravite.<\/li>\n<\/ul>\n<p>Zagotavljanje nasvetov in re\u0161itev za odpravljanje te\u017eav bralcem pomaga u\u010dinkovito diagnosticirati in re\u0161evati te\u017eave. Ponudba preventivnih ukrepov lahko zmanj\u0161a morebitne te\u017eave.<\/p>\n<p><img decoding=\"async\" src=\"https:\/\/www.hydraulic-cylinders.net\/wp-content\/uploads\/2025\/01\/songte-bushings-with-all-kinds-of-excavator-models.webp\" alt=\"Slika diagnoze napake\"><\/p>\n<h3>O na\u0161em podjetju<\/h3>\n<p>Smo proizvajalec nadomestnih hidravli\u010dnih cilindrov. Na\u0161e podjetje ponuja \u0161iroko paleto izdelkov in je postalo eden vodilnih proizvajalcev in veleprodajnih distributerjev hidravli\u010dnih cilindrov na doma\u010dem in mednarodnem trgu. V na\u0161i prefinjeni proizvodni delavnici se dr\u017eimo na\u010del odli\u010dnosti in se zana\u0161amo na industrializirane strategije upravljanja proizvodnje. S poudarkom na tehni\u010dnih talentih, napredni digitalni proizvodni opremi in profesionalnih sistemih testiranja nenehno izbolj\u0161ujemo na\u0161o proizvodno platformo in proizvodne poti za kakovost izdelkov. Imamo mo\u010dne ustvarjalne sposobnosti, s katerimi si prizadevamo zadovoljiti raznolike potrebe strank z visoko u\u010dinkovitostjo, natan\u010dnostjo in kakovostjo.<\/p>\n<p><img decoding=\"async\" src=\"https:\/\/www.hydraulic-cylinders.net\/wp-content\/uploads\/2025\/01\/songte-company-3.webp\" alt=\"Slika podjetja\"><\/p>\n<h4>Avtor: lyl<\/h4>","protected":false},"excerpt":{"rendered":"<p>Bucket Cylinder For JCHI NS60C Introduction The Bucket Cylinder for JCHI NS60C is a specially designed hydraulic cylinder used to control the movement of buckets in heavy machinery such as excavators, backhoe loaders, and front loaders. Its main function is to enable the lifting, lowering, and tilting of the bucket, making it easier to handle [&hellip;]<\/p>","protected":false},"featured_media":14787,"comment_status":"open","ping_status":"closed","template":"","meta":{"_et_pb_use_builder":"","_et_pb_old_content":"","_et_gb_content_width":""},"product_brand":[],"product_cat":[1494],"product_tag":[1495,1496],"class_list":{"0":"post-15764","1":"product","2":"type-product","3":"status-publish","4":"has-post-thumbnail","6":"product_cat-bucket-cylinders","7":"product_tag-bucket-cylinders","8":"product_tag-hydraulic-cylinders","10":"first","11":"instock","12":"shipping-taxable","13":"product-type-simple"},"amp_enabled":true,"_links":{"self":[{"href":"https:\/\/www.hydraulic-cylinders.net\/sl\/wp-json\/wp\/v2\/product\/15764","targetHints":{"allow":["GET"]}}],"collection":[{"href":"https:\/\/www.hydraulic-cylinders.net\/sl\/wp-json\/wp\/v2\/product"}],"about":[{"href":"https:\/\/www.hydraulic-cylinders.net\/sl\/wp-json\/wp\/v2\/types\/product"}],"replies":[{"embeddable":true,"href":"https:\/\/www.hydraulic-cylinders.net\/sl\/wp-json\/wp\/v2\/comments?post=15764"}],"wp:featuredmedia":[{"embeddable":true,"href":"https:\/\/www.hydraulic-cylinders.net\/sl\/wp-json\/wp\/v2\/media\/14787"}],"wp:attachment":[{"href":"https:\/\/www.hydraulic-cylinders.net\/sl\/wp-json\/wp\/v2\/media?parent=15764"}],"wp:term":[{"taxonomy":"product_brand","embeddable":true,"href":"https:\/\/www.hydraulic-cylinders.net\/sl\/wp-json\/wp\/v2\/product_brand?post=15764"},{"taxonomy":"product_cat","embeddable":true,"href":"https:\/\/www.hydraulic-cylinders.net\/sl\/wp-json\/wp\/v2\/product_cat?post=15764"},{"taxonomy":"product_tag","embeddable":true,"href":"https:\/\/www.hydraulic-cylinders.net\/sl\/wp-json\/wp\/v2\/product_tag?post=15764"}],"curies":[{"name":"delovni list","href":"https:\/\/api.w.org\/{rel}","templated":true}]}}