{"id":15765,"date":"2025-01-19T14:57:04","date_gmt":"2025-01-19T14:57:04","guid":{"rendered":"https:\/\/www.hydraulic-cylinders.net\/product\/bucket-cylinder-for-jchi-ns75-7\/"},"modified":"2025-01-19T14:57:06","modified_gmt":"2025-01-19T14:57:06","slug":"bucket-cylinder-for-jchi-ns75-7","status":"publish","type":"product","link":"https:\/\/www.hydraulic-cylinders.net\/sl\/izdelek\/bucket-cylinder-for-jchi-ns75-7\/","title":{"rendered":"Cilinder \u017elice za JCHI NS75-7"},"content":{"rendered":"<h2>Cilinder \u017elice za JCHI NS75-7<\/h2>\n<h3>Uvod<\/h3>\n<p>Hidravli\u010dni cilinder \u017elice za JCHI NS75-7 je posebej zasnovan hidravli\u010dni cilinder, ki se uporablja predvsem za nadzor gibanja \u017elice v te\u017ekih strojih, kot so bagri, bagri z nakladalniki in \u010delni nakladalniki. Njegova glavna funkcija je omogo\u010danje dvigovanja, spu\u0161\u010danja in nagibanja \u017elice, zaradi \u010desar je priro\u010dna za razli\u010dna opravila ravnanja z materiali. V hidravli\u010dnem sistemu cilinder \u017elice dose\u017ee natan\u010den nadzor gibanja \u017elice s spremembami tlaka hidravli\u010dnega olja, kar omogo\u010da upravljavcem u\u010dinkovito ravnanje s te\u017ekimi bremeni in prilagajanje kompleksnim delovnim okoljem ter raznolikim operativnim zahtevam.<\/p>\n<p><img decoding=\"async\" src=\"https:\/\/www.hydraulic-cylinders.net\/wp-content\/uploads\/2025\/01\/songte-company-2.webp\" alt=\"Cilinder \u017elice za JCHI NS75-7\" \/><\/p>\n<h3>Zna\u010dilnosti izdelka<\/h3>\n<ul>\n<li>Visoka trdnost in vzdr\u017eljivost: Jeklenka je obi\u010dajno izdelana iz visoko trdnega jekla ali aluminija in lahko prenese visok tlak ter velike obremenitve, s \u010dimer se prilagaja zahtevnim delovnim okoljem. Zasnovana je z mislijo na odpornost proti obrabi in koroziji, kar podalj\u0161a \u017eivljenjsko dobo.<\/li>\n<li>U\u010dinkovito hidravli\u010dno delovanje: Z uporabo tlaka hidravli\u010dnega olja za doseganje gladkega iztegovanja in vle\u010denja se lahko valj \u017elice hitro odzove na krmilne ukaze in zagotavlja mo\u010dne potisne in vle\u010dne sile, ki so primerne za ravnanje s te\u017ekimi bremeni in kompleksnimi delovnimi nalogami.<\/li>\n<li>Razli\u010dne vrste: Valj je mogo\u010de izbrati glede na potrebe enosmernega (hidravli\u010dno delovanje samo v eno smer) ali dvojnega delovanja (hidravli\u010dno delovanje v dve smeri), da se izpolnijo razli\u010dne operativne zahteve. Nekateri modeli so teleskopski, kar omogo\u010da ve\u010dji razteg brez pove\u010danja zunanjih dimenzij, primerni za uporabo z omejenim prostorom.<\/li>\n<\/ul>\n<p>Ta izdelek lahko izdelamo in na\u0161 izdelek lahko popolnoma nadomesti te hidravli\u010dne cilindre.<\/p>\n<p><img decoding=\"async\" src=\"https:\/\/www.hydraulic-cylinders.net\/wp-content\/uploads\/2025\/01\/songte-cylinder-head-with-all-kinds-excavator-models.webp\" alt=\"Cilinder \u017elice za JCHI NS75-7\" \/><\/p>\n<h3>Aplikacije<\/h3>\n<p>Cilinder z \u017elico za JCHI NS75-7 se pogosto uporablja v razli\u010dnih panogah, vklju\u010dno z:<\/p>\n<ul>\n<li>Gradbena oprema: Pri bagrih igrajo klju\u010dno vlogo pri kopanju, nakladanju in premikanju zemlje ali ru\u0161evin. Pri bagrih z nakladalnim sistemom cilinder \u017elice prispeva tako k kopanju kot dvigovanju. Pri \u010delnih nakladalnikih pomagajo u\u010dinkovito dvigovati in nagibati tovor.<\/li>\n<li>Kmetijski stroji: Uporabljajo se za \u010delne nakladalnike za zajemanje, dvigovanje in prevoz zemlje, sena in drugih materialov. Pri bagrih cilinder \u017elice omogo\u010da kopanje, saj \u017elici omogo\u010da prodiranje v zemljo.<\/li>\n<\/ul>\n<p>Oglejmo si podrobneje vsako aplikacijo:<\/p>\n<h4>Gradbena oprema<\/h4>\n<p>Bagri se uporabljajo za kopanje, nakladanje in premikanje zemlje ali ru\u0161evin, za te naloge pa je bistvenega pomena cilinder \u017elice. Podobno bagri z nakladalnikom uporabljajo cilinder \u017elice za kopanje in dvigovanje. Pri \u010delnih nakladalnikih se cilinder uporablja za dvigovanje in nagibanje tovora, kar olaj\u0161a prevoz.<\/p>\n<h4>Kmetijska mehanizacija<\/h4>\n<p>\u010celni nakladalniki, opremljeni z \u017elicami, se uporabljajo za zajemanje, dvigovanje in prevoz zemlje, sena in drugih materialov. Bagri, opremljeni z \u017elicami, lahko prodrejo v zemljo, kar olaj\u0161a kopanje in premikanje zemlje.<\/p>\n<h3>Oblikovalski vidiki in standardi izbire<\/h3>\n<p>Valji z \u017elico so zasnovani tako, da izpolnjujejo posebne zahteve glede zmogljivosti. Klju\u010dni dejavniki zasnove vklju\u010dujejo trdnost, tesnjenje, vzdr\u017eljivost, varnost in vzdr\u017eevanje, kot je opisano v nadaljevanju:<\/p>\n<ul>\n<li>Trdnost: Jeklenka mora biti sposobna prenesti visoke obremenitve in tlak, zato se v gradbeni\u0161tvu obi\u010dajno uporabljajo materiali visoke trdnosti.<\/li>\n<li>Tesnjenje: Hidravli\u010dni cilindri se zana\u0161ajo na tesnila, ki prepre\u010dujejo uhajanje teko\u010dine. V tesnilih se zaradi njihove odpornosti proti obrabi uporabljajo posebni materiali, kot sta poliuretan in nitrilna guma.<\/li>\n<li>Vzdr\u017eljivost: Jeklenka mora biti odporna proti obrabi in koroziji, kar lahko skraj\u0161a njeno \u017eivljenjsko dobo in zmogljivost.<\/li>\n<li>Varnost: Za prepre\u010devanje nesre\u010d morajo biti v na\u010drt vklju\u010dene varnostne funkcije, kot so tla\u010dni varnostni ventili in zaporni ventili.<\/li>\n<li>Vzdr\u017eevanje: Oblikovalske zna\u010dilnosti, kot so odstranljivi kon\u010dni pokrovi in \u200b\u200bnavojne palice, olaj\u0161ajo vzdr\u017eevanje in popravilo hidravli\u010dnih cilindrov.<\/li>\n<\/ul>\n<p><img decoding=\"async\" src=\"https:\/\/www.hydraulic-cylinders.net\/wp-content\/uploads\/2025\/01\/songte-oil-pipes-and-spare-parts.webp\" alt=\"Cilinder \u017elice za JCHI NS75-7\" \/><\/p>\n<h3>Tesnjenje in mazanje<\/h3>\n<p>Valji \u017elice zahtevajo redno mazanje in vzdr\u017eevanje, da se podalj\u0161a njihova \u017eivljenjska doba. Za prepre\u010devanje pu\u0161\u010danja se uporabljajo razli\u010dna tesnila, poliuretan in nitrilna guma pa sta zaradi svoje vzdr\u017eljivosti priljubljena materiala za tesnila. Valj in navojna palica sta obdelana s posebnimi premazi za izbolj\u0161anje odpornosti proti obrabi, hidravli\u010dno olje pa se uporablja za mazanje bata in drugih gibljivih delov. Redne menjave olja so potrebne za vzdr\u017eevanje \u010disto\u010de hidravli\u010dne teko\u010dine in prepre\u010devanje kontaminacije.<\/p>\n<h3>Vzdr\u017eevanje in popravila<\/h3>\n<p>Redno vzdr\u017eevanje in popravila so bistvena za optimalno delovanje hidravli\u010dnih cilindrov. Pogosta vzdr\u017eevalna opravila vklju\u010dujejo preverjanje pu\u0161\u010danja, mazanje klju\u010dnih komponent, zamenjavo tesnil in preverjanje kalibracije. Za zagotovitev pravilne namestitve je bistveno, da valj pravilno poravnate in za njegovo pritrditev uporabite ustrezne nosilce. Za ohranjanje optimalne zmogljivosti in podalj\u0161anje \u017eivljenjske dobe cilindra je treba upo\u0161tevati priporo\u010dene postopke pregleda, popravila in zamenjave.<\/p>\n<p><img decoding=\"async\" src=\"https:\/\/www.hydraulic-cylinders.net\/wp-content\/uploads\/2025\/01\/songte-chushion-collar.webp\" alt=\"Cilinder \u017elice za JCHI NS75-7\" \/><\/p>\n<h3>Varnostni vidiki in okoljski dejavniki<\/h3>\n<p>Valji z \u017elico so lahko nevarni, \u010de se z njimi ne ravna pravilno, zato je pri njihovi uporabi bistveno upo\u0161tevati ustrezne varnostne postopke. Upravljavci morajo nositi ustrezno za\u0161\u010ditno opremo in uporabljati zaporne ventile, da prepre\u010dijo nenamerno premikanje valja. Okoljski dejavniki, kot so temperatura, vla\u017enost in onesna\u017eenost, lahko vplivajo tudi na delovanje in \u017eivljenjsko dobo hidravli\u010dnih valjev.<\/p>\n<h3>Odpravljanje te\u017eav in pogoste te\u017eave<\/h3>\n<p>Pogoste te\u017eave s hidravli\u010dnimi cilindri vklju\u010dujejo pu\u0161\u010danje tesnil, nezadosten tlak in po\u0161kodbe ohi\u0161ja cilindra. Metode odpravljanja te\u017eav vklju\u010dujejo preverjanje pu\u0161\u010danja, pregled hidravli\u010dnih cevi in \u200b\u200btestiranje pravilnega delovanja. Re\u0161itve lahko vklju\u010dujejo zamenjavo tesnil, popravilo ali zamenjavo po\u0161kodovanih delov in prilagajanje ravni tlaka.<\/p>\n<p><img decoding=\"async\" src=\"https:\/\/www.hydraulic-cylinders.net\/wp-content\/uploads\/2025\/01\/songte-bushings-with-all-kinds-of-excavator-models.webp\" alt=\"Cilinder \u017elice za JCHI NS75-7\" \/><\/p>\n<h3>O na\u0161em podjetju<\/h3>\n<p>Smo proizvajalec nadomestnih hidravli\u010dnih cilindrov s celotno paleto izdelkov in smo eden vodilnih proizvajalcev in veletrgovcev s hidravli\u010dnimi cilindri na doma\u010dem in mednarodnem trgu. Sledimo na\u010delom odli\u010dne kakovosti, se zana\u0161amo na strategijo industrializiranega upravljanja proizvodnje s prefinjeno proizvodno delavnico, nenehno izbolj\u0161ujemo proizvodno platformo delavnice, izpopolnjujemo proizvodno linijo za kakovost izdelkov in imamo mo\u010dno ustvarjalno sposobnost. Z visoko u\u010dinkovitostjo, visoko natan\u010dnostjo in na\u010deli visoke kakovosti lahko zadovoljimo raznolike potrebe strank.<\/p>\n<p>Na\u0161e podjetje ima razli\u010dne certifikate, vklju\u010dno z ISO9001, ISO14001 in OHSAS18001, kar dokazuje na\u0161o zavezanost zagotavljanju visokokakovostnih izdelkov in storitev na\u0161im strankam. Ponujamo tudi prilagojene storitve, na\u0161a proizvodna oprema pa je najsodobnej\u0161a, kar zagotavlja kakovost na\u0161ih izdelkov. Odli\u010dna je tudi na\u0161a poprodajna storitev, z ekipo strokovnjakov, ki so predani zagotavljanju tehni\u010dne podpore in vzdr\u017eevalnih storitev za optimalno delovanje na\u0161ih hidravli\u010dnih cilindrov.<\/p>\n<p><img decoding=\"async\" src=\"https:\/\/hzpt.com\/wp-content\/uploads\/2024\/11\/songte-company-1.webp\" alt=\"Cilinder \u017elice za JCHI NS75-7\" \/><\/p>\n<p>Avtor: lyl<\/p>","protected":false},"excerpt":{"rendered":"<p>Bucket Cylinder For JCHI NS75-7 Introduction The Bucket Cylinder for JCHI NS75-7 is a specially designed hydraulic cylinder primarily used to control the movement of the bucket in heavy machinery such as excavators, backhoe excavators, and front-end loaders. Its main function is to enable the bucket to lift, lower, and tilt, making it convenient for [&hellip;]<\/p>","protected":false},"featured_media":14785,"comment_status":"open","ping_status":"closed","template":"","meta":{"_et_pb_use_builder":"","_et_pb_old_content":"","_et_gb_content_width":""},"product_brand":[],"product_cat":[1494],"product_tag":[1495,1496],"class_list":{"0":"post-15765","1":"product","2":"type-product","3":"status-publish","4":"has-post-thumbnail","6":"product_cat-bucket-cylinders","7":"product_tag-bucket-cylinders","8":"product_tag-hydraulic-cylinders","10":"first","11":"instock","12":"shipping-taxable","13":"product-type-simple"},"amp_enabled":true,"_links":{"self":[{"href":"https:\/\/www.hydraulic-cylinders.net\/sl\/wp-json\/wp\/v2\/product\/15765","targetHints":{"allow":["GET"]}}],"collection":[{"href":"https:\/\/www.hydraulic-cylinders.net\/sl\/wp-json\/wp\/v2\/product"}],"about":[{"href":"https:\/\/www.hydraulic-cylinders.net\/sl\/wp-json\/wp\/v2\/types\/product"}],"replies":[{"embeddable":true,"href":"https:\/\/www.hydraulic-cylinders.net\/sl\/wp-json\/wp\/v2\/comments?post=15765"}],"wp:featuredmedia":[{"embeddable":true,"href":"https:\/\/www.hydraulic-cylinders.net\/sl\/wp-json\/wp\/v2\/media\/14785"}],"wp:attachment":[{"href":"https:\/\/www.hydraulic-cylinders.net\/sl\/wp-json\/wp\/v2\/media?parent=15765"}],"wp:term":[{"taxonomy":"product_brand","embeddable":true,"href":"https:\/\/www.hydraulic-cylinders.net\/sl\/wp-json\/wp\/v2\/product_brand?post=15765"},{"taxonomy":"product_cat","embeddable":true,"href":"https:\/\/www.hydraulic-cylinders.net\/sl\/wp-json\/wp\/v2\/product_cat?post=15765"},{"taxonomy":"product_tag","embeddable":true,"href":"https:\/\/www.hydraulic-cylinders.net\/sl\/wp-json\/wp\/v2\/product_tag?post=15765"}],"curies":[{"name":"delovni list","href":"https:\/\/api.w.org\/{rel}","templated":true}]}}