{"id":15767,"date":"2025-01-19T14:57:12","date_gmt":"2025-01-19T14:57:12","guid":{"rendered":"https:\/\/www.hydraulic-cylinders.net\/product\/bucket-cylinder-for-jchi-ns220c\/"},"modified":"2025-01-19T14:57:14","modified_gmt":"2025-01-19T14:57:14","slug":"bucket-cylinder-for-jchi-ns220c","status":"publish","type":"product","link":"https:\/\/www.hydraulic-cylinders.net\/sl\/izdelek\/bucket-cylinder-for-jchi-ns220c\/","title":{"rendered":"Cilinder \u017elice za JCHI NS220C"},"content":{"rendered":"<h2>Uvod<\/h2>\n<h3>Definicija cilindra \u017elice za JCHI NS220C<\/h3>\n<p>Valj \u017elice je vrsta hidravli\u010dnega cilindra, posebej zasnovanega za krmiljenje gibanja \u017elic v te\u017ekih strojih, kot so bagri, bagri nakladalniki in \u010delni nakladalniki. Njegova glavna funkcija je omogo\u010diti dvigovanje, spu\u0161\u010danje in nagibanje \u017elice za u\u010dinkovito ravnanje z materiali. Valji \u017elice uporabljajo spremembe hidravli\u010dnega tlaka za natan\u010den nadzor \u017elice v hidravli\u010dnem sistemu, kar omogo\u010da upravljavcem u\u010dinkovito ravnanje s te\u017ekimi bremeni v kompleksnih delovnih okoljih in raznolikih zahtevah dela.<\/p>\n<p><img decoding=\"async\" src=\"https:\/\/www.hydraulic-cylinders.net\/wp-content\/uploads\/2025\/01\/songte-company-2.webp\" alt=\"Slika valjaste \u017elice\"><\/p>\n<h3>Zna\u010dilnosti cilindra \u017elice za JCHI NS220C<\/h3>\n<ul>\n<li>Visoka trdnost in vzdr\u017eljivost: Obi\u010dajno je izdelan iz visoko trdnega jekla ali aluminija, zato lahko valj z \u017elico prenese visok tlak in velike obremenitve, se prilagodi te\u017ekim delovnim pogojem in je zasnovan tako, da upo\u0161teva odpornost proti obrabi in koroziji, kar podalj\u0161a njegovo \u017eivljenjsko dobo.<\/li>\n<li>U\u010dinkovito hidravli\u010dno delovanje: Gladko iztegovanje in vstavljanje se dose\u017ee z uporabo hidravli\u010dnega tlaka olja, ki se lahko hitro odzove na krmilne ukaze in zagotavlja mo\u010dne potisne in vle\u010dne sile, primerne za ravnanje s te\u017ekimi bremeni in kompleksnimi delovnimi nalogami.<\/li>\n<li>Razli\u010dne vrste: Enojno delujo\u010di (hidravli\u010dni, ki se uporabljajo samo v eni smeri) ali dvostransko delujo\u010di (hidravli\u010dni, ki se uporabljajo v dveh smereh) cilindri se lahko izberejo glede na potrebe in razli\u010dne zahteve delovanja. Nekateri modeli so teleskopski, kar omogo\u010da ve\u010dje iztegovanje brez pove\u010danja zunanjih dimenzij, kar je primerno za uporabo v omejenem prostoru.<\/li>\n<li>Enostavna zamenjava: Na\u0161 izdelek lahko popolnoma nadomesti te hidravli\u010dne cilindre.<\/li>\n<\/ul>\n<p><img decoding=\"async\" src=\"https:\/\/www.hydraulic-cylinders.net\/wp-content\/uploads\/2025\/01\/songte-cylinder-head-with-all-kinds-excavator-models.webp\" alt=\"Slika valjaste \u017elice\"><\/p>\n<h2>Uporaba valja z \u017elico za JCHI NS220C<\/h2>\n<p>Valji z \u017elico se pogosto uporabljajo v razli\u010dnih te\u017ekih strojih, kot so:<\/p>\n<ul>\n<li>Gradbena oprema: Pri bagrih so klju\u010dni za izkopavanje, nalaganje in premikanje zemlje ali ru\u0161evin. Pri bagrih nakladalnikih cilindri \u017elice pomagajo tako pri izkopavanju kot pri dvigovanju. <\/li>\n<li>Kmetijski stroji: Uporabljajo se v \u010delnih nakladalnikih, ki zajemajo, dvigujejo in preva\u017eajo zemljo, seno in druge materiale. <\/li>\n<li>Bagri: Cilindri \u017elice dose\u017eejo izkopna dejanja tako, da \u017elici omogo\u010dijo prodiranje v zemljo. <\/li>\n<li>Nakladalniki: Pri \u010delnih nakladalnikih pomagajo pri dvigovanju in nagibanju za u\u010dinkovito odlaganje blaga.<\/li>\n<\/ul>\n<h2>Oblikovalski vidiki in izbirna merila<\/h2>\n<p>Pri na\u010drtovanju cilindrov z \u017elico je treba upo\u0161tevati naslednje:<\/p>\n<ul>\n<li>Nosilnost: Sposobnost prena\u0161anja velikih obremenitev.<\/li>\n<li>Tesnjenje: Materiali, ki se uporabljajo za tesnila batov, tesnila ojnic itd., morajo biti odporni proti obrabi in koroziji hidravli\u010dnega olja.<\/li>\n<li>Durability: The cylinder&#8217;s life expectancy should be long, and it should be able to withstand harsh environments.<\/li>\n<li>Varnost: Jeklenka mora imeti varnostne mehanizme in mora biti enostavna za uporabo.<\/li>\n<li>Vzdr\u017eevanje: Jeklenka mora biti enostavna za vzdr\u017eevanje in popravilo, deli pa morajo biti enostavni za zamenjavo.<\/li>\n<\/ul>\n<p><img decoding=\"async\" src=\"https:\/\/www.hydraulic-cylinders.net\/wp-content\/uploads\/2025\/01\/songte-oil-pipes-and-spare-parts.webp\" alt=\"Slika valjaste \u017elice\"><\/p>\n<h2>Tesnjenje in mazanje<\/h2>\n<p>Valji z \u017elico uporabljajo razli\u010dne tesnilne materiale, kot sta poliuretan in nitrilna guma, da prepre\u010dijo pu\u0161\u010danje hidravli\u010dnega olja. Telo valja in navojne kon\u010dne povr\u0161ine so fino obdelane za izbolj\u0161anje odpornosti proti obrabi. Za nemoteno delovanje je potrebno ustrezno mazanje s hidravli\u010dnim oljem.<\/p>\n<p><img decoding=\"async\" src=\"https:\/\/www.hydraulic-cylinders.net\/wp-content\/uploads\/2025\/01\/songte-chushion-collar.webp\" alt=\"Slika valjaste \u017elice\"><\/p>\n<h2>Vzdr\u017eevanje in popravila<\/h2>\n<p>Za ohranjanje delovanja cilindrov vedra je redno vzdr\u017eevanje bistvenega pomena. Pogosta vzdr\u017eevalna opravila vklju\u010dujejo:<\/p>\n<ul>\n<li>Redni pregled<\/li>\n<li>Pravilno mazanje<\/li>\n<li>Zamenjava tesnila<\/li>\n<li>Preverjanje kalibracije<\/li>\n<\/ul>\n<p>Pravilna namestitev cilindra je klju\u010dnega pomena za njegovo pravilno delovanje. Priporo\u010dljivo je, da za pritrditev cilindra in pravilno poravnavo med namestitvijo uporabite ustrezne nosilce. Ponujamo tudi storitve preverjanja, popravila in zamenjave ter nasvete za podalj\u0161anje \u017eivljenjske dobe cilindrov z \u017elico.<\/p>\n<h2>Varnostni in okoljski vidiki<\/h2>\n<p>Vedraste jeklenke je treba uporabljati v skladu z varnostnimi predpisi, name\u0161\u010deni pa morajo biti varnostni mehanizmi za zagotovitev varnosti upravljavca. Za zmanj\u0161anje vpliva na okolje je treba upo\u0161tevati ustrezne postopke odstranjevanja odpadkov.<\/p>\n<h2>Odpravljanje te\u017eav in preventivni ukrepi<\/h2>\n<p>Pogoste te\u017eave z cilindri vedra lahko vklju\u010dujejo pu\u0161\u010danje, deformacijo in po\u0161kodbe tesnil. Pravilna namestitev, vzdr\u017eevanje in popravilo lahko pomagajo prepre\u010diti te te\u017eave. Redni pregledi in preventivno vzdr\u017eevanje lahko prav tako odkrijejo morebitne te\u017eave, preden se pojavijo.<\/p>\n<p><img decoding=\"async\" src=\"https:\/\/www.hydraulic-cylinders.net\/wp-content\/uploads\/2025\/01\/songte-bushings-with-all-kinds-of-excavator-models.webp\" alt=\"Slika valjaste \u017elice\"><\/p>\n<h2>O nas<\/h2>\n<p>Smo proizvajalec nadomestnih hidravli\u010dnih cilindrov in ponujamo celovito paleto izdelkov. Smo eden vodilnih proizvajalcev in veleprodajnih distributerjev hidravli\u010dnih cilindrov na doma\u010dem in mednarodnem trgu. Dr\u017eimo se strategije odli\u010dne kakovosti, pri \u010demer se zana\u0161amo na industrializirano upravljanje proizvodnje v prefinjeni proizvodni delavnici. Nenehno izbolj\u0161ujemo proizvodno platformo delavnice, izbolj\u0161ujemo proizvodno linijo za kakovost izdelkov in imamo mo\u010dno ustvarjalno sposobnost zadovoljevanja raznolikih potreb strank z visoko u\u010dinkovitostjo, visoko natan\u010dnostjo in na\u010deli visoke kakovosti.<\/p>\n<p><img decoding=\"async\" src=\"https:\/\/hzpt.com\/wp-content\/uploads\/2024\/11\/songte-company-1.webp\" alt=\"Slika valjaste \u017elice\"> <\/p>\n<h3>Profesionalnost<\/h3>\n<p>Our team has extensive experience in the production of hydraulic cylinders, and we offer customized services to meet customers&#8217; specific needs. We also provide international certification services to ensure our products meet international quality standards.<\/p>\n<h3>Proizvodna oprema<\/h3>\n<p>Za zagotavljanje natan\u010dnosti in kakovosti na\u0161ih izdelkov uporabljamo napredno digitalno proizvodno opremo.<\/p>\n<h3>Poprodajne storitve<\/h3>\n<p>Na\u0161e podjetje nudi celovito poprodajno podporo, vklju\u010dno s tehni\u010dno podporo, vzdr\u017eevanjem in zamenjavo rezervnih delov.<\/p>\n<h3>Zaklju\u010dek<\/h3>\n<p>Skratka, cilindri \u017elice so bistveni za razli\u010dne operacije te\u017ekih strojev. Pravilna namestitev, vzdr\u017eevanje in popravilo lahko pomagajo zagotoviti njihovo nemoteno delovanje in dolgo \u017eivljenjsko dobo. Kot vodilni proizvajalec nadomestnih hidravli\u010dnih cilindrov smo zavezani k zagotavljanju visokokakovostnih izdelkov in storitev na\u0161im strankam.<\/p>\n<p>Avtor: lyl<\/p>","protected":false},"excerpt":{"rendered":"<p>Introduction Definition of Bucket Cylinder for JCHI NS220C A bucket cylinder is a type of hydraulic cylinder specially designed for controlling the movement of buckets in heavy machinery such as excavators, backhoe loaders, and front-end loaders. Its main function is to enable the bucket to lift, lower, and tilt for efficient material handling tasks. Bucket [&hellip;]<\/p>","protected":false},"featured_media":14782,"comment_status":"open","ping_status":"closed","template":"","meta":{"_et_pb_use_builder":"","_et_pb_old_content":"","_et_gb_content_width":""},"product_brand":[],"product_cat":[1494],"product_tag":[1495,1496],"class_list":{"0":"post-15767","1":"product","2":"type-product","3":"status-publish","4":"has-post-thumbnail","6":"product_cat-bucket-cylinders","7":"product_tag-bucket-cylinders","8":"product_tag-hydraulic-cylinders","10":"first","11":"instock","12":"shipping-taxable","13":"product-type-simple"},"amp_enabled":true,"_links":{"self":[{"href":"https:\/\/www.hydraulic-cylinders.net\/sl\/wp-json\/wp\/v2\/product\/15767","targetHints":{"allow":["GET"]}}],"collection":[{"href":"https:\/\/www.hydraulic-cylinders.net\/sl\/wp-json\/wp\/v2\/product"}],"about":[{"href":"https:\/\/www.hydraulic-cylinders.net\/sl\/wp-json\/wp\/v2\/types\/product"}],"replies":[{"embeddable":true,"href":"https:\/\/www.hydraulic-cylinders.net\/sl\/wp-json\/wp\/v2\/comments?post=15767"}],"wp:featuredmedia":[{"embeddable":true,"href":"https:\/\/www.hydraulic-cylinders.net\/sl\/wp-json\/wp\/v2\/media\/14782"}],"wp:attachment":[{"href":"https:\/\/www.hydraulic-cylinders.net\/sl\/wp-json\/wp\/v2\/media?parent=15767"}],"wp:term":[{"taxonomy":"product_brand","embeddable":true,"href":"https:\/\/www.hydraulic-cylinders.net\/sl\/wp-json\/wp\/v2\/product_brand?post=15767"},{"taxonomy":"product_cat","embeddable":true,"href":"https:\/\/www.hydraulic-cylinders.net\/sl\/wp-json\/wp\/v2\/product_cat?post=15767"},{"taxonomy":"product_tag","embeddable":true,"href":"https:\/\/www.hydraulic-cylinders.net\/sl\/wp-json\/wp\/v2\/product_tag?post=15767"}],"curies":[{"name":"delovni list","href":"https:\/\/api.w.org\/{rel}","templated":true}]}}