{"id":15777,"date":"2025-01-19T14:58:01","date_gmt":"2025-01-19T14:58:01","guid":{"rendered":"https:\/\/www.hydraulic-cylinders.net\/product\/bucket-cylinder-for-tck-hd1023lc-8h\/"},"modified":"2025-01-19T14:58:03","modified_gmt":"2025-01-19T14:58:03","slug":"bucket-cylinder-for-tck-hd1023lc-8h","status":"publish","type":"product","link":"https:\/\/www.hydraulic-cylinders.net\/sl\/izdelek\/bucket-cylinder-for-tck-hd1023lc-8h\/","title":{"rendered":"Valj \u017elice za TCK HD1023LC-8H"},"content":{"rendered":"<h1>Valj za \u017elico za TCK HD1023LC-8H<\/h1>\n<h2>Uvod<\/h2>\n<p>Hidravli\u010dni valj \u017elice je posebej zasnovan hidravli\u010dni valj, ki se uporablja predvsem za krmiljenje gibanja \u017elic v te\u017ekih strojih, kot so bagri, bagri z nakladalniki in \u010delni nakladalniki. Njegova glavna funkcija je omogo\u010danje dvigovanja, spu\u0161\u010danja in nagibanja \u017elice za razli\u010dna opravila ravnanja z materiali. V hidravli\u010dnem sistemu valj \u017elice krmili natan\u010dno gibanje \u017elice s spremembami tlaka hidravli\u010dnega olja, kar omogo\u010da upravljavcem u\u010dinkovito ravnanje s te\u017ekimi bremeni in prilagajanje kompleksnim delovnim okoljem ter raznolikim zahtevam dela.<\/p>\n<p><img decoding=\"async\" src=\"https:\/\/www.hydraulic-cylinders.net\/wp-content\/uploads\/2025\/01\/songte-company-2.webp\" alt=\"Slika valjaste \u017elice\"><\/p>\n<h2>Zna\u010dilnosti<\/h2>\n<ul>\n<li>Visoka trdnost in vzdr\u017eljivost: Obi\u010dajno izdelani iz visoko trdnega jekla ali aluminija, sposobni prenesti visok tlak in velike obremenitve, primerni za zahtevna delovna okolja, zasnovani z upo\u0161tevanjem odpornosti proti obrabi in koroziji ter podalj\u0161ane \u017eivljenjske dobe.<\/li>\n<li>U\u010dinkovito hidravli\u010dno delovanje: Gladko teleskopsko delovanje z uporabo hidravli\u010dnega tlaka olja, ki se hitro odziva na krmilne ukaze in zagotavlja mo\u010dne potisne in vle\u010dne sile, primerno za ravnanje s te\u017ekimi bremeni in kompleksnimi delovnimi nalogami.<\/li>\n<li>Razli\u010dne vrste: Vrste cilindrov vklju\u010dujejo enosmerno delujo\u010de (hidravli\u010dno se uporabljajo samo v eni smeri) ali dvosmerno delujo\u010de (hidravli\u010dno se uporabljajo v obeh smereh), da zadostijo razli\u010dnim operativnim zahtevam; nekateri modeli so teleskopski, kar omogo\u010da ve\u010dji razteg brez pove\u010danja zunanjih dimenzij, primerni za uporabo z omejenim prostorom.<\/li>\n<li>Popolna mo\u017enost zamenjave: Z na\u0161im izdelkom lahko enostavno zamenjate podobne hidravli\u010dne cilindre.<\/li>\n<\/ul>\n<p><img decoding=\"async\" src=\"https:\/\/www.hydraulic-cylinders.net\/wp-content\/uploads\/2025\/01\/songte-cylinder-head-with-all-kinds-excavator-models.webp\" alt=\"Slika valjaste \u017elice\"><\/p>\n<h2>Uporaba<\/h2>\n<p>V te\u017ekih strojih ima \u0161irok spekter uporabe valjev \u017elice:<\/p>\n<ul>\n<li>Gradbena oprema: Pri bagrih so bistveni za kopanje, nakladanje in premikanje zemlje ali ru\u0161evin. Pri bagrih z nakladalno \u017elico cilindri pomagajo pri kopanju in dvigovanju. Pri \u010delnih nakladalnikih pomagajo pri u\u010dinkovitem dvigovanju in nagibanju tovora.<\/li>\n<li>Kmetijski stroji: Uporabljajo se za \u010delne nakladalnike, pobiranje, dvigovanje in prevoz zemlje, sena in drugih materialov. Pri bagrih cilindri \u017elice delujejo tako, da \u017elici omogo\u010dajo prodiranje v zemljo za izkop.<\/li>\n<\/ul>\n<h2>Oblikovalski vidiki in standardi izbire<\/h2>\n<p>Pri na\u010drtovanju cilindrov z \u017elico je treba upo\u0161tevati ve\u010d klju\u010dnih dejavnikov:<\/p>\n<ul>\n<li>Nosilnost: Jeklenka mora biti sposobna prenesti obremenitev opreme in materialov, ki jih preva\u017ea.<\/li>\n<li>Tesnjenje: Za prepre\u010devanje pu\u0161\u010danja in kontaminacije hidravli\u010dne teko\u010dine se uporabljajo razli\u010dne vrste tesnil, kot so tesnila bata in tesnila palice.<\/li>\n<li>Vzdr\u017eljivost: Valji so zasnovani tako, da prenesejo zahtevna okolja in visoke tlake, materiali pa so izbrani glede na odpornost proti obrabi in koroziji.<\/li>\n<li>Varnost: Vklju\u010dene so varnostne funkcije, kot so varnostni ventili, ki prepre\u010dujejo preobremenitev in po\u0161kodbe jeklenke.<\/li>\n<li>Vzdr\u017eevanje: Dostopnost in enostavnost vzdr\u017eevanja se \u0161tejeta za zmanj\u0161anje izpadov in izbolj\u0161anje \u017eivljenjske dobe.<\/li>\n<\/ul>\n<p><img decoding=\"async\" src=\"https:\/\/www.hydraulic-cylinders.net\/wp-content\/uploads\/2025\/01\/songte-oil-pipes-and-spare-parts.webp\" alt=\"Slika valjaste \u017elice\"><\/p>\n<h2>Tesnjenje in mazanje<\/h2>\n<p>Valji z \u017elico uporabljajo razli\u010dna tesnila, kot so tesnila bata in tesnila palic, izdelana iz materialov, odpornih proti obrabi, kot sta poliuretan ali nitrilna guma, da prepre\u010dijo pu\u0161\u010danje in kontaminacijo. Telo valja in navojne kon\u010dne povr\u0161ine so natan\u010dno obdelane za izbolj\u0161anje odpornosti proti obrabi. Za mazanje valja in zagotavljanje nemotenega delovanja je potrebno redno dodajanje ustreznega hidravli\u010dnega olja.<\/p>\n<p><img decoding=\"async\" src=\"https:\/\/www.hydraulic-cylinders.net\/wp-content\/uploads\/2025\/01\/songte-chushion-collar.webp\" alt=\"Slika valjaste \u017elice\"><\/p>\n<h2>Preventivno vzdr\u017eevanje<\/h2>\n<p>Redni pregledi in vzdr\u017eevanje so bistveni za zagotovitev varnega in u\u010dinkovitega delovanja cilindrov z \u017elico. Pogosta vzdr\u017eevalna opravila vklju\u010dujejo:<\/p>\n<ul>\n<li>Redno pregledovanje jeklenke glede pu\u0161\u010danja, po\u0161kodb in obrabe.<\/li>\n<li>Redno mazanje cilindra za zagotovitev nemotenega delovanja.<\/li>\n<li>Zamenjava tesnil in ponovna kalibracija cilindra po potrebi.<\/li>\n<\/ul>\n<h2>Varnostni vidiki in okoljski dejavniki<\/h2>\n<p>Pri uporabi jeklenke z vedrom so varnostni ukrepi bistveni za prepre\u010devanje nesre\u010d. Pomembno je upo\u0161tevati vse varnostne smernice in uporabljati ustrezno osebno za\u0161\u010ditno opremo, kot so rokavice, za\u0161\u010ditna o\u010dala in za\u0161\u010ditna \u010delada. Pri upravljanju te\u017ekih strojev je treba upo\u0161tevati tudi okoljske dejavnike, kot sta vreme in teren.<\/p>\n<p><img decoding=\"async\" src=\"https:\/\/www.hydraulic-cylinders.net\/wp-content\/uploads\/2025\/01\/songte-bushings-with-all-kinds-of-excavator-models.webp\" alt=\"Slika valjaste \u017elice\"><\/p>\n<h2>Pogoste te\u017eave in odpravljanje te\u017eav<\/h2>\n<p>Pogoste te\u017eave z cilindri \u017elic vklju\u010dujejo pu\u0161\u010danje, po\u0161kodbe in obrabo. Za odpravljanje teh te\u017eav:<\/p>\n<ul>\n<li>Preverite valj glede pu\u0161\u010danja in po\u0161kodb.<\/li>\n<li>Zamenjajte vse obrabljene ali po\u0161kodovane dele, kot so tesnila ali le\u017eaji.<\/li>\n<li>Po potrebi ponovno umerite valj.<\/li>\n<\/ul>\n<h2>O na\u0161em podjetju<\/h2>\n<p>Smo proizvajalec hidravli\u010dnih cilindrov in na\u0161i izdelki so priznani kot eden vodilnih proizvajalcev in veleprodajnih distributerjev hidravli\u010dnih cilindrov na doma\u010dem in mednarodnem trgu. Na\u0161e podjetje se dr\u017ei na\u010del odli\u010dne kakovosti, se zana\u0161a na industrializirane strategije upravljanja proizvodnje, ki jih zagotavljajo sofisticirane proizvodne delavnice, in nenehno izbolj\u0161uje proizvodno platformo na\u0161ih delavnic z uporabo tehni\u010dnega osebja, digitalne vrhunske proizvodne opreme in profesionalnih sistemov za testiranje. Imamo mo\u010dne ustvarjalne sposobnosti in zagotavljamo visoko u\u010dinkovitost, visoko natan\u010dnost in visokokakovostne izdelke, ki ustrezajo raznolikim potrebam na\u0161ih strank.<\/p>\n<p><img decoding=\"async\" src=\"https:\/\/hzpt.com\/wp-content\/uploads\/2024\/11\/songte-company-1.webp\" alt=\"Slika valjaste \u017elice\"><\/p>\n<h2>Prednosti na\u0161ega podjetja<\/h2>\n<ul>\n<li>Profesionalnost: Imamo bogate izku\u0161nje v industriji hidravli\u010dnih cilindrov in smo si na tem podro\u010dju nabrali bogato znanje in strokovno znanje.<\/li>\n<li>Mednarodni certifikat: Na\u0161i izdelki so prejeli mednarodni certifikat in so najvi\u0161je kakovosti.<\/li>\n<li>Storitve prilagajanja: Ponujamo storitve oblikovanja jeklenk po meri, ki ustrezajo specifi\u010dnim potrebam na\u0161ih strank.<\/li>\n<li>Proizvodna oprema: Na\u0161a proizvodna oprema je najsodobnej\u0161a in nam omogo\u010da u\u010dinkovito proizvodnjo visokokakovostnih jeklenk.<\/li>\n<li>Poprodajne storitve: Zagotavljamo odli\u010dne poprodajne storitve, vklju\u010dno z zamenjavo delov in obnovo, da podalj\u0161amo \u017eivljenjsko dobo na\u0161ih jeklenk.<\/li>\n<\/ul>\n<p>Avtor: lyl<\/p>","protected":false},"excerpt":{"rendered":"<p>Bucket Cylinder for TCK HD1023LC-8H Introduction Bucket cylinder is a specially designed hydraulic cylinder used primarily for controlling the movement of buckets in heavy machinery such as excavators, backhoe excavators, and front loaders. Its main function is to allow the bucket to be lifted, lowered, and tilted for various material handling tasks. In the hydraulic [&hellip;]<\/p>","protected":false},"featured_media":14789,"comment_status":"open","ping_status":"closed","template":"","meta":{"_et_pb_use_builder":"","_et_pb_old_content":"","_et_gb_content_width":""},"product_brand":[],"product_cat":[1494],"product_tag":[1495,1496],"class_list":{"0":"post-15777","1":"product","2":"type-product","3":"status-publish","4":"has-post-thumbnail","6":"product_cat-bucket-cylinders","7":"product_tag-bucket-cylinders","8":"product_tag-hydraulic-cylinders","10":"first","11":"instock","12":"shipping-taxable","13":"product-type-simple"},"amp_enabled":true,"_links":{"self":[{"href":"https:\/\/www.hydraulic-cylinders.net\/sl\/wp-json\/wp\/v2\/product\/15777","targetHints":{"allow":["GET"]}}],"collection":[{"href":"https:\/\/www.hydraulic-cylinders.net\/sl\/wp-json\/wp\/v2\/product"}],"about":[{"href":"https:\/\/www.hydraulic-cylinders.net\/sl\/wp-json\/wp\/v2\/types\/product"}],"replies":[{"embeddable":true,"href":"https:\/\/www.hydraulic-cylinders.net\/sl\/wp-json\/wp\/v2\/comments?post=15777"}],"wp:featuredmedia":[{"embeddable":true,"href":"https:\/\/www.hydraulic-cylinders.net\/sl\/wp-json\/wp\/v2\/media\/14789"}],"wp:attachment":[{"href":"https:\/\/www.hydraulic-cylinders.net\/sl\/wp-json\/wp\/v2\/media?parent=15777"}],"wp:term":[{"taxonomy":"product_brand","embeddable":true,"href":"https:\/\/www.hydraulic-cylinders.net\/sl\/wp-json\/wp\/v2\/product_brand?post=15777"},{"taxonomy":"product_cat","embeddable":true,"href":"https:\/\/www.hydraulic-cylinders.net\/sl\/wp-json\/wp\/v2\/product_cat?post=15777"},{"taxonomy":"product_tag","embeddable":true,"href":"https:\/\/www.hydraulic-cylinders.net\/sl\/wp-json\/wp\/v2\/product_tag?post=15777"}],"curies":[{"name":"delovni list","href":"https:\/\/api.w.org\/{rel}","templated":true}]}}