{"id":15779,"date":"2025-01-19T14:58:09","date_gmt":"2025-01-19T14:58:09","guid":{"rendered":"https:\/\/www.hydraulic-cylinders.net\/product\/bucket-cylinder-for-tck-hd8070li-8h\/"},"modified":"2025-01-19T14:58:11","modified_gmt":"2025-01-19T14:58:11","slug":"bucket-cylinder-for-tck-hd8070li-8h","status":"publish","type":"product","link":"https:\/\/www.hydraulic-cylinders.net\/sl\/izdelek\/bucket-cylinder-for-tck-hd8070li-8h\/","title":{"rendered":"Valj \u017elice za TCK HD8070LI-8H"},"content":{"rendered":"<h1>Valj \u017elice za TCK HD8070LI-8H<\/h1>\n<h2>Uvod<\/h2>\n<p>Hidravli\u010dni cilinder \u017elice je specializiran hidravli\u010dni cilinder, zasnovan za krmiljenje gibanja \u017elice v te\u017ekih strojih, kot so bagri, bagri nakladalniki in \u010delni nakladalniki. Njegova glavna funkcija je omogo\u010danje dvigovanja, spu\u0161\u010danja in nagibanja \u017elice, kar olaj\u0161a opravljanje razli\u010dnih nalog ravnanja z materiali. V hidravli\u010dnem sistemu cilinder \u017elice dose\u017ee natan\u010den nadzor nad \u017elico z izkori\u0161\u010danjem sprememb tlaka hidravli\u010dnega olja, kar omogo\u010da upravljavcem u\u010dinkovito ravnanje s te\u017ekimi bremeni in prilagajanje kompleksnim delovnim okoljem ter raznolikim zahtevam dela.<\/p>\n<p><img decoding=\"async\" src=\"https:\/\/www.hydraulic-cylinders.net\/wp-content\/uploads\/2025\/01\/songte-company-2.webp\" alt=\"Slika valjaste \u017elice\"><\/p>\n<h2>Zna\u010dilnosti<\/h2>\n<ul>\n<li>Visoka trdnost in vzdr\u017eljivost: Valj z \u017elico, ki je obi\u010dajno izdelan iz visoko trdnega jekla ali aluminija, lahko prenese visok tlak in velike obremenitve ter se prilagaja zahtevnim delovnim okoljem. Njegova zasnova upo\u0161teva odpornost proti obrabi in koroziji, kar podalj\u0161uje njegovo \u017eivljenjsko dobo.<\/li>\n<li>U\u010dinkovito hidravli\u010dno delovanje: Z uporabo tlaka hidravli\u010dnega olja valj \u017elice dose\u017ee gladke gibe iztegovanja in vvla\u010devanja, kar omogo\u010da hiter odziv na krmilne ukaze in zagotavlja mo\u010dne potisne in vle\u010dne sile, primerne za ravnanje s te\u017ekimi bremeni in kompleksne delovne naloge.<\/li>\n<li>Razli\u010dne vrste: Valj \u017elice je mogo\u010de izbrati kot enosmerno delujo\u010d (hidravli\u010dno olje se uporablja samo v eni smeri) ali dvosmerno delujo\u010d (hidravli\u010dno olje se uporablja v obeh smereh) glede na zahteve, ki ustrezajo razli\u010dnim operativnim potrebam. Nekateri modeli so teleskopski, kar omogo\u010da ve\u010dji razteg brez pove\u010danja zunanjih dimenzij, zaradi \u010desar so primerni za uporabo v omejenem prostoru.<\/li>\n<li>Popolna zamenjava: Na\u0161 izdelek lahko popolnoma nadomesti obstoje\u010de hidravli\u010dne cilindre. <\/li>\n<\/ul>\n<p><img decoding=\"async\" src=\"https:\/\/www.hydraulic-cylinders.net\/wp-content\/uploads\/2025\/01\/songte-cylinder-head-with-all-kinds-excavator-models.webp\" alt=\"Slika zamenjave cilindra vedra\"><\/p>\n<h2>Aplikacije<\/h2>\n<ul>\n<li>Gradbena oprema: Najdemo jo v bagrih in so bistvenega pomena za izkopavanje, nakladanje in premikanje zemlje ali ru\u0161evin. Pri bagrih nakladalnikih cilinder \u017elice pomaga tako pri kopanju kot dvigovanju.<\/li>\n<li>Kmetijski stroji: Uporabljajo se v \u010delnih nakladalnikih in pomagajo pri zajemanju, dvigovanju in prevozu zemlje, sena in drugih materialov.<\/li>\n<li>Bagri: Cilinder \u017elice omogo\u010da kopanje, saj \u017elici omogo\u010da prodiranje v zemljo.<\/li>\n<li>\u010celni nakladalniki: Pri \u010delnih nakladalnikih pomagajo pri u\u010dinkovitem dvigovanju in nagibanju tovora.<\/li>\n<\/ul>\n<h2>Oblikovalski vidiki in izbirna merila<\/h2>\n<p>Pri na\u010drtovanju so klju\u010dni vidiki, kot so nosilnost, tesnjenje, vzdr\u017eljivost, varnost in vzdr\u017eevanje, bistveni za valj z \u017elico. Tukaj so glavne to\u010dke, ki jih je treba upo\u0161tevati:<\/p>\n<p><img decoding=\"async\" src=\"https:\/\/www.hydraulic-cylinders.net\/wp-content\/uploads\/2025\/01\/songte-oil-pipes-and-spare-parts.webp\" alt=\"Slika zasnove valja vedra\"><\/p>\n<h3>Nosilnost<\/h3>\n<p>Valj vedra mora biti zasnovan tako, da prenese pri\u010dakovane obremenitve in tlake, ki nastanejo med delovanjem.<\/p>\n<h3>Tesnjenje<\/h3>\n<p>Uporabiti je treba razli\u010dne tesnilne komponente, kot so tesnila bata in ojnice, izdelane iz materialov, odpornih proti obrabi, kot sta poliuretan in nitrilni kav\u010duk. Telo valja in navojni konci morajo biti fino obdelani za pove\u010danje odpornosti proti obrabi. Potrebno je redno mazanje z ustrezno koli\u010dino hidravli\u010dnega olja.<\/p>\n<h3>Vzdr\u017eljivost<\/h3>\n<p>Cilinder z \u017elico mora biti sposoben prenesti zahtevne pogoje uporabe v te\u017ekih pogojih, kot so visok tlak, velike obremenitve in te\u017eka okolja.<\/p>\n<h3>Varnost<\/h3>\n<p>Pri na\u010drtovanju in izbiri cilindra z \u017elico je treba upo\u0161tevati varnostne ukrepe, da se zagotovi varno delovanje in zmanj\u0161a tveganje za nesre\u010de.<\/p>\n<h3>Vzdr\u017eevanje<\/h3>\n<p>Cilinder vedra mora biti zasnovan tako, da ga je mogo\u010de enostavno vzdr\u017eevati in popravljati, kar omogo\u010da u\u010dinkovit pregled, zamenjavo tesnil in preverjanje kalibracije.<\/p>\n<h2>Vzdr\u017eevanje in odpravljanje te\u017eav<\/h2>\n<p>Redno vzdr\u017eevanje in preventivni ukrepi lahko pomagajo podalj\u0161ati \u017eivljenjsko dobo cilindra vedra. Tukaj so tri pogosta vzdr\u017eevalna opravila:<\/p>\n<p><img decoding=\"async\" src=\"https:\/\/www.hydraulic-cylinders.net\/wp-content\/uploads\/2025\/01\/songte-chushion-collar.webp\" alt=\"Slika vzdr\u017eevanja cilindra vedra\"><\/p>\n<h3>Redni pregledi<\/h3>\n<p>Redno pregledujte valj vedra glede morebitnih znakov obrabe, pu\u0161\u010danja ali po\u0161kodb. Bodite pozorni na stanje tesnil, priklju\u010dkov in monta\u017enih nosilcev.<\/p>\n<h3>Pravilno mazanje<\/h3>\n<p>Zagotovite pravilno mazanje cilindra \u017elice z rednim nana\u0161anjem priporo\u010dene koli\u010dine hidravli\u010dnega olja. To pomaga ohranjati nemoteno delovanje in \u0161\u010diti pred prezgodnjo obrabo.<\/p>\n<h3>Zamenjava tesnil in preverjanje kalibracije<\/h3>\n<p>Po potrebi zamenjajte obrabljena ali po\u0161kodovana tesnila, da prepre\u010dite pu\u0161\u010danje in zagotovite pravilno delovanje jeklenke. Redno je treba izvajati tudi kalibracijske preglede, da se preveri natan\u010dnost gibanja jeklenke.<\/p>\n<h2>Varnostni vidiki in okoljski dejavniki<\/h2>\n<p>Pri uporabi cilindra z vedrom je pomembno upo\u0161tevati varnostne ukrepe za prepre\u010devanje nesre\u010d in za\u0161\u010dito okolja. Ustrezno usposabljanje in upo\u0161tevanje varnostnih smernic sta klju\u010dnega pomena.<\/p>\n<h2>Odpravljanje te\u017eav in pogoste te\u017eave<\/h2>\n<p>V primeru okvar ali pogostih te\u017eav z cilindrom vedra je hitro odpravljanje te\u017eav in njihova re\u0161itev bistvenega pomena. Tukaj je nekaj nasvetov in re\u0161itev, ki vam bodo pomagale pri diagnosticiranju in odpravljanju te\u017eav:<\/p>\n<p><img decoding=\"async\" src=\"https:\/\/www.hydraulic-cylinders.net\/wp-content\/uploads\/2025\/01\/songte-bushings-with-all-kinds-of-excavator-models.webp\" alt=\"Slika odpravljanja te\u017eav z valjem \u017elice\"><\/p>\n<h2>O na\u0161em podjetju<\/h2>\n<p>Smo vodilni proizvajalec in veleprodajni distributer hidravli\u010dnih cilindrov na doma\u010dem in mednarodnem trgu. Na\u0161e podjetje ponuja \u0161iroko paleto izdelkov in je znano po odli\u010dni kakovosti ter predanosti zadovoljstvu strank. S poudarkom na tehnolo\u0161kem znanju, najsodobnej\u0161i proizvodni opremi in profesionalnih testnih sistemih nenehno izbolj\u0161ujemo na\u0161e proizvodne platforme in proizvodne poti za zagotavljanje kakovosti izdelkov. Imamo mo\u010dno inovativno zmogljivost in si prizadevamo izpolniti raznolike zahteve strank z visoko u\u010dinkovitostjo, natan\u010dnostjo in kakovostjo.<\/p>\n<p><img decoding=\"async\" src=\"https:\/\/www.hydraulic-cylinders.net\/wp-content\/uploads\/2025\/01\/songte-company-3.webp\" alt=\"Slika podjetja\"><\/p>\n<h3>Profesionalnost<\/h3>\n<p>Ponosni smo na svojo profesionalnost v panogi in zagotavljamo, da na\u0161i izdelki izpolnjujejo najvi\u0161je standarde kakovosti in zmogljivosti.<\/p>\n<h3>Mednarodni certifikati<\/h3>\n<p>Na\u0161i izdelki so mednarodno certificirani, kar dokazuje na\u0161o zavezanost izpolnjevanju svetovnih standardov in predpisov.<\/p>\n<h3>Storitve prilagajanja<\/h3>\n<p>Ponujamo storitve prilagajanja, da zadostimo specifi\u010dnim zahtevam strank, in zagotavljamo re\u0161itve po meri za razli\u010dne aplikacije.<\/p>\n<h3>Proizvodna oprema<\/h3>\n<p>Opremljeni z napredno proizvodno opremo zagotavljamo u\u010dinkovito in natan\u010dno izdelavo hidravli\u010dnih cilindrov.<\/p>\n<h3>Poprodajne storitve<\/h3>\n<p>Zagotavljamo celovito poprodajno storitev, vklju\u010dno z nadomestnimi deli in obnovo, da podalj\u0161amo \u017eivljenjsko dobo na\u0161ih izdelkov in podpremo na\u0161e stranke.<\/p>\n<p>Ne pozabite logi\u010dno organizirati \u010dlanka, uporabiti podnaslovov za la\u017ejo navigacijo, vklju\u010diti ustreznih slik ali grafikonov za bolj\u0161e razumevanje ter zagotoviti, da je vsebina jasna, jedrnata in primerna za bralce z razli\u010dnimi stopnjami tehni\u010dnega znanja.<\/p>\n<p>Avtor: lyl<\/p>","protected":false},"excerpt":{"rendered":"<p>Bucket Cylinder For TCK HD8070LI-8H Introduction The bucket cylinder is a specialized hydraulic cylinder designed for controlling the movement of the bucket in heavy machinery such as excavators, backhoe loaders, and front loaders. Its main function is to enable the lifting, lowering, and tilting of the bucket, making it easier to handle various material handling [&hellip;]<\/p>","protected":false},"featured_media":14787,"comment_status":"open","ping_status":"closed","template":"","meta":{"_et_pb_use_builder":"","_et_pb_old_content":"","_et_gb_content_width":""},"product_brand":[],"product_cat":[1494],"product_tag":[1495,1496],"class_list":{"0":"post-15779","1":"product","2":"type-product","3":"status-publish","4":"has-post-thumbnail","6":"product_cat-bucket-cylinders","7":"product_tag-bucket-cylinders","8":"product_tag-hydraulic-cylinders","10":"first","11":"instock","12":"shipping-taxable","13":"product-type-simple"},"amp_enabled":true,"_links":{"self":[{"href":"https:\/\/www.hydraulic-cylinders.net\/sl\/wp-json\/wp\/v2\/product\/15779","targetHints":{"allow":["GET"]}}],"collection":[{"href":"https:\/\/www.hydraulic-cylinders.net\/sl\/wp-json\/wp\/v2\/product"}],"about":[{"href":"https:\/\/www.hydraulic-cylinders.net\/sl\/wp-json\/wp\/v2\/types\/product"}],"replies":[{"embeddable":true,"href":"https:\/\/www.hydraulic-cylinders.net\/sl\/wp-json\/wp\/v2\/comments?post=15779"}],"wp:featuredmedia":[{"embeddable":true,"href":"https:\/\/www.hydraulic-cylinders.net\/sl\/wp-json\/wp\/v2\/media\/14787"}],"wp:attachment":[{"href":"https:\/\/www.hydraulic-cylinders.net\/sl\/wp-json\/wp\/v2\/media?parent=15779"}],"wp:term":[{"taxonomy":"product_brand","embeddable":true,"href":"https:\/\/www.hydraulic-cylinders.net\/sl\/wp-json\/wp\/v2\/product_brand?post=15779"},{"taxonomy":"product_cat","embeddable":true,"href":"https:\/\/www.hydraulic-cylinders.net\/sl\/wp-json\/wp\/v2\/product_cat?post=15779"},{"taxonomy":"product_tag","embeddable":true,"href":"https:\/\/www.hydraulic-cylinders.net\/sl\/wp-json\/wp\/v2\/product_tag?post=15779"}],"curies":[{"name":"delovni list","href":"https:\/\/api.w.org\/{rel}","templated":true}]}}